{"id":3006,"date":"2023-06-19T14:40:14","date_gmt":"2023-06-19T12:40:14","guid":{"rendered":"https:\/\/tcs-technology.com\/?page_id=3006"},"modified":"2023-06-23T18:36:38","modified_gmt":"2023-06-23T16:36:38","slug":"erp","status":"publish","type":"page","link":"https:\/\/tcs-technology.com\/pt\/erp\/","title":{"rendered":"ERP"},"content":{"rendered":"<div data-elementor-type=\"wp-page\" data-elementor-id=\"3006\" class=\"elementor elementor-3006\">\n\t\t\t\t\t\t<section class=\"elementor-section elementor-top-section elementor-element elementor-element-3489c1c elementor-section-boxed elementor-section-height-default elementor-section-height-default\" data-id=\"3489c1c\" data-element_type=\"section\" data-e-type=\"section\" data-settings=\"{&quot;background_background&quot;:&quot;classic&quot;}\">\n\t\t\t\t\t\t<div class=\"elementor-container elementor-column-gap-default\">\n\t\t\t\t\t<div class=\"elementor-column elementor-col-100 elementor-top-column elementor-element elementor-element-cd362da\" data-id=\"cd362da\" data-element_type=\"column\" data-e-type=\"column\" data-settings=\"{&quot;background_background&quot;:&quot;classic&quot;}\">\n\t\t\t<div class=\"elementor-widget-wrap elementor-element-populated\">\n\t\t\t\t\t\t<div class=\"elementor-element elementor-element-5c398b7 elementor-widget elementor-widget-heading\" data-id=\"5c398b7\" data-element_type=\"widget\" data-e-type=\"widget\" data-widget_type=\"heading.default\">\n\t\t\t\t<div class=\"elementor-widget-container\">\n\t\t\t\t\t<h2 class=\"elementor-heading-title elementor-size-default\">Planeador de recursos empresariais (ERP)<\/h2>\t\t\t\t<\/div>\n\t\t\t\t<\/div>\n\t\t\t\t<div class=\"elementor-element elementor-element-8b4cb33 elementor-widget elementor-widget-heading\" data-id=\"8b4cb33\" data-element_type=\"widget\" data-e-type=\"widget\" data-widget_type=\"heading.default\">\n\t\t\t\t<div class=\"elementor-widget-container\">\n\t\t\t\t\t<h6 class=\"elementor-heading-title elementor-size-default\">P\u00e1gina inicial &gt; Servi\u00e7os &gt; ERP<\/h6>\t\t\t\t<\/div>\n\t\t\t\t<\/div>\n\t\t\t\t\t<\/div>\n\t\t<\/div>\n\t\t\t\t\t<\/div>\n\t\t<\/section>\n\t\t\t\t<section class=\"elementor-section elementor-top-section elementor-element elementor-element-206c266 elementor-section-boxed elementor-section-height-default elementor-section-height-default\" data-id=\"206c266\" data-element_type=\"section\" data-e-type=\"section\">\n\t\t\t\t\t\t<div class=\"elementor-container elementor-column-gap-default\">\n\t\t\t\t\t<div class=\"elementor-column elementor-col-100 elementor-top-column elementor-element elementor-element-0d2f3b8\" data-id=\"0d2f3b8\" data-element_type=\"column\" data-e-type=\"column\">\n\t\t\t<div class=\"elementor-widget-wrap elementor-element-populated\">\n\t\t\t\t\t\t<section class=\"elementor-section elementor-inner-section elementor-element elementor-element-dbda755 elementor-section-boxed elementor-section-height-default elementor-section-height-default\" data-id=\"dbda755\" data-element_type=\"section\" data-e-type=\"section\">\n\t\t\t\t\t\t<div class=\"elementor-container elementor-column-gap-default\">\n\t\t\t\t\t<div class=\"elementor-column elementor-col-50 elementor-inner-column elementor-element elementor-element-fe8424b\" data-id=\"fe8424b\" data-element_type=\"column\" data-e-type=\"column\">\n\t\t\t<div class=\"elementor-widget-wrap elementor-element-populated\">\n\t\t\t\t\t\t<div class=\"elementor-element elementor-element-b07a0f4 elementor-widget elementor-widget-heading\" data-id=\"b07a0f4\" data-element_type=\"widget\" data-e-type=\"widget\" data-widget_type=\"heading.default\">\n\t\t\t\t<div class=\"elementor-widget-container\">\n\t\t\t\t\t<h2 class=\"elementor-heading-title elementor-size-default\">Apresenta\u00e7\u00e3o do ERP<\/h2>\t\t\t\t<\/div>\n\t\t\t\t<\/div>\n\t\t\t\t<div class=\"elementor-element elementor-element-4892c63 elementor-widget elementor-widget-text-editor\" data-id=\"4892c63\" data-element_type=\"widget\" data-e-type=\"widget\" data-widget_type=\"text-editor.default\">\n\t\t\t\t<div class=\"elementor-widget-container\">\n\t\t\t\t\t\t\t\t\t<p>Os sistemas de planeamento de recursos empresariais (ERP) s\u00e3o aplica\u00e7\u00f5es de software poderosas que facilitam a gest\u00e3o eficiente das opera\u00e7\u00f5es comerciais. A TCS Technologies oferece sistemas ERP que s\u00e3o especificamente concebidos para integrar v\u00e1rios aspectos das opera\u00e7\u00f5es de uma empresa num sistema unificado. Isto inclui finan\u00e7as, contabilidade, recursos humanos, gest\u00e3o da cadeia de abastecimento, gest\u00e3o das rela\u00e7\u00f5es com os clientes e muito mais. A import\u00e2ncia dos sistemas ERP da TCS Technologies reside na sua capacidade de fornecer uma vis\u00e3o abrangente dos processos e dados empresariais em toda a organiza\u00e7\u00e3o. Isto permite que as empresas tomem decis\u00f5es informadas com base em dados e conhecimentos em tempo real. Al\u00e9m disso, os sistemas ERP da TCS Technologies automatizam os processos manuais, eliminam a introdu\u00e7\u00e3o duplicada de dados, simplificam as opera\u00e7\u00f5es, reduzem os custos e aumentam a efici\u00eancia. Tamb\u00e9m ajudam as empresas a cumprir os requisitos regulamentares, fornecendo dados exactos e atempados. Em suma, os sistemas ERP da TCS Technologies s\u00e3o indispens\u00e1veis para as empresas que pretendem otimizar as opera\u00e7\u00f5es, aumentar a efici\u00eancia, reduzir os custos e manter-se competitivas no atual panorama empresarial de ritmo acelerado.<\/p>\t\t\t\t\t\t\t\t<\/div>\n\t\t\t\t<\/div>\n\t\t\t\t\t<\/div>\n\t\t<\/div>\n\t\t\t\t<div class=\"elementor-column elementor-col-50 elementor-inner-column elementor-element elementor-element-0f2fd1d\" data-id=\"0f2fd1d\" data-element_type=\"column\" data-e-type=\"column\">\n\t\t\t<div class=\"elementor-widget-wrap elementor-element-populated\">\n\t\t\t\t\t\t<div class=\"elementor-element elementor-element-40404b1 elementor-widget elementor-widget-image\" data-id=\"40404b1\" data-element_type=\"widget\" data-e-type=\"widget\" data-widget_type=\"image.default\">\n\t\t\t\t<div class=\"elementor-widget-container\">\n\t\t\t\t\t\t\t\t\t\t\t\t\t\t\t<img fetchpriority=\"high\" decoding=\"async\" width=\"800\" height=\"588\" src=\"https:\/\/tcs-technology.com\/wp-content\/uploads\/2022\/03\/logo-2-1024x753.png\" class=\"attachment-large size-large wp-image-1053\" alt=\"\" srcset=\"https:\/\/tcs-technology.com\/wp-content\/uploads\/2022\/03\/logo-2-1024x753.png 1024w, https:\/\/tcs-technology.com\/wp-content\/uploads\/2022\/03\/logo-2-300x221.png 300w, https:\/\/tcs-technology.com\/wp-content\/uploads\/2022\/03\/logo-2-768x565.png 768w, https:\/\/tcs-technology.com\/wp-content\/uploads\/2022\/03\/logo-2-1536x1130.png 1536w, https:\/\/tcs-technology.com\/wp-content\/uploads\/2022\/03\/logo-2-2048x1507.png 2048w, https:\/\/tcs-technology.com\/wp-content\/uploads\/2022\/03\/logo-2-600x441.png 600w\" sizes=\"(max-width: 800px) 100vw, 800px\" \/>\t\t\t\t\t\t\t\t\t\t\t\t\t\t\t<\/div>\n\t\t\t\t<\/div>\n\t\t\t\t<div class=\"elementor-element elementor-element-8907c31 elementor-widget__width-initial elementor-widget elementor-widget-image\" data-id=\"8907c31\" data-element_type=\"widget\" data-e-type=\"widget\" data-widget_type=\"image.default\">\n\t\t\t\t<div class=\"elementor-widget-container\">\n\t\t\t\t\t\t\t\t\t\t\t\t\t\t\t<img decoding=\"async\" width=\"300\" height=\"169\" src=\"https:\/\/tcs-technology.com\/wp-content\/uploads\/2023\/06\/sage200-300x169.png\" class=\"attachment-medium size-medium wp-image-3089\" alt=\"\" srcset=\"https:\/\/tcs-technology.com\/wp-content\/uploads\/2023\/06\/sage200-300x169.png 300w, https:\/\/tcs-technology.com\/wp-content\/uploads\/2023\/06\/sage200-18x10.png 18w, https:\/\/tcs-technology.com\/wp-content\/uploads\/2023\/06\/sage200.png 455w\" sizes=\"(max-width: 300px) 100vw, 300px\" \/>\t\t\t\t\t\t\t\t\t\t\t\t\t\t\t<\/div>\n\t\t\t\t<\/div>\n\t\t\t\t<div class=\"elementor-element elementor-element-4e8c5e9 elementor-widget__width-initial elementor-widget elementor-widget-image\" data-id=\"4e8c5e9\" data-element_type=\"widget\" data-e-type=\"widget\" data-widget_type=\"image.default\">\n\t\t\t\t<div class=\"elementor-widget-container\">\n\t\t\t\t\t\t\t\t\t\t\t\t\t\t\t<img decoding=\"async\" width=\"300\" height=\"118\" src=\"https:\/\/tcs-technology.com\/wp-content\/uploads\/2023\/06\/sage-x3-black-01-300x118.png\" class=\"attachment-medium size-medium wp-image-3091\" alt=\"\" srcset=\"https:\/\/tcs-technology.com\/wp-content\/uploads\/2023\/06\/sage-x3-black-01-300x118.png 300w, https:\/\/tcs-technology.com\/wp-content\/uploads\/2023\/06\/sage-x3-black-01-1024x403.png 1024w, https:\/\/tcs-technology.com\/wp-content\/uploads\/2023\/06\/sage-x3-black-01-768x303.png 768w, https:\/\/tcs-technology.com\/wp-content\/uploads\/2023\/06\/sage-x3-black-01-1536x605.png 1536w, https:\/\/tcs-technology.com\/wp-content\/uploads\/2023\/06\/sage-x3-black-01-2048x807.png 2048w, https:\/\/tcs-technology.com\/wp-content\/uploads\/2023\/06\/sage-x3-black-01-18x7.png 18w\" sizes=\"(max-width: 300px) 100vw, 300px\" \/>\t\t\t\t\t\t\t\t\t\t\t\t\t\t\t<\/div>\n\t\t\t\t<\/div>\n\t\t\t\t\t<\/div>\n\t\t<\/div>\n\t\t\t\t\t<\/div>\n\t\t<\/section>\n\t\t\t\t<div class=\"elementor-element elementor-element-ef21e5d elementor-widget elementor-widget-heading\" data-id=\"ef21e5d\" data-element_type=\"widget\" data-e-type=\"widget\" data-widget_type=\"heading.default\">\n\t\t\t\t<div class=\"elementor-widget-container\">\n\t\t\t\t\t<h2 class=\"elementor-heading-title elementor-size-default\">Solu\u00e7\u00f5es e servi\u00e7os Sage<\/h2>\t\t\t\t<\/div>\n\t\t\t\t<\/div>\n\t\t\t\t<div class=\"elementor-element elementor-element-186a306 elementor-widget elementor-widget-text-editor\" data-id=\"186a306\" data-element_type=\"widget\" data-e-type=\"widget\" data-widget_type=\"text-editor.default\">\n\t\t\t\t<div class=\"elementor-widget-container\">\n\t\t\t\t\t\t\t\t\t<p>A TCS Technologies oferece uma vasta gama de solu\u00e7\u00f5es e servi\u00e7os concebidos para ajudar as empresas a gerir eficazmente as suas opera\u00e7\u00f5es. Entre estas ofertas est\u00e3o as solu\u00e7\u00f5es Sage, que integram v\u00e1rios aspectos das opera\u00e7\u00f5es de uma empresa num sistema unificado. Isto inclui finan\u00e7as, contabilidade, recursos humanos, gest\u00e3o da cadeia de fornecimento, gest\u00e3o das rela\u00e7\u00f5es com os clientes e muito mais. Al\u00e9m disso, a TCS Technologies fornece software de automatiza\u00e7\u00e3o de servi\u00e7os profissionais (PSA) concebido para organiza\u00e7\u00f5es baseadas em servi\u00e7os, incluindo empresas de consultoria, ag\u00eancias de marketing, empresas de engenharia, empresas de arquitetura e outros prestadores de servi\u00e7os. Al\u00e9m disso, a TCS Technologies oferece modelos de planos de neg\u00f3cios especificamente concebidos para empresas de servi\u00e7os profissionais. In\u00fameras empresas j\u00e1 escolheram as solu\u00e7\u00f5es TCS Technology Sage para aumentar a produtividade, poupar tempo e impulsionar o crescimento das receitas.<\/p>\t\t\t\t\t\t\t\t<\/div>\n\t\t\t\t<\/div>\n\t\t\t\t<div class=\"elementor-element elementor-element-ceeb7d3 elementor-widget elementor-widget-heading\" data-id=\"ceeb7d3\" data-element_type=\"widget\" data-e-type=\"widget\" data-widget_type=\"heading.default\">\n\t\t\t\t<div class=\"elementor-widget-container\">\n\t\t\t\t\t<h6 class=\"elementor-heading-title elementor-size-default\"><a href=\"https:\/\/tcs-technology.com\/pt\/sage\/\">Ler mais<\/a><\/h6>\t\t\t\t<\/div>\n\t\t\t\t<\/div>\n\t\t\t\t<div class=\"elementor-element elementor-element-748af19 elementor-widget elementor-widget-heading\" data-id=\"748af19\" data-element_type=\"widget\" data-e-type=\"widget\" data-widget_type=\"heading.default\">\n\t\t\t\t<div class=\"elementor-widget-container\">\n\t\t\t\t\t<h2 class=\"elementor-heading-title elementor-size-default\">ZOHO CRM e Salesforce<\/h2>\t\t\t\t<\/div>\n\t\t\t\t<\/div>\n\t\t\t\t<div class=\"elementor-element elementor-element-9fcd38e elementor-widget elementor-widget-text-editor\" data-id=\"9fcd38e\" data-element_type=\"widget\" data-e-type=\"widget\" data-widget_type=\"text-editor.default\">\n\t\t\t\t<div class=\"elementor-widget-container\">\n\t\t\t\t\t\t\t\t\t<p>Para al\u00e9m dos servi\u00e7os acima mencionados, a TCS Technologies tamb\u00e9m oferece servi\u00e7os de integra\u00e7\u00e3o para o Zoho, um conjunto de software baseado na nuvem que engloba v\u00e1rias aplica\u00e7\u00f5es empresariais e de produtividade. O pacote Zoho inclui CRM, contabilidade, RH, gest\u00e3o de projectos e muito mais. Concebidos para melhorar a efici\u00eancia e a efic\u00e1cia operacionais, os produtos da Zoho destinam-se a empresas de todas as dimens\u00f5es. A TCS Technologies \u00e9 conhecida por fornecer solu\u00e7\u00f5es de software f\u00e1ceis de utilizar, econ\u00f3micas e flex\u00edveis, o que a torna a escolha ideal para empresas que procuram uma gest\u00e3o operacional abrangente.<\/p>\t\t\t\t\t\t\t\t<\/div>\n\t\t\t\t<\/div>\n\t\t\t\t\t<\/div>\n\t\t<\/div>\n\t\t\t\t\t<\/div>\n\t\t<\/section>\n\t\t\t\t<section class=\"elementor-section elementor-top-section elementor-element elementor-element-84cc556 elementor-section-boxed elementor-section-height-default elementor-section-height-default\" data-id=\"84cc556\" data-element_type=\"section\" data-e-type=\"section\">\n\t\t\t\t\t\t<div class=\"elementor-container elementor-column-gap-default\">\n\t\t\t\t\t<div class=\"elementor-column elementor-col-100 elementor-top-column elementor-element elementor-element-b2376ff\" data-id=\"b2376ff\" data-element_type=\"column\" data-e-type=\"column\">\n\t\t\t<div class=\"elementor-widget-wrap elementor-element-populated\">\n\t\t\t\t\t\t<div class=\"elementor-element elementor-element-927d98e elementor-widget elementor-widget-heading\" data-id=\"927d98e\" data-element_type=\"widget\" data-e-type=\"widget\" data-widget_type=\"heading.default\">\n\t\t\t\t<div class=\"elementor-widget-container\">\n\t\t\t\t\t<h6 class=\"elementor-heading-title elementor-size-default\"><a href=\"https:\/\/tcs-technology.com\/pt\/zoho-salesforce\/\">Ler mais<\/a><\/h6>\t\t\t\t<\/div>\n\t\t\t\t<\/div>\n\t\t\t\t\t<\/div>\n\t\t<\/div>\n\t\t\t\t\t<\/div>\n\t\t<\/section>\n\t\t\t\t<section class=\"elementor-section elementor-top-section elementor-element elementor-element-ab1ff01 elementor-section-boxed elementor-section-height-default elementor-section-height-default\" data-id=\"ab1ff01\" data-element_type=\"section\" data-e-type=\"section\">\n\t\t\t\t\t\t<div class=\"elementor-container elementor-column-gap-default\">\n\t\t\t\t\t<div class=\"elementor-column elementor-col-100 elementor-top-column elementor-element elementor-element-3a640a1\" data-id=\"3a640a1\" data-element_type=\"column\" data-e-type=\"column\">\n\t\t\t<div class=\"elementor-widget-wrap elementor-element-populated\">\n\t\t\t\t\t\t<div class=\"elementor-element elementor-element-712173a elementor-widget elementor-widget-image-carousel\" data-id=\"712173a\" data-element_type=\"widget\" data-e-type=\"widget\" data-settings=\"{&quot;slides_to_show&quot;:&quot;6&quot;,&quot;navigation&quot;:&quot;none&quot;,&quot;image_spacing_custom&quot;:{&quot;unit&quot;:&quot;px&quot;,&quot;size&quot;:0,&quot;sizes&quot;:[]},&quot;autoplay&quot;:&quot;yes&quot;,&quot;pause_on_hover&quot;:&quot;yes&quot;,&quot;pause_on_interaction&quot;:&quot;yes&quot;,&quot;autoplay_speed&quot;:5000,&quot;infinite&quot;:&quot;yes&quot;,&quot;speed&quot;:500,&quot;image_spacing_custom_tablet&quot;:{&quot;unit&quot;:&quot;px&quot;,&quot;size&quot;:&quot;&quot;,&quot;sizes&quot;:[]},&quot;image_spacing_custom_mobile&quot;:{&quot;unit&quot;:&quot;px&quot;,&quot;size&quot;:&quot;&quot;,&quot;sizes&quot;:[]}}\" data-widget_type=\"image-carousel.default\">\n\t\t\t\t<div class=\"elementor-widget-container\">\n\t\t\t\t\t\t\t<div class=\"elementor-image-carousel-wrapper swiper\" role=\"region\" aria-roledescription=\"carousel\" aria-label=\"Carrossel de imagens\" dir=\"ltr\">\n\t\t\t<div class=\"elementor-image-carousel swiper-wrapper\" aria-live=\"off\">\n\t\t\t\t\t\t\t\t<div class=\"swiper-slide\" role=\"group\" aria-roledescription=\"slide\" aria-label=\"1 de 7\"><figure class=\"swiper-slide-inner\"><img decoding=\"async\" class=\"swiper-slide-image\" src=\"https:\/\/tcs-technology.com\/wp-content\/uploads\/2023\/06\/salesforce-300x126.png\" alt=\"salesforce\" \/><\/figure><\/div><div class=\"swiper-slide\" role=\"group\" aria-roledescription=\"slide\" aria-label=\"2 de 7\"><figure class=\"swiper-slide-inner\"><img decoding=\"async\" class=\"swiper-slide-image\" src=\"https:\/\/tcs-technology.com\/wp-content\/uploads\/2023\/06\/sage-x3-black-01-300x118.png\" alt=\"sage-x3-black-01\" \/><\/figure><\/div><div class=\"swiper-slide\" role=\"group\" aria-roledescription=\"slide\" aria-label=\"3 de 7\"><figure class=\"swiper-slide-inner\"><img decoding=\"async\" class=\"swiper-slide-image\" src=\"https:\/\/tcs-technology.com\/wp-content\/uploads\/2023\/06\/sage200-300x169.png\" alt=\"sage200\" \/><\/figure><\/div><div class=\"swiper-slide\" role=\"group\" aria-roledescription=\"slide\" aria-label=\"4 de 7\"><figure class=\"swiper-slide-inner\"><img decoding=\"async\" class=\"swiper-slide-image\" src=\"https:\/\/tcs-technology.com\/wp-content\/uploads\/2023\/06\/Zoho-01-01-300x118.png\" alt=\"Zoho-01-01\" \/><\/figure><\/div><div class=\"swiper-slide\" role=\"group\" aria-roledescription=\"slide\" aria-label=\"5 de 7\"><figure class=\"swiper-slide-inner\"><img decoding=\"async\" class=\"swiper-slide-image\" src=\"https:\/\/tcs-technology.com\/wp-content\/uploads\/2023\/06\/sage-300x168.jpg\" alt=\"sage\" \/><\/figure><\/div><div class=\"swiper-slide\" role=\"group\" aria-roledescription=\"slide\" aria-label=\"6 de 7\"><figure class=\"swiper-slide-inner\"><img decoding=\"async\" class=\"swiper-slide-image\" src=\"https:\/\/tcs-technology.com\/wp-content\/uploads\/2023\/06\/SagerIntacct-Logo-57e6-8eeb.jpg\" alt=\"SagerIntacct-Logo-57e6-8eeb\" \/><\/figure><\/div><div class=\"swiper-slide\" role=\"group\" aria-roledescription=\"slide\" aria-label=\"7 de 7\"><figure class=\"swiper-slide-inner\"><img decoding=\"async\" class=\"swiper-slide-image\" src=\"https:\/\/tcs-technology.com\/wp-content\/uploads\/2023\/06\/sage200c-logo-300x75.png\" alt=\"sage200c-logo\" \/><\/figure><\/div>\t\t\t<\/div>\n\t\t\t\t\t\t\t\n\t\t\t\t\t\t\t\t\t<\/div>\n\t\t\t\t\t\t<\/div>\n\t\t\t\t<\/div>\n\t\t\t\t\t<\/div>\n\t\t<\/div>\n\t\t\t\t\t<\/div>\n\t\t<\/section>\n\t\t\t\t<\/div>","protected":false},"excerpt":{"rendered":"<p>Planeamento de Recursos Empresariais (ERP) Home &gt; Servi\u00e7os &gt; ERP Introdu\u00e7\u00e3o ao ERP Os sistemas de Planeamento de Recursos Empresariais (ERP) s\u00e3o aplica\u00e7\u00f5es de software poderosas que facilitam a gest\u00e3o eficiente das opera\u00e7\u00f5es comerciais. A TCS Technologies oferece sistemas ERP que s\u00e3o especificamente concebidos para integrar v\u00e1rios aspectos das opera\u00e7\u00f5es de uma empresa num sistema unificado. Isto inclui finan\u00e7as, contabilidade, recursos humanos, fornecimento [...]<\/p>","protected":false},"author":1,"featured_media":0,"parent":0,"menu_order":0,"comment_status":"closed","ping_status":"closed","template":"","meta":{"footnotes":""},"class_list":["post-3006","page","type-page","status-publish","hentry"],"yoast_head":"<!-- This site is optimized with the Yoast SEO plugin v20.5 - https:\/\/yoast.com\/wordpress\/plugins\/seo\/ -->\n<title>ERP - TCS Technology AG<\/title>\n<meta name=\"robots\" content=\"index, follow, max-snippet:-1, max-image-preview:large, max-video-preview:-1\" \/>\n<link rel=\"canonical\" href=\"https:\/\/tcs-technology.com\/pt\/erp\/\" \/>\n<meta property=\"og:locale\" content=\"pt_PT\" \/>\n<meta property=\"og:type\" content=\"article\" \/>\n<meta property=\"og:title\" content=\"ERP - TCS Technology AG\" \/>\n<meta property=\"og:description\" content=\"Enterprise Resource Planner (ERP) Home &gt; Services &gt; ERP Introducing ERP Enterprise Resource Planning (ERP) systems are powerful software applications that facilitate efficient management of business operations. TCS Technologies offers ERP systems that are specifically designed to integrate various aspects of a company&#8217;s operations into a unified system. This includes finance, accounting, human resources, supply [&hellip;]\" \/>\n<meta property=\"og:url\" content=\"https:\/\/tcs-technology.com\/pt\/erp\/\" \/>\n<meta property=\"og:site_name\" content=\"TCS Technology AG\" \/>\n<meta property=\"article:modified_time\" content=\"2023-06-23T16:36:38+00:00\" \/>\n<meta property=\"og:image\" content=\"https:\/\/tcs-technology.com\/wp-content\/uploads\/2022\/03\/logo-2-1024x753.png\" \/>\n<meta name=\"twitter:card\" content=\"summary_large_image\" \/>\n<meta name=\"twitter:label1\" content=\"Tempo estimado de leitura\" \/>\n\t<meta name=\"twitter:data1\" content=\"2 minutos\" \/>\n<script type=\"application\/ld+json\" class=\"yoast-schema-graph\">{\"@context\":\"https:\/\/schema.org\",\"@graph\":[{\"@type\":\"WebPage\",\"@id\":\"https:\/\/tcs-technology.com\/erp\/\",\"url\":\"https:\/\/tcs-technology.com\/erp\/\",\"name\":\"ERP - TCS Technology AG\",\"isPartOf\":{\"@id\":\"https:\/\/tcs-technology.com\/#website\"},\"datePublished\":\"2023-06-19T12:40:14+00:00\",\"dateModified\":\"2023-06-23T16:36:38+00:00\",\"breadcrumb\":{\"@id\":\"https:\/\/tcs-technology.com\/erp\/#breadcrumb\"},\"inLanguage\":\"pt-PT\",\"potentialAction\":[{\"@type\":\"ReadAction\",\"target\":[\"https:\/\/tcs-technology.com\/erp\/\"]}]},{\"@type\":\"BreadcrumbList\",\"@id\":\"https:\/\/tcs-technology.com\/erp\/#breadcrumb\",\"itemListElement\":[{\"@type\":\"ListItem\",\"position\":1,\"name\":\"Home\",\"item\":\"https:\/\/tcs-technology.com\/\"},{\"@type\":\"ListItem\",\"position\":2,\"name\":\"ERP\"}]},{\"@type\":\"WebSite\",\"@id\":\"https:\/\/tcs-technology.com\/#website\",\"url\":\"https:\/\/tcs-technology.com\/\",\"name\":\"TCS Technology AG\",\"description\":\"We provide cutting-edge SaaS solutions for organizations in Switzerland and around the world with a focus on performance, security, and sustainability.\",\"publisher\":{\"@id\":\"https:\/\/tcs-technology.com\/#organization\"},\"potentialAction\":[{\"@type\":\"SearchAction\",\"target\":{\"@type\":\"EntryPoint\",\"urlTemplate\":\"https:\/\/tcs-technology.com\/?s={search_term_string}\"},\"query-input\":\"required name=search_term_string\"}],\"inLanguage\":\"pt-PT\"},{\"@type\":\"Organization\",\"@id\":\"https:\/\/tcs-technology.com\/#organization\",\"name\":\"TCS Technology AG\",\"url\":\"https:\/\/tcs-technology.com\/\",\"logo\":{\"@type\":\"ImageObject\",\"inLanguage\":\"pt-PT\",\"@id\":\"https:\/\/tcs-technology.com\/#\/schema\/logo\/image\/\",\"url\":\"https:\/\/tcs-technology.com\/wp-content\/uploads\/2022\/03\/logo-2.png\",\"contentUrl\":\"https:\/\/tcs-technology.com\/wp-content\/uploads\/2022\/03\/logo-2.png\",\"width\":8334,\"height\":6131,\"caption\":\"TCS Technology AG\"},\"image\":{\"@id\":\"https:\/\/tcs-technology.com\/#\/schema\/logo\/image\/\"}}]}<\/script>\n<!-- \/ Yoast SEO plugin. -->","yoast_head_json":{"title":"ERP - TCS Technology AG","robots":{"index":"index","follow":"follow","max-snippet":"max-snippet:-1","max-image-preview":"max-image-preview:large","max-video-preview":"max-video-preview:-1"},"canonical":"https:\/\/tcs-technology.com\/pt\/erp\/","og_locale":"pt_PT","og_type":"article","og_title":"ERP - TCS Technology AG","og_description":"Enterprise Resource Planner (ERP) Home > Services > ERP Introducing ERP Enterprise Resource Planning (ERP) systems are powerful software applications that facilitate efficient management of business operations. TCS Technologies offers ERP systems that are specifically designed to integrate various aspects of a company&#8217;s operations into a unified system. This includes finance, accounting, human resources, supply [&hellip;]","og_url":"https:\/\/tcs-technology.com\/pt\/erp\/","og_site_name":"TCS Technology AG","article_modified_time":"2023-06-23T16:36:38+00:00","og_image":[{"url":"https:\/\/tcs-technology.com\/wp-content\/uploads\/2022\/03\/logo-2-1024x753.png"}],"twitter_card":"summary_large_image","twitter_misc":{"Tempo estimado de leitura":"2 minutos"},"schema":{"@context":"https:\/\/schema.org","@graph":[{"@type":"WebPage","@id":"https:\/\/tcs-technology.com\/erp\/","url":"https:\/\/tcs-technology.com\/erp\/","name":"ERP - TCS Technology AG","isPartOf":{"@id":"https:\/\/tcs-technology.com\/#website"},"datePublished":"2023-06-19T12:40:14+00:00","dateModified":"2023-06-23T16:36:38+00:00","breadcrumb":{"@id":"https:\/\/tcs-technology.com\/erp\/#breadcrumb"},"inLanguage":"pt-PT","potentialAction":[{"@type":"ReadAction","target":["https:\/\/tcs-technology.com\/erp\/"]}]},{"@type":"BreadcrumbList","@id":"https:\/\/tcs-technology.com\/erp\/#breadcrumb","itemListElement":[{"@type":"ListItem","position":1,"name":"Home","item":"https:\/\/tcs-technology.com\/"},{"@type":"ListItem","position":2,"name":"ERP"}]},{"@type":"WebSite","@id":"https:\/\/tcs-technology.com\/#website","url":"https:\/\/tcs-technology.com\/","name":"TCS Technology AG","description":"We provide cutting-edge SaaS solutions for organizations in Switzerland and around the world with a focus on performance, security, and sustainability.","publisher":{"@id":"https:\/\/tcs-technology.com\/#organization"},"potentialAction":[{"@type":"SearchAction","target":{"@type":"EntryPoint","urlTemplate":"https:\/\/tcs-technology.com\/?s={search_term_string}"},"query-input":"required name=search_term_string"}],"inLanguage":"pt-PT"},{"@type":"Organization","@id":"https:\/\/tcs-technology.com\/#organization","name":"TCS Technology AG","url":"https:\/\/tcs-technology.com\/","logo":{"@type":"ImageObject","inLanguage":"pt-PT","@id":"https:\/\/tcs-technology.com\/#\/schema\/logo\/image\/","url":"https:\/\/tcs-technology.com\/wp-content\/uploads\/2022\/03\/logo-2.png","contentUrl":"https:\/\/tcs-technology.com\/wp-content\/uploads\/2022\/03\/logo-2.png","width":8334,"height":6131,"caption":"TCS Technology AG"},"image":{"@id":"https:\/\/tcs-technology.com\/#\/schema\/logo\/image\/"}}]}},"_links":{"self":[{"href":"https:\/\/tcs-technology.com\/pt\/wp-json\/wp\/v2\/pages\/3006","targetHints":{"allow":["GET"]}}],"collection":[{"href":"https:\/\/tcs-technology.com\/pt\/wp-json\/wp\/v2\/pages"}],"about":[{"href":"https:\/\/tcs-technology.com\/pt\/wp-json\/wp\/v2\/types\/page"}],"author":[{"embeddable":true,"href":"https:\/\/tcs-technology.com\/pt\/wp-json\/wp\/v2\/users\/1"}],"replies":[{"embeddable":true,"href":"https:\/\/tcs-technology.com\/pt\/wp-json\/wp\/v2\/comments?post=3006"}],"version-history":[{"count":56,"href":"https:\/\/tcs-technology.com\/pt\/wp-json\/wp\/v2\/pages\/3006\/revisions"}],"predecessor-version":[{"id":3260,"href":"https:\/\/tcs-technology.com\/pt\/wp-json\/wp\/v2\/pages\/3006\/revisions\/3260"}],"wp:attachment":[{"href":"https:\/\/tcs-technology.com\/pt\/wp-json\/wp\/v2\/media?parent=3006"}],"curies":[{"name":"wp","href":"https:\/\/api.w.org\/{rel}","templated":true}]}}