{"id":1555,"date":"2022-04-05T08:18:38","date_gmt":"2022-04-05T06:18:38","guid":{"rendered":"https:\/\/tcs-technology.com\/?page_id=1555"},"modified":"2023-06-23T19:00:33","modified_gmt":"2023-06-23T17:00:33","slug":"banking-and-finance","status":"publish","type":"page","link":"https:\/\/tcs-technology.com\/pt\/verticals\/banking-and-finance\/","title":{"rendered":"Banca e finan\u00e7as"},"content":{"rendered":"<div data-elementor-type=\"wp-page\" data-elementor-id=\"1555\" class=\"elementor elementor-1555\">\n\t\t\t\t\t\t<section class=\"elementor-section elementor-top-section elementor-element elementor-element-4cc2e64 elementor-section-boxed elementor-section-height-default elementor-section-height-default\" data-id=\"4cc2e64\" data-element_type=\"section\" data-e-type=\"section\" data-settings=\"{&quot;background_background&quot;:&quot;classic&quot;}\">\n\t\t\t\t\t\t<div class=\"elementor-container elementor-column-gap-default\">\n\t\t\t\t\t<div class=\"elementor-column elementor-col-100 elementor-top-column elementor-element elementor-element-adfe9db\" data-id=\"adfe9db\" data-element_type=\"column\" data-e-type=\"column\">\n\t\t\t<div class=\"elementor-widget-wrap elementor-element-populated\">\n\t\t\t\t\t\t<div class=\"elementor-element elementor-element-2a90da2 elementor-align-center elementor-widget elementor-widget-breadcrumbs\" data-id=\"2a90da2\" data-element_type=\"widget\" data-e-type=\"widget\" data-widget_type=\"breadcrumbs.default\">\n\t\t\t\t<div class=\"elementor-widget-container\">\n\t\t\t\t\t<p id=\"breadcrumbs\"><span><span><a href=\"https:\/\/tcs-technology.com\/pt\/\">In\u00edcio<\/a><\/span><\/span><\/p>\t\t\t\t<\/div>\n\t\t\t\t<\/div>\n\t\t\t\t\t<\/div>\n\t\t<\/div>\n\t\t\t\t\t<\/div>\n\t\t<\/section>\n\t\t\t\t<section class=\"elementor-section elementor-top-section elementor-element elementor-element-9b27709 elementor-section-boxed elementor-section-height-default elementor-section-height-default\" data-id=\"9b27709\" data-element_type=\"section\" data-e-type=\"section\">\n\t\t\t\t\t\t<div class=\"elementor-container elementor-column-gap-default\">\n\t\t\t\t\t<div class=\"elementor-column elementor-col-100 elementor-top-column elementor-element elementor-element-97cd938\" data-id=\"97cd938\" data-element_type=\"column\" data-e-type=\"column\">\n\t\t\t<div class=\"elementor-widget-wrap elementor-element-populated\">\n\t\t\t\t\t\t<div class=\"elementor-element elementor-element-2a410c4 elementor-widget elementor-widget-image\" data-id=\"2a410c4\" data-element_type=\"widget\" data-e-type=\"widget\" data-widget_type=\"image.default\">\n\t\t\t\t<div class=\"elementor-widget-container\">\n\t\t\t\t\t\t\t\t\t\t\t\t\t\t\t<img fetchpriority=\"high\" decoding=\"async\" width=\"560\" height=\"375\" src=\"https:\/\/tcs-technology.com\/wp-content\/uploads\/2022\/04\/about.jpg\" class=\"attachment-full size-full wp-image-2277\" alt=\"\" \/>\t\t\t\t\t\t\t\t\t\t\t\t\t\t\t<\/div>\n\t\t\t\t<\/div>\n\t\t\t\t<div class=\"elementor-element elementor-element-d4fd94d elementor-widget elementor-widget-heading\" data-id=\"d4fd94d\" data-element_type=\"widget\" data-e-type=\"widget\" data-widget_type=\"heading.default\">\n\t\t\t\t<div class=\"elementor-widget-container\">\n\t\t\t\t\t<h2 class=\"elementor-heading-title elementor-size-default\">Banca e finan\u00e7as<\/h2>\t\t\t\t<\/div>\n\t\t\t\t<\/div>\n\t\t\t\t<div class=\"elementor-element elementor-element-d1de78f elementor-widget elementor-widget-text-editor\" data-id=\"d1de78f\" data-element_type=\"widget\" data-e-type=\"widget\" data-widget_type=\"text-editor.default\">\n\t\t\t\t<div class=\"elementor-widget-container\">\n\t\t\t\t\t\t\t\t\t<p>Criar mais valor para os clientes, melhorar a seguran\u00e7a e tirar o m\u00e1ximo partido das inova\u00e7\u00f5es digitais da FinTech.<\/p><p>A FinTech tornou-se uma esp\u00e9cie de palavra de ordem nos \u00faltimos anos - est\u00e1 a tirar o m\u00e1ximo partido dela?<\/p><p>Na atual Quarta Revolu\u00e7\u00e3o Industrial, todos os sectores t\u00eam de se adaptar para satisfazer as expectativas de consumidores cada vez mais conhecedores da tecnologia, e o sector banc\u00e1rio e financeiro n\u00e3o \u00e9 exce\u00e7\u00e3o. O sector enfrenta desafios como a redu\u00e7\u00e3o do tr\u00e1fego nas lojas f\u00edsicas, maiores expectativas de apoio ao cliente, maior concorr\u00eancia de empresas tecnol\u00f3gicas n\u00e3o tradicionais e crescentes press\u00f5es regulamentares.<\/p>\t\t\t\t\t\t\t\t<\/div>\n\t\t\t\t<\/div>\n\t\t\t\t\t<\/div>\n\t\t<\/div>\n\t\t\t\t\t<\/div>\n\t\t<\/section>\n\t\t\t\t<section class=\"elementor-section elementor-top-section elementor-element elementor-element-a4ce4e4 elementor-section-boxed elementor-section-height-default elementor-section-height-default\" data-id=\"a4ce4e4\" data-element_type=\"section\" data-e-type=\"section\">\n\t\t\t\t\t\t<div class=\"elementor-container elementor-column-gap-default\">\n\t\t\t\t\t<div class=\"elementor-column elementor-col-50 elementor-top-column elementor-element elementor-element-acd9bd4\" data-id=\"acd9bd4\" data-element_type=\"column\" data-e-type=\"column\">\n\t\t\t<div class=\"elementor-widget-wrap elementor-element-populated\">\n\t\t\t\t\t\t<div class=\"elementor-element elementor-element-bb50696 elementor-widget elementor-widget-heading\" data-id=\"bb50696\" data-element_type=\"widget\" data-e-type=\"widget\" data-widget_type=\"heading.default\">\n\t\t\t\t<div class=\"elementor-widget-container\">\n\t\t\t\t\t<h3 class=\"elementor-heading-title elementor-size-default\">Manter-se \u00e0 frente das tend\u00eancias do mercado<\/h3>\t\t\t\t<\/div>\n\t\t\t\t<\/div>\n\t\t\t\t<div class=\"elementor-element elementor-element-c48f3c3 elementor-widget elementor-widget-text-editor\" data-id=\"c48f3c3\" data-element_type=\"widget\" data-e-type=\"widget\" data-widget_type=\"text-editor.default\">\n\t\t\t\t<div class=\"elementor-widget-container\">\n\t\t\t\t\t\t\t\t\t<p>A resposta? Solu\u00e7\u00f5es banc\u00e1rias e financeiras digitais. Estas incluem:\u00a0<\/p>\t\t\t\t\t\t\t\t<\/div>\n\t\t\t\t<\/div>\n\t\t\t\t<div class=\"elementor-element elementor-element-bf5814d srvc elementor-icon-list--layout-traditional elementor-list-item-link-full_width elementor-widget elementor-widget-icon-list\" data-id=\"bf5814d\" data-element_type=\"widget\" data-e-type=\"widget\" data-widget_type=\"icon-list.default\">\n\t\t\t\t<div class=\"elementor-widget-container\">\n\t\t\t\t\t\t\t<ul class=\"elementor-icon-list-items\">\n\t\t\t\t\t\t\t<li class=\"elementor-icon-list-item\">\n\t\t\t\t\t\t\t\t\t\t\t<span class=\"elementor-icon-list-icon\">\n\t\t\t\t\t\t\t<i aria-hidden=\"true\" class=\"fas fa-check-circle\"><\/i>\t\t\t\t\t\t<\/span>\n\t\t\t\t\t\t\t\t\t\t<span class=\"elementor-icon-list-text\">Automatiza\u00e7\u00e3o de tarefas administrativas e fluxos de trabalho<\/span>\n\t\t\t\t\t\t\t\t\t<\/li>\n\t\t\t\t\t\t\t\t<li class=\"elementor-icon-list-item\">\n\t\t\t\t\t\t\t\t\t\t\t<span class=\"elementor-icon-list-icon\">\n\t\t\t\t\t\t\t<i aria-hidden=\"true\" class=\"fas fa-check-circle\"><\/i>\t\t\t\t\t\t<\/span>\n\t\t\t\t\t\t\t\t\t\t<span class=\"elementor-icon-list-text\">Implementa\u00e7\u00e3o de software que permite uma maior comunica\u00e7\u00e3o interna e transpar\u00eancia<\/span>\n\t\t\t\t\t\t\t\t\t<\/li>\n\t\t\t\t\t\t\t\t<li class=\"elementor-icon-list-item\">\n\t\t\t\t\t\t\t\t\t\t\t<span class=\"elementor-icon-list-icon\">\n\t\t\t\t\t\t\t<i aria-hidden=\"true\" class=\"fas fa-check-circle\"><\/i>\t\t\t\t\t\t<\/span>\n\t\t\t\t\t\t\t\t\t\t<span class=\"elementor-icon-list-text\">Refor\u00e7o das medidas de ciberseguran\u00e7a para proteger os dados dos consumidores e dos concorrentes<\/span>\n\t\t\t\t\t\t\t\t\t<\/li>\n\t\t\t\t\t\t\t\t<li class=\"elementor-icon-list-item\">\n\t\t\t\t\t\t\t\t\t\t\t<span class=\"elementor-icon-list-icon\">\n\t\t\t\t\t\t\t<i aria-hidden=\"true\" class=\"fas fa-check-circle\"><\/i>\t\t\t\t\t\t<\/span>\n\t\t\t\t\t\t\t\t\t\t<span class=\"elementor-icon-list-text\">Adotar solu\u00e7\u00f5es FinTech inovadoras e realizar investiga\u00e7\u00e3o e desenvolvimento para se manter \u00e0 frente das tecnologias rivais<\/span>\n\t\t\t\t\t\t\t\t\t<\/li>\n\t\t\t\t\t\t<\/ul>\n\t\t\t\t\t\t<\/div>\n\t\t\t\t<\/div>\n\t\t\t\t<div class=\"elementor-element elementor-element-30733c9 elementor-widget elementor-widget-text-editor\" data-id=\"30733c9\" data-element_type=\"widget\" data-e-type=\"widget\" data-widget_type=\"text-editor.default\">\n\t\t\t\t<div class=\"elementor-widget-container\">\n\t\t\t\t\t\t\t\t\t<p>Ao implementar estas medidas digitais, os l\u00edderes do sector podem automatizar tarefas de baixo valor, permitindo-lhes atribuir mais tempo e recursos para criar valor adicional para os clientes. Investir em tecnologias no local de trabalho que facilitem uma melhor liga\u00e7\u00e3o e comunica\u00e7\u00e3o entre os funcion\u00e1rios permite um r\u00e1pido escalonamento e resolu\u00e7\u00e3o de incidentes, independentemente das limita\u00e7\u00f5es relacionadas com a localiza\u00e7\u00e3o. Al\u00e9m disso, a oferta de solu\u00e7\u00f5es m\u00f3veis e baseadas na nuvem para os consumidores \u00e9 agora uma expetativa do mercado. Mesmo a interface do utilizador e a funcionalidade do chatbot t\u00eam de cumprir padr\u00f5es elevados, uma vez que os consumidores procurar\u00e3o alternativas se as suas expectativas n\u00e3o forem satisfeitas.<\/p>\t\t\t\t\t\t\t\t<\/div>\n\t\t\t\t<\/div>\n\t\t\t\t\t<\/div>\n\t\t<\/div>\n\t\t\t\t<div class=\"elementor-column elementor-col-50 elementor-top-column elementor-element elementor-element-38adf56\" data-id=\"38adf56\" data-element_type=\"column\" data-e-type=\"column\">\n\t\t\t<div class=\"elementor-widget-wrap elementor-element-populated\">\n\t\t\t\t\t\t<div class=\"elementor-element elementor-element-340c667 elementor-widget elementor-widget-image\" data-id=\"340c667\" data-element_type=\"widget\" data-e-type=\"widget\" data-widget_type=\"image.default\">\n\t\t\t\t<div class=\"elementor-widget-container\">\n\t\t\t\t\t\t\t\t\t\t\t\t\t\t\t<img decoding=\"async\" width=\"530\" height=\"750\" src=\"https:\/\/tcs-technology.com\/wp-content\/uploads\/2022\/04\/IT-Project-Business-woman-shopping-online.jpg\" class=\"attachment-full size-full wp-image-2602\" alt=\"IT Project Business woman shopping online\" \/>\t\t\t\t\t\t\t\t\t\t\t\t\t\t\t<\/div>\n\t\t\t\t<\/div>\n\t\t\t\t\t<\/div>\n\t\t<\/div>\n\t\t\t\t\t<\/div>\n\t\t<\/section>\n\t\t\t\t<section class=\"elementor-section elementor-top-section elementor-element elementor-element-e566d7c elementor-section-boxed elementor-section-height-default elementor-section-height-default\" data-id=\"e566d7c\" data-element_type=\"section\" data-e-type=\"section\">\n\t\t\t\t\t\t<div class=\"elementor-container elementor-column-gap-default\">\n\t\t\t\t\t<div class=\"elementor-column elementor-col-100 elementor-top-column elementor-element elementor-element-0804ce7\" data-id=\"0804ce7\" data-element_type=\"column\" data-e-type=\"column\">\n\t\t\t<div class=\"elementor-widget-wrap elementor-element-populated\">\n\t\t\t\t\t\t<div class=\"elementor-element elementor-element-cdd6f64 elementor-widget elementor-widget-heading\" data-id=\"cdd6f64\" data-element_type=\"widget\" data-e-type=\"widget\" data-widget_type=\"heading.default\">\n\t\t\t\t<div class=\"elementor-widget-container\">\n\t\t\t\t\t<h3 class=\"elementor-heading-title elementor-size-default\">Manter-se \u00e0 frente da concorr\u00eancia<\/h3>\t\t\t\t<\/div>\n\t\t\t\t<\/div>\n\t\t\t\t<div class=\"elementor-element elementor-element-e9e6b85 elementor-widget elementor-widget-text-editor\" data-id=\"e9e6b85\" data-element_type=\"widget\" data-e-type=\"widget\" data-widget_type=\"text-editor.default\">\n\t\t\t\t<div class=\"elementor-widget-container\">\n\t\t\t\t\t\t\t\t\t<p>Embora o sector financeiro e banc\u00e1rio tenha sido tradicionalmente conservador, as empresas que pretendem ser l\u00edderes do sector devem agora abra\u00e7ar a identidade de empresas tecnol\u00f3gicas inovadoras, como demonstrado pela transforma\u00e7\u00e3o do JPMorgan Chase nos \u00faltimos anos. A adapta\u00e7\u00e3o \u00e0 evolu\u00e7\u00e3o dos tempos e das expectativas \u00e9 absolutamente crucial para este sector, e o sucesso ou o fracasso ser\u00e3o em breve determinados pela transforma\u00e7\u00e3o digital.<\/p><p>Interessado em solu\u00e7\u00f5es de digitaliza\u00e7\u00e3o personalizadas para os seus projectos de TI no sector banc\u00e1rio e financeiro? \ud83d\udc4b <a href=\"https:\/\/tcs-technology.com\/pt\/contact\/\">Entre em contacto com a nossa equipa hoje mesmo<\/a> para uma consulta gratuita e sem compromisso. N\u00e3o o vamos pressionar a tomar uma decis\u00e3o - os nossos servi\u00e7os falam por si. Simplesmente discutiremos as suas necessidades espec\u00edficas e explicaremos como o podemos apoiar.<\/p>\t\t\t\t\t\t\t\t<\/div>\n\t\t\t\t<\/div>\n\t\t\t\t\t<\/div>\n\t\t<\/div>\n\t\t\t\t\t<\/div>\n\t\t<\/section>\n\t\t\t\t<\/div>","protected":false},"excerpt":{"rendered":"<p>Banca e Finan\u00e7as Crie mais valor para os clientes, melhore a seguran\u00e7a e tire o m\u00e1ximo partido das inova\u00e7\u00f5es digitais da FinTech. A FinTech tornou-se uma esp\u00e9cie de palavra de ordem nos \u00faltimos anos - est\u00e1 a tirar o m\u00e1ximo partido dela? Na atual Quarta Revolu\u00e7\u00e3o Industrial, todos os sectores t\u00eam de se adaptar para satisfazer as expectativas de consumidores cada vez mais conhecedores da tecnologia e [...]<\/p>","protected":false},"author":1,"featured_media":0,"parent":681,"menu_order":0,"comment_status":"closed","ping_status":"closed","template":"elementor_header_footer","meta":{"footnotes":""},"class_list":["post-1555","page","type-page","status-publish","hentry"],"yoast_head":"<!-- This site is optimized with the Yoast SEO plugin v20.5 - https:\/\/yoast.com\/wordpress\/plugins\/seo\/ -->\n<title>Banking and Finance - TCS Technology AG<\/title>\n<meta name=\"robots\" content=\"index, follow, max-snippet:-1, max-image-preview:large, max-video-preview:-1\" \/>\n<link rel=\"canonical\" href=\"https:\/\/tcs-technology.com\/pt\/verticals\/banking-and-finance\/\" \/>\n<meta property=\"og:locale\" content=\"pt_PT\" \/>\n<meta property=\"og:type\" content=\"article\" \/>\n<meta property=\"og:title\" content=\"Banking and Finance - TCS Technology AG\" \/>\n<meta property=\"og:description\" content=\"Banking and Finance Create more value for clients, improve security, and make the most of FinTech digital innovations. FinTech has become somewhat of a buzzword in recent years \u2013 are you making the most of it? In today&#8217;s Fourth Industrial Revolution, all sectors need to adapt to meet the expectations of increasingly tech-savvy consumers, and [&hellip;]\" \/>\n<meta property=\"og:url\" content=\"https:\/\/tcs-technology.com\/pt\/verticals\/banking-and-finance\/\" \/>\n<meta property=\"og:site_name\" content=\"TCS Technology AG\" \/>\n<meta property=\"article:modified_time\" content=\"2023-06-23T17:00:33+00:00\" \/>\n<meta property=\"og:image\" content=\"https:\/\/tcs-technology.com\/wp-content\/uploads\/2022\/04\/about.jpg\" \/>\n<meta name=\"twitter:card\" content=\"summary_large_image\" \/>\n<meta name=\"twitter:label1\" content=\"Tempo estimado de leitura\" \/>\n\t<meta name=\"twitter:data1\" content=\"2 minutos\" \/>\n<script type=\"application\/ld+json\" class=\"yoast-schema-graph\">{\"@context\":\"https:\/\/schema.org\",\"@graph\":[{\"@type\":\"WebPage\",\"@id\":\"https:\/\/tcs-technology.com\/verticals\/banking-and-finance\/\",\"url\":\"https:\/\/tcs-technology.com\/verticals\/banking-and-finance\/\",\"name\":\"Banking and Finance - TCS Technology AG\",\"isPartOf\":{\"@id\":\"https:\/\/tcs-technology.com\/#website\"},\"datePublished\":\"2022-04-05T06:18:38+00:00\",\"dateModified\":\"2023-06-23T17:00:33+00:00\",\"breadcrumb\":{\"@id\":\"https:\/\/tcs-technology.com\/verticals\/banking-and-finance\/#breadcrumb\"},\"inLanguage\":\"pt-PT\",\"potentialAction\":[{\"@type\":\"ReadAction\",\"target\":[\"https:\/\/tcs-technology.com\/verticals\/banking-and-finance\/\"]}]},{\"@type\":\"BreadcrumbList\",\"@id\":\"https:\/\/tcs-technology.com\/verticals\/banking-and-finance\/#breadcrumb\",\"itemListElement\":[{\"@type\":\"ListItem\",\"position\":1,\"name\":\"Home\",\"item\":\"https:\/\/tcs-technology.com\/\"},{\"@type\":\"ListItem\",\"position\":2,\"name\":\"Verticals\",\"item\":\"https:\/\/tcs-technology.com\/verticals\/\"},{\"@type\":\"ListItem\",\"position\":3,\"name\":\"Banking and Finance\"}]},{\"@type\":\"WebSite\",\"@id\":\"https:\/\/tcs-technology.com\/#website\",\"url\":\"https:\/\/tcs-technology.com\/\",\"name\":\"TCS Technology AG\",\"description\":\"We provide cutting-edge SaaS solutions for organizations in Switzerland and around the world with a focus on performance, security, and sustainability.\",\"publisher\":{\"@id\":\"https:\/\/tcs-technology.com\/#organization\"},\"potentialAction\":[{\"@type\":\"SearchAction\",\"target\":{\"@type\":\"EntryPoint\",\"urlTemplate\":\"https:\/\/tcs-technology.com\/?s={search_term_string}\"},\"query-input\":\"required name=search_term_string\"}],\"inLanguage\":\"pt-PT\"},{\"@type\":\"Organization\",\"@id\":\"https:\/\/tcs-technology.com\/#organization\",\"name\":\"TCS Technology AG\",\"url\":\"https:\/\/tcs-technology.com\/\",\"logo\":{\"@type\":\"ImageObject\",\"inLanguage\":\"pt-PT\",\"@id\":\"https:\/\/tcs-technology.com\/#\/schema\/logo\/image\/\",\"url\":\"https:\/\/tcs-technology.com\/wp-content\/uploads\/2022\/03\/logo-2.png\",\"contentUrl\":\"https:\/\/tcs-technology.com\/wp-content\/uploads\/2022\/03\/logo-2.png\",\"width\":8334,\"height\":6131,\"caption\":\"TCS Technology AG\"},\"image\":{\"@id\":\"https:\/\/tcs-technology.com\/#\/schema\/logo\/image\/\"}}]}<\/script>\n<!-- \/ Yoast SEO plugin. -->","yoast_head_json":{"title":"Banking and Finance - TCS Technology AG","robots":{"index":"index","follow":"follow","max-snippet":"max-snippet:-1","max-image-preview":"max-image-preview:large","max-video-preview":"max-video-preview:-1"},"canonical":"https:\/\/tcs-technology.com\/pt\/verticals\/banking-and-finance\/","og_locale":"pt_PT","og_type":"article","og_title":"Banking and Finance - TCS Technology AG","og_description":"Banking and Finance Create more value for clients, improve security, and make the most of FinTech digital innovations. FinTech has become somewhat of a buzzword in recent years \u2013 are you making the most of it? In today&#8217;s Fourth Industrial Revolution, all sectors need to adapt to meet the expectations of increasingly tech-savvy consumers, and [&hellip;]","og_url":"https:\/\/tcs-technology.com\/pt\/verticals\/banking-and-finance\/","og_site_name":"TCS Technology AG","article_modified_time":"2023-06-23T17:00:33+00:00","og_image":[{"url":"https:\/\/tcs-technology.com\/wp-content\/uploads\/2022\/04\/about.jpg"}],"twitter_card":"summary_large_image","twitter_misc":{"Tempo estimado de leitura":"2 minutos"},"schema":{"@context":"https:\/\/schema.org","@graph":[{"@type":"WebPage","@id":"https:\/\/tcs-technology.com\/verticals\/banking-and-finance\/","url":"https:\/\/tcs-technology.com\/verticals\/banking-and-finance\/","name":"Banking and Finance - TCS Technology AG","isPartOf":{"@id":"https:\/\/tcs-technology.com\/#website"},"datePublished":"2022-04-05T06:18:38+00:00","dateModified":"2023-06-23T17:00:33+00:00","breadcrumb":{"@id":"https:\/\/tcs-technology.com\/verticals\/banking-and-finance\/#breadcrumb"},"inLanguage":"pt-PT","potentialAction":[{"@type":"ReadAction","target":["https:\/\/tcs-technology.com\/verticals\/banking-and-finance\/"]}]},{"@type":"BreadcrumbList","@id":"https:\/\/tcs-technology.com\/verticals\/banking-and-finance\/#breadcrumb","itemListElement":[{"@type":"ListItem","position":1,"name":"Home","item":"https:\/\/tcs-technology.com\/"},{"@type":"ListItem","position":2,"name":"Verticals","item":"https:\/\/tcs-technology.com\/verticals\/"},{"@type":"ListItem","position":3,"name":"Banking and Finance"}]},{"@type":"WebSite","@id":"https:\/\/tcs-technology.com\/#website","url":"https:\/\/tcs-technology.com\/","name":"TCS Technology AG","description":"We provide cutting-edge SaaS solutions for organizations in Switzerland and around the world with a focus on performance, security, and sustainability.","publisher":{"@id":"https:\/\/tcs-technology.com\/#organization"},"potentialAction":[{"@type":"SearchAction","target":{"@type":"EntryPoint","urlTemplate":"https:\/\/tcs-technology.com\/?s={search_term_string}"},"query-input":"required name=search_term_string"}],"inLanguage":"pt-PT"},{"@type":"Organization","@id":"https:\/\/tcs-technology.com\/#organization","name":"TCS Technology AG","url":"https:\/\/tcs-technology.com\/","logo":{"@type":"ImageObject","inLanguage":"pt-PT","@id":"https:\/\/tcs-technology.com\/#\/schema\/logo\/image\/","url":"https:\/\/tcs-technology.com\/wp-content\/uploads\/2022\/03\/logo-2.png","contentUrl":"https:\/\/tcs-technology.com\/wp-content\/uploads\/2022\/03\/logo-2.png","width":8334,"height":6131,"caption":"TCS Technology AG"},"image":{"@id":"https:\/\/tcs-technology.com\/#\/schema\/logo\/image\/"}}]}},"_links":{"self":[{"href":"https:\/\/tcs-technology.com\/pt\/wp-json\/wp\/v2\/pages\/1555","targetHints":{"allow":["GET"]}}],"collection":[{"href":"https:\/\/tcs-technology.com\/pt\/wp-json\/wp\/v2\/pages"}],"about":[{"href":"https:\/\/tcs-technology.com\/pt\/wp-json\/wp\/v2\/types\/page"}],"author":[{"embeddable":true,"href":"https:\/\/tcs-technology.com\/pt\/wp-json\/wp\/v2\/users\/1"}],"replies":[{"embeddable":true,"href":"https:\/\/tcs-technology.com\/pt\/wp-json\/wp\/v2\/comments?post=1555"}],"version-history":[{"count":28,"href":"https:\/\/tcs-technology.com\/pt\/wp-json\/wp\/v2\/pages\/1555\/revisions"}],"predecessor-version":[{"id":3279,"href":"https:\/\/tcs-technology.com\/pt\/wp-json\/wp\/v2\/pages\/1555\/revisions\/3279"}],"up":[{"embeddable":true,"href":"https:\/\/tcs-technology.com\/pt\/wp-json\/wp\/v2\/pages\/681"}],"wp:attachment":[{"href":"https:\/\/tcs-technology.com\/pt\/wp-json\/wp\/v2\/media?parent=1555"}],"curies":[{"name":"wp","href":"https:\/\/api.w.org\/{rel}","templated":true}]}}