{"id":1531,"date":"2022-04-05T08:12:01","date_gmt":"2022-04-05T06:12:01","guid":{"rendered":"https:\/\/tcs-technology.com\/?page_id=1531"},"modified":"2023-06-23T18:57:58","modified_gmt":"2023-06-23T16:57:58","slug":"accounting-and-legal","status":"publish","type":"page","link":"https:\/\/tcs-technology.com\/pt\/verticals\/accounting-and-legal\/","title":{"rendered":"Contabilidade e Direito"},"content":{"rendered":"<div data-elementor-type=\"wp-page\" data-elementor-id=\"1531\" class=\"elementor elementor-1531\">\n\t\t\t\t\t\t<section class=\"elementor-section elementor-top-section elementor-element elementor-element-e26811f elementor-section-boxed elementor-section-height-default elementor-section-height-default\" data-id=\"e26811f\" data-element_type=\"section\" data-e-type=\"section\" data-settings=\"{&quot;background_background&quot;:&quot;classic&quot;}\">\n\t\t\t\t\t\t<div class=\"elementor-container elementor-column-gap-default\">\n\t\t\t\t\t<div class=\"elementor-column elementor-col-100 elementor-top-column elementor-element elementor-element-6068624\" data-id=\"6068624\" data-element_type=\"column\" data-e-type=\"column\">\n\t\t\t<div class=\"elementor-widget-wrap elementor-element-populated\">\n\t\t\t\t\t\t<div class=\"elementor-element elementor-element-fb5f742 elementor-align-center elementor-widget elementor-widget-breadcrumbs\" data-id=\"fb5f742\" data-element_type=\"widget\" data-e-type=\"widget\" data-widget_type=\"breadcrumbs.default\">\n\t\t\t\t<div class=\"elementor-widget-container\">\n\t\t\t\t\t<p id=\"breadcrumbs\"><span><span><a href=\"https:\/\/tcs-technology.com\/pt\/\">In\u00edcio<\/a><\/span><\/span><\/p>\t\t\t\t<\/div>\n\t\t\t\t<\/div>\n\t\t\t\t\t<\/div>\n\t\t<\/div>\n\t\t\t\t\t<\/div>\n\t\t<\/section>\n\t\t\t\t<section class=\"elementor-section elementor-top-section elementor-element elementor-element-2e360c4 elementor-section-boxed elementor-section-height-default elementor-section-height-default\" data-id=\"2e360c4\" data-element_type=\"section\" data-e-type=\"section\">\n\t\t\t\t\t\t<div class=\"elementor-container elementor-column-gap-default\">\n\t\t\t\t\t<div class=\"elementor-column elementor-col-100 elementor-top-column elementor-element elementor-element-0fcd844\" data-id=\"0fcd844\" data-element_type=\"column\" data-e-type=\"column\">\n\t\t\t<div class=\"elementor-widget-wrap elementor-element-populated\">\n\t\t\t\t\t\t<div class=\"elementor-element elementor-element-598488f elementor-widget elementor-widget-image\" data-id=\"598488f\" data-element_type=\"widget\" data-e-type=\"widget\" data-widget_type=\"image.default\">\n\t\t\t\t<div class=\"elementor-widget-container\">\n\t\t\t\t\t\t\t\t\t\t\t\t\t\t\t<img fetchpriority=\"high\" decoding=\"async\" width=\"1200\" height=\"600\" src=\"https:\/\/tcs-technology.com\/wp-content\/uploads\/2022\/04\/Accounting-and-Legal-banner.jpg\" class=\"attachment-full size-full wp-image-2559\" alt=\"Accounting and Legal banner\" \/>\t\t\t\t\t\t\t\t\t\t\t\t\t\t\t<\/div>\n\t\t\t\t<\/div>\n\t\t\t\t<div class=\"elementor-element elementor-element-df98e13 elementor-widget elementor-widget-heading\" data-id=\"df98e13\" data-element_type=\"widget\" data-e-type=\"widget\" data-widget_type=\"heading.default\">\n\t\t\t\t<div class=\"elementor-widget-container\">\n\t\t\t\t\t<h2 class=\"elementor-heading-title elementor-size-default\">Contabilidade e Direito<\/h2>\t\t\t\t<\/div>\n\t\t\t\t<\/div>\n\t\t\t\t<div class=\"elementor-element elementor-element-0d48200 elementor-widget elementor-widget-text-editor\" data-id=\"0d48200\" data-element_type=\"widget\" data-e-type=\"widget\" data-widget_type=\"text-editor.default\">\n\t\t\t\t<div class=\"elementor-widget-container\">\n\t\t\t\t\t\t\t\t\t<p>Para garantir a total conformidade legal, de auditoria e regulamentar, \u00e9 fundamental que as empresas do sector contabil\u00edstico e jur\u00eddico implementem a automatiza\u00e7\u00e3o, as medidas de seguran\u00e7a e o controlo de dados.<\/p><p>Na era atual dos grandes volumes de dados, as empresas do sector contabil\u00edstico e jur\u00eddico podem beneficiar muito com o aproveitamento e a seguran\u00e7a dos seus dados. A satisfa\u00e7\u00e3o do cliente \u00e9 fundamental, e compreender os seus clientes \u00e9 a chave para satisfazer as suas necessidades. Isto faz com que o controlo m\u00e1ximo sobre os dados, incluindo o acesso e a seguran\u00e7a, seja essencial para se manter \u00e0 frente da concorr\u00eancia nestas ind\u00fastrias.<\/p><p>Interessado em solu\u00e7\u00f5es de digitaliza\u00e7\u00e3o personalizadas para os seus projectos contabil\u00edsticos ou jur\u00eddicos? \ud83d\udc4b <a href=\"https:\/\/tcs-technology.com\/pt\/contact\/\">Entre em contacto com a nossa equipa hoje mesmo<\/a> para uma consulta gratuita e sem compromisso. N\u00e3o o vamos pressionar a tomar uma decis\u00e3o - os nossos servi\u00e7os falam por si. Simplesmente discutiremos as suas necessidades espec\u00edficas e explicaremos como o podemos ajudar.<\/p>\t\t\t\t\t\t\t\t<\/div>\n\t\t\t\t<\/div>\n\t\t\t\t\t<\/div>\n\t\t<\/div>\n\t\t\t\t\t<\/div>\n\t\t<\/section>\n\t\t\t\t<section class=\"elementor-section elementor-top-section elementor-element elementor-element-95c408f elementor-section-boxed elementor-section-height-default elementor-section-height-default\" data-id=\"95c408f\" data-element_type=\"section\" data-e-type=\"section\">\n\t\t\t\t\t\t<div class=\"elementor-container elementor-column-gap-default\">\n\t\t\t\t\t<div class=\"elementor-column elementor-col-50 elementor-top-column elementor-element elementor-element-d73dc97\" data-id=\"d73dc97\" data-element_type=\"column\" data-e-type=\"column\">\n\t\t\t<div class=\"elementor-widget-wrap elementor-element-populated\">\n\t\t\t\t\t\t<div class=\"elementor-element elementor-element-b2d5c3e elementor-widget elementor-widget-heading\" data-id=\"b2d5c3e\" data-element_type=\"widget\" data-e-type=\"widget\" data-widget_type=\"heading.default\">\n\t\t\t\t<div class=\"elementor-widget-container\">\n\t\t\t\t\t<h3 class=\"elementor-heading-title elementor-size-default\">Processos de trabalho a automatizar<\/h3>\t\t\t\t<\/div>\n\t\t\t\t<\/div>\n\t\t\t\t<div class=\"elementor-element elementor-element-e040890 elementor-widget elementor-widget-text-editor\" data-id=\"e040890\" data-element_type=\"widget\" data-e-type=\"widget\" data-widget_type=\"text-editor.default\">\n\t\t\t\t<div class=\"elementor-widget-container\">\n\t\t\t\t\t\t\t\t\t<p>A ado\u00e7\u00e3o da transforma\u00e7\u00e3o digital nos sectores contabil\u00edstico e jur\u00eddico oferece in\u00fameras vantagens para al\u00e9m das aplica\u00e7\u00f5es de dados. Alguns desses benef\u00edcios incluem:<\/p>\t\t\t\t\t\t\t\t<\/div>\n\t\t\t\t<\/div>\n\t\t\t\t<div class=\"elementor-element elementor-element-0ded46b elementor-icon-list--layout-traditional elementor-list-item-link-full_width elementor-widget elementor-widget-icon-list\" data-id=\"0ded46b\" data-element_type=\"widget\" data-e-type=\"widget\" data-widget_type=\"icon-list.default\">\n\t\t\t\t<div class=\"elementor-widget-container\">\n\t\t\t\t\t\t\t<ul class=\"elementor-icon-list-items\">\n\t\t\t\t\t\t\t<li class=\"elementor-icon-list-item\">\n\t\t\t\t\t\t\t\t\t\t\t<span class=\"elementor-icon-list-icon\">\n\t\t\t\t\t\t\t<i aria-hidden=\"true\" class=\"fas fa-check-circle\"><\/i>\t\t\t\t\t\t<\/span>\n\t\t\t\t\t\t\t\t\t\t<span class=\"elementor-icon-list-text\">Formul\u00e1rios inteligentes e contratos\/assinaturas automatizados<\/span>\n\t\t\t\t\t\t\t\t\t<\/li>\n\t\t\t\t\t\t\t\t<li class=\"elementor-icon-list-item\">\n\t\t\t\t\t\t\t\t\t\t\t<span class=\"elementor-icon-list-icon\">\n\t\t\t\t\t\t\t<i aria-hidden=\"true\" class=\"fas fa-check-circle\"><\/i>\t\t\t\t\t\t<\/span>\n\t\t\t\t\t\t\t\t\t\t<span class=\"elementor-icon-list-text\">Automatiza\u00e7\u00e3o dos processos de revis\u00e3o de documentos para due diligence<\/span>\n\t\t\t\t\t\t\t\t\t<\/li>\n\t\t\t\t\t\t\t\t<li class=\"elementor-icon-list-item\">\n\t\t\t\t\t\t\t\t\t\t\t<span class=\"elementor-icon-list-icon\">\n\t\t\t\t\t\t\t<i aria-hidden=\"true\" class=\"fas fa-check-circle\"><\/i>\t\t\t\t\t\t<\/span>\n\t\t\t\t\t\t\t\t\t\t<span class=\"elementor-icon-list-text\">Auditorias jur\u00eddicas automatizadas e gest\u00e3o da conformidade regulamentar\/dos riscos<\/span>\n\t\t\t\t\t\t\t\t\t<\/li>\n\t\t\t\t\t\t\t\t<li class=\"elementor-icon-list-item\">\n\t\t\t\t\t\t\t\t\t\t\t<span class=\"elementor-icon-list-icon\">\n\t\t\t\t\t\t\t<i aria-hidden=\"true\" class=\"fas fa-check-circle\"><\/i>\t\t\t\t\t\t<\/span>\n\t\t\t\t\t\t\t\t\t\t<span class=\"elementor-icon-list-text\">Gest\u00e3o automatizada da fatura\u00e7\u00e3o<\/span>\n\t\t\t\t\t\t\t\t\t<\/li>\n\t\t\t\t\t\t<\/ul>\n\t\t\t\t\t\t<\/div>\n\t\t\t\t<\/div>\n\t\t\t\t<div class=\"elementor-element elementor-element-0142ddd elementor-widget elementor-widget-text-editor\" data-id=\"0142ddd\" data-element_type=\"widget\" data-e-type=\"widget\" data-widget_type=\"text-editor.default\">\n\t\t\t\t<div class=\"elementor-widget-container\">\n\t\t\t\t\t\t\t\t\t<p>Tanto o sector contabil\u00edstico como o jur\u00eddico implicam um trabalho de elevado valor acrescentado que exige anos de forma\u00e7\u00e3o e exames. As transforma\u00e7\u00f5es digitais e a automatiza\u00e7\u00e3o n\u00e3o podem substituir os profissionais nestes dom\u00ednios. Em vez disso, devem ser vistas como ferramentas para automatizar as tarefas quotidianas. Ao automatizar as tarefas administrativas repetitivas, as empresas destes sectores podem reduzir significativamente os custos e concentrar os seus esfor\u00e7os em tarefas que requerem interven\u00e7\u00e3o humana, como a prepara\u00e7\u00e3o de aconselhamento e lit\u00edgios ou a realiza\u00e7\u00e3o de investiga\u00e7\u00f5es e auditorias de contas.<\/p>\t\t\t\t\t\t\t\t<\/div>\n\t\t\t\t<\/div>\n\t\t\t\t\t<\/div>\n\t\t<\/div>\n\t\t\t\t<div class=\"elementor-column elementor-col-50 elementor-top-column elementor-element elementor-element-903fcb3\" data-id=\"903fcb3\" data-element_type=\"column\" data-e-type=\"column\">\n\t\t\t<div class=\"elementor-widget-wrap elementor-element-populated\">\n\t\t\t\t\t\t<div class=\"elementor-element elementor-element-0c314b3 elementor-widget elementor-widget-image\" data-id=\"0c314b3\" data-element_type=\"widget\" data-e-type=\"widget\" data-widget_type=\"image.default\">\n\t\t\t\t<div class=\"elementor-widget-container\">\n\t\t\t\t\t\t\t\t\t\t\t\t\t\t\t<img decoding=\"async\" width=\"640\" height=\"960\" src=\"https:\/\/tcs-technology.com\/wp-content\/uploads\/2022\/04\/Accounting-and-Legal.jpg\" class=\"attachment-full size-full wp-image-2546\" alt=\"Accounting and Legal\" \/>\t\t\t\t\t\t\t\t\t\t\t\t\t\t\t<\/div>\n\t\t\t\t<\/div>\n\t\t\t\t\t<\/div>\n\t\t<\/div>\n\t\t\t\t\t<\/div>\n\t\t<\/section>\n\t\t\t\t<\/div>","protected":false},"excerpt":{"rendered":"<p>Contabilidade e Direito Para garantir a total conformidade legal, de auditoria e regulamentar, \u00e9 crucial que as empresas do sector contabil\u00edstico e jur\u00eddico implementem a automatiza\u00e7\u00e3o, as medidas de seguran\u00e7a e o controlo de dados. Na era atual dos grandes volumes de dados, as empresas do sector contabil\u00edstico e jur\u00eddico podem beneficiar muito com o aproveitamento e a seguran\u00e7a dos seus dados. A satisfa\u00e7\u00e3o do cliente \u00e9 [...]<\/p>","protected":false},"author":1,"featured_media":0,"parent":681,"menu_order":0,"comment_status":"closed","ping_status":"closed","template":"elementor_header_footer","meta":{"footnotes":""},"class_list":["post-1531","page","type-page","status-publish","hentry"],"yoast_head":"<!-- This site is optimized with the Yoast SEO plugin v20.5 - https:\/\/yoast.com\/wordpress\/plugins\/seo\/ -->\n<title>Accounting and Legal - TCS Technology AG<\/title>\n<meta name=\"robots\" content=\"index, follow, max-snippet:-1, max-image-preview:large, max-video-preview:-1\" \/>\n<link rel=\"canonical\" href=\"https:\/\/tcs-technology.com\/pt\/verticals\/accounting-and-legal\/\" \/>\n<meta property=\"og:locale\" content=\"pt_PT\" \/>\n<meta property=\"og:type\" content=\"article\" \/>\n<meta property=\"og:title\" content=\"Accounting and Legal - TCS Technology AG\" \/>\n<meta property=\"og:description\" content=\"Accounting and Legal To ensure full legal, audit, and regulatory compliance, it is crucial for firms in the accounting and legal industry to implement automation, security measures, and data control. In today&#8217;s era of big data, firms in the accounting and legal industry can greatly benefit from harnessing and securing their data. Customer satisfaction is [&hellip;]\" \/>\n<meta property=\"og:url\" content=\"https:\/\/tcs-technology.com\/pt\/verticals\/accounting-and-legal\/\" \/>\n<meta property=\"og:site_name\" content=\"TCS Technology AG\" \/>\n<meta property=\"article:modified_time\" content=\"2023-06-23T16:57:58+00:00\" \/>\n<meta property=\"og:image\" content=\"https:\/\/tcs-technology.com\/wp-content\/uploads\/2022\/04\/Accounting-and-Legal-banner.jpg\" \/>\n<meta name=\"twitter:card\" content=\"summary_large_image\" \/>\n<meta name=\"twitter:label1\" content=\"Tempo estimado de leitura\" \/>\n\t<meta name=\"twitter:data1\" content=\"2 minutos\" \/>\n<script type=\"application\/ld+json\" class=\"yoast-schema-graph\">{\"@context\":\"https:\/\/schema.org\",\"@graph\":[{\"@type\":\"WebPage\",\"@id\":\"https:\/\/tcs-technology.com\/verticals\/accounting-and-legal\/\",\"url\":\"https:\/\/tcs-technology.com\/verticals\/accounting-and-legal\/\",\"name\":\"Accounting and Legal - TCS Technology AG\",\"isPartOf\":{\"@id\":\"https:\/\/tcs-technology.com\/#website\"},\"datePublished\":\"2022-04-05T06:12:01+00:00\",\"dateModified\":\"2023-06-23T16:57:58+00:00\",\"breadcrumb\":{\"@id\":\"https:\/\/tcs-technology.com\/verticals\/accounting-and-legal\/#breadcrumb\"},\"inLanguage\":\"pt-PT\",\"potentialAction\":[{\"@type\":\"ReadAction\",\"target\":[\"https:\/\/tcs-technology.com\/verticals\/accounting-and-legal\/\"]}]},{\"@type\":\"BreadcrumbList\",\"@id\":\"https:\/\/tcs-technology.com\/verticals\/accounting-and-legal\/#breadcrumb\",\"itemListElement\":[{\"@type\":\"ListItem\",\"position\":1,\"name\":\"Home\",\"item\":\"https:\/\/tcs-technology.com\/\"},{\"@type\":\"ListItem\",\"position\":2,\"name\":\"Verticals\",\"item\":\"https:\/\/tcs-technology.com\/verticals\/\"},{\"@type\":\"ListItem\",\"position\":3,\"name\":\"Accounting and Legal\"}]},{\"@type\":\"WebSite\",\"@id\":\"https:\/\/tcs-technology.com\/#website\",\"url\":\"https:\/\/tcs-technology.com\/\",\"name\":\"TCS Technology AG\",\"description\":\"We provide cutting-edge SaaS solutions for organizations in Switzerland and around the world with a focus on performance, security, and sustainability.\",\"publisher\":{\"@id\":\"https:\/\/tcs-technology.com\/#organization\"},\"potentialAction\":[{\"@type\":\"SearchAction\",\"target\":{\"@type\":\"EntryPoint\",\"urlTemplate\":\"https:\/\/tcs-technology.com\/?s={search_term_string}\"},\"query-input\":\"required name=search_term_string\"}],\"inLanguage\":\"pt-PT\"},{\"@type\":\"Organization\",\"@id\":\"https:\/\/tcs-technology.com\/#organization\",\"name\":\"TCS Technology AG\",\"url\":\"https:\/\/tcs-technology.com\/\",\"logo\":{\"@type\":\"ImageObject\",\"inLanguage\":\"pt-PT\",\"@id\":\"https:\/\/tcs-technology.com\/#\/schema\/logo\/image\/\",\"url\":\"https:\/\/tcs-technology.com\/wp-content\/uploads\/2022\/03\/logo-2.png\",\"contentUrl\":\"https:\/\/tcs-technology.com\/wp-content\/uploads\/2022\/03\/logo-2.png\",\"width\":8334,\"height\":6131,\"caption\":\"TCS Technology AG\"},\"image\":{\"@id\":\"https:\/\/tcs-technology.com\/#\/schema\/logo\/image\/\"}}]}<\/script>\n<!-- \/ Yoast SEO plugin. -->","yoast_head_json":{"title":"Accounting and Legal - TCS Technology AG","robots":{"index":"index","follow":"follow","max-snippet":"max-snippet:-1","max-image-preview":"max-image-preview:large","max-video-preview":"max-video-preview:-1"},"canonical":"https:\/\/tcs-technology.com\/pt\/verticals\/accounting-and-legal\/","og_locale":"pt_PT","og_type":"article","og_title":"Accounting and Legal - TCS Technology AG","og_description":"Accounting and Legal To ensure full legal, audit, and regulatory compliance, it is crucial for firms in the accounting and legal industry to implement automation, security measures, and data control. In today&#8217;s era of big data, firms in the accounting and legal industry can greatly benefit from harnessing and securing their data. Customer satisfaction is [&hellip;]","og_url":"https:\/\/tcs-technology.com\/pt\/verticals\/accounting-and-legal\/","og_site_name":"TCS Technology AG","article_modified_time":"2023-06-23T16:57:58+00:00","og_image":[{"url":"https:\/\/tcs-technology.com\/wp-content\/uploads\/2022\/04\/Accounting-and-Legal-banner.jpg"}],"twitter_card":"summary_large_image","twitter_misc":{"Tempo estimado de leitura":"2 minutos"},"schema":{"@context":"https:\/\/schema.org","@graph":[{"@type":"WebPage","@id":"https:\/\/tcs-technology.com\/verticals\/accounting-and-legal\/","url":"https:\/\/tcs-technology.com\/verticals\/accounting-and-legal\/","name":"Accounting and Legal - TCS Technology AG","isPartOf":{"@id":"https:\/\/tcs-technology.com\/#website"},"datePublished":"2022-04-05T06:12:01+00:00","dateModified":"2023-06-23T16:57:58+00:00","breadcrumb":{"@id":"https:\/\/tcs-technology.com\/verticals\/accounting-and-legal\/#breadcrumb"},"inLanguage":"pt-PT","potentialAction":[{"@type":"ReadAction","target":["https:\/\/tcs-technology.com\/verticals\/accounting-and-legal\/"]}]},{"@type":"BreadcrumbList","@id":"https:\/\/tcs-technology.com\/verticals\/accounting-and-legal\/#breadcrumb","itemListElement":[{"@type":"ListItem","position":1,"name":"Home","item":"https:\/\/tcs-technology.com\/"},{"@type":"ListItem","position":2,"name":"Verticals","item":"https:\/\/tcs-technology.com\/verticals\/"},{"@type":"ListItem","position":3,"name":"Accounting and Legal"}]},{"@type":"WebSite","@id":"https:\/\/tcs-technology.com\/#website","url":"https:\/\/tcs-technology.com\/","name":"TCS Technology AG","description":"We provide cutting-edge SaaS solutions for organizations in Switzerland and around the world with a focus on performance, security, and sustainability.","publisher":{"@id":"https:\/\/tcs-technology.com\/#organization"},"potentialAction":[{"@type":"SearchAction","target":{"@type":"EntryPoint","urlTemplate":"https:\/\/tcs-technology.com\/?s={search_term_string}"},"query-input":"required name=search_term_string"}],"inLanguage":"pt-PT"},{"@type":"Organization","@id":"https:\/\/tcs-technology.com\/#organization","name":"TCS Technology AG","url":"https:\/\/tcs-technology.com\/","logo":{"@type":"ImageObject","inLanguage":"pt-PT","@id":"https:\/\/tcs-technology.com\/#\/schema\/logo\/image\/","url":"https:\/\/tcs-technology.com\/wp-content\/uploads\/2022\/03\/logo-2.png","contentUrl":"https:\/\/tcs-technology.com\/wp-content\/uploads\/2022\/03\/logo-2.png","width":8334,"height":6131,"caption":"TCS Technology AG"},"image":{"@id":"https:\/\/tcs-technology.com\/#\/schema\/logo\/image\/"}}]}},"_links":{"self":[{"href":"https:\/\/tcs-technology.com\/pt\/wp-json\/wp\/v2\/pages\/1531","targetHints":{"allow":["GET"]}}],"collection":[{"href":"https:\/\/tcs-technology.com\/pt\/wp-json\/wp\/v2\/pages"}],"about":[{"href":"https:\/\/tcs-technology.com\/pt\/wp-json\/wp\/v2\/types\/page"}],"author":[{"embeddable":true,"href":"https:\/\/tcs-technology.com\/pt\/wp-json\/wp\/v2\/users\/1"}],"replies":[{"embeddable":true,"href":"https:\/\/tcs-technology.com\/pt\/wp-json\/wp\/v2\/comments?post=1531"}],"version-history":[{"count":31,"href":"https:\/\/tcs-technology.com\/pt\/wp-json\/wp\/v2\/pages\/1531\/revisions"}],"predecessor-version":[{"id":3276,"href":"https:\/\/tcs-technology.com\/pt\/wp-json\/wp\/v2\/pages\/1531\/revisions\/3276"}],"up":[{"embeddable":true,"href":"https:\/\/tcs-technology.com\/pt\/wp-json\/wp\/v2\/pages\/681"}],"wp:attachment":[{"href":"https:\/\/tcs-technology.com\/pt\/wp-json\/wp\/v2\/media?parent=1531"}],"curies":[{"name":"wp","href":"https:\/\/api.w.org\/{rel}","templated":true}]}}