{"id":1295,"date":"2022-04-01T17:08:36","date_gmt":"2022-04-01T15:08:36","guid":{"rendered":"https:\/\/tcs-technology.com\/?page_id=1295"},"modified":"2023-06-23T18:51:43","modified_gmt":"2023-06-23T16:51:43","slug":"it-support","status":"publish","type":"page","link":"https:\/\/tcs-technology.com\/pt\/services\/it-support\/","title":{"rendered":"Apoio inform\u00e1tico"},"content":{"rendered":"<div data-elementor-type=\"wp-page\" data-elementor-id=\"1295\" class=\"elementor elementor-1295\">\n\t\t\t\t\t\t<section class=\"elementor-section elementor-top-section elementor-element elementor-element-2854a82 elementor-section-boxed elementor-section-height-default elementor-section-height-default\" data-id=\"2854a82\" data-element_type=\"section\" data-e-type=\"section\" data-settings=\"{&quot;background_background&quot;:&quot;classic&quot;}\">\n\t\t\t\t\t\t<div class=\"elementor-container elementor-column-gap-default\">\n\t\t\t\t\t<div class=\"elementor-column elementor-col-100 elementor-top-column elementor-element elementor-element-fc95aee\" data-id=\"fc95aee\" data-element_type=\"column\" data-e-type=\"column\">\n\t\t\t<div class=\"elementor-widget-wrap elementor-element-populated\">\n\t\t\t\t\t\t<div class=\"elementor-element elementor-element-740ef14 elementor-align-center elementor-widget elementor-widget-breadcrumbs\" data-id=\"740ef14\" data-element_type=\"widget\" data-e-type=\"widget\" data-widget_type=\"breadcrumbs.default\">\n\t\t\t\t<div class=\"elementor-widget-container\">\n\t\t\t\t\t<p id=\"breadcrumbs\"><span><span><a href=\"https:\/\/tcs-technology.com\/pt\/\">In\u00edcio<\/a><\/span><\/span><\/p>\t\t\t\t<\/div>\n\t\t\t\t<\/div>\n\t\t\t\t\t<\/div>\n\t\t<\/div>\n\t\t\t\t\t<\/div>\n\t\t<\/section>\n\t\t\t\t<section class=\"elementor-section elementor-top-section elementor-element elementor-element-164bbf23 elementor-section-boxed elementor-section-height-default elementor-section-height-default\" data-id=\"164bbf23\" data-element_type=\"section\" data-e-type=\"section\">\n\t\t\t\t\t\t<div class=\"elementor-container elementor-column-gap-default\">\n\t\t\t\t\t<div class=\"elementor-column elementor-col-100 elementor-top-column elementor-element elementor-element-78eb0bc2\" data-id=\"78eb0bc2\" data-element_type=\"column\" data-e-type=\"column\">\n\t\t\t<div class=\"elementor-widget-wrap elementor-element-populated\">\n\t\t\t\t\t\t<div class=\"elementor-element elementor-element-e9736a3 elementor-widget elementor-widget-heading\" data-id=\"e9736a3\" data-element_type=\"widget\" data-e-type=\"widget\" data-widget_type=\"heading.default\">\n\t\t\t\t<div class=\"elementor-widget-container\">\n\t\t\t\t\t<h2 class=\"elementor-heading-title elementor-size-default\">Servi\u00e7os de apoio inform\u00e1tico<\/h2>\t\t\t\t<\/div>\n\t\t\t\t<\/div>\n\t\t\t\t<div class=\"elementor-element elementor-element-35022247 elementor-widget elementor-widget-text-editor\" data-id=\"35022247\" data-element_type=\"widget\" data-e-type=\"widget\" data-widget_type=\"text-editor.default\">\n\t\t\t\t<div class=\"elementor-widget-container\">\n\t\t\t\t\t\t\t\t\t<p>Ter uma equipa de TI dedicada oferece v\u00e1rias vantagens, como a capacidade de refor\u00e7ar o seu pessoal interno de uma forma flex\u00edvel e controlada. No entanto, o processo de recrutamento e gest\u00e3o de profissionais de TI pode ser moroso. \u00c9 aqui que os especialistas de apoio inform\u00e1tico podem fazer uma diferen\u00e7a significativa, poupando-lhe tempo e acrescentando valor \u00e0 sua equipa.<\/p>\t\t\t\t\t\t\t\t<\/div>\n\t\t\t\t<\/div>\n\t\t\t\t\t<\/div>\n\t\t<\/div>\n\t\t\t\t\t<\/div>\n\t\t<\/section>\n\t\t\t\t<section class=\"elementor-section elementor-top-section elementor-element elementor-element-62dca6dc elementor-section-boxed elementor-section-height-default elementor-section-height-default\" data-id=\"62dca6dc\" data-element_type=\"section\" data-e-type=\"section\">\n\t\t\t\t\t\t<div class=\"elementor-container elementor-column-gap-default\">\n\t\t\t\t\t<div class=\"elementor-column elementor-col-50 elementor-top-column elementor-element elementor-element-6b21c228\" data-id=\"6b21c228\" data-element_type=\"column\" data-e-type=\"column\">\n\t\t\t<div class=\"elementor-widget-wrap elementor-element-populated\">\n\t\t\t\t\t\t<div class=\"elementor-element elementor-element-52032ace elementor-widget elementor-widget-heading\" data-id=\"52032ace\" data-element_type=\"widget\" data-e-type=\"widget\" data-widget_type=\"heading.default\">\n\t\t\t\t<div class=\"elementor-widget-container\">\n\t\t\t\t\t<h3 class=\"elementor-heading-title elementor-size-default\">Benef\u00edcios da contrata\u00e7\u00e3o de pessoal externo<\/h3>\t\t\t\t<\/div>\n\t\t\t\t<\/div>\n\t\t\t\t<div class=\"elementor-element elementor-element-46af4782 elementor-widget elementor-widget-text-editor\" data-id=\"46af4782\" data-element_type=\"widget\" data-e-type=\"widget\" data-widget_type=\"text-editor.default\">\n\t\t\t\t<div class=\"elementor-widget-container\">\n\t\t\t\t\t\t\t\t\t<p>Embora a contrata\u00e7\u00e3o de um funcion\u00e1rio de TI a tempo inteiro seja uma op\u00e7\u00e3o, a contrata\u00e7\u00e3o de pessoal externo oferece as suas pr\u00f3prias vantagens, incluindo:<\/p>\t\t\t\t\t\t\t\t<\/div>\n\t\t\t\t<\/div>\n\t\t\t\t<div class=\"elementor-element elementor-element-6c852e6f elementor-icon-list--layout-traditional elementor-list-item-link-full_width elementor-widget elementor-widget-icon-list\" data-id=\"6c852e6f\" data-element_type=\"widget\" data-e-type=\"widget\" data-widget_type=\"icon-list.default\">\n\t\t\t\t<div class=\"elementor-widget-container\">\n\t\t\t\t\t\t\t<ul class=\"elementor-icon-list-items\">\n\t\t\t\t\t\t\t<li class=\"elementor-icon-list-item\">\n\t\t\t\t\t\t\t\t\t\t\t<span class=\"elementor-icon-list-icon\">\n\t\t\t\t\t\t\t<i aria-hidden=\"true\" class=\"fas fa-check-circle\"><\/i>\t\t\t\t\t\t<\/span>\n\t\t\t\t\t\t\t\t\t\t<span class=\"elementor-icon-list-text\">Poupan\u00e7a de tempo<\/span>\n\t\t\t\t\t\t\t\t\t<\/li>\n\t\t\t\t\t\t\t\t<li class=\"elementor-icon-list-item\">\n\t\t\t\t\t\t\t\t\t\t\t<span class=\"elementor-icon-list-icon\">\n\t\t\t\t\t\t\t<i aria-hidden=\"true\" class=\"fas fa-check-circle\"><\/i>\t\t\t\t\t\t<\/span>\n\t\t\t\t\t\t\t\t\t\t<span class=\"elementor-icon-list-text\">Processo de substitui\u00e7\u00e3o f\u00e1cil<\/span>\n\t\t\t\t\t\t\t\t\t<\/li>\n\t\t\t\t\t\t\t\t<li class=\"elementor-icon-list-item\">\n\t\t\t\t\t\t\t\t\t\t\t<span class=\"elementor-icon-list-icon\">\n\t\t\t\t\t\t\t<i aria-hidden=\"true\" class=\"fas fa-check-circle\"><\/i>\t\t\t\t\t\t<\/span>\n\t\t\t\t\t\t\t\t\t\t<span class=\"elementor-icon-list-text\">Efici\u00eancia de custos <\/span>\n\t\t\t\t\t\t\t\t\t<\/li>\n\t\t\t\t\t\t\t\t<li class=\"elementor-icon-list-item\">\n\t\t\t\t\t\t\t\t\t\t\t<span class=\"elementor-icon-list-icon\">\n\t\t\t\t\t\t\t<i aria-hidden=\"true\" class=\"fas fa-check-circle\"><\/i>\t\t\t\t\t\t<\/span>\n\t\t\t\t\t\t\t\t\t\t<span class=\"elementor-icon-list-text\">Apoio consultivo<\/span>\n\t\t\t\t\t\t\t\t\t<\/li>\n\t\t\t\t\t\t\t\t<li class=\"elementor-icon-list-item\">\n\t\t\t\t\t\t\t\t\t\t\t<span class=\"elementor-icon-list-icon\">\n\t\t\t\t\t\t\t<i aria-hidden=\"true\" class=\"fas fa-check-circle\"><\/i>\t\t\t\t\t\t<\/span>\n\t\t\t\t\t\t\t\t\t\t<span class=\"elementor-icon-list-text\">Gest\u00e3o simplificada<\/span>\n\t\t\t\t\t\t\t\t\t<\/li>\n\t\t\t\t\t\t<\/ul>\n\t\t\t\t\t\t<\/div>\n\t\t\t\t<\/div>\n\t\t\t\t<div class=\"elementor-element elementor-element-9271c05 elementor-widget elementor-widget-text-editor\" data-id=\"9271c05\" data-element_type=\"widget\" data-e-type=\"widget\" data-widget_type=\"text-editor.default\">\n\t\t\t\t<div class=\"elementor-widget-container\">\n\t\t\t\t\t\t\t\t\t<p>Recrutar candidatos no local pode ser um processo longo e desafiador. A TCS Technology oferece desenvolvedores de c\u00f3digo prontamente dispon\u00edveis que podem agilizar e simplificar as tarefas de recrutamento. Ao valorizarmos o seu tempo e ao concentrarmo-nos na efici\u00eancia, ajudamos a acelerar todo o processo de recrutamento. Tempo \u00e9 dinheiro, e atrav\u00e9s de abordagens estrat\u00e9gicas e da assist\u00eancia de programadores de c\u00f3digo, pretendemos poupar-lhe tempo valioso e aumentar a efici\u00eancia do fluxo de trabalho.<\/p>\t\t\t\t\t\t\t\t<\/div>\n\t\t\t\t<\/div>\n\t\t\t\t\t<\/div>\n\t\t<\/div>\n\t\t\t\t<div class=\"elementor-column elementor-col-50 elementor-top-column elementor-element elementor-element-5d725f51\" data-id=\"5d725f51\" data-element_type=\"column\" data-e-type=\"column\">\n\t\t\t<div class=\"elementor-widget-wrap elementor-element-populated\">\n\t\t\t\t\t\t<div class=\"elementor-element elementor-element-483b23c elementor-widget elementor-widget-image\" data-id=\"483b23c\" data-element_type=\"widget\" data-e-type=\"widget\" data-widget_type=\"image.default\">\n\t\t\t\t<div class=\"elementor-widget-container\">\n\t\t\t\t\t\t\t\t\t\t\t\t\t\t\t<img fetchpriority=\"high\" decoding=\"async\" width=\"1600\" height=\"2500\" src=\"https:\/\/tcs-technology.com\/wp-content\/uploads\/2022\/04\/3.png\" class=\"attachment-full size-full wp-image-1949\" alt=\"IT Support\" srcset=\"https:\/\/tcs-technology.com\/wp-content\/uploads\/2022\/04\/3.png 1600w, https:\/\/tcs-technology.com\/wp-content\/uploads\/2022\/04\/3-192x300.png 192w, https:\/\/tcs-technology.com\/wp-content\/uploads\/2022\/04\/3-655x1024.png 655w, https:\/\/tcs-technology.com\/wp-content\/uploads\/2022\/04\/3-768x1200.png 768w, https:\/\/tcs-technology.com\/wp-content\/uploads\/2022\/04\/3-983x1536.png 983w, https:\/\/tcs-technology.com\/wp-content\/uploads\/2022\/04\/3-1311x2048.png 1311w\" sizes=\"(max-width: 1600px) 100vw, 1600px\" \/>\t\t\t\t\t\t\t\t\t\t\t\t\t\t\t<\/div>\n\t\t\t\t<\/div>\n\t\t\t\t\t<\/div>\n\t\t<\/div>\n\t\t\t\t\t<\/div>\n\t\t<\/section>\n\t\t\t\t<section class=\"elementor-section elementor-top-section elementor-element elementor-element-f7b5fdb elementor-section-boxed elementor-section-height-default elementor-section-height-default\" data-id=\"f7b5fdb\" data-element_type=\"section\" data-e-type=\"section\">\n\t\t\t\t\t\t<div class=\"elementor-container elementor-column-gap-default\">\n\t\t\t\t\t<div class=\"elementor-column elementor-col-100 elementor-top-column elementor-element elementor-element-634b6af\" data-id=\"634b6af\" data-element_type=\"column\" data-e-type=\"column\">\n\t\t\t<div class=\"elementor-widget-wrap elementor-element-populated\">\n\t\t\t\t\t\t<div class=\"elementor-element elementor-element-ca458ed pp-text elementor-widget elementor-widget-text-editor\" data-id=\"ca458ed\" data-element_type=\"widget\" data-e-type=\"widget\" data-widget_type=\"text-editor.default\">\n\t\t\t\t<div class=\"elementor-widget-container\">\n\t\t\t\t\t\t\t\t\t<p>A TCS Technology assegura um processo de substitui\u00e7\u00e3o r\u00e1pido, facilitando-lhe a procura de substitutos adequados com as compet\u00eancias necess\u00e1rias. Ao contratar, \u00e9 crucial selecionar indiv\u00edduos com fortes compet\u00eancias tecnol\u00f3gicas. O dimensionamento de uma equipa interna pode ser moroso e pode n\u00e3o estar alinhado com o planeamento a longo prazo. A TCS Technology oferece uma escalabilidade f\u00e1cil, permitindo-lhe ajustar o tamanho da equipa de acordo com as suas necessidades. Esta op\u00e7\u00e3o simplifica o processo e poupa-lhe muito tempo.<\/p><p>Na TCS Technology, fornecemos as ferramentas necess\u00e1rias e o apoio administrativo para garantir processos econ\u00f3micos. Isto elimina a necessidade de reunir uma equipa exclusivamente respons\u00e1vel pelo acompanhamento da evolu\u00e7\u00e3o di\u00e1ria, do fluxo de caixa e do recrutamento.<\/p><p>Os especialistas em TI da TCS Technology est\u00e3o dispon\u00edveis para o ajudar com quaisquer dificuldades ou desafios que possa encontrar. Contribuem ativamente com novas ideias sobre tecnologias inovadoras e fi\u00e1veis, elevando a sua posi\u00e7\u00e3o no mercado.<\/p><p>Na TCS Technology, gerimos eficazmente todas as tarefas e garantimos uma entrega atempada. Exercemos um controlo administrativo sobre os programadores para respeitar os compromissos de trabalho e os prazos.<\/p>\t\t\t\t\t\t\t\t<\/div>\n\t\t\t\t<\/div>\n\t\t\t\t\t<\/div>\n\t\t<\/div>\n\t\t\t\t\t<\/div>\n\t\t<\/section>\n\t\t\t\t<section class=\"elementor-section elementor-top-section elementor-element elementor-element-514a5c66 elementor-section-boxed elementor-section-height-default elementor-section-height-default\" data-id=\"514a5c66\" data-element_type=\"section\" data-e-type=\"section\">\n\t\t\t\t\t\t<div class=\"elementor-container elementor-column-gap-default\">\n\t\t\t\t\t<div class=\"elementor-column elementor-col-100 elementor-top-column elementor-element elementor-element-61f54962\" data-id=\"61f54962\" data-element_type=\"column\" data-e-type=\"column\">\n\t\t\t<div class=\"elementor-widget-wrap elementor-element-populated\">\n\t\t\t\t\t\t<div class=\"elementor-element elementor-element-58b8bd04 elementor-widget elementor-widget-heading\" data-id=\"58b8bd04\" data-element_type=\"widget\" data-e-type=\"widget\" data-widget_type=\"heading.default\">\n\t\t\t\t<div class=\"elementor-widget-container\">\n\t\t\t\t\t<h3 class=\"elementor-heading-title elementor-size-default\">Fluxo de trabalho da tecnologia TCS<\/h3>\t\t\t\t<\/div>\n\t\t\t\t<\/div>\n\t\t\t\t<div class=\"elementor-element elementor-element-9dcd33b elementor-widget elementor-widget-text-editor\" data-id=\"9dcd33b\" data-element_type=\"widget\" data-e-type=\"widget\" data-widget_type=\"text-editor.default\">\n\t\t\t\t<div class=\"elementor-widget-container\">\n\t\t\t\t\t\t\t\t\t<p>O nosso fluxo de trabalho na TCS Technology \u00e9 altamente profissional. Cada membro da equipa dedica-se a fornecer resultados \u00f3ptimos atrav\u00e9s das suas respectivas equipas. Os nossos especialistas em TI exploram continuamente as ideias e estrat\u00e9gias tecnol\u00f3gicas mais recentes e fi\u00e1veis para melhorar o desempenho e a efici\u00eancia.<\/p><p>Se procura poupar tempo e dinheiro, a TCS Technology \u00e9 a escolha ideal. A nossa equipa de RH inicia o processo de contrata\u00e7\u00e3o e identifica os candidatos mais adequados \u00e0s suas necessidades. Proporcionamos um ambiente de trabalho favor\u00e1vel aos nossos empregados e tratamos dos pagamentos e de outras actividades relacionadas com o emprego em seu nome.<\/p>\t\t\t\t\t\t\t\t<\/div>\n\t\t\t\t<\/div>\n\t\t\t\t\t<\/div>\n\t\t<\/div>\n\t\t\t\t\t<\/div>\n\t\t<\/section>\n\t\t\t\t<\/div>","protected":false},"excerpt":{"rendered":"<p>Servi\u00e7os de apoio inform\u00e1tico Ter uma equipa de TI dedicada oferece v\u00e1rias vantagens, como a capacidade de refor\u00e7ar o seu pessoal interno de uma forma flex\u00edvel e controlada. No entanto, o processo de recrutamento e gest\u00e3o de profissionais de TI pode ser moroso. \u00c9 aqui que os especialistas de apoio inform\u00e1tico podem fazer uma diferen\u00e7a significativa, poupando-lhe tempo e acrescentando valor \u00e0 [...]<\/p>","protected":false},"author":1,"featured_media":0,"parent":1270,"menu_order":0,"comment_status":"closed","ping_status":"closed","template":"elementor_header_footer","meta":{"footnotes":""},"class_list":["post-1295","page","type-page","status-publish","hentry"],"yoast_head":"<!-- This site is optimized with the Yoast SEO plugin v20.5 - https:\/\/yoast.com\/wordpress\/plugins\/seo\/ -->\n<title>IT Support - TCS Technology AG<\/title>\n<meta name=\"robots\" content=\"index, follow, max-snippet:-1, max-image-preview:large, max-video-preview:-1\" \/>\n<link rel=\"canonical\" href=\"https:\/\/tcs-technology.com\/pt\/services\/it-support\/\" \/>\n<meta property=\"og:locale\" content=\"pt_PT\" \/>\n<meta property=\"og:type\" content=\"article\" \/>\n<meta property=\"og:title\" content=\"IT Support - TCS Technology AG\" \/>\n<meta property=\"og:description\" content=\"IT Support Services Having a dedicated IT team offers several advantages, such as the ability to strengthen your in-house staff in a flexible and controlled manner. However, the process of recruiting and managing IT professionals can be time-consuming. That&#8217;s where IT support specialists can make a significant difference, saving you time and adding value to [&hellip;]\" \/>\n<meta property=\"og:url\" content=\"https:\/\/tcs-technology.com\/pt\/services\/it-support\/\" \/>\n<meta property=\"og:site_name\" content=\"TCS Technology AG\" \/>\n<meta property=\"article:modified_time\" content=\"2023-06-23T16:51:43+00:00\" \/>\n<meta property=\"og:image\" content=\"https:\/\/tcs-technology.com\/wp-content\/uploads\/2022\/04\/3.png\" \/>\n<meta name=\"twitter:card\" content=\"summary_large_image\" \/>\n<meta name=\"twitter:label1\" content=\"Tempo estimado de leitura\" \/>\n\t<meta name=\"twitter:data1\" content=\"3 minutos\" \/>\n<script type=\"application\/ld+json\" class=\"yoast-schema-graph\">{\"@context\":\"https:\/\/schema.org\",\"@graph\":[{\"@type\":\"WebPage\",\"@id\":\"https:\/\/tcs-technology.com\/services\/it-support\/\",\"url\":\"https:\/\/tcs-technology.com\/services\/it-support\/\",\"name\":\"IT Support - TCS Technology AG\",\"isPartOf\":{\"@id\":\"https:\/\/tcs-technology.com\/#website\"},\"datePublished\":\"2022-04-01T15:08:36+00:00\",\"dateModified\":\"2023-06-23T16:51:43+00:00\",\"breadcrumb\":{\"@id\":\"https:\/\/tcs-technology.com\/services\/it-support\/#breadcrumb\"},\"inLanguage\":\"pt-PT\",\"potentialAction\":[{\"@type\":\"ReadAction\",\"target\":[\"https:\/\/tcs-technology.com\/services\/it-support\/\"]}]},{\"@type\":\"BreadcrumbList\",\"@id\":\"https:\/\/tcs-technology.com\/services\/it-support\/#breadcrumb\",\"itemListElement\":[{\"@type\":\"ListItem\",\"position\":1,\"name\":\"Home\",\"item\":\"https:\/\/tcs-technology.com\/\"},{\"@type\":\"ListItem\",\"position\":2,\"name\":\"Services\",\"item\":\"https:\/\/tcs-technology.com\/services\/\"},{\"@type\":\"ListItem\",\"position\":3,\"name\":\"IT Support\"}]},{\"@type\":\"WebSite\",\"@id\":\"https:\/\/tcs-technology.com\/#website\",\"url\":\"https:\/\/tcs-technology.com\/\",\"name\":\"TCS Technology AG\",\"description\":\"We provide cutting-edge SaaS solutions for organizations in Switzerland and around the world with a focus on performance, security, and sustainability.\",\"publisher\":{\"@id\":\"https:\/\/tcs-technology.com\/#organization\"},\"potentialAction\":[{\"@type\":\"SearchAction\",\"target\":{\"@type\":\"EntryPoint\",\"urlTemplate\":\"https:\/\/tcs-technology.com\/?s={search_term_string}\"},\"query-input\":\"required name=search_term_string\"}],\"inLanguage\":\"pt-PT\"},{\"@type\":\"Organization\",\"@id\":\"https:\/\/tcs-technology.com\/#organization\",\"name\":\"TCS Technology AG\",\"url\":\"https:\/\/tcs-technology.com\/\",\"logo\":{\"@type\":\"ImageObject\",\"inLanguage\":\"pt-PT\",\"@id\":\"https:\/\/tcs-technology.com\/#\/schema\/logo\/image\/\",\"url\":\"https:\/\/tcs-technology.com\/wp-content\/uploads\/2022\/03\/logo-2.png\",\"contentUrl\":\"https:\/\/tcs-technology.com\/wp-content\/uploads\/2022\/03\/logo-2.png\",\"width\":8334,\"height\":6131,\"caption\":\"TCS Technology AG\"},\"image\":{\"@id\":\"https:\/\/tcs-technology.com\/#\/schema\/logo\/image\/\"}}]}<\/script>\n<!-- \/ Yoast SEO plugin. -->","yoast_head_json":{"title":"IT Support - TCS Technology AG","robots":{"index":"index","follow":"follow","max-snippet":"max-snippet:-1","max-image-preview":"max-image-preview:large","max-video-preview":"max-video-preview:-1"},"canonical":"https:\/\/tcs-technology.com\/pt\/services\/it-support\/","og_locale":"pt_PT","og_type":"article","og_title":"IT Support - TCS Technology AG","og_description":"IT Support Services Having a dedicated IT team offers several advantages, such as the ability to strengthen your in-house staff in a flexible and controlled manner. However, the process of recruiting and managing IT professionals can be time-consuming. That&#8217;s where IT support specialists can make a significant difference, saving you time and adding value to [&hellip;]","og_url":"https:\/\/tcs-technology.com\/pt\/services\/it-support\/","og_site_name":"TCS Technology AG","article_modified_time":"2023-06-23T16:51:43+00:00","og_image":[{"url":"https:\/\/tcs-technology.com\/wp-content\/uploads\/2022\/04\/3.png"}],"twitter_card":"summary_large_image","twitter_misc":{"Tempo estimado de leitura":"3 minutos"},"schema":{"@context":"https:\/\/schema.org","@graph":[{"@type":"WebPage","@id":"https:\/\/tcs-technology.com\/services\/it-support\/","url":"https:\/\/tcs-technology.com\/services\/it-support\/","name":"IT Support - TCS Technology AG","isPartOf":{"@id":"https:\/\/tcs-technology.com\/#website"},"datePublished":"2022-04-01T15:08:36+00:00","dateModified":"2023-06-23T16:51:43+00:00","breadcrumb":{"@id":"https:\/\/tcs-technology.com\/services\/it-support\/#breadcrumb"},"inLanguage":"pt-PT","potentialAction":[{"@type":"ReadAction","target":["https:\/\/tcs-technology.com\/services\/it-support\/"]}]},{"@type":"BreadcrumbList","@id":"https:\/\/tcs-technology.com\/services\/it-support\/#breadcrumb","itemListElement":[{"@type":"ListItem","position":1,"name":"Home","item":"https:\/\/tcs-technology.com\/"},{"@type":"ListItem","position":2,"name":"Services","item":"https:\/\/tcs-technology.com\/services\/"},{"@type":"ListItem","position":3,"name":"IT Support"}]},{"@type":"WebSite","@id":"https:\/\/tcs-technology.com\/#website","url":"https:\/\/tcs-technology.com\/","name":"TCS Technology AG","description":"We provide cutting-edge SaaS solutions for organizations in Switzerland and around the world with a focus on performance, security, and sustainability.","publisher":{"@id":"https:\/\/tcs-technology.com\/#organization"},"potentialAction":[{"@type":"SearchAction","target":{"@type":"EntryPoint","urlTemplate":"https:\/\/tcs-technology.com\/?s={search_term_string}"},"query-input":"required name=search_term_string"}],"inLanguage":"pt-PT"},{"@type":"Organization","@id":"https:\/\/tcs-technology.com\/#organization","name":"TCS Technology AG","url":"https:\/\/tcs-technology.com\/","logo":{"@type":"ImageObject","inLanguage":"pt-PT","@id":"https:\/\/tcs-technology.com\/#\/schema\/logo\/image\/","url":"https:\/\/tcs-technology.com\/wp-content\/uploads\/2022\/03\/logo-2.png","contentUrl":"https:\/\/tcs-technology.com\/wp-content\/uploads\/2022\/03\/logo-2.png","width":8334,"height":6131,"caption":"TCS Technology AG"},"image":{"@id":"https:\/\/tcs-technology.com\/#\/schema\/logo\/image\/"}}]}},"_links":{"self":[{"href":"https:\/\/tcs-technology.com\/pt\/wp-json\/wp\/v2\/pages\/1295","targetHints":{"allow":["GET"]}}],"collection":[{"href":"https:\/\/tcs-technology.com\/pt\/wp-json\/wp\/v2\/pages"}],"about":[{"href":"https:\/\/tcs-technology.com\/pt\/wp-json\/wp\/v2\/types\/page"}],"author":[{"embeddable":true,"href":"https:\/\/tcs-technology.com\/pt\/wp-json\/wp\/v2\/users\/1"}],"replies":[{"embeddable":true,"href":"https:\/\/tcs-technology.com\/pt\/wp-json\/wp\/v2\/comments?post=1295"}],"version-history":[{"count":49,"href":"https:\/\/tcs-technology.com\/pt\/wp-json\/wp\/v2\/pages\/1295\/revisions"}],"predecessor-version":[{"id":3270,"href":"https:\/\/tcs-technology.com\/pt\/wp-json\/wp\/v2\/pages\/1295\/revisions\/3270"}],"up":[{"embeddable":true,"href":"https:\/\/tcs-technology.com\/pt\/wp-json\/wp\/v2\/pages\/1270"}],"wp:attachment":[{"href":"https:\/\/tcs-technology.com\/pt\/wp-json\/wp\/v2\/media?parent=1295"}],"curies":[{"name":"wp","href":"https:\/\/api.w.org\/{rel}","templated":true}]}}