{"id":1579,"date":"2022-04-05T08:29:07","date_gmt":"2022-04-05T06:29:07","guid":{"rendered":"https:\/\/tcs-technology.com\/?page_id=1579"},"modified":"2023-06-23T19:08:25","modified_gmt":"2023-06-23T17:08:25","slug":"retail-and-e-commerce","status":"publish","type":"page","link":"https:\/\/tcs-technology.com\/it\/verticals\/retail-and-e-commerce\/","title":{"rendered":"Commercio al dettaglio e commercio elettronico"},"content":{"rendered":"<div data-elementor-type=\"wp-page\" data-elementor-id=\"1579\" class=\"elementor elementor-1579\">\n\t\t\t\t\t\t<section class=\"elementor-section elementor-top-section elementor-element elementor-element-f7c6724 elementor-section-boxed elementor-section-height-default elementor-section-height-default\" data-id=\"f7c6724\" data-element_type=\"section\" data-e-type=\"section\" data-settings=\"{&quot;background_background&quot;:&quot;classic&quot;}\">\n\t\t\t\t\t\t<div class=\"elementor-container elementor-column-gap-default\">\n\t\t\t\t\t<div class=\"elementor-column elementor-col-100 elementor-top-column elementor-element elementor-element-7094d51\" data-id=\"7094d51\" data-element_type=\"column\" data-e-type=\"column\">\n\t\t\t<div class=\"elementor-widget-wrap elementor-element-populated\">\n\t\t\t\t\t\t<div class=\"elementor-element elementor-element-28f3fc3 elementor-align-center elementor-widget elementor-widget-breadcrumbs\" data-id=\"28f3fc3\" data-element_type=\"widget\" data-e-type=\"widget\" data-widget_type=\"breadcrumbs.default\">\n\t\t\t\t<div class=\"elementor-widget-container\">\n\t\t\t\t\t<p id=\"breadcrumbs\"><span><span><a href=\"https:\/\/tcs-technology.com\/it\/\">Casa<\/a><\/span><\/span><\/p>\t\t\t\t<\/div>\n\t\t\t\t<\/div>\n\t\t\t\t\t<\/div>\n\t\t<\/div>\n\t\t\t\t\t<\/div>\n\t\t<\/section>\n\t\t\t\t<section class=\"elementor-section elementor-top-section elementor-element elementor-element-43b4f8c elementor-section-boxed elementor-section-height-default elementor-section-height-default\" data-id=\"43b4f8c\" data-element_type=\"section\" data-e-type=\"section\">\n\t\t\t\t\t\t<div class=\"elementor-container elementor-column-gap-default\">\n\t\t\t\t\t<div class=\"elementor-column elementor-col-100 elementor-top-column elementor-element elementor-element-f3ffc08\" data-id=\"f3ffc08\" data-element_type=\"column\" data-e-type=\"column\">\n\t\t\t<div class=\"elementor-widget-wrap elementor-element-populated\">\n\t\t\t\t\t\t<div class=\"elementor-element elementor-element-1c97695 elementor-widget elementor-widget-image\" data-id=\"1c97695\" data-element_type=\"widget\" data-e-type=\"widget\" data-widget_type=\"image.default\">\n\t\t\t\t<div class=\"elementor-widget-container\">\n\t\t\t\t\t\t\t\t\t\t\t\t\t\t\t<img fetchpriority=\"high\" decoding=\"async\" width=\"800\" height=\"333\" src=\"https:\/\/tcs-technology.com\/wp-content\/uploads\/2022\/04\/Retail-and-E-Commerce-banner.jpg\" class=\"attachment-large size-large wp-image-2634\" alt=\"Retail and E-Commerce banner\" \/>\t\t\t\t\t\t\t\t\t\t\t\t\t\t\t<\/div>\n\t\t\t\t<\/div>\n\t\t\t\t<div class=\"elementor-element elementor-element-a469d09 elementor-widget elementor-widget-heading\" data-id=\"a469d09\" data-element_type=\"widget\" data-e-type=\"widget\" data-widget_type=\"heading.default\">\n\t\t\t\t<div class=\"elementor-widget-container\">\n\t\t\t\t\t<h2 class=\"elementor-heading-title elementor-size-default\">Commercio al dettaglio e commercio elettronico<\/h2>\t\t\t\t<\/div>\n\t\t\t\t<\/div>\n\t\t\t\t<div class=\"elementor-element elementor-element-a37635b elementor-widget elementor-widget-text-editor\" data-id=\"a37635b\" data-element_type=\"widget\" data-e-type=\"widget\" data-widget_type=\"text-editor.default\">\n\t\t\t\t<div class=\"elementor-widget-container\">\n\t\t\t\t\t\t\t\t\t<p>Offrite esperienze di acquisto straordinarie, coinvolgete i consumatori esperti di tecnologia e mantenete il vantaggio sulla concorrenza.<\/p><p>Il panorama delle strade principali \u00e8 cambiato in modo significativo dall'inizio di COVID-19 e i comportamenti dei consumatori sono cambiati di conseguenza. Per garantire la sopravvivenza dei negozi fisici, la trasformazione digitale \u00e8 fondamentale nel settore della vendita al dettaglio.<\/p><p>Sebbene l'automazione sia spesso associata alla trasformazione digitale, il vero cambiamento di gioco nel settore della vendita al dettaglio \u00e8 l'IA. Abbinata a una migliore analisi dei dati, l'IA consente alle aziende di offrire ai consumatori esperienze di acquisto straordinarie ed entusiasmanti, che li invogliano a uscire di casa e a staccarsi dal telefono. Anche se lo shopping online continua a dominare, chi ha imparato a gestire la propria presenza online pu\u00f2 sfruttarla per rivitalizzare lo shopping in negozio e aumentare i ricavi.<\/p>\t\t\t\t\t\t\t\t<\/div>\n\t\t\t\t<\/div>\n\t\t\t\t\t<\/div>\n\t\t<\/div>\n\t\t\t\t\t<\/div>\n\t\t<\/section>\n\t\t\t\t<section class=\"elementor-section elementor-top-section elementor-element elementor-element-61fcf4b elementor-section-boxed elementor-section-height-default elementor-section-height-default\" data-id=\"61fcf4b\" data-element_type=\"section\" data-e-type=\"section\">\n\t\t\t\t\t\t<div class=\"elementor-container elementor-column-gap-default\">\n\t\t\t\t\t<div class=\"elementor-column elementor-col-50 elementor-top-column elementor-element elementor-element-aeefb35\" data-id=\"aeefb35\" data-element_type=\"column\" data-e-type=\"column\">\n\t\t\t<div class=\"elementor-widget-wrap elementor-element-populated\">\n\t\t\t\t\t\t<div class=\"elementor-element elementor-element-e7d5ee5 elementor-widget elementor-widget-heading\" data-id=\"e7d5ee5\" data-element_type=\"widget\" data-e-type=\"widget\" data-widget_type=\"heading.default\">\n\t\t\t\t<div class=\"elementor-widget-container\">\n\t\t\t\t\t<h3 class=\"elementor-heading-title elementor-size-default\">Intelligenza artificiale e shopping fisico<\/h3>\t\t\t\t<\/div>\n\t\t\t\t<\/div>\n\t\t\t\t<div class=\"elementor-element elementor-element-b2178ff elementor-widget elementor-widget-text-editor\" data-id=\"b2178ff\" data-element_type=\"widget\" data-e-type=\"widget\" data-widget_type=\"text-editor.default\">\n\t\t\t\t<div class=\"elementor-widget-container\">\n\t\t\t\t\t\t\t\t\t<p>Ormai \u00e8 scontato che la maggior parte dei rivenditori abbia una qualche forma di presenza online. La prossima fase della rivoluzione digitale nella vendita al dettaglio prevede la perfetta integrazione delle esperienze online e fisiche per offrire il meglio di entrambi i mondi. Alcuni esempi sono:<\/p>\t\t\t\t\t\t\t\t<\/div>\n\t\t\t\t<\/div>\n\t\t\t\t<div class=\"elementor-element elementor-element-7378584 elementor-icon-list--layout-traditional elementor-list-item-link-full_width elementor-widget elementor-widget-icon-list\" data-id=\"7378584\" data-element_type=\"widget\" data-e-type=\"widget\" data-widget_type=\"icon-list.default\">\n\t\t\t\t<div class=\"elementor-widget-container\">\n\t\t\t\t\t\t\t<ul class=\"elementor-icon-list-items\">\n\t\t\t\t\t\t\t<li class=\"elementor-icon-list-item\">\n\t\t\t\t\t\t\t\t\t\t\t<span class=\"elementor-icon-list-icon\">\n\t\t\t\t\t\t\t<i aria-hidden=\"true\" class=\"fas fa-check-circle\"><\/i>\t\t\t\t\t\t<\/span>\n\t\t\t\t\t\t\t\t\t\t<span class=\"elementor-icon-list-text\">Specchi virtuali per lo shopping interattivo, consigli per l'abbigliamento e taglie virtuali<\/span>\n\t\t\t\t\t\t\t\t\t<\/li>\n\t\t\t\t\t\t\t\t<li class=\"elementor-icon-list-item\">\n\t\t\t\t\t\t\t\t\t\t\t<span class=\"elementor-icon-list-icon\">\n\t\t\t\t\t\t\t<i aria-hidden=\"true\" class=\"fas fa-check-circle\"><\/i>\t\t\t\t\t\t<\/span>\n\t\t\t\t\t\t\t\t\t\t<span class=\"elementor-icon-list-text\">Mappe di calore all'interno del punto vendita per ottimizzare il posizionamento dei prodotti e il percorso dei clienti<\/span>\n\t\t\t\t\t\t\t\t\t<\/li>\n\t\t\t\t\t\t\t\t<li class=\"elementor-icon-list-item\">\n\t\t\t\t\t\t\t\t\t\t\t<span class=\"elementor-icon-list-icon\">\n\t\t\t\t\t\t\t<i aria-hidden=\"true\" class=\"fas fa-check-circle\"><\/i>\t\t\t\t\t\t<\/span>\n\t\t\t\t\t\t\t\t\t\t<span class=\"elementor-icon-list-text\">Sistemi cashierless per un'esperienza di acquisto pi\u00f9 fluida ed efficiente<\/span>\n\t\t\t\t\t\t\t\t\t<\/li>\n\t\t\t\t\t\t\t\t<li class=\"elementor-icon-list-item\">\n\t\t\t\t\t\t\t\t\t\t\t<span class=\"elementor-icon-list-icon\">\n\t\t\t\t\t\t\t<i aria-hidden=\"true\" class=\"fas fa-check-circle\"><\/i>\t\t\t\t\t\t<\/span>\n\t\t\t\t\t\t\t\t\t\t<span class=\"elementor-icon-list-text\">Riconoscimento dell'immagine per i clienti per controllare le scorte dei prodotti ed evitare delusioni<\/span>\n\t\t\t\t\t\t\t\t\t<\/li>\n\t\t\t\t\t\t<\/ul>\n\t\t\t\t\t\t<\/div>\n\t\t\t\t<\/div>\n\t\t\t\t<div class=\"elementor-element elementor-element-70fe9d6 elementor-widget elementor-widget-text-editor\" data-id=\"70fe9d6\" data-element_type=\"widget\" data-e-type=\"widget\" data-widget_type=\"text-editor.default\">\n\t\t\t\t<div class=\"elementor-widget-container\">\n\t\t\t\t\t\t\t\t\t<p>Nonostante le sfide che lo shopping fisico deve affrontare durante le serrate, ci sono tutte le ragioni per rilanciarlo e potenziarlo. La chiave \u00e8 combinare l'efficienza e l'accessibilit\u00e0 alle informazioni dello shopping online con i vantaggi tangibili delle esperienze in negozio, come la prova dei vestiti e le interazioni sociali. Adottando le strategie sopra descritte, i retailer possono coinvolgere i consumatori esperti di tecnologia e superare i concorrenti che presumono che la riduzione del traffico pedonale porti a un passaggio permanente agli acquisti online.<\/p>\t\t\t\t\t\t\t\t<\/div>\n\t\t\t\t<\/div>\n\t\t\t\t\t<\/div>\n\t\t<\/div>\n\t\t\t\t<div class=\"elementor-column elementor-col-50 elementor-top-column elementor-element elementor-element-2641924\" data-id=\"2641924\" data-element_type=\"column\" data-e-type=\"column\">\n\t\t\t<div class=\"elementor-widget-wrap elementor-element-populated\">\n\t\t\t\t\t\t<div class=\"elementor-element elementor-element-fc42755 elementor-widget elementor-widget-image\" data-id=\"fc42755\" data-element_type=\"widget\" data-e-type=\"widget\" data-widget_type=\"image.default\">\n\t\t\t\t<div class=\"elementor-widget-container\">\n\t\t\t\t\t\t\t\t\t\t\t\t\t\t\t<img decoding=\"async\" width=\"500\" height=\"700\" src=\"https:\/\/tcs-technology.com\/wp-content\/uploads\/2022\/04\/Artificial-Intelligence-and-Physical-Shopping-.jpg\" class=\"attachment-large size-large wp-image-2642\" alt=\"Artificial Intelligence and Physical Shopping\" \/>\t\t\t\t\t\t\t\t\t\t\t\t\t\t\t<\/div>\n\t\t\t\t<\/div>\n\t\t\t\t\t<\/div>\n\t\t<\/div>\n\t\t\t\t\t<\/div>\n\t\t<\/section>\n\t\t\t\t<section class=\"elementor-section elementor-top-section elementor-element elementor-element-57adcc8 elementor-section-boxed elementor-section-height-default elementor-section-height-default\" data-id=\"57adcc8\" data-element_type=\"section\" data-e-type=\"section\">\n\t\t\t\t\t\t<div class=\"elementor-container elementor-column-gap-default\">\n\t\t\t\t\t<div class=\"elementor-column elementor-col-100 elementor-top-column elementor-element elementor-element-679ae67\" data-id=\"679ae67\" data-element_type=\"column\" data-e-type=\"column\">\n\t\t\t<div class=\"elementor-widget-wrap elementor-element-populated\">\n\t\t\t\t\t\t<div class=\"elementor-element elementor-element-e82ea7b elementor-widget elementor-widget-heading\" data-id=\"e82ea7b\" data-element_type=\"widget\" data-e-type=\"widget\" data-widget_type=\"heading.default\">\n\t\t\t\t<div class=\"elementor-widget-container\">\n\t\t\t\t\t<h3 class=\"elementor-heading-title elementor-size-default\">Privilegiare l'esperienza del cliente<\/h3>\t\t\t\t<\/div>\n\t\t\t\t<\/div>\n\t\t\t\t<div class=\"elementor-element elementor-element-e89c9ac elementor-widget elementor-widget-text-editor\" data-id=\"e89c9ac\" data-element_type=\"widget\" data-e-type=\"widget\" data-widget_type=\"text-editor.default\">\n\t\t\t\t<div class=\"elementor-widget-container\">\n\t\t\t\t\t\t\t\t\t<p>L'implementazione di tecnologie intelligenti per la vendita al dettaglio creer\u00e0 un'esperienza unica per i clienti che distinguer\u00e0 il vostro negozio e li invoglier\u00e0 a scegliere voi rispetto alla concorrenza. Inoltre, le soluzioni digitali nel retail forniscono dati preziosi che possono essere sfruttati per migliorare le iniziative pubblicitarie e di marketing, per comprendere meglio i clienti e indirizzarli e per incrementare le vendite. Immaginate di essere uno dei primi negozi a offrire specchi virtuali: i clienti sarebbero sicuramente motivati a visitarlo.<\/p><p>Siete interessati a soluzioni di digitalizzazione personalizzate per i vostri progetti IT nel settore retail? \ud83d\udc4b <a href=\"https:\/\/tcs-technology.com\/it\/contact\/\">Contattate il nostro team oggi stesso<\/a> per una consulenza gratuita e non vincolante. Ci concentriamo sulla comprensione delle vostre esigenze specifiche e vi spieghiamo come i nostri servizi possono aiutarvi, senza ricorrere a una vendita aggressiva.<\/p>\t\t\t\t\t\t\t\t<\/div>\n\t\t\t\t<\/div>\n\t\t\t\t\t<\/div>\n\t\t<\/div>\n\t\t\t\t\t<\/div>\n\t\t<\/section>\n\t\t\t\t<\/div>","protected":false},"excerpt":{"rendered":"<p>Retail e commercio elettronico Offrire esperienze d'acquisto straordinarie, coinvolgere i consumatori esperti di tecnologia e rimanere in testa alla concorrenza. Il panorama delle strade principali \u00e8 cambiato in modo significativo dall'inizio del COVID-19 e i comportamenti dei consumatori si sono modificati di conseguenza. Per garantire la sopravvivenza dei negozi fisici, la trasformazione digitale \u00e8 fondamentale nel settore della vendita al dettaglio. Mentre l'automazione [...]<\/p>","protected":false},"author":1,"featured_media":0,"parent":681,"menu_order":0,"comment_status":"closed","ping_status":"closed","template":"elementor_header_footer","meta":{"footnotes":""},"class_list":["post-1579","page","type-page","status-publish","hentry"],"yoast_head":"<!-- This site is optimized with the Yoast SEO plugin v20.5 - https:\/\/yoast.com\/wordpress\/plugins\/seo\/ -->\n<title>Retail and E-Commerce - TCS Technology AG<\/title>\n<meta name=\"robots\" content=\"index, follow, max-snippet:-1, max-image-preview:large, max-video-preview:-1\" \/>\n<link rel=\"canonical\" href=\"https:\/\/tcs-technology.com\/it\/verticals\/retail-and-e-commerce\/\" \/>\n<meta property=\"og:locale\" content=\"it_IT\" \/>\n<meta property=\"og:type\" content=\"article\" \/>\n<meta property=\"og:title\" content=\"Retail and E-Commerce - TCS Technology AG\" \/>\n<meta property=\"og:description\" content=\"Retail and E-Commerce Deliver extraordinary shopping experiences, engage with tech-savvy consumers, and stay ahead of the competition. The landscape of high streets has significantly changed since the onset of COVID-19, and consumer behaviors have shifted accordingly. In order to ensure the survival of physical stores, digital transformation is crucial in the retail industry. While automation [&hellip;]\" \/>\n<meta property=\"og:url\" content=\"https:\/\/tcs-technology.com\/it\/verticals\/retail-and-e-commerce\/\" \/>\n<meta property=\"og:site_name\" content=\"TCS Technology AG\" \/>\n<meta property=\"article:modified_time\" content=\"2023-06-23T17:08:25+00:00\" \/>\n<meta property=\"og:image\" content=\"https:\/\/tcs-technology.com\/wp-content\/uploads\/2022\/04\/Retail-and-E-Commerce-banner.jpg\" \/>\n<meta name=\"twitter:card\" content=\"summary_large_image\" \/>\n<meta name=\"twitter:label1\" content=\"Tempo di lettura stimato\" \/>\n\t<meta name=\"twitter:data1\" content=\"3 minuti\" \/>\n<script type=\"application\/ld+json\" class=\"yoast-schema-graph\">{\"@context\":\"https:\/\/schema.org\",\"@graph\":[{\"@type\":\"WebPage\",\"@id\":\"https:\/\/tcs-technology.com\/verticals\/retail-and-e-commerce\/\",\"url\":\"https:\/\/tcs-technology.com\/verticals\/retail-and-e-commerce\/\",\"name\":\"Retail and E-Commerce - TCS Technology AG\",\"isPartOf\":{\"@id\":\"https:\/\/tcs-technology.com\/#website\"},\"datePublished\":\"2022-04-05T06:29:07+00:00\",\"dateModified\":\"2023-06-23T17:08:25+00:00\",\"breadcrumb\":{\"@id\":\"https:\/\/tcs-technology.com\/verticals\/retail-and-e-commerce\/#breadcrumb\"},\"inLanguage\":\"it-IT\",\"potentialAction\":[{\"@type\":\"ReadAction\",\"target\":[\"https:\/\/tcs-technology.com\/verticals\/retail-and-e-commerce\/\"]}]},{\"@type\":\"BreadcrumbList\",\"@id\":\"https:\/\/tcs-technology.com\/verticals\/retail-and-e-commerce\/#breadcrumb\",\"itemListElement\":[{\"@type\":\"ListItem\",\"position\":1,\"name\":\"Home\",\"item\":\"https:\/\/tcs-technology.com\/\"},{\"@type\":\"ListItem\",\"position\":2,\"name\":\"Verticals\",\"item\":\"https:\/\/tcs-technology.com\/verticals\/\"},{\"@type\":\"ListItem\",\"position\":3,\"name\":\"Retail and E-Commerce\"}]},{\"@type\":\"WebSite\",\"@id\":\"https:\/\/tcs-technology.com\/#website\",\"url\":\"https:\/\/tcs-technology.com\/\",\"name\":\"TCS Technology AG\",\"description\":\"We provide cutting-edge SaaS solutions for organizations in Switzerland and around the world with a focus on performance, security, and sustainability.\",\"publisher\":{\"@id\":\"https:\/\/tcs-technology.com\/#organization\"},\"potentialAction\":[{\"@type\":\"SearchAction\",\"target\":{\"@type\":\"EntryPoint\",\"urlTemplate\":\"https:\/\/tcs-technology.com\/?s={search_term_string}\"},\"query-input\":\"required name=search_term_string\"}],\"inLanguage\":\"it-IT\"},{\"@type\":\"Organization\",\"@id\":\"https:\/\/tcs-technology.com\/#organization\",\"name\":\"TCS Technology AG\",\"url\":\"https:\/\/tcs-technology.com\/\",\"logo\":{\"@type\":\"ImageObject\",\"inLanguage\":\"it-IT\",\"@id\":\"https:\/\/tcs-technology.com\/#\/schema\/logo\/image\/\",\"url\":\"https:\/\/tcs-technology.com\/wp-content\/uploads\/2022\/03\/logo-2.png\",\"contentUrl\":\"https:\/\/tcs-technology.com\/wp-content\/uploads\/2022\/03\/logo-2.png\",\"width\":8334,\"height\":6131,\"caption\":\"TCS Technology AG\"},\"image\":{\"@id\":\"https:\/\/tcs-technology.com\/#\/schema\/logo\/image\/\"}}]}<\/script>\n<!-- \/ Yoast SEO plugin. -->","yoast_head_json":{"title":"Retail and E-Commerce - TCS Technology AG","robots":{"index":"index","follow":"follow","max-snippet":"max-snippet:-1","max-image-preview":"max-image-preview:large","max-video-preview":"max-video-preview:-1"},"canonical":"https:\/\/tcs-technology.com\/it\/verticals\/retail-and-e-commerce\/","og_locale":"it_IT","og_type":"article","og_title":"Retail and E-Commerce - TCS Technology AG","og_description":"Retail and E-Commerce Deliver extraordinary shopping experiences, engage with tech-savvy consumers, and stay ahead of the competition. The landscape of high streets has significantly changed since the onset of COVID-19, and consumer behaviors have shifted accordingly. In order to ensure the survival of physical stores, digital transformation is crucial in the retail industry. While automation [&hellip;]","og_url":"https:\/\/tcs-technology.com\/it\/verticals\/retail-and-e-commerce\/","og_site_name":"TCS Technology AG","article_modified_time":"2023-06-23T17:08:25+00:00","og_image":[{"url":"https:\/\/tcs-technology.com\/wp-content\/uploads\/2022\/04\/Retail-and-E-Commerce-banner.jpg"}],"twitter_card":"summary_large_image","twitter_misc":{"Tempo di lettura stimato":"3 minuti"},"schema":{"@context":"https:\/\/schema.org","@graph":[{"@type":"WebPage","@id":"https:\/\/tcs-technology.com\/verticals\/retail-and-e-commerce\/","url":"https:\/\/tcs-technology.com\/verticals\/retail-and-e-commerce\/","name":"Retail and E-Commerce - TCS Technology AG","isPartOf":{"@id":"https:\/\/tcs-technology.com\/#website"},"datePublished":"2022-04-05T06:29:07+00:00","dateModified":"2023-06-23T17:08:25+00:00","breadcrumb":{"@id":"https:\/\/tcs-technology.com\/verticals\/retail-and-e-commerce\/#breadcrumb"},"inLanguage":"it-IT","potentialAction":[{"@type":"ReadAction","target":["https:\/\/tcs-technology.com\/verticals\/retail-and-e-commerce\/"]}]},{"@type":"BreadcrumbList","@id":"https:\/\/tcs-technology.com\/verticals\/retail-and-e-commerce\/#breadcrumb","itemListElement":[{"@type":"ListItem","position":1,"name":"Home","item":"https:\/\/tcs-technology.com\/"},{"@type":"ListItem","position":2,"name":"Verticals","item":"https:\/\/tcs-technology.com\/verticals\/"},{"@type":"ListItem","position":3,"name":"Retail and E-Commerce"}]},{"@type":"WebSite","@id":"https:\/\/tcs-technology.com\/#website","url":"https:\/\/tcs-technology.com\/","name":"TCS Technology AG","description":"We provide cutting-edge SaaS solutions for organizations in Switzerland and around the world with a focus on performance, security, and sustainability.","publisher":{"@id":"https:\/\/tcs-technology.com\/#organization"},"potentialAction":[{"@type":"SearchAction","target":{"@type":"EntryPoint","urlTemplate":"https:\/\/tcs-technology.com\/?s={search_term_string}"},"query-input":"required name=search_term_string"}],"inLanguage":"it-IT"},{"@type":"Organization","@id":"https:\/\/tcs-technology.com\/#organization","name":"TCS Technology AG","url":"https:\/\/tcs-technology.com\/","logo":{"@type":"ImageObject","inLanguage":"it-IT","@id":"https:\/\/tcs-technology.com\/#\/schema\/logo\/image\/","url":"https:\/\/tcs-technology.com\/wp-content\/uploads\/2022\/03\/logo-2.png","contentUrl":"https:\/\/tcs-technology.com\/wp-content\/uploads\/2022\/03\/logo-2.png","width":8334,"height":6131,"caption":"TCS Technology AG"},"image":{"@id":"https:\/\/tcs-technology.com\/#\/schema\/logo\/image\/"}}]}},"_links":{"self":[{"href":"https:\/\/tcs-technology.com\/it\/wp-json\/wp\/v2\/pages\/1579","targetHints":{"allow":["GET"]}}],"collection":[{"href":"https:\/\/tcs-technology.com\/it\/wp-json\/wp\/v2\/pages"}],"about":[{"href":"https:\/\/tcs-technology.com\/it\/wp-json\/wp\/v2\/types\/page"}],"author":[{"embeddable":true,"href":"https:\/\/tcs-technology.com\/it\/wp-json\/wp\/v2\/users\/1"}],"replies":[{"embeddable":true,"href":"https:\/\/tcs-technology.com\/it\/wp-json\/wp\/v2\/comments?post=1579"}],"version-history":[{"count":13,"href":"https:\/\/tcs-technology.com\/it\/wp-json\/wp\/v2\/pages\/1579\/revisions"}],"predecessor-version":[{"id":3286,"href":"https:\/\/tcs-technology.com\/it\/wp-json\/wp\/v2\/pages\/1579\/revisions\/3286"}],"up":[{"embeddable":true,"href":"https:\/\/tcs-technology.com\/it\/wp-json\/wp\/v2\/pages\/681"}],"wp:attachment":[{"href":"https:\/\/tcs-technology.com\/it\/wp-json\/wp\/v2\/media?parent=1579"}],"curies":[{"name":"wp","href":"https:\/\/api.w.org\/{rel}","templated":true}]}}