{"id":1296,"date":"2022-08-31T13:40:40","date_gmt":"2022-08-31T11:40:40","guid":{"rendered":"https:\/\/tcs-technology.com\/?page_id=1296"},"modified":"2023-06-23T18:54:50","modified_gmt":"2023-06-23T16:54:50","slug":"strategic-partnership","status":"publish","type":"page","link":"https:\/\/tcs-technology.com\/it\/services\/strategic-partnership\/","title":{"rendered":"Partenariato strategico e investimenti"},"content":{"rendered":"<div data-elementor-type=\"wp-page\" data-elementor-id=\"1296\" class=\"elementor elementor-1296\">\n\t\t\t\t\t\t<section class=\"elementor-section elementor-top-section elementor-element elementor-element-2611aed elementor-section-boxed elementor-section-height-default elementor-section-height-default\" data-id=\"2611aed\" data-element_type=\"section\" data-e-type=\"section\" data-settings=\"{&quot;background_background&quot;:&quot;classic&quot;}\">\n\t\t\t\t\t\t<div class=\"elementor-container elementor-column-gap-default\">\n\t\t\t\t\t<div class=\"elementor-column elementor-col-100 elementor-top-column elementor-element elementor-element-925af81\" data-id=\"925af81\" data-element_type=\"column\" data-e-type=\"column\">\n\t\t\t<div class=\"elementor-widget-wrap elementor-element-populated\">\n\t\t\t\t\t\t<div class=\"elementor-element elementor-element-cb1f4c6 elementor-align-center elementor-widget elementor-widget-breadcrumbs\" data-id=\"cb1f4c6\" data-element_type=\"widget\" data-e-type=\"widget\" data-widget_type=\"breadcrumbs.default\">\n\t\t\t\t<div class=\"elementor-widget-container\">\n\t\t\t\t\t<p id=\"breadcrumbs\"><span><span><a href=\"https:\/\/tcs-technology.com\/it\/\">Casa<\/a><\/span><\/span><\/p>\t\t\t\t<\/div>\n\t\t\t\t<\/div>\n\t\t\t\t\t<\/div>\n\t\t<\/div>\n\t\t\t\t\t<\/div>\n\t\t<\/section>\n\t\t\t\t<section class=\"elementor-section elementor-top-section elementor-element elementor-element-1e34e685 elementor-section-boxed elementor-section-height-default elementor-section-height-default\" data-id=\"1e34e685\" data-element_type=\"section\" data-e-type=\"section\">\n\t\t\t\t\t\t<div class=\"elementor-container elementor-column-gap-default\">\n\t\t\t\t\t<div class=\"elementor-column elementor-col-100 elementor-top-column elementor-element elementor-element-7a165456\" data-id=\"7a165456\" data-element_type=\"column\" data-e-type=\"column\">\n\t\t\t<div class=\"elementor-widget-wrap elementor-element-populated\">\n\t\t\t\t\t\t<div class=\"elementor-element elementor-element-763359d elementor-widget elementor-widget-heading\" data-id=\"763359d\" data-element_type=\"widget\" data-e-type=\"widget\" data-widget_type=\"heading.default\">\n\t\t\t\t<div class=\"elementor-widget-container\">\n\t\t\t\t\t<h2 class=\"elementor-heading-title elementor-size-default\">Partenariato strategico e investimenti <\/h2>\t\t\t\t<\/div>\n\t\t\t\t<\/div>\n\t\t\t\t<div class=\"elementor-element elementor-element-75d509b3 elementor-widget elementor-widget-text-editor\" data-id=\"75d509b3\" data-element_type=\"widget\" data-e-type=\"widget\" data-widget_type=\"text-editor.default\">\n\t\t\t\t<div class=\"elementor-widget-container\">\n\t\t\t\t\t\t\t\t\t<p>La gestione dei progetti software \u00e8 un compito complesso che richiede una leadership efficace. \u00c8 importante determinare le partnership che si cercano per la collaborazione strategica e i piani di investimento.<\/p><p>Trovare la giusta corrispondenza con i vostri obiettivi strategici pu\u00f2 aumentare il vostro successo nel navigare nell'incertezza, ridurre i rischi e guidare una crescita eccezionale. \u00c8 improbabile che le aziende senza una strategia di crescita riescano a minimizzare i rischi e a rispondere efficacemente a un mercato in rapida evoluzione.<\/p><p>Molte aziende faticano a raggiungere posizioni pi\u00f9 elevate perch\u00e9 non dispongono delle risorse e degli asset necessari per rispondere rapidamente alle richieste del mercato.<\/p><p>\u00c8 qui che TCS Technology pu\u00f2 essere di grande aiuto!<\/p><p>Siamo consapevoli che le partnership possono contribuire a ridurre i costi, aumentare la flessibilit\u00e0 e minimizzare i rischi. Una volta identificati gli obiettivi che si vogliono raggiungere attraverso le partnership, \u00e8 possibile gestire meglio l'incertezza e ottenere l'accesso a nuove risorse, capacit\u00e0 e mercati. In base alle vostre dinamiche di mercato, si possono prendere in considerazione diverse strategie, come la strategia della finestra, la strategia delle opzioni e la strategia di posizionamento.<\/p><p>La strategia della finestra consente di accedere a nuove tecnologie e sviluppi, capitalizzando al contempo gli alti livelli di incertezza. Questa strategia \u00e8 efficace per le aziende che stanno vivendo una crescita e un progresso promettenti. La strategia delle opzioni si concentra sull'identificazione di opzioni strategiche per l'azienda, anche se alcune aziende possono esitare a fare cambiamenti rapidi dopo aver investito.<\/p>\t\t\t\t\t\t\t\t<\/div>\n\t\t\t\t<\/div>\n\t\t\t\t\t<\/div>\n\t\t<\/div>\n\t\t\t\t\t<\/div>\n\t\t<\/section>\n\t\t\t\t<section class=\"elementor-section elementor-top-section elementor-element elementor-element-1e56b570 elementor-section-boxed elementor-section-height-default elementor-section-height-default\" data-id=\"1e56b570\" data-element_type=\"section\" data-e-type=\"section\">\n\t\t\t\t\t\t<div class=\"elementor-container elementor-column-gap-default\">\n\t\t\t\t\t<div class=\"elementor-column elementor-col-50 elementor-top-column elementor-element elementor-element-5bc6352d\" data-id=\"5bc6352d\" data-element_type=\"column\" data-e-type=\"column\">\n\t\t\t<div class=\"elementor-widget-wrap elementor-element-populated\">\n\t\t\t\t\t\t<div class=\"elementor-element elementor-element-67dec7ae elementor-widget elementor-widget-heading\" data-id=\"67dec7ae\" data-element_type=\"widget\" data-e-type=\"widget\" data-widget_type=\"heading.default\">\n\t\t\t\t<div class=\"elementor-widget-container\">\n\t\t\t\t\t<h3 class=\"elementor-heading-title elementor-size-default\">Passi d'azione che vi aiutiamo a compiere:<\/h3>\t\t\t\t<\/div>\n\t\t\t\t<\/div>\n\t\t\t\t<div class=\"elementor-element elementor-element-65c996ae elementor-icon-list--layout-traditional elementor-list-item-link-full_width elementor-widget elementor-widget-icon-list\" data-id=\"65c996ae\" data-element_type=\"widget\" data-e-type=\"widget\" data-widget_type=\"icon-list.default\">\n\t\t\t\t<div class=\"elementor-widget-container\">\n\t\t\t\t\t\t\t<ul class=\"elementor-icon-list-items\">\n\t\t\t\t\t\t\t<li class=\"elementor-icon-list-item\">\n\t\t\t\t\t\t\t\t\t\t\t<span class=\"elementor-icon-list-icon\">\n\t\t\t\t\t\t\t<i aria-hidden=\"true\" class=\"fas fa-check-circle\"><\/i>\t\t\t\t\t\t<\/span>\n\t\t\t\t\t\t\t\t\t\t<span class=\"elementor-icon-list-text\">Identificare gli obiettivi<\/span>\n\t\t\t\t\t\t\t\t\t<\/li>\n\t\t\t\t\t\t\t\t<li class=\"elementor-icon-list-item\">\n\t\t\t\t\t\t\t\t\t\t\t<span class=\"elementor-icon-list-icon\">\n\t\t\t\t\t\t\t<i aria-hidden=\"true\" class=\"fas fa-check-circle\"><\/i>\t\t\t\t\t\t<\/span>\n\t\t\t\t\t\t\t\t\t\t<span class=\"elementor-icon-list-text\">Considerare l'entit\u00e0 dell'incertezza<\/span>\n\t\t\t\t\t\t\t\t\t<\/li>\n\t\t\t\t\t\t\t\t<li class=\"elementor-icon-list-item\">\n\t\t\t\t\t\t\t\t\t\t\t<span class=\"elementor-icon-list-icon\">\n\t\t\t\t\t\t\t<i aria-hidden=\"true\" class=\"fas fa-check-circle\"><\/i>\t\t\t\t\t\t<\/span>\n\t\t\t\t\t\t\t\t\t\t<span class=\"elementor-icon-list-text\">Identificare la strategia di partnership <\/span>\n\t\t\t\t\t\t\t\t\t<\/li>\n\t\t\t\t\t\t<\/ul>\n\t\t\t\t\t\t<\/div>\n\t\t\t\t<\/div>\n\t\t\t\t<div class=\"elementor-element elementor-element-6bb91bb4 ppptex elementor-widget elementor-widget-text-editor\" data-id=\"6bb91bb4\" data-element_type=\"widget\" data-e-type=\"widget\" data-widget_type=\"text-editor.default\">\n\t\t\t\t<div class=\"elementor-widget-container\">\n\t\t\t\t\t\t\t\t\t<p>\u00c8 essenziale definire chiaramente gli obiettivi che si vogliono raggiungere attraverso le partnership. \u00c8 fondamentale determinare gli obiettivi in anticipo, poich\u00e9 le opportunit\u00e0 di cambiamento potrebbero essere limitate una volta stabilita la partnership.<\/p><p>\u00c8 fondamentale comprendere il livello di incertezza, soprattutto in termini di risorse finanziarie e manageriali. Valutate se vi trovate di fronte a un livello di incertezza alto, moderato o basso per adattare di conseguenza i vostri piani di partnership e di investimento.<\/p><p>Chiarite i vostri obiettivi e approcci e comunicateli ai potenziali partner strategici fin dall'inizio. Questo aiuta a stabilire un'alleanza sostenibile a lungo termine per la vostra azienda.<\/p>\t\t\t\t\t\t\t\t<\/div>\n\t\t\t\t<\/div>\n\t\t\t\t\t<\/div>\n\t\t<\/div>\n\t\t\t\t<div class=\"elementor-column elementor-col-50 elementor-top-column elementor-element elementor-element-1436dce9\" data-id=\"1436dce9\" data-element_type=\"column\" data-e-type=\"column\">\n\t\t\t<div class=\"elementor-widget-wrap elementor-element-populated\">\n\t\t\t\t\t\t<div class=\"elementor-element elementor-element-f4b63d5 elementor-widget elementor-widget-image\" data-id=\"f4b63d5\" data-element_type=\"widget\" data-e-type=\"widget\" data-widget_type=\"image.default\">\n\t\t\t\t<div class=\"elementor-widget-container\">\n\t\t\t\t\t\t\t\t\t\t\t\t\t\t\t<img fetchpriority=\"high\" decoding=\"async\" width=\"1200\" height=\"628\" src=\"https:\/\/tcs-technology.com\/wp-content\/uploads\/2022\/04\/1_m11Ae-dIQHw1LpInrhSh_A.png\" class=\"attachment-full size-full wp-image-1308\" alt=\"Strategic Partnership\" srcset=\"https:\/\/tcs-technology.com\/wp-content\/uploads\/2022\/04\/1_m11Ae-dIQHw1LpInrhSh_A.png 1200w, https:\/\/tcs-technology.com\/wp-content\/uploads\/2022\/04\/1_m11Ae-dIQHw1LpInrhSh_A-300x157.png 300w, https:\/\/tcs-technology.com\/wp-content\/uploads\/2022\/04\/1_m11Ae-dIQHw1LpInrhSh_A-1024x536.png 1024w, https:\/\/tcs-technology.com\/wp-content\/uploads\/2022\/04\/1_m11Ae-dIQHw1LpInrhSh_A-768x402.png 768w, https:\/\/tcs-technology.com\/wp-content\/uploads\/2022\/04\/1_m11Ae-dIQHw1LpInrhSh_A-600x314.png 600w\" sizes=\"(max-width: 1200px) 100vw, 1200px\" \/>\t\t\t\t\t\t\t\t\t\t\t\t\t\t\t<\/div>\n\t\t\t\t<\/div>\n\t\t\t\t\t<\/div>\n\t\t<\/div>\n\t\t\t\t\t<\/div>\n\t\t<\/section>\n\t\t\t\t<section class=\"elementor-section elementor-top-section elementor-element elementor-element-6135bd45 elementor-section-boxed elementor-section-height-default elementor-section-height-default\" data-id=\"6135bd45\" data-element_type=\"section\" data-e-type=\"section\">\n\t\t\t\t\t\t<div class=\"elementor-container elementor-column-gap-default\">\n\t\t\t\t\t<div class=\"elementor-column elementor-col-100 elementor-top-column elementor-element elementor-element-3f62aaf7\" data-id=\"3f62aaf7\" data-element_type=\"column\" data-e-type=\"column\">\n\t\t\t<div class=\"elementor-widget-wrap elementor-element-populated\">\n\t\t\t\t\t\t<div class=\"elementor-element elementor-element-4f6ca3d3 elementor-widget elementor-widget-heading\" data-id=\"4f6ca3d3\" data-element_type=\"widget\" data-e-type=\"widget\" data-widget_type=\"heading.default\">\n\t\t\t\t<div class=\"elementor-widget-container\">\n\t\t\t\t\t<h3 class=\"elementor-heading-title elementor-size-default\">Strategia di posizionamento <\/h3>\t\t\t\t<\/div>\n\t\t\t\t<\/div>\n\t\t\t\t<div class=\"elementor-element elementor-element-20d500a5 elementor-widget elementor-widget-text-editor\" data-id=\"20d500a5\" data-element_type=\"widget\" data-e-type=\"widget\" data-widget_type=\"text-editor.default\">\n\t\t\t\t<div class=\"elementor-widget-container\">\n\t\t\t\t\t\t\t\t\t<p>Una strategia di posizionamento \u00e8 pi\u00f9 efficace quando il livello di incertezza \u00e8 basso. Aiuta a ottenere vantaggi basati sulla scala o sulla portata e a ottimizzare i segmenti di mercato o ad acquisire nuove basi di clienti. Incorporare questi suggerimenti e punti chiave nel vostro piano strategico aziendale pu\u00f2 dare i migliori risultati per la vostra azienda, indipendentemente dal fatto che si tratti di una startup o di un'impresa consolidata.<\/p>\t\t\t\t\t\t\t\t<\/div>\n\t\t\t\t<\/div>\n\t\t\t\t\t<\/div>\n\t\t<\/div>\n\t\t\t\t\t<\/div>\n\t\t<\/section>\n\t\t\t\t<\/div>","protected":false},"excerpt":{"rendered":"<p>Partnership e investimenti strategici La gestione di progetti software \u00e8 un compito complesso che richiede una leadership efficace. \u00c8 importante determinare le partnership che cercate per la collaborazione strategica e i piani di investimento. Trovare l'abbinamento giusto per i vostri obiettivi strategici pu\u00f2 aumentare il vostro successo nel navigare nell'incertezza, ridurre i rischi e guidare una crescita eccezionale. Le aziende che non hanno una crescita [...]<\/p>","protected":false},"author":1,"featured_media":0,"parent":1270,"menu_order":0,"comment_status":"closed","ping_status":"closed","template":"elementor_header_footer","meta":{"footnotes":""},"class_list":["post-1296","page","type-page","status-publish","hentry"],"yoast_head":"<!-- This site is optimized with the Yoast SEO plugin v20.5 - https:\/\/yoast.com\/wordpress\/plugins\/seo\/ -->\n<title>Strategic Partnership and Investment - TCS Technology AG<\/title>\n<meta name=\"description\" content=\"A positioning strategy partnership works best when there is a low level of uncertainty. It helps you achieve scale or scope-based advantages\" \/>\n<meta name=\"robots\" content=\"index, follow, max-snippet:-1, max-image-preview:large, max-video-preview:-1\" \/>\n<link rel=\"canonical\" href=\"https:\/\/tcs-technology.com\/it\/services\/strategic-partnership\/\" \/>\n<meta property=\"og:locale\" content=\"it_IT\" \/>\n<meta property=\"og:type\" content=\"article\" \/>\n<meta property=\"og:title\" content=\"Strategic Partnership and Investment - TCS Technology AG\" \/>\n<meta property=\"og:description\" content=\"A positioning strategy partnership works best when there is a low level of uncertainty. It helps you achieve scale or scope-based advantages\" \/>\n<meta property=\"og:url\" content=\"https:\/\/tcs-technology.com\/it\/services\/strategic-partnership\/\" \/>\n<meta property=\"og:site_name\" content=\"TCS Technology AG\" \/>\n<meta property=\"article:modified_time\" content=\"2023-06-23T16:54:50+00:00\" \/>\n<meta property=\"og:image\" content=\"https:\/\/tcs-technology.com\/wp-content\/uploads\/2022\/04\/1_m11Ae-dIQHw1LpInrhSh_A.png\" \/>\n<meta name=\"twitter:card\" content=\"summary_large_image\" \/>\n<meta name=\"twitter:label1\" content=\"Tempo di lettura stimato\" \/>\n\t<meta name=\"twitter:data1\" content=\"3 minuti\" \/>\n<script type=\"application\/ld+json\" class=\"yoast-schema-graph\">{\"@context\":\"https:\/\/schema.org\",\"@graph\":[{\"@type\":\"WebPage\",\"@id\":\"https:\/\/tcs-technology.com\/services\/strategic-partnership\/\",\"url\":\"https:\/\/tcs-technology.com\/services\/strategic-partnership\/\",\"name\":\"Strategic Partnership and Investment - TCS Technology AG\",\"isPartOf\":{\"@id\":\"https:\/\/tcs-technology.com\/#website\"},\"datePublished\":\"2022-08-31T11:40:40+00:00\",\"dateModified\":\"2023-06-23T16:54:50+00:00\",\"description\":\"A positioning strategy partnership works best when there is a low level of uncertainty. It helps you achieve scale or scope-based advantages\",\"breadcrumb\":{\"@id\":\"https:\/\/tcs-technology.com\/services\/strategic-partnership\/#breadcrumb\"},\"inLanguage\":\"it-IT\",\"potentialAction\":[{\"@type\":\"ReadAction\",\"target\":[\"https:\/\/tcs-technology.com\/services\/strategic-partnership\/\"]}]},{\"@type\":\"BreadcrumbList\",\"@id\":\"https:\/\/tcs-technology.com\/services\/strategic-partnership\/#breadcrumb\",\"itemListElement\":[{\"@type\":\"ListItem\",\"position\":1,\"name\":\"Home\",\"item\":\"https:\/\/tcs-technology.com\/\"},{\"@type\":\"ListItem\",\"position\":2,\"name\":\"Services\",\"item\":\"https:\/\/tcs-technology.com\/services\/\"},{\"@type\":\"ListItem\",\"position\":3,\"name\":\"Strategic Partnership and Investment\"}]},{\"@type\":\"WebSite\",\"@id\":\"https:\/\/tcs-technology.com\/#website\",\"url\":\"https:\/\/tcs-technology.com\/\",\"name\":\"TCS Technology AG\",\"description\":\"We provide cutting-edge SaaS solutions for organizations in Switzerland and around the world with a focus on performance, security, and sustainability.\",\"publisher\":{\"@id\":\"https:\/\/tcs-technology.com\/#organization\"},\"potentialAction\":[{\"@type\":\"SearchAction\",\"target\":{\"@type\":\"EntryPoint\",\"urlTemplate\":\"https:\/\/tcs-technology.com\/?s={search_term_string}\"},\"query-input\":\"required name=search_term_string\"}],\"inLanguage\":\"it-IT\"},{\"@type\":\"Organization\",\"@id\":\"https:\/\/tcs-technology.com\/#organization\",\"name\":\"TCS Technology AG\",\"url\":\"https:\/\/tcs-technology.com\/\",\"logo\":{\"@type\":\"ImageObject\",\"inLanguage\":\"it-IT\",\"@id\":\"https:\/\/tcs-technology.com\/#\/schema\/logo\/image\/\",\"url\":\"https:\/\/tcs-technology.com\/wp-content\/uploads\/2022\/03\/logo-2.png\",\"contentUrl\":\"https:\/\/tcs-technology.com\/wp-content\/uploads\/2022\/03\/logo-2.png\",\"width\":8334,\"height\":6131,\"caption\":\"TCS Technology AG\"},\"image\":{\"@id\":\"https:\/\/tcs-technology.com\/#\/schema\/logo\/image\/\"}}]}<\/script>\n<!-- \/ Yoast SEO plugin. -->","yoast_head_json":{"title":"Strategic Partnership and Investment - TCS Technology AG","description":"A positioning strategy partnership works best when there is a low level of uncertainty. It helps you achieve scale or scope-based advantages","robots":{"index":"index","follow":"follow","max-snippet":"max-snippet:-1","max-image-preview":"max-image-preview:large","max-video-preview":"max-video-preview:-1"},"canonical":"https:\/\/tcs-technology.com\/it\/services\/strategic-partnership\/","og_locale":"it_IT","og_type":"article","og_title":"Strategic Partnership and Investment - TCS Technology AG","og_description":"A positioning strategy partnership works best when there is a low level of uncertainty. It helps you achieve scale or scope-based advantages","og_url":"https:\/\/tcs-technology.com\/it\/services\/strategic-partnership\/","og_site_name":"TCS Technology AG","article_modified_time":"2023-06-23T16:54:50+00:00","og_image":[{"url":"https:\/\/tcs-technology.com\/wp-content\/uploads\/2022\/04\/1_m11Ae-dIQHw1LpInrhSh_A.png"}],"twitter_card":"summary_large_image","twitter_misc":{"Tempo di lettura stimato":"3 minuti"},"schema":{"@context":"https:\/\/schema.org","@graph":[{"@type":"WebPage","@id":"https:\/\/tcs-technology.com\/services\/strategic-partnership\/","url":"https:\/\/tcs-technology.com\/services\/strategic-partnership\/","name":"Strategic Partnership and Investment - TCS Technology AG","isPartOf":{"@id":"https:\/\/tcs-technology.com\/#website"},"datePublished":"2022-08-31T11:40:40+00:00","dateModified":"2023-06-23T16:54:50+00:00","description":"A positioning strategy partnership works best when there is a low level of uncertainty. It helps you achieve scale or scope-based advantages","breadcrumb":{"@id":"https:\/\/tcs-technology.com\/services\/strategic-partnership\/#breadcrumb"},"inLanguage":"it-IT","potentialAction":[{"@type":"ReadAction","target":["https:\/\/tcs-technology.com\/services\/strategic-partnership\/"]}]},{"@type":"BreadcrumbList","@id":"https:\/\/tcs-technology.com\/services\/strategic-partnership\/#breadcrumb","itemListElement":[{"@type":"ListItem","position":1,"name":"Home","item":"https:\/\/tcs-technology.com\/"},{"@type":"ListItem","position":2,"name":"Services","item":"https:\/\/tcs-technology.com\/services\/"},{"@type":"ListItem","position":3,"name":"Strategic Partnership and Investment"}]},{"@type":"WebSite","@id":"https:\/\/tcs-technology.com\/#website","url":"https:\/\/tcs-technology.com\/","name":"TCS Technology AG","description":"We provide cutting-edge SaaS solutions for organizations in Switzerland and around the world with a focus on performance, security, and sustainability.","publisher":{"@id":"https:\/\/tcs-technology.com\/#organization"},"potentialAction":[{"@type":"SearchAction","target":{"@type":"EntryPoint","urlTemplate":"https:\/\/tcs-technology.com\/?s={search_term_string}"},"query-input":"required name=search_term_string"}],"inLanguage":"it-IT"},{"@type":"Organization","@id":"https:\/\/tcs-technology.com\/#organization","name":"TCS Technology AG","url":"https:\/\/tcs-technology.com\/","logo":{"@type":"ImageObject","inLanguage":"it-IT","@id":"https:\/\/tcs-technology.com\/#\/schema\/logo\/image\/","url":"https:\/\/tcs-technology.com\/wp-content\/uploads\/2022\/03\/logo-2.png","contentUrl":"https:\/\/tcs-technology.com\/wp-content\/uploads\/2022\/03\/logo-2.png","width":8334,"height":6131,"caption":"TCS Technology AG"},"image":{"@id":"https:\/\/tcs-technology.com\/#\/schema\/logo\/image\/"}}]}},"_links":{"self":[{"href":"https:\/\/tcs-technology.com\/it\/wp-json\/wp\/v2\/pages\/1296","targetHints":{"allow":["GET"]}}],"collection":[{"href":"https:\/\/tcs-technology.com\/it\/wp-json\/wp\/v2\/pages"}],"about":[{"href":"https:\/\/tcs-technology.com\/it\/wp-json\/wp\/v2\/types\/page"}],"author":[{"embeddable":true,"href":"https:\/\/tcs-technology.com\/it\/wp-json\/wp\/v2\/users\/1"}],"replies":[{"embeddable":true,"href":"https:\/\/tcs-technology.com\/it\/wp-json\/wp\/v2\/comments?post=1296"}],"version-history":[{"count":56,"href":"https:\/\/tcs-technology.com\/it\/wp-json\/wp\/v2\/pages\/1296\/revisions"}],"predecessor-version":[{"id":3273,"href":"https:\/\/tcs-technology.com\/it\/wp-json\/wp\/v2\/pages\/1296\/revisions\/3273"}],"up":[{"embeddable":true,"href":"https:\/\/tcs-technology.com\/it\/wp-json\/wp\/v2\/pages\/1270"}],"wp:attachment":[{"href":"https:\/\/tcs-technology.com\/it\/wp-json\/wp\/v2\/media?parent=1296"}],"curies":[{"name":"wp","href":"https:\/\/api.w.org\/{rel}","templated":true}]}}