{"id":1293,"date":"2022-04-01T17:06:47","date_gmt":"2022-04-01T15:06:47","guid":{"rendered":"https:\/\/tcs-technology.com\/?page_id=1293"},"modified":"2023-06-23T18:33:22","modified_gmt":"2023-06-23T16:33:22","slug":"it-project","status":"publish","type":"page","link":"https:\/\/tcs-technology.com\/it\/services\/it-project\/","title":{"rendered":"Consulenza sui progetti IT"},"content":{"rendered":"<div data-elementor-type=\"wp-page\" data-elementor-id=\"1293\" class=\"elementor elementor-1293\">\n\t\t\t\t\t\t<section class=\"elementor-section elementor-top-section elementor-element elementor-element-a3ddbb7 elementor-section-boxed elementor-section-height-default elementor-section-height-default\" data-id=\"a3ddbb7\" data-element_type=\"section\" data-e-type=\"section\" data-settings=\"{&quot;background_background&quot;:&quot;classic&quot;}\">\n\t\t\t\t\t\t<div class=\"elementor-container elementor-column-gap-default\">\n\t\t\t\t\t<div class=\"elementor-column elementor-col-100 elementor-top-column elementor-element elementor-element-f51bfa7\" data-id=\"f51bfa7\" data-element_type=\"column\" data-e-type=\"column\">\n\t\t\t<div class=\"elementor-widget-wrap elementor-element-populated\">\n\t\t\t\t\t\t<div class=\"elementor-element elementor-element-53c178b elementor-align-center elementor-widget elementor-widget-breadcrumbs\" data-id=\"53c178b\" data-element_type=\"widget\" data-e-type=\"widget\" data-widget_type=\"breadcrumbs.default\">\n\t\t\t\t<div class=\"elementor-widget-container\">\n\t\t\t\t\t<p id=\"breadcrumbs\"><span><span><a href=\"https:\/\/tcs-technology.com\/it\/\">Casa<\/a><\/span><\/span><\/p>\t\t\t\t<\/div>\n\t\t\t\t<\/div>\n\t\t\t\t\t<\/div>\n\t\t<\/div>\n\t\t\t\t\t<\/div>\n\t\t<\/section>\n\t\t\t\t<section class=\"elementor-section elementor-top-section elementor-element elementor-element-4d0f1a4 elementor-section-boxed elementor-section-height-default elementor-section-height-default\" data-id=\"4d0f1a4\" data-element_type=\"section\" data-e-type=\"section\">\n\t\t\t\t\t\t<div class=\"elementor-container elementor-column-gap-default\">\n\t\t\t\t\t<div class=\"elementor-column elementor-col-100 elementor-top-column elementor-element elementor-element-62e4cdc1\" data-id=\"62e4cdc1\" data-element_type=\"column\" data-e-type=\"column\">\n\t\t\t<div class=\"elementor-widget-wrap elementor-element-populated\">\n\t\t\t\t\t\t<div class=\"elementor-element elementor-element-b8c7e9d elementor-widget elementor-widget-heading\" data-id=\"b8c7e9d\" data-element_type=\"widget\" data-e-type=\"widget\" data-widget_type=\"heading.default\">\n\t\t\t\t<div class=\"elementor-widget-container\">\n\t\t\t\t\t<h1 class=\"elementor-heading-title elementor-size-default\">Consulenza sui progetti IT <\/h1>\t\t\t\t<\/div>\n\t\t\t\t<\/div>\n\t\t\t\t<div class=\"elementor-element elementor-element-3428bf44 elementor-widget elementor-widget-text-editor\" data-id=\"3428bf44\" data-element_type=\"widget\" data-e-type=\"widget\" data-widget_type=\"text-editor.default\">\n\t\t\t\t<div class=\"elementor-widget-container\">\n\t\t\t\t\t\t\t\t\t<p>TCS Technology fornisce costantemente alle aziende una guida e una direzione esperte nella consulenza strategica sul software, nelle operazioni, nei servizi e nei prodotti.<br \/><span style=\"color: rgba(2, 1, 1, 0);\">progetto it<\/span><br \/>Il nostro obiettivo principale \u00e8 quello di aiutare le aziende e le organizzazioni a creare un ambiente digitale che sia in linea con le loro capacit\u00e0 tecniche, con i requisiti aziendali, nonch\u00e9 con le esigenze e le aspettative dei loro dipendenti e clienti. Crediamo che le aziende possano sviluppare roadmap che delineino le loro strategie di implementazione del software a breve e lungo termine. Questo processo non solo fornisce una chiara comprensione della posizione attuale dell'azienda, ma facilita anche un'efficace gestione del cambiamento e un'analisi della crescita futura.<\/p><p>Un'area di grande importanza per molte aziende \u00e8 il piano di investimento per l'implementazione del software. A questo proposito, siamo favorevoli a investimenti software convenienti che garantiscano una trasformazione aziendale senza soluzione di continuit\u00e0 attraverso soluzioni personalizzate e un'adozione sicura. Crediamo fermamente che investire una certa somma nel software si sia rivelato un investimento prezioso per le aziende, aprendo la strada alla loro crescita futura.<\/p>\t\t\t\t\t\t\t\t<\/div>\n\t\t\t\t<\/div>\n\t\t\t\t<div class=\"elementor-element elementor-element-a84cc08 elementor-widget elementor-widget-heading\" data-id=\"a84cc08\" data-element_type=\"widget\" data-e-type=\"widget\" data-widget_type=\"heading.default\">\n\t\t\t\t<div class=\"elementor-widget-container\">\n\t\t\t\t\t<h3 class=\"elementor-heading-title elementor-size-default\">Servizi di consulenza tecnologica: <\/h3>\t\t\t\t<\/div>\n\t\t\t\t<\/div>\n\t\t\t\t<div class=\"elementor-element elementor-element-d04efbc elementor-widget elementor-widget-text-editor\" data-id=\"d04efbc\" data-element_type=\"widget\" data-e-type=\"widget\" data-widget_type=\"text-editor.default\">\n\t\t\t\t<div class=\"elementor-widget-container\">\n\t\t\t\t\t\t\t\t\t<p>I consulenti IT di TCS Technology svolgono un ruolo cruciale nell'assistere i clienti nella selezione degli stack tecnologici pi\u00f9 adatti alle loro soluzioni. Che si tratti di scegliere il linguaggio di programmazione o la piattaforma giusta, supportiamo le aziende nell'analisi approfondita dei vantaggi e degli svantaggi delle diverse tecnologie prima di avviare qualsiasi progetto.<\/p>\t\t\t\t\t\t\t\t<\/div>\n\t\t\t\t<\/div>\n\t\t\t\t\t<\/div>\n\t\t<\/div>\n\t\t\t\t\t<\/div>\n\t\t<\/section>\n\t\t\t\t<section class=\"elementor-section elementor-top-section elementor-element elementor-element-3ffa4075 elementor-section-boxed elementor-section-height-default elementor-section-height-default\" data-id=\"3ffa4075\" data-element_type=\"section\" data-e-type=\"section\">\n\t\t\t\t\t\t<div class=\"elementor-container elementor-column-gap-default\">\n\t\t\t\t\t<div class=\"elementor-column elementor-col-50 elementor-top-column elementor-element elementor-element-6869a24c\" data-id=\"6869a24c\" data-element_type=\"column\" data-e-type=\"column\">\n\t\t\t<div class=\"elementor-widget-wrap elementor-element-populated\">\n\t\t\t\t\t\t<div class=\"elementor-element elementor-element-aab1cac elementor-widget elementor-widget-heading\" data-id=\"aab1cac\" data-element_type=\"widget\" data-e-type=\"widget\" data-widget_type=\"heading.default\">\n\t\t\t\t<div class=\"elementor-widget-container\">\n\t\t\t\t\t<h3 class=\"elementor-heading-title elementor-size-default\">Il nostro approccio<\/h3>\t\t\t\t<\/div>\n\t\t\t\t<\/div>\n\t\t\t\t<div class=\"elementor-element elementor-element-4522a007 elementor-widget elementor-widget-text-editor\" data-id=\"4522a007\" data-element_type=\"widget\" data-e-type=\"widget\" data-widget_type=\"text-editor.default\">\n\t\t\t\t<div class=\"elementor-widget-container\">\n\t\t\t\t\t\t\t\t\t<p>Il nostro eccezionale team fornisce un supporto completo alle aziende in tutte le fasi di aggiornamento e implementazione del software. Eccelliamo nel trasformare i concetti in specifiche dettagliate delle soluzioni e nell'integrare perfettamente i sistemi aziendali nei processi di business e nelle infrastrutture IT, con il risultato di migliorare le prestazioni. Questi approcci strategici contribuiscono allo sviluppo di un solido ecosistema IT che consente alle aziende di prosperare in diversi settori.<\/p>\t\t\t\t\t\t\t\t<\/div>\n\t\t\t\t<\/div>\n\t\t\t\t<div class=\"elementor-element elementor-element-5ff2c3e elementor-icon-list--layout-traditional elementor-list-item-link-full_width elementor-widget elementor-widget-icon-list\" data-id=\"5ff2c3e\" data-element_type=\"widget\" data-e-type=\"widget\" data-widget_type=\"icon-list.default\">\n\t\t\t\t<div class=\"elementor-widget-container\">\n\t\t\t\t\t\t\t<ul class=\"elementor-icon-list-items\">\n\t\t\t\t\t\t\t<li class=\"elementor-icon-list-item\">\n\t\t\t\t\t\t\t\t\t\t\t<span class=\"elementor-icon-list-icon\">\n\t\t\t\t\t\t\t<i aria-hidden=\"true\" class=\"fas fa-check-circle\"><\/i>\t\t\t\t\t\t<\/span>\n\t\t\t\t\t\t\t\t\t\t<span class=\"elementor-icon-list-text\">Diamo priorit\u00e0 all'esplorazione delle idee tecnologiche. Incoraggiamo le aziende a generare nuove idee, consentendoci di valutarne la fattibilit\u00e0 e di determinare lo stack tecnologico appropriato per la realizzazione.<\/span>\n\t\t\t\t\t\t\t\t\t<\/li>\n\t\t\t\t\t\t\t\t<li class=\"elementor-icon-list-item\">\n\t\t\t\t\t\t\t\t\t\t\t<span class=\"elementor-icon-list-icon\">\n\t\t\t\t\t\t\t<i aria-hidden=\"true\" class=\"fas fa-check-circle\"><\/i>\t\t\t\t\t\t<\/span>\n\t\t\t\t\t\t\t\t\t\t<span class=\"elementor-icon-list-text\">Integriamo anche la tecnologia nella pianificazione dei progetti. Fondendo l'analisi del business con le operazioni reali, stabiliamo una padronanza unica della pianificazione dei progetti.<\/span>\n\t\t\t\t\t\t\t\t\t<\/li>\n\t\t\t\t\t\t\t\t<li class=\"elementor-icon-list-item\">\n\t\t\t\t\t\t\t\t\t\t\t<span class=\"elementor-icon-list-icon\">\n\t\t\t\t\t\t\t<i aria-hidden=\"true\" class=\"fas fa-check-circle\"><\/i>\t\t\t\t\t\t<\/span>\n\t\t\t\t\t\t\t\t\t\t<span class=\"elementor-icon-list-text\">Infine, eseguiamo il piano di progetto. Lavoriamo diligentemente per implementare le strategie pianificate all'interno delle aziende e allinearle con i loro obiettivi strategici. Ci atteniamo al piano di progetto e forniamo strategie a lungo termine per la manutenzione e gli aggiornamenti del software successivi all'implementazione.<\/span>\n\t\t\t\t\t\t\t\t\t<\/li>\n\t\t\t\t\t\t<\/ul>\n\t\t\t\t\t\t<\/div>\n\t\t\t\t<\/div>\n\t\t\t\t\t<\/div>\n\t\t<\/div>\n\t\t\t\t<div class=\"elementor-column elementor-col-50 elementor-top-column elementor-element elementor-element-4ed53e\" data-id=\"4ed53e\" data-element_type=\"column\" data-e-type=\"column\">\n\t\t\t<div class=\"elementor-widget-wrap elementor-element-populated\">\n\t\t\t\t\t\t<div class=\"elementor-element elementor-element-6a1ad91d elementor-widget elementor-widget-image\" data-id=\"6a1ad91d\" data-element_type=\"widget\" data-e-type=\"widget\" data-widget_type=\"image.default\">\n\t\t\t\t<div class=\"elementor-widget-container\">\n\t\t\t\t\t\t\t\t\t\t\t\t\t\t\t<img fetchpriority=\"high\" decoding=\"async\" width=\"500\" height=\"559\" src=\"https:\/\/tcs-technology.com\/wp-content\/uploads\/2022\/04\/Focal-points-for-Online-Learning-.jpg\" class=\"attachment-large size-large wp-image-2619\" alt=\"Focal points for Online Learning\" \/>\t\t\t\t\t\t\t\t\t\t\t\t\t\t\t<\/div>\n\t\t\t\t<\/div>\n\t\t\t\t\t<\/div>\n\t\t<\/div>\n\t\t\t\t\t<\/div>\n\t\t<\/section>\n\t\t\t\t<section class=\"elementor-section elementor-top-section elementor-element elementor-element-1c757677 elementor-section-boxed elementor-section-height-default elementor-section-height-default\" data-id=\"1c757677\" data-element_type=\"section\" data-e-type=\"section\">\n\t\t\t\t\t\t<div class=\"elementor-container elementor-column-gap-default\">\n\t\t\t\t\t<div class=\"elementor-column elementor-col-100 elementor-top-column elementor-element elementor-element-464eb626\" data-id=\"464eb626\" data-element_type=\"column\" data-e-type=\"column\">\n\t\t\t<div class=\"elementor-widget-wrap elementor-element-populated\">\n\t\t\t\t\t\t<div class=\"elementor-element elementor-element-1bed0cd3 elementor-widget elementor-widget-heading\" data-id=\"1bed0cd3\" data-element_type=\"widget\" data-e-type=\"widget\" data-widget_type=\"heading.default\">\n\t\t\t\t<div class=\"elementor-widget-container\">\n\t\t\t\t\t<h3 class=\"elementor-heading-title elementor-size-default\">Strategia di lavoro migliore e consulenza sulle soluzioni aziendali<\/h3>\t\t\t\t<\/div>\n\t\t\t\t<\/div>\n\t\t\t\t<div class=\"elementor-element elementor-element-1b97901 p-text elementor-widget elementor-widget-text-editor\" data-id=\"1b97901\" data-element_type=\"widget\" data-e-type=\"widget\" data-widget_type=\"text-editor.default\">\n\t\t\t\t<div class=\"elementor-widget-container\">\n\t\t\t\t\t\t\t\t\t<p>Se un'azienda sta lottando per scegliere la soluzione software pi\u00f9 adatta, noi di TCS Technology la aiutiamo a trovare la soluzione migliore. Guidiamo le aziende nella scelta dei sistemi e delle relative implementazioni, come CRM, ERP, DMS, CMS e altri ancora. Inoltre, discutiamo e implementiamo le personalizzazioni e gli ambiti di sviluppo su misura per i requisiti unici di ogni azienda.<\/p><p>Questi fattori chiave non solo rafforzano la reputazione e gli standard della nostra azienda, ma consentono anche ad altre aziende di identificare le aree di miglioramento e di lavorare per una strategia migliore.<\/p>\t\t\t\t\t\t\t\t<\/div>\n\t\t\t\t<\/div>\n\t\t\t\t<div class=\"elementor-element elementor-element-3eb5de6 elementor-widget elementor-widget-heading\" data-id=\"3eb5de6\" data-element_type=\"widget\" data-e-type=\"widget\" data-widget_type=\"heading.default\">\n\t\t\t\t<div class=\"elementor-widget-container\">\n\t\t\t\t\t<h3 class=\"elementor-heading-title elementor-size-default\">p-testo<\/h3>\t\t\t\t<\/div>\n\t\t\t\t<\/div>\n\t\t\t\t\t<\/div>\n\t\t<\/div>\n\t\t\t\t\t<\/div>\n\t\t<\/section>\n\t\t\t\t<\/div>","protected":false},"excerpt":{"rendered":"<p>IT Project Consulting TCS Technology fornisce costantemente alle aziende una guida e una direzione esperta nella consulenza strategica sul software, nelle operazioni, nei servizi e nei prodotti.it projectIl nostro obiettivo primario \u00e8 aiutare le aziende e le organizzazioni a creare un ambiente digitale che si allinei con le loro capacit\u00e0 tecniche, i requisiti di business, cos\u00ec come le esigenze e le aspettative dei loro dipendenti e [...]<\/p>","protected":false},"author":1,"featured_media":0,"parent":1270,"menu_order":0,"comment_status":"closed","ping_status":"closed","template":"elementor_header_footer","meta":{"footnotes":""},"class_list":["post-1293","page","type-page","status-publish","hentry"],"yoast_head":"<!-- This site is optimized with the Yoast SEO plugin v20.5 - https:\/\/yoast.com\/wordpress\/plugins\/seo\/ -->\n<title>IT Project Consulting - TCS Technology AG<\/title>\n<meta name=\"description\" content=\"The IT project consultants at TCS Technology assist the customers in selecting the right technology stacks for their solutions.\" \/>\n<meta name=\"robots\" content=\"index, follow, max-snippet:-1, max-image-preview:large, max-video-preview:-1\" \/>\n<link rel=\"canonical\" href=\"https:\/\/tcs-technology.com\/it\/services\/it-project\/\" \/>\n<meta property=\"og:locale\" content=\"it_IT\" \/>\n<meta property=\"og:type\" content=\"article\" \/>\n<meta property=\"og:title\" content=\"IT Project Consulting - TCS Technology AG\" \/>\n<meta property=\"og:description\" content=\"The IT project consultants at TCS Technology assist the customers in selecting the right technology stacks for their solutions.\" \/>\n<meta property=\"og:url\" content=\"https:\/\/tcs-technology.com\/it\/services\/it-project\/\" \/>\n<meta property=\"og:site_name\" content=\"TCS Technology AG\" \/>\n<meta property=\"article:modified_time\" content=\"2023-06-23T16:33:22+00:00\" \/>\n<meta property=\"og:image\" content=\"https:\/\/tcs-technology.com\/wp-content\/uploads\/2022\/04\/Focal-points-for-Online-Learning-.jpg\" \/>\n<meta name=\"twitter:card\" content=\"summary_large_image\" \/>\n<meta name=\"twitter:label1\" content=\"Tempo di lettura stimato\" \/>\n\t<meta name=\"twitter:data1\" content=\"3 minuti\" \/>\n<script type=\"application\/ld+json\" class=\"yoast-schema-graph\">{\"@context\":\"https:\/\/schema.org\",\"@graph\":[{\"@type\":\"WebPage\",\"@id\":\"https:\/\/tcs-technology.com\/services\/it-project\/\",\"url\":\"https:\/\/tcs-technology.com\/services\/it-project\/\",\"name\":\"IT Project Consulting - TCS Technology AG\",\"isPartOf\":{\"@id\":\"https:\/\/tcs-technology.com\/#website\"},\"datePublished\":\"2022-04-01T15:06:47+00:00\",\"dateModified\":\"2023-06-23T16:33:22+00:00\",\"description\":\"The IT project consultants at TCS Technology assist the customers in selecting the right technology stacks for their solutions.\",\"breadcrumb\":{\"@id\":\"https:\/\/tcs-technology.com\/services\/it-project\/#breadcrumb\"},\"inLanguage\":\"it-IT\",\"potentialAction\":[{\"@type\":\"ReadAction\",\"target\":[\"https:\/\/tcs-technology.com\/services\/it-project\/\"]}]},{\"@type\":\"BreadcrumbList\",\"@id\":\"https:\/\/tcs-technology.com\/services\/it-project\/#breadcrumb\",\"itemListElement\":[{\"@type\":\"ListItem\",\"position\":1,\"name\":\"Home\",\"item\":\"https:\/\/tcs-technology.com\/\"},{\"@type\":\"ListItem\",\"position\":2,\"name\":\"Services\",\"item\":\"https:\/\/tcs-technology.com\/services\/\"},{\"@type\":\"ListItem\",\"position\":3,\"name\":\"IT Project Consulting\"}]},{\"@type\":\"WebSite\",\"@id\":\"https:\/\/tcs-technology.com\/#website\",\"url\":\"https:\/\/tcs-technology.com\/\",\"name\":\"TCS Technology AG\",\"description\":\"We provide cutting-edge SaaS solutions for organizations in Switzerland and around the world with a focus on performance, security, and sustainability.\",\"publisher\":{\"@id\":\"https:\/\/tcs-technology.com\/#organization\"},\"potentialAction\":[{\"@type\":\"SearchAction\",\"target\":{\"@type\":\"EntryPoint\",\"urlTemplate\":\"https:\/\/tcs-technology.com\/?s={search_term_string}\"},\"query-input\":\"required name=search_term_string\"}],\"inLanguage\":\"it-IT\"},{\"@type\":\"Organization\",\"@id\":\"https:\/\/tcs-technology.com\/#organization\",\"name\":\"TCS Technology AG\",\"url\":\"https:\/\/tcs-technology.com\/\",\"logo\":{\"@type\":\"ImageObject\",\"inLanguage\":\"it-IT\",\"@id\":\"https:\/\/tcs-technology.com\/#\/schema\/logo\/image\/\",\"url\":\"https:\/\/tcs-technology.com\/wp-content\/uploads\/2022\/03\/logo-2.png\",\"contentUrl\":\"https:\/\/tcs-technology.com\/wp-content\/uploads\/2022\/03\/logo-2.png\",\"width\":8334,\"height\":6131,\"caption\":\"TCS Technology AG\"},\"image\":{\"@id\":\"https:\/\/tcs-technology.com\/#\/schema\/logo\/image\/\"}}]}<\/script>\n<!-- \/ Yoast SEO plugin. -->","yoast_head_json":{"title":"IT Project Consulting - TCS Technology AG","description":"The IT project consultants at TCS Technology assist the customers in selecting the right technology stacks for their solutions.","robots":{"index":"index","follow":"follow","max-snippet":"max-snippet:-1","max-image-preview":"max-image-preview:large","max-video-preview":"max-video-preview:-1"},"canonical":"https:\/\/tcs-technology.com\/it\/services\/it-project\/","og_locale":"it_IT","og_type":"article","og_title":"IT Project Consulting - TCS Technology AG","og_description":"The IT project consultants at TCS Technology assist the customers in selecting the right technology stacks for their solutions.","og_url":"https:\/\/tcs-technology.com\/it\/services\/it-project\/","og_site_name":"TCS Technology AG","article_modified_time":"2023-06-23T16:33:22+00:00","og_image":[{"url":"https:\/\/tcs-technology.com\/wp-content\/uploads\/2022\/04\/Focal-points-for-Online-Learning-.jpg"}],"twitter_card":"summary_large_image","twitter_misc":{"Tempo di lettura stimato":"3 minuti"},"schema":{"@context":"https:\/\/schema.org","@graph":[{"@type":"WebPage","@id":"https:\/\/tcs-technology.com\/services\/it-project\/","url":"https:\/\/tcs-technology.com\/services\/it-project\/","name":"IT Project Consulting - TCS Technology AG","isPartOf":{"@id":"https:\/\/tcs-technology.com\/#website"},"datePublished":"2022-04-01T15:06:47+00:00","dateModified":"2023-06-23T16:33:22+00:00","description":"The IT project consultants at TCS Technology assist the customers in selecting the right technology stacks for their solutions.","breadcrumb":{"@id":"https:\/\/tcs-technology.com\/services\/it-project\/#breadcrumb"},"inLanguage":"it-IT","potentialAction":[{"@type":"ReadAction","target":["https:\/\/tcs-technology.com\/services\/it-project\/"]}]},{"@type":"BreadcrumbList","@id":"https:\/\/tcs-technology.com\/services\/it-project\/#breadcrumb","itemListElement":[{"@type":"ListItem","position":1,"name":"Home","item":"https:\/\/tcs-technology.com\/"},{"@type":"ListItem","position":2,"name":"Services","item":"https:\/\/tcs-technology.com\/services\/"},{"@type":"ListItem","position":3,"name":"IT Project Consulting"}]},{"@type":"WebSite","@id":"https:\/\/tcs-technology.com\/#website","url":"https:\/\/tcs-technology.com\/","name":"TCS Technology AG","description":"We provide cutting-edge SaaS solutions for organizations in Switzerland and around the world with a focus on performance, security, and sustainability.","publisher":{"@id":"https:\/\/tcs-technology.com\/#organization"},"potentialAction":[{"@type":"SearchAction","target":{"@type":"EntryPoint","urlTemplate":"https:\/\/tcs-technology.com\/?s={search_term_string}"},"query-input":"required name=search_term_string"}],"inLanguage":"it-IT"},{"@type":"Organization","@id":"https:\/\/tcs-technology.com\/#organization","name":"TCS Technology AG","url":"https:\/\/tcs-technology.com\/","logo":{"@type":"ImageObject","inLanguage":"it-IT","@id":"https:\/\/tcs-technology.com\/#\/schema\/logo\/image\/","url":"https:\/\/tcs-technology.com\/wp-content\/uploads\/2022\/03\/logo-2.png","contentUrl":"https:\/\/tcs-technology.com\/wp-content\/uploads\/2022\/03\/logo-2.png","width":8334,"height":6131,"caption":"TCS Technology AG"},"image":{"@id":"https:\/\/tcs-technology.com\/#\/schema\/logo\/image\/"}}]}},"_links":{"self":[{"href":"https:\/\/tcs-technology.com\/it\/wp-json\/wp\/v2\/pages\/1293","targetHints":{"allow":["GET"]}}],"collection":[{"href":"https:\/\/tcs-technology.com\/it\/wp-json\/wp\/v2\/pages"}],"about":[{"href":"https:\/\/tcs-technology.com\/it\/wp-json\/wp\/v2\/types\/page"}],"author":[{"embeddable":true,"href":"https:\/\/tcs-technology.com\/it\/wp-json\/wp\/v2\/users\/1"}],"replies":[{"embeddable":true,"href":"https:\/\/tcs-technology.com\/it\/wp-json\/wp\/v2\/comments?post=1293"}],"version-history":[{"count":66,"href":"https:\/\/tcs-technology.com\/it\/wp-json\/wp\/v2\/pages\/1293\/revisions"}],"predecessor-version":[{"id":3257,"href":"https:\/\/tcs-technology.com\/it\/wp-json\/wp\/v2\/pages\/1293\/revisions\/3257"}],"up":[{"embeddable":true,"href":"https:\/\/tcs-technology.com\/it\/wp-json\/wp\/v2\/pages\/1270"}],"wp:attachment":[{"href":"https:\/\/tcs-technology.com\/it\/wp-json\/wp\/v2\/media?parent=1293"}],"curies":[{"name":"wp","href":"https:\/\/api.w.org\/{rel}","templated":true}]}}