{"id":3006,"date":"2023-06-19T14:40:14","date_gmt":"2023-06-19T12:40:14","guid":{"rendered":"https:\/\/tcs-technology.com\/?page_id=3006"},"modified":"2023-06-23T18:36:38","modified_gmt":"2023-06-23T16:36:38","slug":"erp","status":"publish","type":"page","link":"https:\/\/tcs-technology.com\/fr\/erp\/","title":{"rendered":"ERP"},"content":{"rendered":"<div data-elementor-type=\"wp-page\" data-elementor-id=\"3006\" class=\"elementor elementor-3006\">\n\t\t\t\t\t\t<section class=\"elementor-section elementor-top-section elementor-element elementor-element-3489c1c elementor-section-boxed elementor-section-height-default elementor-section-height-default\" data-id=\"3489c1c\" data-element_type=\"section\" data-e-type=\"section\" data-settings=\"{&quot;background_background&quot;:&quot;classic&quot;}\">\n\t\t\t\t\t\t<div class=\"elementor-container elementor-column-gap-default\">\n\t\t\t\t\t<div class=\"elementor-column elementor-col-100 elementor-top-column elementor-element elementor-element-cd362da\" data-id=\"cd362da\" data-element_type=\"column\" data-e-type=\"column\" data-settings=\"{&quot;background_background&quot;:&quot;classic&quot;}\">\n\t\t\t<div class=\"elementor-widget-wrap elementor-element-populated\">\n\t\t\t\t\t\t<div class=\"elementor-element elementor-element-5c398b7 elementor-widget elementor-widget-heading\" data-id=\"5c398b7\" data-element_type=\"widget\" data-e-type=\"widget\" data-widget_type=\"heading.default\">\n\t\t\t\t<div class=\"elementor-widget-container\">\n\t\t\t\t\t<h2 class=\"elementor-heading-title elementor-size-default\">Planificateur de ressources d'entreprise (ERP)<\/h2>\t\t\t\t<\/div>\n\t\t\t\t<\/div>\n\t\t\t\t<div class=\"elementor-element elementor-element-8b4cb33 elementor-widget elementor-widget-heading\" data-id=\"8b4cb33\" data-element_type=\"widget\" data-e-type=\"widget\" data-widget_type=\"heading.default\">\n\t\t\t\t<div class=\"elementor-widget-container\">\n\t\t\t\t\t<h6 class=\"elementor-heading-title elementor-size-default\">Accueil &gt; Services &gt; ERP<\/h6>\t\t\t\t<\/div>\n\t\t\t\t<\/div>\n\t\t\t\t\t<\/div>\n\t\t<\/div>\n\t\t\t\t\t<\/div>\n\t\t<\/section>\n\t\t\t\t<section class=\"elementor-section elementor-top-section elementor-element elementor-element-206c266 elementor-section-boxed elementor-section-height-default elementor-section-height-default\" data-id=\"206c266\" data-element_type=\"section\" data-e-type=\"section\">\n\t\t\t\t\t\t<div class=\"elementor-container elementor-column-gap-default\">\n\t\t\t\t\t<div class=\"elementor-column elementor-col-100 elementor-top-column elementor-element elementor-element-0d2f3b8\" data-id=\"0d2f3b8\" data-element_type=\"column\" data-e-type=\"column\">\n\t\t\t<div class=\"elementor-widget-wrap elementor-element-populated\">\n\t\t\t\t\t\t<section class=\"elementor-section elementor-inner-section elementor-element elementor-element-dbda755 elementor-section-boxed elementor-section-height-default elementor-section-height-default\" data-id=\"dbda755\" data-element_type=\"section\" data-e-type=\"section\">\n\t\t\t\t\t\t<div class=\"elementor-container elementor-column-gap-default\">\n\t\t\t\t\t<div class=\"elementor-column elementor-col-50 elementor-inner-column elementor-element elementor-element-fe8424b\" data-id=\"fe8424b\" data-element_type=\"column\" data-e-type=\"column\">\n\t\t\t<div class=\"elementor-widget-wrap elementor-element-populated\">\n\t\t\t\t\t\t<div class=\"elementor-element elementor-element-b07a0f4 elementor-widget elementor-widget-heading\" data-id=\"b07a0f4\" data-element_type=\"widget\" data-e-type=\"widget\" data-widget_type=\"heading.default\">\n\t\t\t\t<div class=\"elementor-widget-container\">\n\t\t\t\t\t<h2 class=\"elementor-heading-title elementor-size-default\">Pr\u00e9sentation de l'ERP<\/h2>\t\t\t\t<\/div>\n\t\t\t\t<\/div>\n\t\t\t\t<div class=\"elementor-element elementor-element-4892c63 elementor-widget elementor-widget-text-editor\" data-id=\"4892c63\" data-element_type=\"widget\" data-e-type=\"widget\" data-widget_type=\"text-editor.default\">\n\t\t\t\t<div class=\"elementor-widget-container\">\n\t\t\t\t\t\t\t\t\t<p>Les syst\u00e8mes de planification des ressources de l'entreprise (ERP) sont des applications logicielles puissantes qui facilitent la gestion efficace des op\u00e9rations de l'entreprise. TCS Technologies propose des syst\u00e8mes ERP sp\u00e9cialement con\u00e7us pour int\u00e9grer les diff\u00e9rents aspects des op\u00e9rations d'une entreprise dans un syst\u00e8me unifi\u00e9. Cela comprend la finance, la comptabilit\u00e9, les ressources humaines, la gestion de la cha\u00eene d'approvisionnement, la gestion de la relation client, etc. L'importance des syst\u00e8mes ERP de TCS Technologies r\u00e9side dans leur capacit\u00e9 \u00e0 fournir une vue d'ensemble des processus et des donn\u00e9es de l'entreprise dans toute sa structure. Cela permet aux entreprises de prendre des d\u00e9cisions \u00e9clair\u00e9es sur la base de donn\u00e9es et d'informations en temps r\u00e9el. En outre, les syst\u00e8mes ERP de TCS Technologies automatisent les processus manuels, \u00e9liminent les doubles saisies de donn\u00e9es, rationalisent les op\u00e9rations, r\u00e9duisent les co\u00fbts et am\u00e9liorent l'efficacit\u00e9. Ils aident \u00e9galement les entreprises \u00e0 r\u00e9pondre aux exigences r\u00e9glementaires en fournissant des donn\u00e9es pr\u00e9cises et opportunes. En r\u00e9sum\u00e9, les syst\u00e8mes ERP de TCS Technologies sont indispensables aux entreprises qui cherchent \u00e0 optimiser leurs op\u00e9rations, \u00e0 accro\u00eetre leur efficacit\u00e9, \u00e0 r\u00e9duire leurs co\u00fbts et \u00e0 rester comp\u00e9titives dans le paysage commercial actuel, qui \u00e9volue rapidement.<\/p>\t\t\t\t\t\t\t\t<\/div>\n\t\t\t\t<\/div>\n\t\t\t\t\t<\/div>\n\t\t<\/div>\n\t\t\t\t<div class=\"elementor-column elementor-col-50 elementor-inner-column elementor-element elementor-element-0f2fd1d\" data-id=\"0f2fd1d\" data-element_type=\"column\" data-e-type=\"column\">\n\t\t\t<div class=\"elementor-widget-wrap elementor-element-populated\">\n\t\t\t\t\t\t<div class=\"elementor-element elementor-element-40404b1 elementor-widget elementor-widget-image\" data-id=\"40404b1\" data-element_type=\"widget\" data-e-type=\"widget\" data-widget_type=\"image.default\">\n\t\t\t\t<div class=\"elementor-widget-container\">\n\t\t\t\t\t\t\t\t\t\t\t\t\t\t\t<img fetchpriority=\"high\" decoding=\"async\" width=\"800\" height=\"588\" src=\"https:\/\/tcs-technology.com\/wp-content\/uploads\/2022\/03\/logo-2-1024x753.png\" class=\"attachment-large size-large wp-image-1053\" alt=\"\" srcset=\"https:\/\/tcs-technology.com\/wp-content\/uploads\/2022\/03\/logo-2-1024x753.png 1024w, https:\/\/tcs-technology.com\/wp-content\/uploads\/2022\/03\/logo-2-300x221.png 300w, https:\/\/tcs-technology.com\/wp-content\/uploads\/2022\/03\/logo-2-768x565.png 768w, https:\/\/tcs-technology.com\/wp-content\/uploads\/2022\/03\/logo-2-1536x1130.png 1536w, https:\/\/tcs-technology.com\/wp-content\/uploads\/2022\/03\/logo-2-2048x1507.png 2048w, https:\/\/tcs-technology.com\/wp-content\/uploads\/2022\/03\/logo-2-600x441.png 600w\" sizes=\"(max-width: 800px) 100vw, 800px\" \/>\t\t\t\t\t\t\t\t\t\t\t\t\t\t\t<\/div>\n\t\t\t\t<\/div>\n\t\t\t\t<div class=\"elementor-element elementor-element-8907c31 elementor-widget__width-initial elementor-widget elementor-widget-image\" data-id=\"8907c31\" data-element_type=\"widget\" data-e-type=\"widget\" data-widget_type=\"image.default\">\n\t\t\t\t<div class=\"elementor-widget-container\">\n\t\t\t\t\t\t\t\t\t\t\t\t\t\t\t<img decoding=\"async\" width=\"300\" height=\"169\" src=\"https:\/\/tcs-technology.com\/wp-content\/uploads\/2023\/06\/sage200-300x169.png\" class=\"attachment-medium size-medium wp-image-3089\" alt=\"\" srcset=\"https:\/\/tcs-technology.com\/wp-content\/uploads\/2023\/06\/sage200-300x169.png 300w, https:\/\/tcs-technology.com\/wp-content\/uploads\/2023\/06\/sage200-18x10.png 18w, https:\/\/tcs-technology.com\/wp-content\/uploads\/2023\/06\/sage200.png 455w\" sizes=\"(max-width: 300px) 100vw, 300px\" \/>\t\t\t\t\t\t\t\t\t\t\t\t\t\t\t<\/div>\n\t\t\t\t<\/div>\n\t\t\t\t<div class=\"elementor-element elementor-element-4e8c5e9 elementor-widget__width-initial elementor-widget elementor-widget-image\" data-id=\"4e8c5e9\" data-element_type=\"widget\" data-e-type=\"widget\" data-widget_type=\"image.default\">\n\t\t\t\t<div class=\"elementor-widget-container\">\n\t\t\t\t\t\t\t\t\t\t\t\t\t\t\t<img decoding=\"async\" width=\"300\" height=\"118\" src=\"https:\/\/tcs-technology.com\/wp-content\/uploads\/2023\/06\/sage-x3-black-01-300x118.png\" class=\"attachment-medium size-medium wp-image-3091\" alt=\"\" srcset=\"https:\/\/tcs-technology.com\/wp-content\/uploads\/2023\/06\/sage-x3-black-01-300x118.png 300w, https:\/\/tcs-technology.com\/wp-content\/uploads\/2023\/06\/sage-x3-black-01-1024x403.png 1024w, https:\/\/tcs-technology.com\/wp-content\/uploads\/2023\/06\/sage-x3-black-01-768x303.png 768w, https:\/\/tcs-technology.com\/wp-content\/uploads\/2023\/06\/sage-x3-black-01-1536x605.png 1536w, https:\/\/tcs-technology.com\/wp-content\/uploads\/2023\/06\/sage-x3-black-01-2048x807.png 2048w, https:\/\/tcs-technology.com\/wp-content\/uploads\/2023\/06\/sage-x3-black-01-18x7.png 18w\" sizes=\"(max-width: 300px) 100vw, 300px\" \/>\t\t\t\t\t\t\t\t\t\t\t\t\t\t\t<\/div>\n\t\t\t\t<\/div>\n\t\t\t\t\t<\/div>\n\t\t<\/div>\n\t\t\t\t\t<\/div>\n\t\t<\/section>\n\t\t\t\t<div class=\"elementor-element elementor-element-ef21e5d elementor-widget elementor-widget-heading\" data-id=\"ef21e5d\" data-element_type=\"widget\" data-e-type=\"widget\" data-widget_type=\"heading.default\">\n\t\t\t\t<div class=\"elementor-widget-container\">\n\t\t\t\t\t<h2 class=\"elementor-heading-title elementor-size-default\">Solutions et services Sage<\/h2>\t\t\t\t<\/div>\n\t\t\t\t<\/div>\n\t\t\t\t<div class=\"elementor-element elementor-element-186a306 elementor-widget elementor-widget-text-editor\" data-id=\"186a306\" data-element_type=\"widget\" data-e-type=\"widget\" data-widget_type=\"text-editor.default\">\n\t\t\t\t<div class=\"elementor-widget-container\">\n\t\t\t\t\t\t\t\t\t<p>TCS Technologies propose une large gamme de solutions et de services con\u00e7us pour aider les entreprises \u00e0 g\u00e9rer efficacement leurs activit\u00e9s. Parmi ces offres figurent les solutions Sage, qui int\u00e8grent les diff\u00e9rents aspects des op\u00e9rations d'une entreprise dans un syst\u00e8me unifi\u00e9. Cela comprend la finance, la comptabilit\u00e9, les ressources humaines, la gestion de la cha\u00eene d'approvisionnement, la gestion des relations avec les clients, etc. En outre, TCS Technologies propose des logiciels d'automatisation des services professionnels (PSA) con\u00e7us pour les entreprises de services, notamment les soci\u00e9t\u00e9s de conseil, les agences de marketing, les soci\u00e9t\u00e9s d'ing\u00e9nierie, les cabinets d'architectes et d'autres prestataires de services. En outre, TCS Technologies propose des mod\u00e8les de plans d'affaires sp\u00e9cialement con\u00e7us pour les entreprises de services professionnels. D'innombrables entreprises ont d\u00e9j\u00e0 choisi les solutions Sage de TCS Technologies pour am\u00e9liorer leur productivit\u00e9, gagner du temps et augmenter leur chiffre d'affaires.<\/p>\t\t\t\t\t\t\t\t<\/div>\n\t\t\t\t<\/div>\n\t\t\t\t<div class=\"elementor-element elementor-element-ceeb7d3 elementor-widget elementor-widget-heading\" data-id=\"ceeb7d3\" data-element_type=\"widget\" data-e-type=\"widget\" data-widget_type=\"heading.default\">\n\t\t\t\t<div class=\"elementor-widget-container\">\n\t\t\t\t\t<h6 class=\"elementor-heading-title elementor-size-default\"><a href=\"https:\/\/tcs-technology.com\/fr\/sage\/\">En savoir plus<\/a><\/h6>\t\t\t\t<\/div>\n\t\t\t\t<\/div>\n\t\t\t\t<div class=\"elementor-element elementor-element-748af19 elementor-widget elementor-widget-heading\" data-id=\"748af19\" data-element_type=\"widget\" data-e-type=\"widget\" data-widget_type=\"heading.default\">\n\t\t\t\t<div class=\"elementor-widget-container\">\n\t\t\t\t\t<h2 class=\"elementor-heading-title elementor-size-default\">ZOHO CRM et Salesforce<\/h2>\t\t\t\t<\/div>\n\t\t\t\t<\/div>\n\t\t\t\t<div class=\"elementor-element elementor-element-9fcd38e elementor-widget elementor-widget-text-editor\" data-id=\"9fcd38e\" data-element_type=\"widget\" data-e-type=\"widget\" data-widget_type=\"text-editor.default\">\n\t\t\t\t<div class=\"elementor-widget-container\">\n\t\t\t\t\t\t\t\t\t<p>Outre les services susmentionn\u00e9s, TCS Technologies propose \u00e9galement des services d'int\u00e9gration pour Zoho, une suite logicielle bas\u00e9e sur le cloud qui englobe diverses applications commerciales et de productivit\u00e9. La suite Zoho comprend des applications de gestion de la relation client, de comptabilit\u00e9, de ressources humaines, de gestion de projet, etc. Con\u00e7us pour am\u00e9liorer l'efficacit\u00e9 op\u00e9rationnelle, les produits Zoho s'adressent aux entreprises de toutes tailles. TCS Technologies est r\u00e9put\u00e9 pour fournir des solutions logicielles conviviales, rentables et flexibles, ce qui en fait un choix id\u00e9al pour les entreprises \u00e0 la recherche d'une gestion op\u00e9rationnelle compl\u00e8te.<\/p>\t\t\t\t\t\t\t\t<\/div>\n\t\t\t\t<\/div>\n\t\t\t\t\t<\/div>\n\t\t<\/div>\n\t\t\t\t\t<\/div>\n\t\t<\/section>\n\t\t\t\t<section class=\"elementor-section elementor-top-section elementor-element elementor-element-84cc556 elementor-section-boxed elementor-section-height-default elementor-section-height-default\" data-id=\"84cc556\" data-element_type=\"section\" data-e-type=\"section\">\n\t\t\t\t\t\t<div class=\"elementor-container elementor-column-gap-default\">\n\t\t\t\t\t<div class=\"elementor-column elementor-col-100 elementor-top-column elementor-element elementor-element-b2376ff\" data-id=\"b2376ff\" data-element_type=\"column\" data-e-type=\"column\">\n\t\t\t<div class=\"elementor-widget-wrap elementor-element-populated\">\n\t\t\t\t\t\t<div class=\"elementor-element elementor-element-927d98e elementor-widget elementor-widget-heading\" data-id=\"927d98e\" data-element_type=\"widget\" data-e-type=\"widget\" data-widget_type=\"heading.default\">\n\t\t\t\t<div class=\"elementor-widget-container\">\n\t\t\t\t\t<h6 class=\"elementor-heading-title elementor-size-default\"><a href=\"https:\/\/tcs-technology.com\/fr\/zoho-salesforce\/\">En savoir plus<\/a><\/h6>\t\t\t\t<\/div>\n\t\t\t\t<\/div>\n\t\t\t\t\t<\/div>\n\t\t<\/div>\n\t\t\t\t\t<\/div>\n\t\t<\/section>\n\t\t\t\t<section class=\"elementor-section elementor-top-section elementor-element elementor-element-ab1ff01 elementor-section-boxed elementor-section-height-default elementor-section-height-default\" data-id=\"ab1ff01\" data-element_type=\"section\" data-e-type=\"section\">\n\t\t\t\t\t\t<div class=\"elementor-container elementor-column-gap-default\">\n\t\t\t\t\t<div class=\"elementor-column elementor-col-100 elementor-top-column elementor-element elementor-element-3a640a1\" data-id=\"3a640a1\" data-element_type=\"column\" data-e-type=\"column\">\n\t\t\t<div class=\"elementor-widget-wrap elementor-element-populated\">\n\t\t\t\t\t\t<div class=\"elementor-element elementor-element-712173a elementor-widget elementor-widget-image-carousel\" data-id=\"712173a\" data-element_type=\"widget\" data-e-type=\"widget\" data-settings=\"{&quot;slides_to_show&quot;:&quot;6&quot;,&quot;navigation&quot;:&quot;none&quot;,&quot;image_spacing_custom&quot;:{&quot;unit&quot;:&quot;px&quot;,&quot;size&quot;:0,&quot;sizes&quot;:[]},&quot;autoplay&quot;:&quot;yes&quot;,&quot;pause_on_hover&quot;:&quot;yes&quot;,&quot;pause_on_interaction&quot;:&quot;yes&quot;,&quot;autoplay_speed&quot;:5000,&quot;infinite&quot;:&quot;yes&quot;,&quot;speed&quot;:500,&quot;image_spacing_custom_tablet&quot;:{&quot;unit&quot;:&quot;px&quot;,&quot;size&quot;:&quot;&quot;,&quot;sizes&quot;:[]},&quot;image_spacing_custom_mobile&quot;:{&quot;unit&quot;:&quot;px&quot;,&quot;size&quot;:&quot;&quot;,&quot;sizes&quot;:[]}}\" data-widget_type=\"image-carousel.default\">\n\t\t\t\t<div class=\"elementor-widget-container\">\n\t\t\t\t\t\t\t<div class=\"elementor-image-carousel-wrapper swiper\" role=\"region\" aria-roledescription=\"carousel\" aria-label=\"Carrousel d&#039;images\" dir=\"ltr\">\n\t\t\t<div class=\"elementor-image-carousel swiper-wrapper\" aria-live=\"off\">\n\t\t\t\t\t\t\t\t<div class=\"swiper-slide\" role=\"group\" aria-roledescription=\"slide\" aria-label=\"1 de 7\"><figure class=\"swiper-slide-inner\"><img decoding=\"async\" class=\"swiper-slide-image\" src=\"https:\/\/tcs-technology.com\/wp-content\/uploads\/2023\/06\/salesforce-300x126.png\" alt=\"salesforce\" \/><\/figure><\/div><div class=\"swiper-slide\" role=\"group\" aria-roledescription=\"slide\" aria-label=\"2 de 7\"><figure class=\"swiper-slide-inner\"><img decoding=\"async\" class=\"swiper-slide-image\" src=\"https:\/\/tcs-technology.com\/wp-content\/uploads\/2023\/06\/sage-x3-black-01-300x118.png\" alt=\"sage-x3-black-01\" \/><\/figure><\/div><div class=\"swiper-slide\" role=\"group\" aria-roledescription=\"slide\" aria-label=\"3 de 7\"><figure class=\"swiper-slide-inner\"><img decoding=\"async\" class=\"swiper-slide-image\" src=\"https:\/\/tcs-technology.com\/wp-content\/uploads\/2023\/06\/sage200-300x169.png\" alt=\"sage200\" \/><\/figure><\/div><div class=\"swiper-slide\" role=\"group\" aria-roledescription=\"slide\" aria-label=\"4 de 7\"><figure class=\"swiper-slide-inner\"><img decoding=\"async\" class=\"swiper-slide-image\" src=\"https:\/\/tcs-technology.com\/wp-content\/uploads\/2023\/06\/Zoho-01-01-300x118.png\" alt=\"Zoho-01-01\" \/><\/figure><\/div><div class=\"swiper-slide\" role=\"group\" aria-roledescription=\"slide\" aria-label=\"5 de 7\"><figure class=\"swiper-slide-inner\"><img decoding=\"async\" class=\"swiper-slide-image\" src=\"https:\/\/tcs-technology.com\/wp-content\/uploads\/2023\/06\/sage-300x168.jpg\" alt=\"sage\" \/><\/figure><\/div><div class=\"swiper-slide\" role=\"group\" aria-roledescription=\"slide\" aria-label=\"6 de 7\"><figure class=\"swiper-slide-inner\"><img decoding=\"async\" class=\"swiper-slide-image\" src=\"https:\/\/tcs-technology.com\/wp-content\/uploads\/2023\/06\/SagerIntacct-Logo-57e6-8eeb.jpg\" alt=\"SagerIntacct-Logo-57e6-8eeb\" \/><\/figure><\/div><div class=\"swiper-slide\" role=\"group\" aria-roledescription=\"slide\" aria-label=\"7 de 7\"><figure class=\"swiper-slide-inner\"><img decoding=\"async\" class=\"swiper-slide-image\" src=\"https:\/\/tcs-technology.com\/wp-content\/uploads\/2023\/06\/sage200c-logo-300x75.png\" alt=\"sage200c-logo\" \/><\/figure><\/div>\t\t\t<\/div>\n\t\t\t\t\t\t\t\n\t\t\t\t\t\t\t\t\t<\/div>\n\t\t\t\t\t\t<\/div>\n\t\t\t\t<\/div>\n\t\t\t\t\t<\/div>\n\t\t<\/div>\n\t\t\t\t\t<\/div>\n\t\t<\/section>\n\t\t\t\t<\/div>","protected":false},"excerpt":{"rendered":"<p>Planification des ressources de l'entreprise (ERP) Accueil &gt; Services &gt; ERP Pr\u00e9sentation de l'ERP Les syst\u00e8mes de planification des ressources de l'entreprise (ERP) sont des applications logicielles puissantes qui facilitent la gestion efficace des op\u00e9rations de l'entreprise. TCS Technologies propose des syst\u00e8mes ERP sp\u00e9cialement con\u00e7us pour int\u00e9grer les diff\u00e9rents aspects des op\u00e9rations d'une entreprise dans un syst\u00e8me unifi\u00e9. Cela comprend la finance, la comptabilit\u00e9, les ressources humaines, l'approvisionnement [...]<\/p>","protected":false},"author":1,"featured_media":0,"parent":0,"menu_order":0,"comment_status":"closed","ping_status":"closed","template":"","meta":{"footnotes":""},"class_list":["post-3006","page","type-page","status-publish","hentry"],"yoast_head":"<!-- This site is optimized with the Yoast SEO plugin v20.5 - https:\/\/yoast.com\/wordpress\/plugins\/seo\/ -->\n<title>ERP - TCS Technology AG<\/title>\n<meta name=\"robots\" content=\"index, follow, max-snippet:-1, max-image-preview:large, max-video-preview:-1\" \/>\n<link rel=\"canonical\" href=\"https:\/\/tcs-technology.com\/fr\/erp\/\" \/>\n<meta property=\"og:locale\" content=\"fr_FR\" \/>\n<meta property=\"og:type\" content=\"article\" \/>\n<meta property=\"og:title\" content=\"ERP - TCS Technology AG\" \/>\n<meta property=\"og:description\" content=\"Enterprise Resource Planner (ERP) Home &gt; Services &gt; ERP Introducing ERP Enterprise Resource Planning (ERP) systems are powerful software applications that facilitate efficient management of business operations. TCS Technologies offers ERP systems that are specifically designed to integrate various aspects of a company&#8217;s operations into a unified system. This includes finance, accounting, human resources, supply [&hellip;]\" \/>\n<meta property=\"og:url\" content=\"https:\/\/tcs-technology.com\/fr\/erp\/\" \/>\n<meta property=\"og:site_name\" content=\"TCS Technology AG\" \/>\n<meta property=\"article:modified_time\" content=\"2023-06-23T16:36:38+00:00\" \/>\n<meta property=\"og:image\" content=\"https:\/\/tcs-technology.com\/wp-content\/uploads\/2022\/03\/logo-2-1024x753.png\" \/>\n<meta name=\"twitter:card\" content=\"summary_large_image\" \/>\n<meta name=\"twitter:label1\" content=\"Dur\u00e9e de lecture estim\u00e9e\" \/>\n\t<meta name=\"twitter:data1\" content=\"2 minutes\" \/>\n<script type=\"application\/ld+json\" class=\"yoast-schema-graph\">{\"@context\":\"https:\/\/schema.org\",\"@graph\":[{\"@type\":\"WebPage\",\"@id\":\"https:\/\/tcs-technology.com\/erp\/\",\"url\":\"https:\/\/tcs-technology.com\/erp\/\",\"name\":\"ERP - TCS Technology AG\",\"isPartOf\":{\"@id\":\"https:\/\/tcs-technology.com\/#website\"},\"datePublished\":\"2023-06-19T12:40:14+00:00\",\"dateModified\":\"2023-06-23T16:36:38+00:00\",\"breadcrumb\":{\"@id\":\"https:\/\/tcs-technology.com\/erp\/#breadcrumb\"},\"inLanguage\":\"fr-FR\",\"potentialAction\":[{\"@type\":\"ReadAction\",\"target\":[\"https:\/\/tcs-technology.com\/erp\/\"]}]},{\"@type\":\"BreadcrumbList\",\"@id\":\"https:\/\/tcs-technology.com\/erp\/#breadcrumb\",\"itemListElement\":[{\"@type\":\"ListItem\",\"position\":1,\"name\":\"Home\",\"item\":\"https:\/\/tcs-technology.com\/\"},{\"@type\":\"ListItem\",\"position\":2,\"name\":\"ERP\"}]},{\"@type\":\"WebSite\",\"@id\":\"https:\/\/tcs-technology.com\/#website\",\"url\":\"https:\/\/tcs-technology.com\/\",\"name\":\"TCS Technology AG\",\"description\":\"We provide cutting-edge SaaS solutions for organizations in Switzerland and around the world with a focus on performance, security, and sustainability.\",\"publisher\":{\"@id\":\"https:\/\/tcs-technology.com\/#organization\"},\"potentialAction\":[{\"@type\":\"SearchAction\",\"target\":{\"@type\":\"EntryPoint\",\"urlTemplate\":\"https:\/\/tcs-technology.com\/?s={search_term_string}\"},\"query-input\":\"required name=search_term_string\"}],\"inLanguage\":\"fr-FR\"},{\"@type\":\"Organization\",\"@id\":\"https:\/\/tcs-technology.com\/#organization\",\"name\":\"TCS Technology AG\",\"url\":\"https:\/\/tcs-technology.com\/\",\"logo\":{\"@type\":\"ImageObject\",\"inLanguage\":\"fr-FR\",\"@id\":\"https:\/\/tcs-technology.com\/#\/schema\/logo\/image\/\",\"url\":\"https:\/\/tcs-technology.com\/wp-content\/uploads\/2022\/03\/logo-2.png\",\"contentUrl\":\"https:\/\/tcs-technology.com\/wp-content\/uploads\/2022\/03\/logo-2.png\",\"width\":8334,\"height\":6131,\"caption\":\"TCS Technology AG\"},\"image\":{\"@id\":\"https:\/\/tcs-technology.com\/#\/schema\/logo\/image\/\"}}]}<\/script>\n<!-- \/ Yoast SEO plugin. -->","yoast_head_json":{"title":"ERP - TCS Technology AG","robots":{"index":"index","follow":"follow","max-snippet":"max-snippet:-1","max-image-preview":"max-image-preview:large","max-video-preview":"max-video-preview:-1"},"canonical":"https:\/\/tcs-technology.com\/fr\/erp\/","og_locale":"fr_FR","og_type":"article","og_title":"ERP - TCS Technology AG","og_description":"Enterprise Resource Planner (ERP) Home > Services > ERP Introducing ERP Enterprise Resource Planning (ERP) systems are powerful software applications that facilitate efficient management of business operations. TCS Technologies offers ERP systems that are specifically designed to integrate various aspects of a company&#8217;s operations into a unified system. This includes finance, accounting, human resources, supply [&hellip;]","og_url":"https:\/\/tcs-technology.com\/fr\/erp\/","og_site_name":"TCS Technology AG","article_modified_time":"2023-06-23T16:36:38+00:00","og_image":[{"url":"https:\/\/tcs-technology.com\/wp-content\/uploads\/2022\/03\/logo-2-1024x753.png"}],"twitter_card":"summary_large_image","twitter_misc":{"Dur\u00e9e de lecture estim\u00e9e":"2 minutes"},"schema":{"@context":"https:\/\/schema.org","@graph":[{"@type":"WebPage","@id":"https:\/\/tcs-technology.com\/erp\/","url":"https:\/\/tcs-technology.com\/erp\/","name":"ERP - TCS Technology AG","isPartOf":{"@id":"https:\/\/tcs-technology.com\/#website"},"datePublished":"2023-06-19T12:40:14+00:00","dateModified":"2023-06-23T16:36:38+00:00","breadcrumb":{"@id":"https:\/\/tcs-technology.com\/erp\/#breadcrumb"},"inLanguage":"fr-FR","potentialAction":[{"@type":"ReadAction","target":["https:\/\/tcs-technology.com\/erp\/"]}]},{"@type":"BreadcrumbList","@id":"https:\/\/tcs-technology.com\/erp\/#breadcrumb","itemListElement":[{"@type":"ListItem","position":1,"name":"Home","item":"https:\/\/tcs-technology.com\/"},{"@type":"ListItem","position":2,"name":"ERP"}]},{"@type":"WebSite","@id":"https:\/\/tcs-technology.com\/#website","url":"https:\/\/tcs-technology.com\/","name":"TCS Technology AG","description":"We provide cutting-edge SaaS solutions for organizations in Switzerland and around the world with a focus on performance, security, and sustainability.","publisher":{"@id":"https:\/\/tcs-technology.com\/#organization"},"potentialAction":[{"@type":"SearchAction","target":{"@type":"EntryPoint","urlTemplate":"https:\/\/tcs-technology.com\/?s={search_term_string}"},"query-input":"required name=search_term_string"}],"inLanguage":"fr-FR"},{"@type":"Organization","@id":"https:\/\/tcs-technology.com\/#organization","name":"TCS Technology AG","url":"https:\/\/tcs-technology.com\/","logo":{"@type":"ImageObject","inLanguage":"fr-FR","@id":"https:\/\/tcs-technology.com\/#\/schema\/logo\/image\/","url":"https:\/\/tcs-technology.com\/wp-content\/uploads\/2022\/03\/logo-2.png","contentUrl":"https:\/\/tcs-technology.com\/wp-content\/uploads\/2022\/03\/logo-2.png","width":8334,"height":6131,"caption":"TCS Technology AG"},"image":{"@id":"https:\/\/tcs-technology.com\/#\/schema\/logo\/image\/"}}]}},"_links":{"self":[{"href":"https:\/\/tcs-technology.com\/fr\/wp-json\/wp\/v2\/pages\/3006","targetHints":{"allow":["GET"]}}],"collection":[{"href":"https:\/\/tcs-technology.com\/fr\/wp-json\/wp\/v2\/pages"}],"about":[{"href":"https:\/\/tcs-technology.com\/fr\/wp-json\/wp\/v2\/types\/page"}],"author":[{"embeddable":true,"href":"https:\/\/tcs-technology.com\/fr\/wp-json\/wp\/v2\/users\/1"}],"replies":[{"embeddable":true,"href":"https:\/\/tcs-technology.com\/fr\/wp-json\/wp\/v2\/comments?post=3006"}],"version-history":[{"count":56,"href":"https:\/\/tcs-technology.com\/fr\/wp-json\/wp\/v2\/pages\/3006\/revisions"}],"predecessor-version":[{"id":3260,"href":"https:\/\/tcs-technology.com\/fr\/wp-json\/wp\/v2\/pages\/3006\/revisions\/3260"}],"wp:attachment":[{"href":"https:\/\/tcs-technology.com\/fr\/wp-json\/wp\/v2\/media?parent=3006"}],"curies":[{"name":"wp","href":"https:\/\/api.w.org\/{rel}","templated":true}]}}