{"id":1591,"date":"2022-04-05T08:35:20","date_gmt":"2022-04-05T06:35:20","guid":{"rendered":"https:\/\/tcs-technology.com\/?page_id=1591"},"modified":"2023-06-23T19:14:34","modified_gmt":"2023-06-23T17:14:34","slug":"transport-and-logistics","status":"publish","type":"page","link":"https:\/\/tcs-technology.com\/fr\/verticals\/transport-and-logistics\/","title":{"rendered":"Transport et logistique"},"content":{"rendered":"<div data-elementor-type=\"wp-page\" data-elementor-id=\"1591\" class=\"elementor elementor-1591\">\n\t\t\t\t\t\t<section class=\"elementor-section elementor-top-section elementor-element elementor-element-efc7e21 elementor-section-boxed elementor-section-height-default elementor-section-height-default\" data-id=\"efc7e21\" data-element_type=\"section\" data-e-type=\"section\" data-settings=\"{&quot;background_background&quot;:&quot;classic&quot;}\">\n\t\t\t\t\t\t<div class=\"elementor-container elementor-column-gap-default\">\n\t\t\t\t\t<div class=\"elementor-column elementor-col-100 elementor-top-column elementor-element elementor-element-c1c01eb\" data-id=\"c1c01eb\" data-element_type=\"column\" data-e-type=\"column\">\n\t\t\t<div class=\"elementor-widget-wrap elementor-element-populated\">\n\t\t\t\t\t\t<div class=\"elementor-element elementor-element-40be5f4 elementor-align-center elementor-widget elementor-widget-breadcrumbs\" data-id=\"40be5f4\" data-element_type=\"widget\" data-e-type=\"widget\" data-widget_type=\"breadcrumbs.default\">\n\t\t\t\t<div class=\"elementor-widget-container\">\n\t\t\t\t\t<p id=\"breadcrumbs\"><span><span><a href=\"https:\/\/tcs-technology.com\/fr\/\">Accueil<\/a><\/span><\/span><\/p>\t\t\t\t<\/div>\n\t\t\t\t<\/div>\n\t\t\t\t\t<\/div>\n\t\t<\/div>\n\t\t\t\t\t<\/div>\n\t\t<\/section>\n\t\t\t\t<section class=\"elementor-section elementor-top-section elementor-element elementor-element-619f89c elementor-section-boxed elementor-section-height-default elementor-section-height-default\" data-id=\"619f89c\" data-element_type=\"section\" data-e-type=\"section\">\n\t\t\t\t\t\t<div class=\"elementor-container elementor-column-gap-default\">\n\t\t\t\t\t<div class=\"elementor-column elementor-col-100 elementor-top-column elementor-element elementor-element-f660599\" data-id=\"f660599\" data-element_type=\"column\" data-e-type=\"column\">\n\t\t\t<div class=\"elementor-widget-wrap elementor-element-populated\">\n\t\t\t\t\t\t<div class=\"elementor-element elementor-element-5d430f9 elementor-widget elementor-widget-image\" data-id=\"5d430f9\" data-element_type=\"widget\" data-e-type=\"widget\" data-widget_type=\"image.default\">\n\t\t\t\t<div class=\"elementor-widget-container\">\n\t\t\t\t\t\t\t\t\t\t\t\t\t\t\t<img fetchpriority=\"high\" decoding=\"async\" width=\"1200\" height=\"600\" src=\"https:\/\/tcs-technology.com\/wp-content\/uploads\/2022\/04\/Transport-and-Logistics-banner.jpg\" class=\"attachment-full size-full wp-image-2568\" alt=\"Transport and Logistics banner\" \/>\t\t\t\t\t\t\t\t\t\t\t\t\t\t\t<\/div>\n\t\t\t\t<\/div>\n\t\t\t\t<div class=\"elementor-element elementor-element-be1b2a2 elementor-widget elementor-widget-heading\" data-id=\"be1b2a2\" data-element_type=\"widget\" data-e-type=\"widget\" data-widget_type=\"heading.default\">\n\t\t\t\t<div class=\"elementor-widget-container\">\n\t\t\t\t\t<h2 class=\"elementor-heading-title elementor-size-default\">Transport et logistique<\/h2>\t\t\t\t<\/div>\n\t\t\t\t<\/div>\n\t\t\t\t<div class=\"elementor-element elementor-element-da497ec elementor-widget elementor-widget-text-editor\" data-id=\"da497ec\" data-element_type=\"widget\" data-e-type=\"widget\" data-widget_type=\"text-editor.default\">\n\t\t\t\t<div class=\"elementor-widget-container\">\n\t\t\t\t\t\t\t\t\t<p>Am\u00e9liorer la s\u00e9curit\u00e9 et accro\u00eetre la rapidit\u00e9 et la flexibilit\u00e9 des processus en mettant en place une cha\u00eene logistique de transport intelligente et num\u00e9rique.<\/p><p>Alors que le secteur du transport et de la logistique se remet progressivement des cons\u00e9quences de la pand\u00e9mie de COVID-19, il est confront\u00e9 \u00e0 une concurrence accrue et \u00e0 des marges b\u00e9n\u00e9ficiaires plus \u00e9troites.<\/p><p>Dans un environnement aussi difficile, la transformation num\u00e9rique devient cruciale pour rester comp\u00e9titif et s'adapter \u00e0 l'\u00e9volution du paysage. Il est essentiel de donner la priorit\u00e9 \u00e0 la vitesse, \u00e0 la pr\u00e9cision et \u00e0 l'efficacit\u00e9 et de les maximiser, et la technologie et l'automatisation sont des outils cl\u00e9s pour y parvenir. En outre, la nature interconnect\u00e9e de la gestion de la cha\u00eene d'approvisionnement signifie que divers aspects de l'industrie peuvent b\u00e9n\u00e9ficier des avanc\u00e9es num\u00e9riques.<\/p>\t\t\t\t\t\t\t\t<\/div>\n\t\t\t\t<\/div>\n\t\t\t\t\t<\/div>\n\t\t<\/div>\n\t\t\t\t\t<\/div>\n\t\t<\/section>\n\t\t\t\t<section class=\"elementor-section elementor-top-section elementor-element elementor-element-33d41dd elementor-section-boxed elementor-section-height-default elementor-section-height-default\" data-id=\"33d41dd\" data-element_type=\"section\" data-e-type=\"section\">\n\t\t\t\t\t\t<div class=\"elementor-container elementor-column-gap-default\">\n\t\t\t\t\t<div class=\"elementor-column elementor-col-50 elementor-top-column elementor-element elementor-element-da61742\" data-id=\"da61742\" data-element_type=\"column\" data-e-type=\"column\">\n\t\t\t<div class=\"elementor-widget-wrap elementor-element-populated\">\n\t\t\t\t\t\t<div class=\"elementor-element elementor-element-40efe75 elementor-widget elementor-widget-heading\" data-id=\"40efe75\" data-element_type=\"widget\" data-e-type=\"widget\" data-widget_type=\"heading.default\">\n\t\t\t\t<div class=\"elementor-widget-container\">\n\t\t\t\t\t<h3 class=\"elementor-heading-title elementor-size-default\">Adopter la transformation num\u00e9rique de la cha\u00eene d'approvisionnement<\/h3>\t\t\t\t<\/div>\n\t\t\t\t<\/div>\n\t\t\t\t<div class=\"elementor-element elementor-element-c62664b elementor-widget elementor-widget-text-editor\" data-id=\"c62664b\" data-element_type=\"widget\" data-e-type=\"widget\" data-widget_type=\"text-editor.default\">\n\t\t\t\t<div class=\"elementor-widget-container\">\n\t\t\t\t\t\t\t\t\t<p>Nous avons d\u00e9j\u00e0 mentionn\u00e9 que la rapidit\u00e9 et l'efficacit\u00e9 sont les deux moteurs de la r\u00e9ussite dans le domaine du transport et de la logistique. Voici quelques changements num\u00e9riques que vous devriez chercher \u00e0 adopter :<\/p>\t\t\t\t\t\t\t\t<\/div>\n\t\t\t\t<\/div>\n\t\t\t\t<div class=\"elementor-element elementor-element-28ae235 srvc elementor-icon-list--layout-traditional elementor-list-item-link-full_width elementor-widget elementor-widget-icon-list\" data-id=\"28ae235\" data-element_type=\"widget\" data-e-type=\"widget\" data-widget_type=\"icon-list.default\">\n\t\t\t\t<div class=\"elementor-widget-container\">\n\t\t\t\t\t\t\t<ul class=\"elementor-icon-list-items\">\n\t\t\t\t\t\t\t<li class=\"elementor-icon-list-item\">\n\t\t\t\t\t\t\t\t\t\t\t<span class=\"elementor-icon-list-icon\">\n\t\t\t\t\t\t\t<i aria-hidden=\"true\" class=\"fas fa-check-circle\"><\/i>\t\t\t\t\t\t<\/span>\n\t\t\t\t\t\t\t\t\t\t<span class=\"elementor-icon-list-text\">Utiliser les donn\u00e9es issues de l'Internet des objets, du Big Data et du Cloud pour mieux conna\u00eetre les besoins, les lieux et les attentes des clients.<\/span>\n\t\t\t\t\t\t\t\t\t<\/li>\n\t\t\t\t\t\t\t\t<li class=\"elementor-icon-list-item\">\n\t\t\t\t\t\t\t\t\t\t\t<span class=\"elementor-icon-list-icon\">\n\t\t\t\t\t\t\t<i aria-hidden=\"true\" class=\"fas fa-check-circle\"><\/i>\t\t\t\t\t\t<\/span>\n\t\t\t\t\t\t\t\t\t\t<span class=\"elementor-icon-list-text\">Fournir des mises \u00e0 jour en temps r\u00e9el sur les sites web et les applications pour tenir les clients inform\u00e9s des situations de voyage, de transport, de logistique et de suivi.<\/span>\n\t\t\t\t\t\t\t\t\t<\/li>\n\t\t\t\t\t\t\t\t<li class=\"elementor-icon-list-item\">\n\t\t\t\t\t\t\t\t\t\t\t<span class=\"elementor-icon-list-icon\">\n\t\t\t\t\t\t\t<i aria-hidden=\"true\" class=\"fas fa-check-circle\"><\/i>\t\t\t\t\t\t<\/span>\n\t\t\t\t\t\t\t\t\t\t<span class=\"elementor-icon-list-text\">Renforcer la s\u00e9curit\u00e9 des donn\u00e9es pour prot\u00e9ger la cha\u00eene d'approvisionnement num\u00e9rique des transports<\/span>\n\t\t\t\t\t\t\t\t\t<\/li>\n\t\t\t\t\t\t\t\t<li class=\"elementor-icon-list-item\">\n\t\t\t\t\t\t\t\t\t\t\t<span class=\"elementor-icon-list-icon\">\n\t\t\t\t\t\t\t<i aria-hidden=\"true\" class=\"fas fa-check-circle\"><\/i>\t\t\t\t\t\t<\/span>\n\t\t\t\t\t\t\t\t\t\t<span class=\"elementor-icon-list-text\">Mettre en \u0153uvre l'authentification, les syst\u00e8mes biom\u00e9triques et les technologies intelligentes pour le suivi des actifs afin d'assurer \u00e0 la fois la rapidit\u00e9 et la s\u00e9curit\u00e9 des marchandises.<\/span>\n\t\t\t\t\t\t\t\t\t<\/li>\n\t\t\t\t\t\t<\/ul>\n\t\t\t\t\t\t<\/div>\n\t\t\t\t<\/div>\n\t\t\t\t\t<\/div>\n\t\t<\/div>\n\t\t\t\t<div class=\"elementor-column elementor-col-50 elementor-top-column elementor-element elementor-element-4050875\" data-id=\"4050875\" data-element_type=\"column\" data-e-type=\"column\">\n\t\t\t<div class=\"elementor-widget-wrap elementor-element-populated\">\n\t\t\t\t\t\t<div class=\"elementor-element elementor-element-e44c4f1 elementor-widget elementor-widget-image\" data-id=\"e44c4f1\" data-element_type=\"widget\" data-e-type=\"widget\" data-widget_type=\"image.default\">\n\t\t\t\t<div class=\"elementor-widget-container\">\n\t\t\t\t\t\t\t\t\t\t\t\t\t\t\t<img decoding=\"async\" width=\"640\" height=\"760\" src=\"https:\/\/tcs-technology.com\/wp-content\/uploads\/2022\/04\/Transport-and-Logistics.jpg\" class=\"attachment-large size-large wp-image-2555\" alt=\"Transport and Logistics\" \/>\t\t\t\t\t\t\t\t\t\t\t\t\t\t\t<\/div>\n\t\t\t\t<\/div>\n\t\t\t\t\t<\/div>\n\t\t<\/div>\n\t\t\t\t\t<\/div>\n\t\t<\/section>\n\t\t\t\t<section class=\"elementor-section elementor-top-section elementor-element elementor-element-b29ce29 elementor-section-boxed elementor-section-height-default elementor-section-height-default\" data-id=\"b29ce29\" data-element_type=\"section\" data-e-type=\"section\">\n\t\t\t\t\t\t<div class=\"elementor-container elementor-column-gap-default\">\n\t\t\t\t\t<div class=\"elementor-column elementor-col-100 elementor-top-column elementor-element elementor-element-2652eaf\" data-id=\"2652eaf\" data-element_type=\"column\" data-e-type=\"column\">\n\t\t\t<div class=\"elementor-widget-wrap elementor-element-populated\">\n\t\t\t\t\t\t<div class=\"elementor-element elementor-element-48ca57b elementor-widget elementor-widget-text-editor\" data-id=\"48ca57b\" data-element_type=\"widget\" data-e-type=\"widget\" data-widget_type=\"text-editor.default\">\n\t\t\t\t<div class=\"elementor-widget-container\">\n\t\t\t\t\t\t\t\t\t<p>Les entreprises qui ma\u00eetrisent ces avanc\u00e9es num\u00e9riques perturbent le march\u00e9 et d\u00e9fient les acteurs \u00e9tablis. Les attentes des consommateurs \u00e9voluent rapidement et un service rapide et fiable est devenu essentiel. Les syst\u00e8mes intelligents et s\u00e9curis\u00e9s sont la voie \u00e0 suivre, et leur adoption est cruciale pour la survie de l'industrie du transport et de la logistique. Cependant, il est tout aussi important d'aborder l'aspect de la protection, car les risques et les perturbations de la cha\u00eene d'approvisionnement sont de plus en plus fr\u00e9quents dans cette r\u00e9volution num\u00e9rique. En adoptant des mod\u00e8les d'entreprise adaptatifs qui englobent une cha\u00eene d'approvisionnement num\u00e9ris\u00e9e, les entreprises peuvent \u00e9tablir des bases solides pour leur croissance future.<\/p>\t\t\t\t\t\t\t\t<\/div>\n\t\t\t\t<\/div>\n\t\t\t\t<div class=\"elementor-element elementor-element-b606d9b elementor-widget elementor-widget-heading\" data-id=\"b606d9b\" data-element_type=\"widget\" data-e-type=\"widget\" data-widget_type=\"heading.default\">\n\t\t\t\t<div class=\"elementor-widget-container\">\n\t\t\t\t\t<h3 class=\"elementor-heading-title elementor-size-default\">Solutions num\u00e9riques rationalis\u00e9es pour le transport et la logistique<\/h3>\t\t\t\t<\/div>\n\t\t\t\t<\/div>\n\t\t\t\t<div class=\"elementor-element elementor-element-9462bcd elementor-widget elementor-widget-text-editor\" data-id=\"9462bcd\" data-element_type=\"widget\" data-e-type=\"widget\" data-widget_type=\"text-editor.default\">\n\t\t\t\t<div class=\"elementor-widget-container\">\n\t\t\t\t\t\t\t\t\t<p>La rapidit\u00e9, l'efficacit\u00e9 et la pr\u00e9cision sont les facteurs qui motivent la n\u00e9cessit\u00e9 de la transformation num\u00e9rique dans le secteur du transport et de la logistique. L'adoption des technologies num\u00e9riques permet non seulement d'am\u00e9liorer la satisfaction des clients et de maintenir la comp\u00e9titivit\u00e9 des entreprises, mais elle s'av\u00e8re \u00e9galement rentable, plus profitable et permet de fournir des services \u00e0 plus forte valeur ajout\u00e9e sur le long terme.<\/p><p>Int\u00e9ress\u00e9 par des solutions de num\u00e9risation personnalis\u00e9es pour vos projets informatiques dans le domaine du transport et de la logistique ? \ud83d\udc4b <a href=\"https:\/\/tcs-technology.com\/fr\/contact\/\">Contactez notre \u00e9quipe d\u00e8s aujourd'hui<\/a> pour une consultation gratuite et sans engagement. Nous nous attachons \u00e0 comprendre vos besoins sp\u00e9cifiques et \u00e0 vous expliquer comment nos services peuvent vous aider, sans recourir \u00e0 la vente forc\u00e9e.<\/p>\t\t\t\t\t\t\t\t<\/div>\n\t\t\t\t<\/div>\n\t\t\t\t\t<\/div>\n\t\t<\/div>\n\t\t\t\t\t<\/div>\n\t\t<\/section>\n\t\t\t\t<\/div>","protected":false},"excerpt":{"rendered":"<p>Transport et logistique Am\u00e9liorer la s\u00e9curit\u00e9 et accro\u00eetre la rapidit\u00e9 et la flexibilit\u00e9 des processus en mettant en place une cha\u00eene d'approvisionnement intelligente et num\u00e9rique. Alors que le secteur du transport et de la logistique se remet progressivement des cons\u00e9quences de la pand\u00e9mie de COVID-19, il est confront\u00e9 \u00e0 une concurrence accrue et \u00e0 des marges b\u00e9n\u00e9ficiaires plus \u00e9troites. Dans un environnement aussi difficile, la transformation num\u00e9rique devient cruciale pour [...]<\/p>","protected":false},"author":1,"featured_media":0,"parent":681,"menu_order":0,"comment_status":"closed","ping_status":"closed","template":"elementor_header_footer","meta":{"footnotes":""},"class_list":["post-1591","page","type-page","status-publish","hentry"],"yoast_head":"<!-- This site is optimized with the Yoast SEO plugin v20.5 - https:\/\/yoast.com\/wordpress\/plugins\/seo\/ -->\n<title>Transport and Logistics - TCS Technology AG<\/title>\n<meta name=\"robots\" content=\"index, follow, max-snippet:-1, max-image-preview:large, max-video-preview:-1\" \/>\n<link rel=\"canonical\" href=\"https:\/\/tcs-technology.com\/fr\/verticals\/transport-and-logistics\/\" \/>\n<meta property=\"og:locale\" content=\"fr_FR\" \/>\n<meta property=\"og:type\" content=\"article\" \/>\n<meta property=\"og:title\" content=\"Transport and Logistics - TCS Technology AG\" \/>\n<meta property=\"og:description\" content=\"Transport and Logistics Improve security and enhance the speed and flexibility of processes by implementing a smart, digital transport supply chain. As the transport and logistics industry gradually recovers from the impacts of the COVID-19 pandemic, it is facing increased competition and tighter profit margins. In such a challenging environment, digital transformation becomes crucial to [&hellip;]\" \/>\n<meta property=\"og:url\" content=\"https:\/\/tcs-technology.com\/fr\/verticals\/transport-and-logistics\/\" \/>\n<meta property=\"og:site_name\" content=\"TCS Technology AG\" \/>\n<meta property=\"article:modified_time\" content=\"2023-06-23T17:14:34+00:00\" \/>\n<meta property=\"og:image\" content=\"https:\/\/tcs-technology.com\/wp-content\/uploads\/2022\/04\/Transport-and-Logistics-banner.jpg\" \/>\n<meta name=\"twitter:card\" content=\"summary_large_image\" \/>\n<meta name=\"twitter:label1\" content=\"Dur\u00e9e de lecture estim\u00e9e\" \/>\n\t<meta name=\"twitter:data1\" content=\"3 minutes\" \/>\n<script type=\"application\/ld+json\" class=\"yoast-schema-graph\">{\"@context\":\"https:\/\/schema.org\",\"@graph\":[{\"@type\":\"WebPage\",\"@id\":\"https:\/\/tcs-technology.com\/verticals\/transport-and-logistics\/\",\"url\":\"https:\/\/tcs-technology.com\/verticals\/transport-and-logistics\/\",\"name\":\"Transport and Logistics - TCS Technology AG\",\"isPartOf\":{\"@id\":\"https:\/\/tcs-technology.com\/#website\"},\"datePublished\":\"2022-04-05T06:35:20+00:00\",\"dateModified\":\"2023-06-23T17:14:34+00:00\",\"breadcrumb\":{\"@id\":\"https:\/\/tcs-technology.com\/verticals\/transport-and-logistics\/#breadcrumb\"},\"inLanguage\":\"fr-FR\",\"potentialAction\":[{\"@type\":\"ReadAction\",\"target\":[\"https:\/\/tcs-technology.com\/verticals\/transport-and-logistics\/\"]}]},{\"@type\":\"BreadcrumbList\",\"@id\":\"https:\/\/tcs-technology.com\/verticals\/transport-and-logistics\/#breadcrumb\",\"itemListElement\":[{\"@type\":\"ListItem\",\"position\":1,\"name\":\"Home\",\"item\":\"https:\/\/tcs-technology.com\/\"},{\"@type\":\"ListItem\",\"position\":2,\"name\":\"Verticals\",\"item\":\"https:\/\/tcs-technology.com\/verticals\/\"},{\"@type\":\"ListItem\",\"position\":3,\"name\":\"Transport and Logistics\"}]},{\"@type\":\"WebSite\",\"@id\":\"https:\/\/tcs-technology.com\/#website\",\"url\":\"https:\/\/tcs-technology.com\/\",\"name\":\"TCS Technology AG\",\"description\":\"We provide cutting-edge SaaS solutions for organizations in Switzerland and around the world with a focus on performance, security, and sustainability.\",\"publisher\":{\"@id\":\"https:\/\/tcs-technology.com\/#organization\"},\"potentialAction\":[{\"@type\":\"SearchAction\",\"target\":{\"@type\":\"EntryPoint\",\"urlTemplate\":\"https:\/\/tcs-technology.com\/?s={search_term_string}\"},\"query-input\":\"required name=search_term_string\"}],\"inLanguage\":\"fr-FR\"},{\"@type\":\"Organization\",\"@id\":\"https:\/\/tcs-technology.com\/#organization\",\"name\":\"TCS Technology AG\",\"url\":\"https:\/\/tcs-technology.com\/\",\"logo\":{\"@type\":\"ImageObject\",\"inLanguage\":\"fr-FR\",\"@id\":\"https:\/\/tcs-technology.com\/#\/schema\/logo\/image\/\",\"url\":\"https:\/\/tcs-technology.com\/wp-content\/uploads\/2022\/03\/logo-2.png\",\"contentUrl\":\"https:\/\/tcs-technology.com\/wp-content\/uploads\/2022\/03\/logo-2.png\",\"width\":8334,\"height\":6131,\"caption\":\"TCS Technology AG\"},\"image\":{\"@id\":\"https:\/\/tcs-technology.com\/#\/schema\/logo\/image\/\"}}]}<\/script>\n<!-- \/ Yoast SEO plugin. -->","yoast_head_json":{"title":"Transport and Logistics - TCS Technology AG","robots":{"index":"index","follow":"follow","max-snippet":"max-snippet:-1","max-image-preview":"max-image-preview:large","max-video-preview":"max-video-preview:-1"},"canonical":"https:\/\/tcs-technology.com\/fr\/verticals\/transport-and-logistics\/","og_locale":"fr_FR","og_type":"article","og_title":"Transport and Logistics - TCS Technology AG","og_description":"Transport and Logistics Improve security and enhance the speed and flexibility of processes by implementing a smart, digital transport supply chain. As the transport and logistics industry gradually recovers from the impacts of the COVID-19 pandemic, it is facing increased competition and tighter profit margins. In such a challenging environment, digital transformation becomes crucial to [&hellip;]","og_url":"https:\/\/tcs-technology.com\/fr\/verticals\/transport-and-logistics\/","og_site_name":"TCS Technology AG","article_modified_time":"2023-06-23T17:14:34+00:00","og_image":[{"url":"https:\/\/tcs-technology.com\/wp-content\/uploads\/2022\/04\/Transport-and-Logistics-banner.jpg"}],"twitter_card":"summary_large_image","twitter_misc":{"Dur\u00e9e de lecture estim\u00e9e":"3 minutes"},"schema":{"@context":"https:\/\/schema.org","@graph":[{"@type":"WebPage","@id":"https:\/\/tcs-technology.com\/verticals\/transport-and-logistics\/","url":"https:\/\/tcs-technology.com\/verticals\/transport-and-logistics\/","name":"Transport and Logistics - TCS Technology AG","isPartOf":{"@id":"https:\/\/tcs-technology.com\/#website"},"datePublished":"2022-04-05T06:35:20+00:00","dateModified":"2023-06-23T17:14:34+00:00","breadcrumb":{"@id":"https:\/\/tcs-technology.com\/verticals\/transport-and-logistics\/#breadcrumb"},"inLanguage":"fr-FR","potentialAction":[{"@type":"ReadAction","target":["https:\/\/tcs-technology.com\/verticals\/transport-and-logistics\/"]}]},{"@type":"BreadcrumbList","@id":"https:\/\/tcs-technology.com\/verticals\/transport-and-logistics\/#breadcrumb","itemListElement":[{"@type":"ListItem","position":1,"name":"Home","item":"https:\/\/tcs-technology.com\/"},{"@type":"ListItem","position":2,"name":"Verticals","item":"https:\/\/tcs-technology.com\/verticals\/"},{"@type":"ListItem","position":3,"name":"Transport and Logistics"}]},{"@type":"WebSite","@id":"https:\/\/tcs-technology.com\/#website","url":"https:\/\/tcs-technology.com\/","name":"TCS Technology AG","description":"We provide cutting-edge SaaS solutions for organizations in Switzerland and around the world with a focus on performance, security, and sustainability.","publisher":{"@id":"https:\/\/tcs-technology.com\/#organization"},"potentialAction":[{"@type":"SearchAction","target":{"@type":"EntryPoint","urlTemplate":"https:\/\/tcs-technology.com\/?s={search_term_string}"},"query-input":"required name=search_term_string"}],"inLanguage":"fr-FR"},{"@type":"Organization","@id":"https:\/\/tcs-technology.com\/#organization","name":"TCS Technology AG","url":"https:\/\/tcs-technology.com\/","logo":{"@type":"ImageObject","inLanguage":"fr-FR","@id":"https:\/\/tcs-technology.com\/#\/schema\/logo\/image\/","url":"https:\/\/tcs-technology.com\/wp-content\/uploads\/2022\/03\/logo-2.png","contentUrl":"https:\/\/tcs-technology.com\/wp-content\/uploads\/2022\/03\/logo-2.png","width":8334,"height":6131,"caption":"TCS Technology AG"},"image":{"@id":"https:\/\/tcs-technology.com\/#\/schema\/logo\/image\/"}}]}},"_links":{"self":[{"href":"https:\/\/tcs-technology.com\/fr\/wp-json\/wp\/v2\/pages\/1591","targetHints":{"allow":["GET"]}}],"collection":[{"href":"https:\/\/tcs-technology.com\/fr\/wp-json\/wp\/v2\/pages"}],"about":[{"href":"https:\/\/tcs-technology.com\/fr\/wp-json\/wp\/v2\/types\/page"}],"author":[{"embeddable":true,"href":"https:\/\/tcs-technology.com\/fr\/wp-json\/wp\/v2\/users\/1"}],"replies":[{"embeddable":true,"href":"https:\/\/tcs-technology.com\/fr\/wp-json\/wp\/v2\/comments?post=1591"}],"version-history":[{"count":16,"href":"https:\/\/tcs-technology.com\/fr\/wp-json\/wp\/v2\/pages\/1591\/revisions"}],"predecessor-version":[{"id":3292,"href":"https:\/\/tcs-technology.com\/fr\/wp-json\/wp\/v2\/pages\/1591\/revisions\/3292"}],"up":[{"embeddable":true,"href":"https:\/\/tcs-technology.com\/fr\/wp-json\/wp\/v2\/pages\/681"}],"wp:attachment":[{"href":"https:\/\/tcs-technology.com\/fr\/wp-json\/wp\/v2\/media?parent=1591"}],"curies":[{"name":"wp","href":"https:\/\/api.w.org\/{rel}","templated":true}]}}