{"id":1570,"date":"2022-04-05T08:24:34","date_gmt":"2022-04-05T06:24:34","guid":{"rendered":"https:\/\/tcs-technology.com\/?page_id=1570"},"modified":"2023-06-23T19:05:43","modified_gmt":"2023-06-23T17:05:43","slug":"manufacturing-and-industry","status":"publish","type":"page","link":"https:\/\/tcs-technology.com\/fr\/verticals\/manufacturing-and-industry\/","title":{"rendered":"Fabrication et industrie"},"content":{"rendered":"<div data-elementor-type=\"wp-page\" data-elementor-id=\"1570\" class=\"elementor elementor-1570\">\n\t\t\t\t\t\t<section class=\"elementor-section elementor-top-section elementor-element elementor-element-d01ed71 elementor-section-boxed elementor-section-height-default elementor-section-height-default\" data-id=\"d01ed71\" data-element_type=\"section\" data-e-type=\"section\" data-settings=\"{&quot;background_background&quot;:&quot;classic&quot;}\">\n\t\t\t\t\t\t<div class=\"elementor-container elementor-column-gap-default\">\n\t\t\t\t\t<div class=\"elementor-column elementor-col-100 elementor-top-column elementor-element elementor-element-c709f7b\" data-id=\"c709f7b\" data-element_type=\"column\" data-e-type=\"column\">\n\t\t\t<div class=\"elementor-widget-wrap elementor-element-populated\">\n\t\t\t\t\t\t<div class=\"elementor-element elementor-element-e0acf3f elementor-align-center elementor-widget elementor-widget-breadcrumbs\" data-id=\"e0acf3f\" data-element_type=\"widget\" data-e-type=\"widget\" data-widget_type=\"breadcrumbs.default\">\n\t\t\t\t<div class=\"elementor-widget-container\">\n\t\t\t\t\t<p id=\"breadcrumbs\"><span><span><a href=\"https:\/\/tcs-technology.com\/fr\/\">Accueil<\/a><\/span><\/span><\/p>\t\t\t\t<\/div>\n\t\t\t\t<\/div>\n\t\t\t\t\t<\/div>\n\t\t<\/div>\n\t\t\t\t\t<\/div>\n\t\t<\/section>\n\t\t\t\t<section class=\"elementor-section elementor-top-section elementor-element elementor-element-ba1dcfa elementor-section-boxed elementor-section-height-default elementor-section-height-default\" data-id=\"ba1dcfa\" data-element_type=\"section\" data-e-type=\"section\">\n\t\t\t\t\t\t<div class=\"elementor-container elementor-column-gap-default\">\n\t\t\t\t\t<div class=\"elementor-column elementor-col-100 elementor-top-column elementor-element elementor-element-823f77d\" data-id=\"823f77d\" data-element_type=\"column\" data-e-type=\"column\">\n\t\t\t<div class=\"elementor-widget-wrap elementor-element-populated\">\n\t\t\t\t\t\t<div class=\"elementor-element elementor-element-bd42250 elementor-widget elementor-widget-image\" data-id=\"bd42250\" data-element_type=\"widget\" data-e-type=\"widget\" data-widget_type=\"image.default\">\n\t\t\t\t<div class=\"elementor-widget-container\">\n\t\t\t\t\t\t\t\t\t\t\t\t\t\t\t<img fetchpriority=\"high\" decoding=\"async\" width=\"800\" height=\"400\" src=\"https:\/\/tcs-technology.com\/wp-content\/uploads\/2022\/04\/Manufacturing-and-Industry-.jpg\" class=\"attachment-large size-large wp-image-2647\" alt=\"Manufacturing and Industry\" \/>\t\t\t\t\t\t\t\t\t\t\t\t\t\t\t<\/div>\n\t\t\t\t<\/div>\n\t\t\t\t<div class=\"elementor-element elementor-element-c01d7df elementor-widget elementor-widget-heading\" data-id=\"c01d7df\" data-element_type=\"widget\" data-e-type=\"widget\" data-widget_type=\"heading.default\">\n\t\t\t\t<div class=\"elementor-widget-container\">\n\t\t\t\t\t<h2 class=\"elementor-heading-title elementor-size-default\">Fabrication et industrie<\/h2>\t\t\t\t<\/div>\n\t\t\t\t<\/div>\n\t\t\t\t<div class=\"elementor-element elementor-element-5ba604b elementor-widget elementor-widget-text-editor\" data-id=\"5ba604b\" data-element_type=\"widget\" data-e-type=\"widget\" data-widget_type=\"text-editor.default\">\n\t\t\t\t<div class=\"elementor-widget-container\">\n\t\t\t\t\t\t\t\t\t<p>Pour am\u00e9liorer la r\u00e9activit\u00e9 aux march\u00e9s et aux demandes des clients, r\u00e9duire le gaspillage et parvenir \u00e0 la durabilit\u00e9, la transformation intelligente est essentielle.<\/p><p>Ne vous laissez pas abuser par la perception selon laquelle la fabrication et l'industrie d\u00e9pendent uniquement d'un travail manuel et \u00e0 forte intensit\u00e9 de main-d'\u0153uvre. Adopter la transformation num\u00e9rique peut d\u00e9bloquer de nombreux avantages et opportunit\u00e9s pour ces secteurs.<\/p>\t\t\t\t\t\t\t\t<\/div>\n\t\t\t\t<\/div>\n\t\t\t\t\t<\/div>\n\t\t<\/div>\n\t\t\t\t\t<\/div>\n\t\t<\/section>\n\t\t\t\t<section class=\"elementor-section elementor-top-section elementor-element elementor-element-474720c elementor-section-boxed elementor-section-height-default elementor-section-height-default\" data-id=\"474720c\" data-element_type=\"section\" data-e-type=\"section\">\n\t\t\t\t\t\t<div class=\"elementor-container elementor-column-gap-default\">\n\t\t\t\t\t<div class=\"elementor-column elementor-col-50 elementor-top-column elementor-element elementor-element-d0d7b61\" data-id=\"d0d7b61\" data-element_type=\"column\" data-e-type=\"column\">\n\t\t\t<div class=\"elementor-widget-wrap elementor-element-populated\">\n\t\t\t\t\t\t<div class=\"elementor-element elementor-element-d558fe8 elementor-widget elementor-widget-heading\" data-id=\"d558fe8\" data-element_type=\"widget\" data-e-type=\"widget\" data-widget_type=\"heading.default\">\n\t\t\t\t<div class=\"elementor-widget-container\">\n\t\t\t\t\t<h3 class=\"elementor-heading-title elementor-size-default\">Comment am\u00e9liorer les processus de fabrication par voie num\u00e9rique<\/h3>\t\t\t\t<\/div>\n\t\t\t\t<\/div>\n\t\t\t\t<div class=\"elementor-element elementor-element-e7f6bfc elementor-widget elementor-widget-text-editor\" data-id=\"e7f6bfc\" data-element_type=\"widget\" data-e-type=\"widget\" data-widget_type=\"text-editor.default\">\n\t\t\t\t<div class=\"elementor-widget-container\">\n\t\t\t\t\t\t\t\t\t<p>Dans un march\u00e9 hautement concurrentiel qui a r\u00e9sist\u00e9 au changement, la perturbation du march\u00e9 pourrait \u00eatre l'avantage dont vous avez besoin. Examinez les transformations num\u00e9riques suivantes dans l'industrie manufacturi\u00e8re :<\/p>\t\t\t\t\t\t\t\t<\/div>\n\t\t\t\t<\/div>\n\t\t\t\t<div class=\"elementor-element elementor-element-2c35523 elementor-icon-list--layout-traditional elementor-list-item-link-full_width elementor-widget elementor-widget-icon-list\" data-id=\"2c35523\" data-element_type=\"widget\" data-e-type=\"widget\" data-widget_type=\"icon-list.default\">\n\t\t\t\t<div class=\"elementor-widget-container\">\n\t\t\t\t\t\t\t<ul class=\"elementor-icon-list-items\">\n\t\t\t\t\t\t\t<li class=\"elementor-icon-list-item\">\n\t\t\t\t\t\t\t\t\t\t\t<span class=\"elementor-icon-list-icon\">\n\t\t\t\t\t\t\t<i aria-hidden=\"true\" class=\"fas fa-check-circle\"><\/i>\t\t\t\t\t\t<\/span>\n\t\t\t\t\t\t\t\t\t\t<span class=\"elementor-icon-list-text\">Mise en \u0153uvre de solutions de commerce \u00e9lectronique pour simplifier les processus de commande des consommateurs et mieux r\u00e9pondre \u00e0 leurs demandes<\/span>\n\t\t\t\t\t\t\t\t\t<\/li>\n\t\t\t\t\t\t\t\t<li class=\"elementor-icon-list-item\">\n\t\t\t\t\t\t\t\t\t\t\t<span class=\"elementor-icon-list-icon\">\n\t\t\t\t\t\t\t<i aria-hidden=\"true\" class=\"fas fa-check-circle\"><\/i>\t\t\t\t\t\t<\/span>\n\t\t\t\t\t\t\t\t\t\t<span class=\"elementor-icon-list-text\">Utiliser l'analyse pilot\u00e9e par les donn\u00e9es et l'intelligence artificielle pour \u00e9valuer les projets et les performances pass\u00e9s, en identifiant et en \u00e9liminant les gaspillages inutiles et les co\u00fbts des ressources.<\/span>\n\t\t\t\t\t\t\t\t\t<\/li>\n\t\t\t\t\t\t\t\t<li class=\"elementor-icon-list-item\">\n\t\t\t\t\t\t\t\t\t\t\t<span class=\"elementor-icon-list-icon\">\n\t\t\t\t\t\t\t<i aria-hidden=\"true\" class=\"fas fa-check-circle\"><\/i>\t\t\t\t\t\t<\/span>\n\t\t\t\t\t\t\t\t\t\t<span class=\"elementor-icon-list-text\">Utilisation d'analyses de donn\u00e9es en temps r\u00e9el pour suivre l'usure des machines et des \u00e9quipements, anticiper les besoins de maintenance et planifier les mises \u00e0 niveau n\u00e9cessaires.<\/span>\n\t\t\t\t\t\t\t\t\t<\/li>\n\t\t\t\t\t\t\t\t<li class=\"elementor-icon-list-item\">\n\t\t\t\t\t\t\t\t\t\t\t<span class=\"elementor-icon-list-icon\">\n\t\t\t\t\t\t\t<i aria-hidden=\"true\" class=\"fas fa-check-circle\"><\/i>\t\t\t\t\t\t<\/span>\n\t\t\t\t\t\t\t\t\t\t<span class=\"elementor-icon-list-text\">Adopter des m\u00e9thodes de fabrication et des mat\u00e9riaux innovants pour surmonter les obstacles pr\u00e9c\u00e9dents et fournir des produits de plus grande valeur<\/span>\n\t\t\t\t\t\t\t\t\t<\/li>\n\t\t\t\t\t\t<\/ul>\n\t\t\t\t\t\t<\/div>\n\t\t\t\t<\/div>\n\t\t\t\t\t<\/div>\n\t\t<\/div>\n\t\t\t\t<div class=\"elementor-column elementor-col-50 elementor-top-column elementor-element elementor-element-5f77d92\" data-id=\"5f77d92\" data-element_type=\"column\" data-e-type=\"column\">\n\t\t\t<div class=\"elementor-widget-wrap elementor-element-populated\">\n\t\t\t\t\t\t<div class=\"elementor-element elementor-element-7f8b3a1 elementor-widget elementor-widget-image\" data-id=\"7f8b3a1\" data-element_type=\"widget\" data-e-type=\"widget\" data-widget_type=\"image.default\">\n\t\t\t\t<div class=\"elementor-widget-container\">\n\t\t\t\t\t\t\t\t\t\t\t\t\t\t\t<img decoding=\"async\" width=\"500\" height=\"559\" src=\"https:\/\/tcs-technology.com\/wp-content\/uploads\/2022\/04\/Focal-points-for-Online-Learning-.jpg\" class=\"attachment-large size-large wp-image-2619\" alt=\"Focal points for Online Learning\" \/>\t\t\t\t\t\t\t\t\t\t\t\t\t\t\t<\/div>\n\t\t\t\t<\/div>\n\t\t\t\t\t<\/div>\n\t\t<\/div>\n\t\t\t\t\t<\/div>\n\t\t<\/section>\n\t\t\t\t<section class=\"elementor-section elementor-top-section elementor-element elementor-element-b1a0273 elementor-section-boxed elementor-section-height-default elementor-section-height-default\" data-id=\"b1a0273\" data-element_type=\"section\" data-e-type=\"section\">\n\t\t\t\t\t\t<div class=\"elementor-container elementor-column-gap-default\">\n\t\t\t\t\t<div class=\"elementor-column elementor-col-100 elementor-top-column elementor-element elementor-element-c1ac6d1\" data-id=\"c1ac6d1\" data-element_type=\"column\" data-e-type=\"column\">\n\t\t\t<div class=\"elementor-widget-wrap elementor-element-populated\">\n\t\t\t\t\t\t<div class=\"elementor-element elementor-element-7699c80 elementor-widget elementor-widget-text-editor\" data-id=\"7699c80\" data-element_type=\"widget\" data-e-type=\"widget\" data-widget_type=\"text-editor.default\">\n\t\t\t\t<div class=\"elementor-widget-container\">\n\t\t\t\t\t\t\t\t\t<p>En r\u00e9duisant les d\u00e9chets et les achats de ressources inutiles, vous augmentez non seulement la rentabilit\u00e9 de votre entreprise, mais vous favorisez \u00e9galement le respect de l'environnement et la durabilit\u00e9, auxquels les consommateurs d'aujourd'hui attachent une grande importance. Par cons\u00e9quent, les avanc\u00e9es dans le domaine de la fabrication et de l'industrie devraient aller au-del\u00e0 de l'automatisation des cha\u00eenes de montage, du suivi des stocks et de l'optimisation de la cha\u00eene d'approvisionnement. Consid\u00e9rez l'impact environnemental positif que la transformation num\u00e9rique et l'analytique peuvent apporter.<\/p>\t\t\t\t\t\t\t\t<\/div>\n\t\t\t\t<\/div>\n\t\t\t\t<div class=\"elementor-element elementor-element-8dded02 elementor-widget elementor-widget-heading\" data-id=\"8dded02\" data-element_type=\"widget\" data-e-type=\"widget\" data-widget_type=\"heading.default\">\n\t\t\t\t<div class=\"elementor-widget-container\">\n\t\t\t\t\t<h3 class=\"elementor-heading-title elementor-size-default\">Se pr\u00e9parer \u00e0 l'\u00e9volution des tendances de consommation<\/h3>\t\t\t\t<\/div>\n\t\t\t\t<\/div>\n\t\t\t\t<div class=\"elementor-element elementor-element-a43541b elementor-widget elementor-widget-text-editor\" data-id=\"a43541b\" data-element_type=\"widget\" data-e-type=\"widget\" data-widget_type=\"text-editor.default\">\n\t\t\t\t<div class=\"elementor-widget-container\">\n\t\t\t\t\t\t\t\t\t<p>En fin de compte, en adoptant ces transformations, vous vous alignez sur les valeurs de vos consommateurs. En int\u00e9grant le commerce \u00e9lectronique et des syst\u00e8mes de commande et de suivi rationalis\u00e9s pour vos clients, vous am\u00e9liorez votre r\u00e9activit\u00e9 sur le march\u00e9 et r\u00e9pondez plus efficacement aux demandes des clients. De m\u00eame, les transformations intelligentes d\u00e9montrent que les profits ne se font pas au d\u00e9triment de la plan\u00e8te, ce qui est crucial \u00e0 une \u00e9poque o\u00f9 les pr\u00e9occupations environnementales se font de plus en plus pressantes.<\/p><p>Int\u00e9ress\u00e9 par des solutions de num\u00e9risation personnalis\u00e9es pour vos projets informatiques de fabrication ? \ud83d\udc4b <a href=\"https:\/\/tcs-technology.com\/fr\/contact\/\">Contactez notre \u00e9quipe d\u00e8s aujourd'hui<\/a> pour une consultation gratuite et sans engagement. Nous nous attachons \u00e0 comprendre vos besoins sp\u00e9cifiques et \u00e0 vous expliquer comment nos services peuvent vous aider, sans recourir \u00e0 la vente forc\u00e9e.<\/p>\t\t\t\t\t\t\t\t<\/div>\n\t\t\t\t<\/div>\n\t\t\t\t\t<\/div>\n\t\t<\/div>\n\t\t\t\t\t<\/div>\n\t\t<\/section>\n\t\t\t\t<\/div>","protected":false},"excerpt":{"rendered":"<p>Fabrication et industrie Pour am\u00e9liorer la r\u00e9activit\u00e9 aux march\u00e9s et aux demandes des clients, r\u00e9duire le gaspillage et parvenir \u00e0 la durabilit\u00e9, la transformation intelligente est essentielle. Ne vous laissez pas abuser par la perception selon laquelle la fabrication et l'industrie d\u00e9pendent uniquement d'un travail manuel \u00e0 forte intensit\u00e9 de main-d'\u0153uvre. L'adoption de la transformation num\u00e9rique peut d\u00e9bloquer de nombreux avantages et opportunit\u00e9s pour ces secteurs. Comment am\u00e9liorer les processus de fabrication [...]<\/p>","protected":false},"author":1,"featured_media":0,"parent":681,"menu_order":0,"comment_status":"closed","ping_status":"closed","template":"elementor_header_footer","meta":{"footnotes":""},"class_list":["post-1570","page","type-page","status-publish","hentry"],"yoast_head":"<!-- This site is optimized with the Yoast SEO plugin v20.5 - https:\/\/yoast.com\/wordpress\/plugins\/seo\/ -->\n<title>Manufacturing and Industry - TCS Technology AG<\/title>\n<meta name=\"robots\" content=\"index, follow, max-snippet:-1, max-image-preview:large, max-video-preview:-1\" \/>\n<link rel=\"canonical\" href=\"https:\/\/tcs-technology.com\/fr\/verticals\/manufacturing-and-industry\/\" \/>\n<meta property=\"og:locale\" content=\"fr_FR\" \/>\n<meta property=\"og:type\" content=\"article\" \/>\n<meta property=\"og:title\" content=\"Manufacturing and Industry - TCS Technology AG\" \/>\n<meta property=\"og:description\" content=\"Manufacturing and Industry To improve responsiveness to markets and customer demands, reduce wastage, and achieve sustainability, smart transformation is key. Don&#8217;t be mistaken by the perception that manufacturing and industry are solely reliant on labor-intensive and manual work. Embracing digital transformation can unlock numerous benefits and opportunities for these sectors. How to Enhance Manufacturing Processes [&hellip;]\" \/>\n<meta property=\"og:url\" content=\"https:\/\/tcs-technology.com\/fr\/verticals\/manufacturing-and-industry\/\" \/>\n<meta property=\"og:site_name\" content=\"TCS Technology AG\" \/>\n<meta property=\"article:modified_time\" content=\"2023-06-23T17:05:43+00:00\" \/>\n<meta property=\"og:image\" content=\"https:\/\/tcs-technology.com\/wp-content\/uploads\/2022\/04\/Manufacturing-and-Industry-.jpg\" \/>\n<meta name=\"twitter:card\" content=\"summary_large_image\" \/>\n<meta name=\"twitter:label1\" content=\"Dur\u00e9e de lecture estim\u00e9e\" \/>\n\t<meta name=\"twitter:data1\" content=\"2 minutes\" \/>\n<script type=\"application\/ld+json\" class=\"yoast-schema-graph\">{\"@context\":\"https:\/\/schema.org\",\"@graph\":[{\"@type\":\"WebPage\",\"@id\":\"https:\/\/tcs-technology.com\/verticals\/manufacturing-and-industry\/\",\"url\":\"https:\/\/tcs-technology.com\/verticals\/manufacturing-and-industry\/\",\"name\":\"Manufacturing and Industry - TCS Technology AG\",\"isPartOf\":{\"@id\":\"https:\/\/tcs-technology.com\/#website\"},\"datePublished\":\"2022-04-05T06:24:34+00:00\",\"dateModified\":\"2023-06-23T17:05:43+00:00\",\"breadcrumb\":{\"@id\":\"https:\/\/tcs-technology.com\/verticals\/manufacturing-and-industry\/#breadcrumb\"},\"inLanguage\":\"fr-FR\",\"potentialAction\":[{\"@type\":\"ReadAction\",\"target\":[\"https:\/\/tcs-technology.com\/verticals\/manufacturing-and-industry\/\"]}]},{\"@type\":\"BreadcrumbList\",\"@id\":\"https:\/\/tcs-technology.com\/verticals\/manufacturing-and-industry\/#breadcrumb\",\"itemListElement\":[{\"@type\":\"ListItem\",\"position\":1,\"name\":\"Home\",\"item\":\"https:\/\/tcs-technology.com\/\"},{\"@type\":\"ListItem\",\"position\":2,\"name\":\"Verticals\",\"item\":\"https:\/\/tcs-technology.com\/verticals\/\"},{\"@type\":\"ListItem\",\"position\":3,\"name\":\"Manufacturing and Industry\"}]},{\"@type\":\"WebSite\",\"@id\":\"https:\/\/tcs-technology.com\/#website\",\"url\":\"https:\/\/tcs-technology.com\/\",\"name\":\"TCS Technology AG\",\"description\":\"We provide cutting-edge SaaS solutions for organizations in Switzerland and around the world with a focus on performance, security, and sustainability.\",\"publisher\":{\"@id\":\"https:\/\/tcs-technology.com\/#organization\"},\"potentialAction\":[{\"@type\":\"SearchAction\",\"target\":{\"@type\":\"EntryPoint\",\"urlTemplate\":\"https:\/\/tcs-technology.com\/?s={search_term_string}\"},\"query-input\":\"required name=search_term_string\"}],\"inLanguage\":\"fr-FR\"},{\"@type\":\"Organization\",\"@id\":\"https:\/\/tcs-technology.com\/#organization\",\"name\":\"TCS Technology AG\",\"url\":\"https:\/\/tcs-technology.com\/\",\"logo\":{\"@type\":\"ImageObject\",\"inLanguage\":\"fr-FR\",\"@id\":\"https:\/\/tcs-technology.com\/#\/schema\/logo\/image\/\",\"url\":\"https:\/\/tcs-technology.com\/wp-content\/uploads\/2022\/03\/logo-2.png\",\"contentUrl\":\"https:\/\/tcs-technology.com\/wp-content\/uploads\/2022\/03\/logo-2.png\",\"width\":8334,\"height\":6131,\"caption\":\"TCS Technology AG\"},\"image\":{\"@id\":\"https:\/\/tcs-technology.com\/#\/schema\/logo\/image\/\"}}]}<\/script>\n<!-- \/ Yoast SEO plugin. -->","yoast_head_json":{"title":"Manufacturing and Industry - TCS Technology AG","robots":{"index":"index","follow":"follow","max-snippet":"max-snippet:-1","max-image-preview":"max-image-preview:large","max-video-preview":"max-video-preview:-1"},"canonical":"https:\/\/tcs-technology.com\/fr\/verticals\/manufacturing-and-industry\/","og_locale":"fr_FR","og_type":"article","og_title":"Manufacturing and Industry - TCS Technology AG","og_description":"Manufacturing and Industry To improve responsiveness to markets and customer demands, reduce wastage, and achieve sustainability, smart transformation is key. Don&#8217;t be mistaken by the perception that manufacturing and industry are solely reliant on labor-intensive and manual work. Embracing digital transformation can unlock numerous benefits and opportunities for these sectors. How to Enhance Manufacturing Processes [&hellip;]","og_url":"https:\/\/tcs-technology.com\/fr\/verticals\/manufacturing-and-industry\/","og_site_name":"TCS Technology AG","article_modified_time":"2023-06-23T17:05:43+00:00","og_image":[{"url":"https:\/\/tcs-technology.com\/wp-content\/uploads\/2022\/04\/Manufacturing-and-Industry-.jpg"}],"twitter_card":"summary_large_image","twitter_misc":{"Dur\u00e9e de lecture estim\u00e9e":"2 minutes"},"schema":{"@context":"https:\/\/schema.org","@graph":[{"@type":"WebPage","@id":"https:\/\/tcs-technology.com\/verticals\/manufacturing-and-industry\/","url":"https:\/\/tcs-technology.com\/verticals\/manufacturing-and-industry\/","name":"Manufacturing and Industry - TCS Technology AG","isPartOf":{"@id":"https:\/\/tcs-technology.com\/#website"},"datePublished":"2022-04-05T06:24:34+00:00","dateModified":"2023-06-23T17:05:43+00:00","breadcrumb":{"@id":"https:\/\/tcs-technology.com\/verticals\/manufacturing-and-industry\/#breadcrumb"},"inLanguage":"fr-FR","potentialAction":[{"@type":"ReadAction","target":["https:\/\/tcs-technology.com\/verticals\/manufacturing-and-industry\/"]}]},{"@type":"BreadcrumbList","@id":"https:\/\/tcs-technology.com\/verticals\/manufacturing-and-industry\/#breadcrumb","itemListElement":[{"@type":"ListItem","position":1,"name":"Home","item":"https:\/\/tcs-technology.com\/"},{"@type":"ListItem","position":2,"name":"Verticals","item":"https:\/\/tcs-technology.com\/verticals\/"},{"@type":"ListItem","position":3,"name":"Manufacturing and Industry"}]},{"@type":"WebSite","@id":"https:\/\/tcs-technology.com\/#website","url":"https:\/\/tcs-technology.com\/","name":"TCS Technology AG","description":"We provide cutting-edge SaaS solutions for organizations in Switzerland and around the world with a focus on performance, security, and sustainability.","publisher":{"@id":"https:\/\/tcs-technology.com\/#organization"},"potentialAction":[{"@type":"SearchAction","target":{"@type":"EntryPoint","urlTemplate":"https:\/\/tcs-technology.com\/?s={search_term_string}"},"query-input":"required name=search_term_string"}],"inLanguage":"fr-FR"},{"@type":"Organization","@id":"https:\/\/tcs-technology.com\/#organization","name":"TCS Technology AG","url":"https:\/\/tcs-technology.com\/","logo":{"@type":"ImageObject","inLanguage":"fr-FR","@id":"https:\/\/tcs-technology.com\/#\/schema\/logo\/image\/","url":"https:\/\/tcs-technology.com\/wp-content\/uploads\/2022\/03\/logo-2.png","contentUrl":"https:\/\/tcs-technology.com\/wp-content\/uploads\/2022\/03\/logo-2.png","width":8334,"height":6131,"caption":"TCS Technology AG"},"image":{"@id":"https:\/\/tcs-technology.com\/#\/schema\/logo\/image\/"}}]}},"_links":{"self":[{"href":"https:\/\/tcs-technology.com\/fr\/wp-json\/wp\/v2\/pages\/1570","targetHints":{"allow":["GET"]}}],"collection":[{"href":"https:\/\/tcs-technology.com\/fr\/wp-json\/wp\/v2\/pages"}],"about":[{"href":"https:\/\/tcs-technology.com\/fr\/wp-json\/wp\/v2\/types\/page"}],"author":[{"embeddable":true,"href":"https:\/\/tcs-technology.com\/fr\/wp-json\/wp\/v2\/users\/1"}],"replies":[{"embeddable":true,"href":"https:\/\/tcs-technology.com\/fr\/wp-json\/wp\/v2\/comments?post=1570"}],"version-history":[{"count":13,"href":"https:\/\/tcs-technology.com\/fr\/wp-json\/wp\/v2\/pages\/1570\/revisions"}],"predecessor-version":[{"id":3283,"href":"https:\/\/tcs-technology.com\/fr\/wp-json\/wp\/v2\/pages\/1570\/revisions\/3283"}],"up":[{"embeddable":true,"href":"https:\/\/tcs-technology.com\/fr\/wp-json\/wp\/v2\/pages\/681"}],"wp:attachment":[{"href":"https:\/\/tcs-technology.com\/fr\/wp-json\/wp\/v2\/media?parent=1570"}],"curies":[{"name":"wp","href":"https:\/\/api.w.org\/{rel}","templated":true}]}}