{"id":1555,"date":"2022-04-05T08:18:38","date_gmt":"2022-04-05T06:18:38","guid":{"rendered":"https:\/\/tcs-technology.com\/?page_id=1555"},"modified":"2023-06-23T19:00:33","modified_gmt":"2023-06-23T17:00:33","slug":"banking-and-finance","status":"publish","type":"page","link":"https:\/\/tcs-technology.com\/fr\/verticals\/banking-and-finance\/","title":{"rendered":"Banque et finance"},"content":{"rendered":"<div data-elementor-type=\"wp-page\" data-elementor-id=\"1555\" class=\"elementor elementor-1555\">\n\t\t\t\t\t\t<section class=\"elementor-section elementor-top-section elementor-element elementor-element-4cc2e64 elementor-section-boxed elementor-section-height-default elementor-section-height-default\" data-id=\"4cc2e64\" data-element_type=\"section\" data-e-type=\"section\" data-settings=\"{&quot;background_background&quot;:&quot;classic&quot;}\">\n\t\t\t\t\t\t<div class=\"elementor-container elementor-column-gap-default\">\n\t\t\t\t\t<div class=\"elementor-column elementor-col-100 elementor-top-column elementor-element elementor-element-adfe9db\" data-id=\"adfe9db\" data-element_type=\"column\" data-e-type=\"column\">\n\t\t\t<div class=\"elementor-widget-wrap elementor-element-populated\">\n\t\t\t\t\t\t<div class=\"elementor-element elementor-element-2a90da2 elementor-align-center elementor-widget elementor-widget-breadcrumbs\" data-id=\"2a90da2\" data-element_type=\"widget\" data-e-type=\"widget\" data-widget_type=\"breadcrumbs.default\">\n\t\t\t\t<div class=\"elementor-widget-container\">\n\t\t\t\t\t<p id=\"breadcrumbs\"><span><span><a href=\"https:\/\/tcs-technology.com\/fr\/\">Accueil<\/a><\/span><\/span><\/p>\t\t\t\t<\/div>\n\t\t\t\t<\/div>\n\t\t\t\t\t<\/div>\n\t\t<\/div>\n\t\t\t\t\t<\/div>\n\t\t<\/section>\n\t\t\t\t<section class=\"elementor-section elementor-top-section elementor-element elementor-element-9b27709 elementor-section-boxed elementor-section-height-default elementor-section-height-default\" data-id=\"9b27709\" data-element_type=\"section\" data-e-type=\"section\">\n\t\t\t\t\t\t<div class=\"elementor-container elementor-column-gap-default\">\n\t\t\t\t\t<div class=\"elementor-column elementor-col-100 elementor-top-column elementor-element elementor-element-97cd938\" data-id=\"97cd938\" data-element_type=\"column\" data-e-type=\"column\">\n\t\t\t<div class=\"elementor-widget-wrap elementor-element-populated\">\n\t\t\t\t\t\t<div class=\"elementor-element elementor-element-2a410c4 elementor-widget elementor-widget-image\" data-id=\"2a410c4\" data-element_type=\"widget\" data-e-type=\"widget\" data-widget_type=\"image.default\">\n\t\t\t\t<div class=\"elementor-widget-container\">\n\t\t\t\t\t\t\t\t\t\t\t\t\t\t\t<img fetchpriority=\"high\" decoding=\"async\" width=\"560\" height=\"375\" src=\"https:\/\/tcs-technology.com\/wp-content\/uploads\/2022\/04\/about.jpg\" class=\"attachment-full size-full wp-image-2277\" alt=\"\" \/>\t\t\t\t\t\t\t\t\t\t\t\t\t\t\t<\/div>\n\t\t\t\t<\/div>\n\t\t\t\t<div class=\"elementor-element elementor-element-d4fd94d elementor-widget elementor-widget-heading\" data-id=\"d4fd94d\" data-element_type=\"widget\" data-e-type=\"widget\" data-widget_type=\"heading.default\">\n\t\t\t\t<div class=\"elementor-widget-container\">\n\t\t\t\t\t<h2 class=\"elementor-heading-title elementor-size-default\">Banque et finance<\/h2>\t\t\t\t<\/div>\n\t\t\t\t<\/div>\n\t\t\t\t<div class=\"elementor-element elementor-element-d1de78f elementor-widget elementor-widget-text-editor\" data-id=\"d1de78f\" data-element_type=\"widget\" data-e-type=\"widget\" data-widget_type=\"text-editor.default\">\n\t\t\t\t<div class=\"elementor-widget-container\">\n\t\t\t\t\t\t\t\t\t<p>Cr\u00e9er plus de valeur pour les clients, am\u00e9liorer la s\u00e9curit\u00e9 et tirer le meilleur parti des innovations num\u00e9riques FinTech.<\/p><p>FinTech est devenu un mot \u00e0 la mode ces derni\u00e8res ann\u00e9es - en tirez-vous le meilleur parti ?<\/p><p>\u00c0 l'heure de la quatri\u00e8me r\u00e9volution industrielle, tous les secteurs doivent s'adapter pour r\u00e9pondre aux attentes de consommateurs de plus en plus avertis sur le plan technologique, et le secteur bancaire et financier ne fait pas exception \u00e0 la r\u00e8gle. Le secteur est confront\u00e9 \u00e0 des d\u00e9fis tels que la diminution de la fr\u00e9quentation des magasins physiques, les attentes plus \u00e9lev\u00e9es en mati\u00e8re de soutien \u00e0 la client\u00e8le, la concurrence accrue des entreprises technologiques non traditionnelles et les pressions r\u00e9glementaires croissantes.<\/p>\t\t\t\t\t\t\t\t<\/div>\n\t\t\t\t<\/div>\n\t\t\t\t\t<\/div>\n\t\t<\/div>\n\t\t\t\t\t<\/div>\n\t\t<\/section>\n\t\t\t\t<section class=\"elementor-section elementor-top-section elementor-element elementor-element-a4ce4e4 elementor-section-boxed elementor-section-height-default elementor-section-height-default\" data-id=\"a4ce4e4\" data-element_type=\"section\" data-e-type=\"section\">\n\t\t\t\t\t\t<div class=\"elementor-container elementor-column-gap-default\">\n\t\t\t\t\t<div class=\"elementor-column elementor-col-50 elementor-top-column elementor-element elementor-element-acd9bd4\" data-id=\"acd9bd4\" data-element_type=\"column\" data-e-type=\"column\">\n\t\t\t<div class=\"elementor-widget-wrap elementor-element-populated\">\n\t\t\t\t\t\t<div class=\"elementor-element elementor-element-bb50696 elementor-widget elementor-widget-heading\" data-id=\"bb50696\" data-element_type=\"widget\" data-e-type=\"widget\" data-widget_type=\"heading.default\">\n\t\t\t\t<div class=\"elementor-widget-container\">\n\t\t\t\t\t<h3 class=\"elementor-heading-title elementor-size-default\">Garder une longueur d'avance sur les tendances du march\u00e9<\/h3>\t\t\t\t<\/div>\n\t\t\t\t<\/div>\n\t\t\t\t<div class=\"elementor-element elementor-element-c48f3c3 elementor-widget elementor-widget-text-editor\" data-id=\"c48f3c3\" data-element_type=\"widget\" data-e-type=\"widget\" data-widget_type=\"text-editor.default\">\n\t\t\t\t<div class=\"elementor-widget-container\">\n\t\t\t\t\t\t\t\t\t<p>La r\u00e9ponse ? Les solutions bancaires et financi\u00e8res num\u00e9riques. Ces solutions comprennent :\u00a0<\/p>\t\t\t\t\t\t\t\t<\/div>\n\t\t\t\t<\/div>\n\t\t\t\t<div class=\"elementor-element elementor-element-bf5814d srvc elementor-icon-list--layout-traditional elementor-list-item-link-full_width elementor-widget elementor-widget-icon-list\" data-id=\"bf5814d\" data-element_type=\"widget\" data-e-type=\"widget\" data-widget_type=\"icon-list.default\">\n\t\t\t\t<div class=\"elementor-widget-container\">\n\t\t\t\t\t\t\t<ul class=\"elementor-icon-list-items\">\n\t\t\t\t\t\t\t<li class=\"elementor-icon-list-item\">\n\t\t\t\t\t\t\t\t\t\t\t<span class=\"elementor-icon-list-icon\">\n\t\t\t\t\t\t\t<i aria-hidden=\"true\" class=\"fas fa-check-circle\"><\/i>\t\t\t\t\t\t<\/span>\n\t\t\t\t\t\t\t\t\t\t<span class=\"elementor-icon-list-text\">Automatisation des t\u00e2ches administratives et des flux de travail<\/span>\n\t\t\t\t\t\t\t\t\t<\/li>\n\t\t\t\t\t\t\t\t<li class=\"elementor-icon-list-item\">\n\t\t\t\t\t\t\t\t\t\t\t<span class=\"elementor-icon-list-icon\">\n\t\t\t\t\t\t\t<i aria-hidden=\"true\" class=\"fas fa-check-circle\"><\/i>\t\t\t\t\t\t<\/span>\n\t\t\t\t\t\t\t\t\t\t<span class=\"elementor-icon-list-text\">Mise en \u0153uvre d'un logiciel permettant d'am\u00e9liorer la communication interne et la transparence<\/span>\n\t\t\t\t\t\t\t\t\t<\/li>\n\t\t\t\t\t\t\t\t<li class=\"elementor-icon-list-item\">\n\t\t\t\t\t\t\t\t\t\t\t<span class=\"elementor-icon-list-icon\">\n\t\t\t\t\t\t\t<i aria-hidden=\"true\" class=\"fas fa-check-circle\"><\/i>\t\t\t\t\t\t<\/span>\n\t\t\t\t\t\t\t\t\t\t<span class=\"elementor-icon-list-text\">Renforcer les mesures de cybers\u00e9curit\u00e9 pour prot\u00e9ger les donn\u00e9es des consommateurs et des concurrents<\/span>\n\t\t\t\t\t\t\t\t\t<\/li>\n\t\t\t\t\t\t\t\t<li class=\"elementor-icon-list-item\">\n\t\t\t\t\t\t\t\t\t\t\t<span class=\"elementor-icon-list-icon\">\n\t\t\t\t\t\t\t<i aria-hidden=\"true\" class=\"fas fa-check-circle\"><\/i>\t\t\t\t\t\t<\/span>\n\t\t\t\t\t\t\t\t\t\t<span class=\"elementor-icon-list-text\">Adopter des solutions FinTech innovantes et mener des activit\u00e9s de recherche et d\u00e9veloppement pour garder une longueur d'avance sur les technologies concurrentes.<\/span>\n\t\t\t\t\t\t\t\t\t<\/li>\n\t\t\t\t\t\t<\/ul>\n\t\t\t\t\t\t<\/div>\n\t\t\t\t<\/div>\n\t\t\t\t<div class=\"elementor-element elementor-element-30733c9 elementor-widget elementor-widget-text-editor\" data-id=\"30733c9\" data-element_type=\"widget\" data-e-type=\"widget\" data-widget_type=\"text-editor.default\">\n\t\t\t\t<div class=\"elementor-widget-container\">\n\t\t\t\t\t\t\t\t\t<p>En mettant en \u0153uvre de telles mesures num\u00e9riques, les leaders du secteur peuvent automatiser les t\u00e2ches \u00e0 faible valeur ajout\u00e9e, ce qui leur permet d'allouer plus de temps et de ressources \u00e0 la cr\u00e9ation d'une valeur ajout\u00e9e pour les clients. L'investissement dans les technologies du lieu de travail qui facilitent la connexion et la communication des employ\u00e9s permet une escalade et une r\u00e9solution rapides des incidents, ind\u00e9pendamment des limitations li\u00e9es \u00e0 l'emplacement. En outre, la fourniture de solutions mobiles et bas\u00e9es sur le cloud pour les consommateurs est d\u00e9sormais une attente sur le march\u00e9. M\u00eame l'interface utilisateur et les fonctionnalit\u00e9s des chatbots doivent r\u00e9pondre \u00e0 des normes \u00e9lev\u00e9es, car les consommateurs chercheront d'autres solutions si leurs attentes ne sont pas satisfaites.<\/p>\t\t\t\t\t\t\t\t<\/div>\n\t\t\t\t<\/div>\n\t\t\t\t\t<\/div>\n\t\t<\/div>\n\t\t\t\t<div class=\"elementor-column elementor-col-50 elementor-top-column elementor-element elementor-element-38adf56\" data-id=\"38adf56\" data-element_type=\"column\" data-e-type=\"column\">\n\t\t\t<div class=\"elementor-widget-wrap elementor-element-populated\">\n\t\t\t\t\t\t<div class=\"elementor-element elementor-element-340c667 elementor-widget elementor-widget-image\" data-id=\"340c667\" data-element_type=\"widget\" data-e-type=\"widget\" data-widget_type=\"image.default\">\n\t\t\t\t<div class=\"elementor-widget-container\">\n\t\t\t\t\t\t\t\t\t\t\t\t\t\t\t<img decoding=\"async\" width=\"530\" height=\"750\" src=\"https:\/\/tcs-technology.com\/wp-content\/uploads\/2022\/04\/IT-Project-Business-woman-shopping-online.jpg\" class=\"attachment-full size-full wp-image-2602\" alt=\"IT Project Business woman shopping online\" \/>\t\t\t\t\t\t\t\t\t\t\t\t\t\t\t<\/div>\n\t\t\t\t<\/div>\n\t\t\t\t\t<\/div>\n\t\t<\/div>\n\t\t\t\t\t<\/div>\n\t\t<\/section>\n\t\t\t\t<section class=\"elementor-section elementor-top-section elementor-element elementor-element-e566d7c elementor-section-boxed elementor-section-height-default elementor-section-height-default\" data-id=\"e566d7c\" data-element_type=\"section\" data-e-type=\"section\">\n\t\t\t\t\t\t<div class=\"elementor-container elementor-column-gap-default\">\n\t\t\t\t\t<div class=\"elementor-column elementor-col-100 elementor-top-column elementor-element elementor-element-0804ce7\" data-id=\"0804ce7\" data-element_type=\"column\" data-e-type=\"column\">\n\t\t\t<div class=\"elementor-widget-wrap elementor-element-populated\">\n\t\t\t\t\t\t<div class=\"elementor-element elementor-element-cdd6f64 elementor-widget elementor-widget-heading\" data-id=\"cdd6f64\" data-element_type=\"widget\" data-e-type=\"widget\" data-widget_type=\"heading.default\">\n\t\t\t\t<div class=\"elementor-widget-container\">\n\t\t\t\t\t<h3 class=\"elementor-heading-title elementor-size-default\">Garder une longueur d'avance sur la concurrence<\/h3>\t\t\t\t<\/div>\n\t\t\t\t<\/div>\n\t\t\t\t<div class=\"elementor-element elementor-element-e9e6b85 elementor-widget elementor-widget-text-editor\" data-id=\"e9e6b85\" data-element_type=\"widget\" data-e-type=\"widget\" data-widget_type=\"text-editor.default\">\n\t\t\t\t<div class=\"elementor-widget-container\">\n\t\t\t\t\t\t\t\t\t<p>Alors que le secteur de la finance et de la banque est traditionnellement conservateur, les entreprises qui souhaitent devenir des leaders du secteur doivent d\u00e9sormais adopter l'identit\u00e9 des entreprises technologiques innovantes, comme l'a d\u00e9montr\u00e9 la transformation de JPMorgan Chase au cours des derni\u00e8res ann\u00e9es. S'adapter \u00e0 l'\u00e9volution des temps et des attentes est absolument crucial pour ce secteur, et le succ\u00e8s ou l'\u00e9chec sera bient\u00f4t d\u00e9termin\u00e9 par la transformation num\u00e9rique.<\/p><p>Int\u00e9ress\u00e9 par des solutions de digitalisation personnalis\u00e9es pour vos projets informatiques bancaires et financiers ? \ud83d\udc4b <a href=\"https:\/\/tcs-technology.com\/fr\/contact\/\">Contactez notre \u00e9quipe d\u00e8s aujourd'hui<\/a> pour une consultation gratuite et sans engagement. Nous ne vous pousserons pas \u00e0 prendre une d\u00e9cision - nos services parlent d'eux-m\u00eames. Nous discuterons simplement de vos besoins sp\u00e9cifiques et vous expliquerons comment nous pouvons vous aider.<\/p>\t\t\t\t\t\t\t\t<\/div>\n\t\t\t\t<\/div>\n\t\t\t\t\t<\/div>\n\t\t<\/div>\n\t\t\t\t\t<\/div>\n\t\t<\/section>\n\t\t\t\t<\/div>","protected":false},"excerpt":{"rendered":"<p>Banque et finance Cr\u00e9er plus de valeur pour les clients, am\u00e9liorer la s\u00e9curit\u00e9 et tirer le meilleur parti des innovations num\u00e9riques FinTech. Les FinTech sont devenues un mot \u00e0 la mode ces derni\u00e8res ann\u00e9es - en tirez-vous le meilleur parti ? Dans la quatri\u00e8me r\u00e9volution industrielle d'aujourd'hui, tous les secteurs doivent s'adapter pour r\u00e9pondre aux attentes de consommateurs de plus en plus technophiles, et [...]<\/p>","protected":false},"author":1,"featured_media":0,"parent":681,"menu_order":0,"comment_status":"closed","ping_status":"closed","template":"elementor_header_footer","meta":{"footnotes":""},"class_list":["post-1555","page","type-page","status-publish","hentry"],"yoast_head":"<!-- This site is optimized with the Yoast SEO plugin v20.5 - https:\/\/yoast.com\/wordpress\/plugins\/seo\/ -->\n<title>Banking and Finance - TCS Technology AG<\/title>\n<meta name=\"robots\" content=\"index, follow, max-snippet:-1, max-image-preview:large, max-video-preview:-1\" \/>\n<link rel=\"canonical\" href=\"https:\/\/tcs-technology.com\/fr\/verticals\/banking-and-finance\/\" \/>\n<meta property=\"og:locale\" content=\"fr_FR\" \/>\n<meta property=\"og:type\" content=\"article\" \/>\n<meta property=\"og:title\" content=\"Banking and Finance - TCS Technology AG\" \/>\n<meta property=\"og:description\" content=\"Banking and Finance Create more value for clients, improve security, and make the most of FinTech digital innovations. FinTech has become somewhat of a buzzword in recent years \u2013 are you making the most of it? In today&#8217;s Fourth Industrial Revolution, all sectors need to adapt to meet the expectations of increasingly tech-savvy consumers, and [&hellip;]\" \/>\n<meta property=\"og:url\" content=\"https:\/\/tcs-technology.com\/fr\/verticals\/banking-and-finance\/\" \/>\n<meta property=\"og:site_name\" content=\"TCS Technology AG\" \/>\n<meta property=\"article:modified_time\" content=\"2023-06-23T17:00:33+00:00\" \/>\n<meta property=\"og:image\" content=\"https:\/\/tcs-technology.com\/wp-content\/uploads\/2022\/04\/about.jpg\" \/>\n<meta name=\"twitter:card\" content=\"summary_large_image\" \/>\n<meta name=\"twitter:label1\" content=\"Dur\u00e9e de lecture estim\u00e9e\" \/>\n\t<meta name=\"twitter:data1\" content=\"2 minutes\" \/>\n<script type=\"application\/ld+json\" class=\"yoast-schema-graph\">{\"@context\":\"https:\/\/schema.org\",\"@graph\":[{\"@type\":\"WebPage\",\"@id\":\"https:\/\/tcs-technology.com\/verticals\/banking-and-finance\/\",\"url\":\"https:\/\/tcs-technology.com\/verticals\/banking-and-finance\/\",\"name\":\"Banking and Finance - TCS Technology AG\",\"isPartOf\":{\"@id\":\"https:\/\/tcs-technology.com\/#website\"},\"datePublished\":\"2022-04-05T06:18:38+00:00\",\"dateModified\":\"2023-06-23T17:00:33+00:00\",\"breadcrumb\":{\"@id\":\"https:\/\/tcs-technology.com\/verticals\/banking-and-finance\/#breadcrumb\"},\"inLanguage\":\"fr-FR\",\"potentialAction\":[{\"@type\":\"ReadAction\",\"target\":[\"https:\/\/tcs-technology.com\/verticals\/banking-and-finance\/\"]}]},{\"@type\":\"BreadcrumbList\",\"@id\":\"https:\/\/tcs-technology.com\/verticals\/banking-and-finance\/#breadcrumb\",\"itemListElement\":[{\"@type\":\"ListItem\",\"position\":1,\"name\":\"Home\",\"item\":\"https:\/\/tcs-technology.com\/\"},{\"@type\":\"ListItem\",\"position\":2,\"name\":\"Verticals\",\"item\":\"https:\/\/tcs-technology.com\/verticals\/\"},{\"@type\":\"ListItem\",\"position\":3,\"name\":\"Banking and Finance\"}]},{\"@type\":\"WebSite\",\"@id\":\"https:\/\/tcs-technology.com\/#website\",\"url\":\"https:\/\/tcs-technology.com\/\",\"name\":\"TCS Technology AG\",\"description\":\"We provide cutting-edge SaaS solutions for organizations in Switzerland and around the world with a focus on performance, security, and sustainability.\",\"publisher\":{\"@id\":\"https:\/\/tcs-technology.com\/#organization\"},\"potentialAction\":[{\"@type\":\"SearchAction\",\"target\":{\"@type\":\"EntryPoint\",\"urlTemplate\":\"https:\/\/tcs-technology.com\/?s={search_term_string}\"},\"query-input\":\"required name=search_term_string\"}],\"inLanguage\":\"fr-FR\"},{\"@type\":\"Organization\",\"@id\":\"https:\/\/tcs-technology.com\/#organization\",\"name\":\"TCS Technology AG\",\"url\":\"https:\/\/tcs-technology.com\/\",\"logo\":{\"@type\":\"ImageObject\",\"inLanguage\":\"fr-FR\",\"@id\":\"https:\/\/tcs-technology.com\/#\/schema\/logo\/image\/\",\"url\":\"https:\/\/tcs-technology.com\/wp-content\/uploads\/2022\/03\/logo-2.png\",\"contentUrl\":\"https:\/\/tcs-technology.com\/wp-content\/uploads\/2022\/03\/logo-2.png\",\"width\":8334,\"height\":6131,\"caption\":\"TCS Technology AG\"},\"image\":{\"@id\":\"https:\/\/tcs-technology.com\/#\/schema\/logo\/image\/\"}}]}<\/script>\n<!-- \/ Yoast SEO plugin. -->","yoast_head_json":{"title":"Banking and Finance - TCS Technology AG","robots":{"index":"index","follow":"follow","max-snippet":"max-snippet:-1","max-image-preview":"max-image-preview:large","max-video-preview":"max-video-preview:-1"},"canonical":"https:\/\/tcs-technology.com\/fr\/verticals\/banking-and-finance\/","og_locale":"fr_FR","og_type":"article","og_title":"Banking and Finance - TCS Technology AG","og_description":"Banking and Finance Create more value for clients, improve security, and make the most of FinTech digital innovations. FinTech has become somewhat of a buzzword in recent years \u2013 are you making the most of it? In today&#8217;s Fourth Industrial Revolution, all sectors need to adapt to meet the expectations of increasingly tech-savvy consumers, and [&hellip;]","og_url":"https:\/\/tcs-technology.com\/fr\/verticals\/banking-and-finance\/","og_site_name":"TCS Technology AG","article_modified_time":"2023-06-23T17:00:33+00:00","og_image":[{"url":"https:\/\/tcs-technology.com\/wp-content\/uploads\/2022\/04\/about.jpg"}],"twitter_card":"summary_large_image","twitter_misc":{"Dur\u00e9e de lecture estim\u00e9e":"2 minutes"},"schema":{"@context":"https:\/\/schema.org","@graph":[{"@type":"WebPage","@id":"https:\/\/tcs-technology.com\/verticals\/banking-and-finance\/","url":"https:\/\/tcs-technology.com\/verticals\/banking-and-finance\/","name":"Banking and Finance - TCS Technology AG","isPartOf":{"@id":"https:\/\/tcs-technology.com\/#website"},"datePublished":"2022-04-05T06:18:38+00:00","dateModified":"2023-06-23T17:00:33+00:00","breadcrumb":{"@id":"https:\/\/tcs-technology.com\/verticals\/banking-and-finance\/#breadcrumb"},"inLanguage":"fr-FR","potentialAction":[{"@type":"ReadAction","target":["https:\/\/tcs-technology.com\/verticals\/banking-and-finance\/"]}]},{"@type":"BreadcrumbList","@id":"https:\/\/tcs-technology.com\/verticals\/banking-and-finance\/#breadcrumb","itemListElement":[{"@type":"ListItem","position":1,"name":"Home","item":"https:\/\/tcs-technology.com\/"},{"@type":"ListItem","position":2,"name":"Verticals","item":"https:\/\/tcs-technology.com\/verticals\/"},{"@type":"ListItem","position":3,"name":"Banking and Finance"}]},{"@type":"WebSite","@id":"https:\/\/tcs-technology.com\/#website","url":"https:\/\/tcs-technology.com\/","name":"TCS Technology AG","description":"We provide cutting-edge SaaS solutions for organizations in Switzerland and around the world with a focus on performance, security, and sustainability.","publisher":{"@id":"https:\/\/tcs-technology.com\/#organization"},"potentialAction":[{"@type":"SearchAction","target":{"@type":"EntryPoint","urlTemplate":"https:\/\/tcs-technology.com\/?s={search_term_string}"},"query-input":"required name=search_term_string"}],"inLanguage":"fr-FR"},{"@type":"Organization","@id":"https:\/\/tcs-technology.com\/#organization","name":"TCS Technology AG","url":"https:\/\/tcs-technology.com\/","logo":{"@type":"ImageObject","inLanguage":"fr-FR","@id":"https:\/\/tcs-technology.com\/#\/schema\/logo\/image\/","url":"https:\/\/tcs-technology.com\/wp-content\/uploads\/2022\/03\/logo-2.png","contentUrl":"https:\/\/tcs-technology.com\/wp-content\/uploads\/2022\/03\/logo-2.png","width":8334,"height":6131,"caption":"TCS Technology AG"},"image":{"@id":"https:\/\/tcs-technology.com\/#\/schema\/logo\/image\/"}}]}},"_links":{"self":[{"href":"https:\/\/tcs-technology.com\/fr\/wp-json\/wp\/v2\/pages\/1555","targetHints":{"allow":["GET"]}}],"collection":[{"href":"https:\/\/tcs-technology.com\/fr\/wp-json\/wp\/v2\/pages"}],"about":[{"href":"https:\/\/tcs-technology.com\/fr\/wp-json\/wp\/v2\/types\/page"}],"author":[{"embeddable":true,"href":"https:\/\/tcs-technology.com\/fr\/wp-json\/wp\/v2\/users\/1"}],"replies":[{"embeddable":true,"href":"https:\/\/tcs-technology.com\/fr\/wp-json\/wp\/v2\/comments?post=1555"}],"version-history":[{"count":28,"href":"https:\/\/tcs-technology.com\/fr\/wp-json\/wp\/v2\/pages\/1555\/revisions"}],"predecessor-version":[{"id":3279,"href":"https:\/\/tcs-technology.com\/fr\/wp-json\/wp\/v2\/pages\/1555\/revisions\/3279"}],"up":[{"embeddable":true,"href":"https:\/\/tcs-technology.com\/fr\/wp-json\/wp\/v2\/pages\/681"}],"wp:attachment":[{"href":"https:\/\/tcs-technology.com\/fr\/wp-json\/wp\/v2\/media?parent=1555"}],"curies":[{"name":"wp","href":"https:\/\/api.w.org\/{rel}","templated":true}]}}