{"id":1297,"date":"2022-04-01T17:10:22","date_gmt":"2022-04-01T15:10:22","guid":{"rendered":"https:\/\/tcs-technology.com\/?page_id=1297"},"modified":"2023-06-23T18:20:21","modified_gmt":"2023-06-23T16:20:21","slug":"cyber-security","status":"publish","type":"page","link":"https:\/\/tcs-technology.com\/fr\/services\/cyber-security\/","title":{"rendered":"Cybers\u00e9curit\u00e9"},"content":{"rendered":"<div data-elementor-type=\"wp-page\" data-elementor-id=\"1297\" class=\"elementor elementor-1297\">\n\t\t\t\t\t\t<section class=\"elementor-section elementor-top-section elementor-element elementor-element-b40c73c elementor-section-boxed elementor-section-height-default elementor-section-height-default\" data-id=\"b40c73c\" data-element_type=\"section\" data-e-type=\"section\" data-settings=\"{&quot;background_background&quot;:&quot;classic&quot;}\">\n\t\t\t\t\t\t<div class=\"elementor-container elementor-column-gap-default\">\n\t\t\t\t\t<div class=\"elementor-column elementor-col-100 elementor-top-column elementor-element elementor-element-fd3b382\" data-id=\"fd3b382\" data-element_type=\"column\" data-e-type=\"column\">\n\t\t\t<div class=\"elementor-widget-wrap elementor-element-populated\">\n\t\t\t\t\t\t<div class=\"elementor-element elementor-element-4578737 elementor-align-center elementor-widget elementor-widget-breadcrumbs\" data-id=\"4578737\" data-element_type=\"widget\" data-e-type=\"widget\" data-widget_type=\"breadcrumbs.default\">\n\t\t\t\t<div class=\"elementor-widget-container\">\n\t\t\t\t\t<p id=\"breadcrumbs\"><span><span><a href=\"https:\/\/tcs-technology.com\/fr\/\">Accueil<\/a><\/span><\/span><\/p>\t\t\t\t<\/div>\n\t\t\t\t<\/div>\n\t\t\t\t\t<\/div>\n\t\t<\/div>\n\t\t\t\t\t<\/div>\n\t\t<\/section>\n\t\t\t\t<section class=\"elementor-section elementor-top-section elementor-element elementor-element-746cddb9 elementor-section-boxed elementor-section-height-default elementor-section-height-default\" data-id=\"746cddb9\" data-element_type=\"section\" data-e-type=\"section\">\n\t\t\t\t\t\t<div class=\"elementor-container elementor-column-gap-default\">\n\t\t\t\t\t<div class=\"elementor-column elementor-col-100 elementor-top-column elementor-element elementor-element-19fd104b\" data-id=\"19fd104b\" data-element_type=\"column\" data-e-type=\"column\">\n\t\t\t<div class=\"elementor-widget-wrap elementor-element-populated\">\n\t\t\t\t\t\t<div class=\"elementor-element elementor-element-c18fe4b elementor-widget elementor-widget-heading\" data-id=\"c18fe4b\" data-element_type=\"widget\" data-e-type=\"widget\" data-widget_type=\"heading.default\">\n\t\t\t\t<div class=\"elementor-widget-container\">\n\t\t\t\t\t<h2 class=\"elementor-heading-title elementor-size-default\">Consultation sur la cybers\u00e9curit\u00e9 <\/h2>\t\t\t\t<\/div>\n\t\t\t\t<\/div>\n\t\t\t\t<div class=\"elementor-element elementor-element-504f08e2 elementor-widget elementor-widget-text-editor\" data-id=\"504f08e2\" data-element_type=\"widget\" data-e-type=\"widget\" data-widget_type=\"text-editor.default\">\n\t\t\t\t<div class=\"elementor-widget-container\">\n\t\t\t\t\t\t\t\t\t<p>Nous fournissons des services complets de cybers\u00e9curit\u00e9 adapt\u00e9s aux besoins de tous les types d'entreprises. Nos services englobent la protection de tous les actifs de l'organisation dans diverses cat\u00e9gories.<\/p><p>Nous nous engageons \u00e0 contribuer \u00e0 la construction d'un \u00e9cosyst\u00e8me informatique solide, prot\u00e9g\u00e9 de tous les c\u00f4t\u00e9s. Notre objectif ultime est de cr\u00e9er une base solide pour une infrastructure informatique, capable de r\u00e9sister \u00e0 toute cyberattaque potentielle. Nous garantissons le d\u00e9veloppement d'un r\u00e9seau capable de prot\u00e9ger efficacement les logiciels, de surveiller les r\u00e9seaux et de sauvegarder l'infrastructure avec la plus grande efficacit\u00e9.<\/p>\t\t\t\t\t\t\t\t<\/div>\n\t\t\t\t<\/div>\n\t\t\t\t\t<\/div>\n\t\t<\/div>\n\t\t\t\t\t<\/div>\n\t\t<\/section>\n\t\t\t\t<section class=\"elementor-section elementor-top-section elementor-element elementor-element-3867eea9 elementor-section-boxed elementor-section-height-default elementor-section-height-default\" data-id=\"3867eea9\" data-element_type=\"section\" data-e-type=\"section\">\n\t\t\t\t\t\t<div class=\"elementor-container elementor-column-gap-default\">\n\t\t\t\t\t<div class=\"elementor-column elementor-col-50 elementor-top-column elementor-element elementor-element-31aa8d17\" data-id=\"31aa8d17\" data-element_type=\"column\" data-e-type=\"column\">\n\t\t\t<div class=\"elementor-widget-wrap elementor-element-populated\">\n\t\t\t\t\t\t<div class=\"elementor-element elementor-element-26a6f0e3 elementor-widget elementor-widget-heading\" data-id=\"26a6f0e3\" data-element_type=\"widget\" data-e-type=\"widget\" data-widget_type=\"heading.default\">\n\t\t\t\t<div class=\"elementor-widget-container\">\n\t\t\t\t\t<h3 class=\"elementor-heading-title elementor-size-default\">Notre objectif principal est de sauvegarder les \u00e9l\u00e9ments suivants :<\/h3>\t\t\t\t<\/div>\n\t\t\t\t<\/div>\n\t\t\t\t<div class=\"elementor-element elementor-element-4df2f67b elementor-widget elementor-widget-text-editor\" data-id=\"4df2f67b\" data-element_type=\"widget\" data-e-type=\"widget\" data-widget_type=\"text-editor.default\">\n\t\t\t\t<div class=\"elementor-widget-container\">\n\t\t\t\t\t\t\t\t\t<p>Outre les applications de donn\u00e9es, l'adoption de la transformation num\u00e9rique dans les secteurs comptable et juridique pr\u00e9sente de nombreux avantages. En voici quelques-uns :<\/p>\t\t\t\t\t\t\t\t<\/div>\n\t\t\t\t<\/div>\n\t\t\t\t<div class=\"elementor-element elementor-element-6aa894e7 elementor-icon-list--layout-traditional elementor-list-item-link-full_width elementor-widget elementor-widget-icon-list\" data-id=\"6aa894e7\" data-element_type=\"widget\" data-e-type=\"widget\" data-widget_type=\"icon-list.default\">\n\t\t\t\t<div class=\"elementor-widget-container\">\n\t\t\t\t\t\t\t<ul class=\"elementor-icon-list-items\">\n\t\t\t\t\t\t\t<li class=\"elementor-icon-list-item\">\n\t\t\t\t\t\t\t\t\t\t\t<span class=\"elementor-icon-list-icon\">\n\t\t\t\t\t\t\t<i aria-hidden=\"true\" class=\"fas fa-check-circle\"><\/i>\t\t\t\t\t\t<\/span>\n\t\t\t\t\t\t\t\t\t\t<span class=\"elementor-icon-list-text\">Fonctions de s\u00e9curit\u00e9 et d\u00e9ploiement en toute s\u00e9curit\u00e9 des mises \u00e0 jour de s\u00e9curit\u00e9 disponibles.<\/span>\n\t\t\t\t\t\t\t\t\t<\/li>\n\t\t\t\t\t\t\t\t<li class=\"elementor-icon-list-item\">\n\t\t\t\t\t\t\t\t\t\t\t<span class=\"elementor-icon-list-icon\">\n\t\t\t\t\t\t\t<i aria-hidden=\"true\" class=\"fas fa-check-circle\"><\/i>\t\t\t\t\t\t<\/span>\n\t\t\t\t\t\t\t\t\t\t<span class=\"elementor-icon-list-text\">Assurer la protection des serveurs, des pare-feu, des routeurs et des commutateurs, tout en permettant des op\u00e9rations et une int\u00e9gration s\u00fbres et transparentes.<\/span>\n\t\t\t\t\t\t\t\t\t<\/li>\n\t\t\t\t\t\t\t\t<li class=\"elementor-icon-list-item\">\n\t\t\t\t\t\t\t\t\t\t\t<span class=\"elementor-icon-list-icon\">\n\t\t\t\t\t\t\t<i aria-hidden=\"true\" class=\"fas fa-check-circle\"><\/i>\t\t\t\t\t\t<\/span>\n\t\t\t\t\t\t\t\t\t\t<span class=\"elementor-icon-list-text\">Notre \u00e9quipe excelle dans la s\u00e9curisation des solutions informatiques, tant mat\u00e9rielles que logicielles, contre les cyber-attaques de toute nature, prot\u00e9geant ainsi l'infrastructure de l'organisation.<\/span>\n\t\t\t\t\t\t\t\t\t<\/li>\n\t\t\t\t\t\t\t\t<li class=\"elementor-icon-list-item\">\n\t\t\t\t\t\t\t\t\t\t\t<span class=\"elementor-icon-list-icon\">\n\t\t\t\t\t\t\t<i aria-hidden=\"true\" class=\"fas fa-check-circle\"><\/i>\t\t\t\t\t\t<\/span>\n\t\t\t\t\t\t\t\t\t\t<span class=\"elementor-icon-list-text\">Chez TCS Technology, nous consid\u00e9rons que les services de conseil en cybers\u00e9curit\u00e9 font partie int\u00e9grante de la mise en place de pratiques de s\u00e9curit\u00e9 efficaces.<\/span>\n\t\t\t\t\t\t\t\t\t<\/li>\n\t\t\t\t\t\t<\/ul>\n\t\t\t\t\t\t<\/div>\n\t\t\t\t<\/div>\n\t\t\t\t<div class=\"elementor-element elementor-element-f6c43b5 elementor-widget elementor-widget-text-editor\" data-id=\"f6c43b5\" data-element_type=\"widget\" data-e-type=\"widget\" data-widget_type=\"text-editor.default\">\n\t\t\t\t<div class=\"elementor-widget-container\">\n\t\t\t\t\t\t\t\t\t<p>Pour remplir notre mission, nous nous engageons \u00e0 respecter les points suivants :<\/p>\t\t\t\t\t\t\t\t<\/div>\n\t\t\t\t<\/div>\n\t\t\t\t<div class=\"elementor-element elementor-element-52e0c9f elementor-widget elementor-widget-heading\" data-id=\"52e0c9f\" data-element_type=\"widget\" data-e-type=\"widget\" data-widget_type=\"heading.default\">\n\t\t\t\t<div class=\"elementor-widget-container\">\n\t\t\t\t\t<h2 class=\"elementor-heading-title elementor-size-default\">La cybers\u00e9curit\u00e9<\/h2>\t\t\t\t<\/div>\n\t\t\t\t<\/div>\n\t\t\t\t\t<\/div>\n\t\t<\/div>\n\t\t\t\t<div class=\"elementor-column elementor-col-50 elementor-top-column elementor-element elementor-element-27f56ac8\" data-id=\"27f56ac8\" data-element_type=\"column\" data-e-type=\"column\" data-settings=\"{&quot;background_background&quot;:&quot;classic&quot;}\">\n\t\t\t<div class=\"elementor-widget-wrap elementor-element-populated\">\n\t\t\t\t\t\t<div class=\"elementor-element elementor-element-56938ac elementor-widget elementor-widget-image\" data-id=\"56938ac\" data-element_type=\"widget\" data-e-type=\"widget\" data-widget_type=\"image.default\">\n\t\t\t\t<div class=\"elementor-widget-container\">\n\t\t\t\t\t\t\t\t\t\t\t\t\t\t\t<img fetchpriority=\"high\" decoding=\"async\" width=\"800\" height=\"480\" src=\"https:\/\/tcs-technology.com\/wp-content\/uploads\/2022\/04\/crew-data-center-cyber-security-team-computer-engineers-working-double-exposure-blurry-interface-concept-protection-164673298.jpg\" class=\"attachment-full size-full wp-image-1906\" alt=\"cyber security\" \/>\t\t\t\t\t\t\t\t\t\t\t\t\t\t\t<\/div>\n\t\t\t\t<\/div>\n\t\t\t\t\t<\/div>\n\t\t<\/div>\n\t\t\t\t\t<\/div>\n\t\t<\/section>\n\t\t\t\t<section class=\"elementor-section elementor-top-section elementor-element elementor-element-66bac41 elementor-section-boxed elementor-section-height-default elementor-section-height-default\" data-id=\"66bac41\" data-element_type=\"section\" data-e-type=\"section\">\n\t\t\t\t\t\t<div class=\"elementor-container elementor-column-gap-default\">\n\t\t\t\t\t<div class=\"elementor-column elementor-col-100 elementor-top-column elementor-element elementor-element-a17161d\" data-id=\"a17161d\" data-element_type=\"column\" data-e-type=\"column\">\n\t\t\t<div class=\"elementor-widget-wrap elementor-element-populated\">\n\t\t\t\t\t\t<div class=\"elementor-element elementor-element-9053be7 elementor-widget elementor-widget-heading\" data-id=\"9053be7\" data-element_type=\"widget\" data-e-type=\"widget\" data-widget_type=\"heading.default\">\n\t\t\t\t<div class=\"elementor-widget-container\">\n\t\t\t\t\t<h4 class=\"elementor-heading-title elementor-size-default\">1. l'\u00e9valuation <\/h4>\t\t\t\t<\/div>\n\t\t\t\t<\/div>\n\t\t\t\t<div class=\"elementor-element elementor-element-8e96097 elementor-widget elementor-widget-text-editor\" data-id=\"8e96097\" data-element_type=\"widget\" data-e-type=\"widget\" data-widget_type=\"text-editor.default\">\n\t\t\t\t<div class=\"elementor-widget-container\">\n\t\t\t\t\t\t\t\t\t<p>Nous proc\u00e9dons \u00e0 des \u00e9valuations approfondies de la s\u00e9curit\u00e9 afin de mieux comprendre les forces et les faiblesses du dispositif de s\u00e9curit\u00e9 de notre \u00e9quipe. En outre, nous veillons \u00e0 ce que nos normes de s\u00e9curit\u00e9 soient conformes aux crit\u00e8res de s\u00e9curit\u00e9 r\u00e9gionaux et mondiaux.<\/p>\t\t\t\t\t\t\t\t<\/div>\n\t\t\t\t<\/div>\n\t\t\t\t<div class=\"elementor-element elementor-element-070e162 elementor-widget elementor-widget-heading\" data-id=\"070e162\" data-element_type=\"widget\" data-e-type=\"widget\" data-widget_type=\"heading.default\">\n\t\t\t\t<div class=\"elementor-widget-container\">\n\t\t\t\t\t<h4 class=\"elementor-heading-title elementor-size-default\">2. la planification strat\u00e9gique<\/h4>\t\t\t\t<\/div>\n\t\t\t\t<\/div>\n\t\t\t\t<div class=\"elementor-element elementor-element-e2203af elementor-widget elementor-widget-text-editor\" data-id=\"e2203af\" data-element_type=\"widget\" data-e-type=\"widget\" data-widget_type=\"text-editor.default\">\n\t\t\t\t<div class=\"elementor-widget-container\">\n\t\t\t\t\t\t\t\t\t<p>Nous documentons m\u00e9ticuleusement notre feuille de route en mati\u00e8re de s\u00e9curit\u00e9, en employant des m\u00e9thodes et des solutions de s\u00e9curit\u00e9 personnalis\u00e9es pour atteindre nos objectifs strat\u00e9giques. Cela nous permet de suivre nos progr\u00e8s et de mesurer notre croissance au fil du temps.<\/p>\t\t\t\t\t\t\t\t<\/div>\n\t\t\t\t<\/div>\n\t\t\t\t<div class=\"elementor-element elementor-element-0d95022 elementor-widget elementor-widget-heading\" data-id=\"0d95022\" data-element_type=\"widget\" data-e-type=\"widget\" data-widget_type=\"heading.default\">\n\t\t\t\t<div class=\"elementor-widget-container\">\n\t\t\t\t\t<h4 class=\"elementor-heading-title elementor-size-default\">3. la formation <\/h4>\t\t\t\t<\/div>\n\t\t\t\t<\/div>\n\t\t\t\t<div class=\"elementor-element elementor-element-7c3cf51 elementor-widget elementor-widget-text-editor\" data-id=\"7c3cf51\" data-element_type=\"widget\" data-e-type=\"widget\" data-widget_type=\"text-editor.default\">\n\t\t\t\t<div class=\"elementor-widget-container\">\n\t\t\t\t\t\t\t\t\t<p>Nous donnons la priorit\u00e9 \u00e0 la formation de notre personnel de s\u00e9curit\u00e9, des professionnels et des utilisateurs professionnels. Nous fournissons des conseils complets sur la gestion des solutions de s\u00e9curit\u00e9 et la mise en place de pratiques de travail s\u00e9curis\u00e9es pour tous les appareils. En encourageant une culture de l'apprentissage continu, nous permettons aux membres de notre \u00e9quipe d'atteindre leurs objectifs hebdomadaires et d'am\u00e9liorer continuellement leurs performances.<\/p>\t\t\t\t\t\t\t\t<\/div>\n\t\t\t\t<\/div>\n\t\t\t\t\t<\/div>\n\t\t<\/div>\n\t\t\t\t\t<\/div>\n\t\t<\/section>\n\t\t\t\t<section class=\"elementor-section elementor-top-section elementor-element elementor-element-0b9ffa7 elementor-section-boxed elementor-section-height-default elementor-section-height-default\" data-id=\"0b9ffa7\" data-element_type=\"section\" data-e-type=\"section\">\n\t\t\t\t\t\t<div class=\"elementor-container elementor-column-gap-default\">\n\t\t\t\t\t<div class=\"elementor-column elementor-col-100 elementor-top-column elementor-element elementor-element-0364977\" data-id=\"0364977\" data-element_type=\"column\" data-e-type=\"column\">\n\t\t\t<div class=\"elementor-widget-wrap elementor-element-populated\">\n\t\t\t\t\t\t<div class=\"elementor-element elementor-element-8803b10 elementor-widget elementor-widget-heading\" data-id=\"8803b10\" data-element_type=\"widget\" data-e-type=\"widget\" data-widget_type=\"heading.default\">\n\t\t\t\t<div class=\"elementor-widget-container\">\n\t\t\t\t\t<h3 class=\"elementor-heading-title elementor-size-default\">Recherche approfondie sur la cybers\u00e9curit\u00e9 <\/h3>\t\t\t\t<\/div>\n\t\t\t\t<\/div>\n\t\t\t\t<div class=\"elementor-element elementor-element-127b423 security elementor-widget elementor-widget-text-editor\" data-id=\"127b423\" data-element_type=\"widget\" data-e-type=\"widget\" data-widget_type=\"text-editor.default\">\n\t\t\t\t<div class=\"elementor-widget-container\">\n\t\t\t\t\t\t\t\t\t<p>Nous r\u00e9visons et affinons constamment nos politiques de s\u00e9curit\u00e9, en maintenant une approche proactive. Nous mettons r\u00e9guli\u00e8rement \u00e0 jour nos fiches informatiques document\u00e9es, nos programmes de r\u00e9ponse aux incidents, nos politiques de protection des donn\u00e9es et nos supports de formation \u00e0 la s\u00e9curit\u00e9 afin de nous assurer qu'ils r\u00e9pondent aux niveaux normalis\u00e9s.<\/p><p>Nous proc\u00e9dons \u00e0 des \u00e9valuations approfondies de la s\u00e9curit\u00e9 des applications, de l'analyse des r\u00e9seaux et de la protection des infrastructures, et nous nous effor\u00e7ons constamment de nous am\u00e9liorer. Nous nous concentrons \u00e9galement sur la mise \u00e0 niveau de la s\u00e9curit\u00e9 physique et de la s\u00e9curit\u00e9 des points d'extr\u00e9mit\u00e9.<\/p><p>Avec l'aide de notre centre de test \u00e0 TCS, nous fournissons une assistance pr\u00e9cieuse aux entreprises dans l'\u00e9valuation de leur statut de cybers\u00e9curit\u00e9. Nous menons des examens complets et approfondis, en examinant m\u00e9ticuleusement les solutions, les r\u00e9seaux et l'infrastructure, et en identifiant les lacunes de s\u00e9curit\u00e9 potentielles qui pourraient avoir un impact sur les utilisateurs externes et internes.<\/p><p>\u00c0 l'issue de nos tests, nous \u00e9laborons un plan d'action complet comprenant des contre-mesures pour rem\u00e9dier aux vuln\u00e9rabilit\u00e9s identifi\u00e9es et am\u00e9liorer le niveau de s\u00e9curit\u00e9 global des syst\u00e8mes \u00e9valu\u00e9s. Notre engagement \u00e0 maintenir la r\u00e9putation et les normes de notre entreprise nous pousse \u00e0 am\u00e9liorer continuellement nos pratiques en mati\u00e8re de cybers\u00e9curit\u00e9.<\/p>\t\t\t\t\t\t\t\t<\/div>\n\t\t\t\t<\/div>\n\t\t\t\t\t<\/div>\n\t\t<\/div>\n\t\t\t\t\t<\/div>\n\t\t<\/section>\n\t\t\t\t<\/div>","protected":false},"excerpt":{"rendered":"<p>Consultation en mati\u00e8re de cybers\u00e9curit\u00e9 Nous fournissons des services complets de cybers\u00e9curit\u00e9 adapt\u00e9s aux besoins de tous les types d'entreprises. Nos services englobent la protection de tous les actifs de l'organisation dans diverses cat\u00e9gories. Nous nous engageons \u00e0 contribuer \u00e0 la construction d'un \u00e9cosyst\u00e8me informatique solide, prot\u00e9g\u00e9 de tous les c\u00f4t\u00e9s. Notre objectif ultime est de cr\u00e9er un [...]<\/p>","protected":false},"author":1,"featured_media":0,"parent":1270,"menu_order":0,"comment_status":"closed","ping_status":"closed","template":"elementor_header_footer","meta":{"footnotes":""},"class_list":["post-1297","page","type-page","status-publish","hentry"],"yoast_head":"<!-- This site is optimized with the Yoast SEO plugin v20.5 - https:\/\/yoast.com\/wordpress\/plugins\/seo\/ -->\n<title>Cybersecurity - TCS Technology AG<\/title>\n<meta name=\"description\" content=\"Cyber security features and safely deploy any available security updates. We offer cyber security services for all types of businesses.\" \/>\n<meta name=\"robots\" content=\"index, follow, max-snippet:-1, max-image-preview:large, max-video-preview:-1\" \/>\n<link rel=\"canonical\" href=\"https:\/\/tcs-technology.com\/fr\/services\/cyber-security\/\" \/>\n<meta property=\"og:locale\" content=\"fr_FR\" \/>\n<meta property=\"og:type\" content=\"article\" \/>\n<meta property=\"og:title\" content=\"Cybersecurity - TCS Technology AG\" \/>\n<meta property=\"og:description\" content=\"Cyber security features and safely deploy any available security updates. We offer cyber security services for all types of businesses.\" \/>\n<meta property=\"og:url\" content=\"https:\/\/tcs-technology.com\/fr\/services\/cyber-security\/\" \/>\n<meta property=\"og:site_name\" content=\"TCS Technology AG\" \/>\n<meta property=\"article:modified_time\" content=\"2023-06-23T16:20:21+00:00\" \/>\n<meta property=\"og:image\" content=\"https:\/\/tcs-technology.com\/wp-content\/uploads\/2022\/04\/crew-data-center-cyber-security-team-computer-engineers-working-double-exposure-blurry-interface-concept-protection-164673298.jpg\" \/>\n<meta name=\"twitter:card\" content=\"summary_large_image\" \/>\n<meta name=\"twitter:label1\" content=\"Dur\u00e9e de lecture estim\u00e9e\" \/>\n\t<meta name=\"twitter:data1\" content=\"3 minutes\" \/>\n<script type=\"application\/ld+json\" class=\"yoast-schema-graph\">{\"@context\":\"https:\/\/schema.org\",\"@graph\":[{\"@type\":\"WebPage\",\"@id\":\"https:\/\/tcs-technology.com\/services\/cyber-security\/\",\"url\":\"https:\/\/tcs-technology.com\/services\/cyber-security\/\",\"name\":\"Cybersecurity - TCS Technology AG\",\"isPartOf\":{\"@id\":\"https:\/\/tcs-technology.com\/#website\"},\"datePublished\":\"2022-04-01T15:10:22+00:00\",\"dateModified\":\"2023-06-23T16:20:21+00:00\",\"description\":\"Cyber security features and safely deploy any available security updates. We offer cyber security services for all types of businesses.\",\"breadcrumb\":{\"@id\":\"https:\/\/tcs-technology.com\/services\/cyber-security\/#breadcrumb\"},\"inLanguage\":\"fr-FR\",\"potentialAction\":[{\"@type\":\"ReadAction\",\"target\":[\"https:\/\/tcs-technology.com\/services\/cyber-security\/\"]}]},{\"@type\":\"BreadcrumbList\",\"@id\":\"https:\/\/tcs-technology.com\/services\/cyber-security\/#breadcrumb\",\"itemListElement\":[{\"@type\":\"ListItem\",\"position\":1,\"name\":\"Home\",\"item\":\"https:\/\/tcs-technology.com\/\"},{\"@type\":\"ListItem\",\"position\":2,\"name\":\"Services\",\"item\":\"https:\/\/tcs-technology.com\/services\/\"},{\"@type\":\"ListItem\",\"position\":3,\"name\":\"Cybersecurity\"}]},{\"@type\":\"WebSite\",\"@id\":\"https:\/\/tcs-technology.com\/#website\",\"url\":\"https:\/\/tcs-technology.com\/\",\"name\":\"TCS Technology AG\",\"description\":\"We provide cutting-edge SaaS solutions for organizations in Switzerland and around the world with a focus on performance, security, and sustainability.\",\"publisher\":{\"@id\":\"https:\/\/tcs-technology.com\/#organization\"},\"potentialAction\":[{\"@type\":\"SearchAction\",\"target\":{\"@type\":\"EntryPoint\",\"urlTemplate\":\"https:\/\/tcs-technology.com\/?s={search_term_string}\"},\"query-input\":\"required name=search_term_string\"}],\"inLanguage\":\"fr-FR\"},{\"@type\":\"Organization\",\"@id\":\"https:\/\/tcs-technology.com\/#organization\",\"name\":\"TCS Technology AG\",\"url\":\"https:\/\/tcs-technology.com\/\",\"logo\":{\"@type\":\"ImageObject\",\"inLanguage\":\"fr-FR\",\"@id\":\"https:\/\/tcs-technology.com\/#\/schema\/logo\/image\/\",\"url\":\"https:\/\/tcs-technology.com\/wp-content\/uploads\/2022\/03\/logo-2.png\",\"contentUrl\":\"https:\/\/tcs-technology.com\/wp-content\/uploads\/2022\/03\/logo-2.png\",\"width\":8334,\"height\":6131,\"caption\":\"TCS Technology AG\"},\"image\":{\"@id\":\"https:\/\/tcs-technology.com\/#\/schema\/logo\/image\/\"}}]}<\/script>\n<!-- \/ Yoast SEO plugin. -->","yoast_head_json":{"title":"Cybersecurity - TCS Technology AG","description":"Cyber security features and safely deploy any available security updates. We offer cyber security services for all types of businesses.","robots":{"index":"index","follow":"follow","max-snippet":"max-snippet:-1","max-image-preview":"max-image-preview:large","max-video-preview":"max-video-preview:-1"},"canonical":"https:\/\/tcs-technology.com\/fr\/services\/cyber-security\/","og_locale":"fr_FR","og_type":"article","og_title":"Cybersecurity - TCS Technology AG","og_description":"Cyber security features and safely deploy any available security updates. We offer cyber security services for all types of businesses.","og_url":"https:\/\/tcs-technology.com\/fr\/services\/cyber-security\/","og_site_name":"TCS Technology AG","article_modified_time":"2023-06-23T16:20:21+00:00","og_image":[{"url":"https:\/\/tcs-technology.com\/wp-content\/uploads\/2022\/04\/crew-data-center-cyber-security-team-computer-engineers-working-double-exposure-blurry-interface-concept-protection-164673298.jpg"}],"twitter_card":"summary_large_image","twitter_misc":{"Dur\u00e9e de lecture estim\u00e9e":"3 minutes"},"schema":{"@context":"https:\/\/schema.org","@graph":[{"@type":"WebPage","@id":"https:\/\/tcs-technology.com\/services\/cyber-security\/","url":"https:\/\/tcs-technology.com\/services\/cyber-security\/","name":"Cybersecurity - TCS Technology AG","isPartOf":{"@id":"https:\/\/tcs-technology.com\/#website"},"datePublished":"2022-04-01T15:10:22+00:00","dateModified":"2023-06-23T16:20:21+00:00","description":"Cyber security features and safely deploy any available security updates. We offer cyber security services for all types of businesses.","breadcrumb":{"@id":"https:\/\/tcs-technology.com\/services\/cyber-security\/#breadcrumb"},"inLanguage":"fr-FR","potentialAction":[{"@type":"ReadAction","target":["https:\/\/tcs-technology.com\/services\/cyber-security\/"]}]},{"@type":"BreadcrumbList","@id":"https:\/\/tcs-technology.com\/services\/cyber-security\/#breadcrumb","itemListElement":[{"@type":"ListItem","position":1,"name":"Home","item":"https:\/\/tcs-technology.com\/"},{"@type":"ListItem","position":2,"name":"Services","item":"https:\/\/tcs-technology.com\/services\/"},{"@type":"ListItem","position":3,"name":"Cybersecurity"}]},{"@type":"WebSite","@id":"https:\/\/tcs-technology.com\/#website","url":"https:\/\/tcs-technology.com\/","name":"TCS Technology AG","description":"We provide cutting-edge SaaS solutions for organizations in Switzerland and around the world with a focus on performance, security, and sustainability.","publisher":{"@id":"https:\/\/tcs-technology.com\/#organization"},"potentialAction":[{"@type":"SearchAction","target":{"@type":"EntryPoint","urlTemplate":"https:\/\/tcs-technology.com\/?s={search_term_string}"},"query-input":"required name=search_term_string"}],"inLanguage":"fr-FR"},{"@type":"Organization","@id":"https:\/\/tcs-technology.com\/#organization","name":"TCS Technology AG","url":"https:\/\/tcs-technology.com\/","logo":{"@type":"ImageObject","inLanguage":"fr-FR","@id":"https:\/\/tcs-technology.com\/#\/schema\/logo\/image\/","url":"https:\/\/tcs-technology.com\/wp-content\/uploads\/2022\/03\/logo-2.png","contentUrl":"https:\/\/tcs-technology.com\/wp-content\/uploads\/2022\/03\/logo-2.png","width":8334,"height":6131,"caption":"TCS Technology AG"},"image":{"@id":"https:\/\/tcs-technology.com\/#\/schema\/logo\/image\/"}}]}},"_links":{"self":[{"href":"https:\/\/tcs-technology.com\/fr\/wp-json\/wp\/v2\/pages\/1297","targetHints":{"allow":["GET"]}}],"collection":[{"href":"https:\/\/tcs-technology.com\/fr\/wp-json\/wp\/v2\/pages"}],"about":[{"href":"https:\/\/tcs-technology.com\/fr\/wp-json\/wp\/v2\/types\/page"}],"author":[{"embeddable":true,"href":"https:\/\/tcs-technology.com\/fr\/wp-json\/wp\/v2\/users\/1"}],"replies":[{"embeddable":true,"href":"https:\/\/tcs-technology.com\/fr\/wp-json\/wp\/v2\/comments?post=1297"}],"version-history":[{"count":65,"href":"https:\/\/tcs-technology.com\/fr\/wp-json\/wp\/v2\/pages\/1297\/revisions"}],"predecessor-version":[{"id":3253,"href":"https:\/\/tcs-technology.com\/fr\/wp-json\/wp\/v2\/pages\/1297\/revisions\/3253"}],"up":[{"embeddable":true,"href":"https:\/\/tcs-technology.com\/fr\/wp-json\/wp\/v2\/pages\/1270"}],"wp:attachment":[{"href":"https:\/\/tcs-technology.com\/fr\/wp-json\/wp\/v2\/media?parent=1297"}],"curies":[{"name":"wp","href":"https:\/\/api.w.org\/{rel}","templated":true}]}}