{"id":1296,"date":"2022-08-31T13:40:40","date_gmt":"2022-08-31T11:40:40","guid":{"rendered":"https:\/\/tcs-technology.com\/?page_id=1296"},"modified":"2023-06-23T18:54:50","modified_gmt":"2023-06-23T16:54:50","slug":"strategic-partnership","status":"publish","type":"page","link":"https:\/\/tcs-technology.com\/fr\/services\/strategic-partnership\/","title":{"rendered":"Partenariat strat\u00e9gique et investissement"},"content":{"rendered":"<div data-elementor-type=\"wp-page\" data-elementor-id=\"1296\" class=\"elementor elementor-1296\">\n\t\t\t\t\t\t<section class=\"elementor-section elementor-top-section elementor-element elementor-element-2611aed elementor-section-boxed elementor-section-height-default elementor-section-height-default\" data-id=\"2611aed\" data-element_type=\"section\" data-e-type=\"section\" data-settings=\"{&quot;background_background&quot;:&quot;classic&quot;}\">\n\t\t\t\t\t\t<div class=\"elementor-container elementor-column-gap-default\">\n\t\t\t\t\t<div class=\"elementor-column elementor-col-100 elementor-top-column elementor-element elementor-element-925af81\" data-id=\"925af81\" data-element_type=\"column\" data-e-type=\"column\">\n\t\t\t<div class=\"elementor-widget-wrap elementor-element-populated\">\n\t\t\t\t\t\t<div class=\"elementor-element elementor-element-cb1f4c6 elementor-align-center elementor-widget elementor-widget-breadcrumbs\" data-id=\"cb1f4c6\" data-element_type=\"widget\" data-e-type=\"widget\" data-widget_type=\"breadcrumbs.default\">\n\t\t\t\t<div class=\"elementor-widget-container\">\n\t\t\t\t\t<p id=\"breadcrumbs\"><span><span><a href=\"https:\/\/tcs-technology.com\/fr\/\">Accueil<\/a><\/span><\/span><\/p>\t\t\t\t<\/div>\n\t\t\t\t<\/div>\n\t\t\t\t\t<\/div>\n\t\t<\/div>\n\t\t\t\t\t<\/div>\n\t\t<\/section>\n\t\t\t\t<section class=\"elementor-section elementor-top-section elementor-element elementor-element-1e34e685 elementor-section-boxed elementor-section-height-default elementor-section-height-default\" data-id=\"1e34e685\" data-element_type=\"section\" data-e-type=\"section\">\n\t\t\t\t\t\t<div class=\"elementor-container elementor-column-gap-default\">\n\t\t\t\t\t<div class=\"elementor-column elementor-col-100 elementor-top-column elementor-element elementor-element-7a165456\" data-id=\"7a165456\" data-element_type=\"column\" data-e-type=\"column\">\n\t\t\t<div class=\"elementor-widget-wrap elementor-element-populated\">\n\t\t\t\t\t\t<div class=\"elementor-element elementor-element-763359d elementor-widget elementor-widget-heading\" data-id=\"763359d\" data-element_type=\"widget\" data-e-type=\"widget\" data-widget_type=\"heading.default\">\n\t\t\t\t<div class=\"elementor-widget-container\">\n\t\t\t\t\t<h2 class=\"elementor-heading-title elementor-size-default\">Partenariat strat\u00e9gique et investissement <\/h2>\t\t\t\t<\/div>\n\t\t\t\t<\/div>\n\t\t\t\t<div class=\"elementor-element elementor-element-75d509b3 elementor-widget elementor-widget-text-editor\" data-id=\"75d509b3\" data-element_type=\"widget\" data-e-type=\"widget\" data-widget_type=\"text-editor.default\">\n\t\t\t\t<div class=\"elementor-widget-container\">\n\t\t\t\t\t\t\t\t\t<p>La gestion des projets de logiciels est une t\u00e2che complexe qui n\u00e9cessite un leadership efficace. Il est important de d\u00e9terminer les partenariats que vous recherchez pour une collaboration strat\u00e9gique et des plans d'investissement.<\/p><p>Trouver la bonne ad\u00e9quation avec vos objectifs strat\u00e9giques peut vous permettre de mieux naviguer dans l'incertitude, de r\u00e9duire les risques et de g\u00e9n\u00e9rer une croissance exceptionnelle. Les entreprises qui n'ont pas de strat\u00e9gie de croissance ont peu de chances de minimiser les risques et de r\u00e9pondre efficacement \u00e0 l'\u00e9volution rapide du march\u00e9.<\/p><p>De nombreuses entreprises peinent \u00e0 atteindre des positions plus \u00e9lev\u00e9es parce qu'elles ne disposent pas des ressources et des actifs n\u00e9cessaires pour r\u00e9pondre rapidement aux demandes du march\u00e9.<\/p><p>C'est l\u00e0 que TCS Technology peut \u00eatre d'une grande aide !<\/p><p>Nous savons que les partenariats peuvent contribuer \u00e0 r\u00e9duire les co\u00fbts, \u00e0 accro\u00eetre la flexibilit\u00e9 et \u00e0 minimiser les risques. Une fois que vous avez identifi\u00e9 les objectifs que vous souhaitez atteindre gr\u00e2ce aux partenariats, vous pouvez mieux g\u00e9rer l'incertitude et acc\u00e9der \u00e0 de nouvelles ressources, capacit\u00e9s et march\u00e9s. Diff\u00e9rentes strat\u00e9gies, telles que la strat\u00e9gie de la fen\u00eatre, la strat\u00e9gie des options et la strat\u00e9gie de positionnement, peuvent \u00eatre envisag\u00e9es en fonction de la dynamique de votre march\u00e9.<\/p><p>La strat\u00e9gie de la fen\u00eatre vous permet d'acc\u00e9der \u00e0 de nouvelles technologies et \u00e0 de nouveaux d\u00e9veloppements tout en profitant d'un niveau \u00e9lev\u00e9 d'incertitude. Cette strat\u00e9gie est efficace pour les entreprises qui connaissent une croissance et des progr\u00e8s prometteurs. La strat\u00e9gie des options se concentre sur l'identification d'options strat\u00e9giques pour votre entreprise, bien que certaines entreprises puissent h\u00e9siter \u00e0 effectuer des changements rapides apr\u00e8s avoir investi.<\/p>\t\t\t\t\t\t\t\t<\/div>\n\t\t\t\t<\/div>\n\t\t\t\t\t<\/div>\n\t\t<\/div>\n\t\t\t\t\t<\/div>\n\t\t<\/section>\n\t\t\t\t<section class=\"elementor-section elementor-top-section elementor-element elementor-element-1e56b570 elementor-section-boxed elementor-section-height-default elementor-section-height-default\" data-id=\"1e56b570\" data-element_type=\"section\" data-e-type=\"section\">\n\t\t\t\t\t\t<div class=\"elementor-container elementor-column-gap-default\">\n\t\t\t\t\t<div class=\"elementor-column elementor-col-50 elementor-top-column elementor-element elementor-element-5bc6352d\" data-id=\"5bc6352d\" data-element_type=\"column\" data-e-type=\"column\">\n\t\t\t<div class=\"elementor-widget-wrap elementor-element-populated\">\n\t\t\t\t\t\t<div class=\"elementor-element elementor-element-67dec7ae elementor-widget elementor-widget-heading\" data-id=\"67dec7ae\" data-element_type=\"widget\" data-e-type=\"widget\" data-widget_type=\"heading.default\">\n\t\t\t\t<div class=\"elementor-widget-container\">\n\t\t\t\t\t<h3 class=\"elementor-heading-title elementor-size-default\">Les mesures que nous vous aidons \u00e0 prendre :<\/h3>\t\t\t\t<\/div>\n\t\t\t\t<\/div>\n\t\t\t\t<div class=\"elementor-element elementor-element-65c996ae elementor-icon-list--layout-traditional elementor-list-item-link-full_width elementor-widget elementor-widget-icon-list\" data-id=\"65c996ae\" data-element_type=\"widget\" data-e-type=\"widget\" data-widget_type=\"icon-list.default\">\n\t\t\t\t<div class=\"elementor-widget-container\">\n\t\t\t\t\t\t\t<ul class=\"elementor-icon-list-items\">\n\t\t\t\t\t\t\t<li class=\"elementor-icon-list-item\">\n\t\t\t\t\t\t\t\t\t\t\t<span class=\"elementor-icon-list-icon\">\n\t\t\t\t\t\t\t<i aria-hidden=\"true\" class=\"fas fa-check-circle\"><\/i>\t\t\t\t\t\t<\/span>\n\t\t\t\t\t\t\t\t\t\t<span class=\"elementor-icon-list-text\">Identifiez vos objectifs<\/span>\n\t\t\t\t\t\t\t\t\t<\/li>\n\t\t\t\t\t\t\t\t<li class=\"elementor-icon-list-item\">\n\t\t\t\t\t\t\t\t\t\t\t<span class=\"elementor-icon-list-icon\">\n\t\t\t\t\t\t\t<i aria-hidden=\"true\" class=\"fas fa-check-circle\"><\/i>\t\t\t\t\t\t<\/span>\n\t\t\t\t\t\t\t\t\t\t<span class=\"elementor-icon-list-text\">Tenir compte de l'ampleur de l'incertitude<\/span>\n\t\t\t\t\t\t\t\t\t<\/li>\n\t\t\t\t\t\t\t\t<li class=\"elementor-icon-list-item\">\n\t\t\t\t\t\t\t\t\t\t\t<span class=\"elementor-icon-list-icon\">\n\t\t\t\t\t\t\t<i aria-hidden=\"true\" class=\"fas fa-check-circle\"><\/i>\t\t\t\t\t\t<\/span>\n\t\t\t\t\t\t\t\t\t\t<span class=\"elementor-icon-list-text\">Identifier votre strat\u00e9gie de partenariat <\/span>\n\t\t\t\t\t\t\t\t\t<\/li>\n\t\t\t\t\t\t<\/ul>\n\t\t\t\t\t\t<\/div>\n\t\t\t\t<\/div>\n\t\t\t\t<div class=\"elementor-element elementor-element-6bb91bb4 ppptex elementor-widget elementor-widget-text-editor\" data-id=\"6bb91bb4\" data-element_type=\"widget\" data-e-type=\"widget\" data-widget_type=\"text-editor.default\">\n\t\t\t\t<div class=\"elementor-widget-container\">\n\t\t\t\t\t\t\t\t\t<p>Il est essentiel de d\u00e9finir clairement les objectifs que vous souhaitez atteindre gr\u00e2ce aux partenariats. Il est essentiel de d\u00e9terminer vos objectifs \u00e0 l'avance, car les possibilit\u00e9s de changement peuvent \u00eatre limit\u00e9es une fois le partenariat \u00e9tabli.<\/p><p>Il est essentiel de comprendre le niveau d'incertitude, notamment en termes de ressources financi\u00e8res et manag\u00e9riales. D\u00e9terminez si vous \u00eates confront\u00e9 \u00e0 un niveau d'incertitude \u00e9lev\u00e9, mod\u00e9r\u00e9 ou faible afin d'adapter votre partenariat et vos plans d'investissement en cons\u00e9quence.<\/p><p>Clarifiez vos objectifs et vos approches et communiquez-les d\u00e8s le d\u00e9part avec vos partenaires strat\u00e9giques potentiels. Cela permet d'\u00e9tablir une alliance durable \u00e0 long terme pour votre entreprise.<\/p>\t\t\t\t\t\t\t\t<\/div>\n\t\t\t\t<\/div>\n\t\t\t\t\t<\/div>\n\t\t<\/div>\n\t\t\t\t<div class=\"elementor-column elementor-col-50 elementor-top-column elementor-element elementor-element-1436dce9\" data-id=\"1436dce9\" data-element_type=\"column\" data-e-type=\"column\">\n\t\t\t<div class=\"elementor-widget-wrap elementor-element-populated\">\n\t\t\t\t\t\t<div class=\"elementor-element elementor-element-f4b63d5 elementor-widget elementor-widget-image\" data-id=\"f4b63d5\" data-element_type=\"widget\" data-e-type=\"widget\" data-widget_type=\"image.default\">\n\t\t\t\t<div class=\"elementor-widget-container\">\n\t\t\t\t\t\t\t\t\t\t\t\t\t\t\t<img fetchpriority=\"high\" decoding=\"async\" width=\"1200\" height=\"628\" src=\"https:\/\/tcs-technology.com\/wp-content\/uploads\/2022\/04\/1_m11Ae-dIQHw1LpInrhSh_A.png\" class=\"attachment-full size-full wp-image-1308\" alt=\"Strategic Partnership\" srcset=\"https:\/\/tcs-technology.com\/wp-content\/uploads\/2022\/04\/1_m11Ae-dIQHw1LpInrhSh_A.png 1200w, https:\/\/tcs-technology.com\/wp-content\/uploads\/2022\/04\/1_m11Ae-dIQHw1LpInrhSh_A-300x157.png 300w, https:\/\/tcs-technology.com\/wp-content\/uploads\/2022\/04\/1_m11Ae-dIQHw1LpInrhSh_A-1024x536.png 1024w, https:\/\/tcs-technology.com\/wp-content\/uploads\/2022\/04\/1_m11Ae-dIQHw1LpInrhSh_A-768x402.png 768w, https:\/\/tcs-technology.com\/wp-content\/uploads\/2022\/04\/1_m11Ae-dIQHw1LpInrhSh_A-600x314.png 600w\" sizes=\"(max-width: 1200px) 100vw, 1200px\" \/>\t\t\t\t\t\t\t\t\t\t\t\t\t\t\t<\/div>\n\t\t\t\t<\/div>\n\t\t\t\t\t<\/div>\n\t\t<\/div>\n\t\t\t\t\t<\/div>\n\t\t<\/section>\n\t\t\t\t<section class=\"elementor-section elementor-top-section elementor-element elementor-element-6135bd45 elementor-section-boxed elementor-section-height-default elementor-section-height-default\" data-id=\"6135bd45\" data-element_type=\"section\" data-e-type=\"section\">\n\t\t\t\t\t\t<div class=\"elementor-container elementor-column-gap-default\">\n\t\t\t\t\t<div class=\"elementor-column elementor-col-100 elementor-top-column elementor-element elementor-element-3f62aaf7\" data-id=\"3f62aaf7\" data-element_type=\"column\" data-e-type=\"column\">\n\t\t\t<div class=\"elementor-widget-wrap elementor-element-populated\">\n\t\t\t\t\t\t<div class=\"elementor-element elementor-element-4f6ca3d3 elementor-widget elementor-widget-heading\" data-id=\"4f6ca3d3\" data-element_type=\"widget\" data-e-type=\"widget\" data-widget_type=\"heading.default\">\n\t\t\t\t<div class=\"elementor-widget-container\">\n\t\t\t\t\t<h3 class=\"elementor-heading-title elementor-size-default\">Strat\u00e9gie de positionnement <\/h3>\t\t\t\t<\/div>\n\t\t\t\t<\/div>\n\t\t\t\t<div class=\"elementor-element elementor-element-20d500a5 elementor-widget elementor-widget-text-editor\" data-id=\"20d500a5\" data-element_type=\"widget\" data-e-type=\"widget\" data-widget_type=\"text-editor.default\">\n\t\t\t\t<div class=\"elementor-widget-container\">\n\t\t\t\t\t\t\t\t\t<p>Une strat\u00e9gie de positionnement est plus efficace lorsque le niveau d'incertitude est faible. Elle permet d'obtenir des avantages fond\u00e9s sur l'\u00e9chelle ou la port\u00e9e et d'optimiser les segments de march\u00e9 ou d'acqu\u00e9rir de nouvelles bases de client\u00e8le. L'int\u00e9gration de ces conseils et de ces points cl\u00e9s dans votre plan de strat\u00e9gie commerciale peut produire les meilleurs r\u00e9sultats pour votre entreprise, qu'il s'agisse d'une startup ou d'une entreprise \u00e9tablie.<\/p>\t\t\t\t\t\t\t\t<\/div>\n\t\t\t\t<\/div>\n\t\t\t\t\t<\/div>\n\t\t<\/div>\n\t\t\t\t\t<\/div>\n\t\t<\/section>\n\t\t\t\t<\/div>","protected":false},"excerpt":{"rendered":"<p>Partenariat strat\u00e9gique et investissement La gestion des projets de logiciels est une t\u00e2che complexe qui n\u00e9cessite un leadership efficace. Il est important de d\u00e9terminer les partenariats que vous recherchez pour une collaboration strat\u00e9gique et des plans d'investissement. Trouver la bonne ad\u00e9quation avec vos objectifs strat\u00e9giques peut vous permettre de mieux naviguer dans l'incertitude, de r\u00e9duire les risques et de g\u00e9n\u00e9rer une croissance exceptionnelle. Les entreprises qui n'ont pas de [...]<\/p>","protected":false},"author":1,"featured_media":0,"parent":1270,"menu_order":0,"comment_status":"closed","ping_status":"closed","template":"elementor_header_footer","meta":{"footnotes":""},"class_list":["post-1296","page","type-page","status-publish","hentry"],"yoast_head":"<!-- This site is optimized with the Yoast SEO plugin v20.5 - https:\/\/yoast.com\/wordpress\/plugins\/seo\/ -->\n<title>Strategic Partnership and Investment - TCS Technology AG<\/title>\n<meta name=\"description\" content=\"A positioning strategy partnership works best when there is a low level of uncertainty. It helps you achieve scale or scope-based advantages\" \/>\n<meta name=\"robots\" content=\"index, follow, max-snippet:-1, max-image-preview:large, max-video-preview:-1\" \/>\n<link rel=\"canonical\" href=\"https:\/\/tcs-technology.com\/fr\/services\/strategic-partnership\/\" \/>\n<meta property=\"og:locale\" content=\"fr_FR\" \/>\n<meta property=\"og:type\" content=\"article\" \/>\n<meta property=\"og:title\" content=\"Strategic Partnership and Investment - TCS Technology AG\" \/>\n<meta property=\"og:description\" content=\"A positioning strategy partnership works best when there is a low level of uncertainty. It helps you achieve scale or scope-based advantages\" \/>\n<meta property=\"og:url\" content=\"https:\/\/tcs-technology.com\/fr\/services\/strategic-partnership\/\" \/>\n<meta property=\"og:site_name\" content=\"TCS Technology AG\" \/>\n<meta property=\"article:modified_time\" content=\"2023-06-23T16:54:50+00:00\" \/>\n<meta property=\"og:image\" content=\"https:\/\/tcs-technology.com\/wp-content\/uploads\/2022\/04\/1_m11Ae-dIQHw1LpInrhSh_A.png\" \/>\n<meta name=\"twitter:card\" content=\"summary_large_image\" \/>\n<meta name=\"twitter:label1\" content=\"Dur\u00e9e de lecture estim\u00e9e\" \/>\n\t<meta name=\"twitter:data1\" content=\"3 minutes\" \/>\n<script type=\"application\/ld+json\" class=\"yoast-schema-graph\">{\"@context\":\"https:\/\/schema.org\",\"@graph\":[{\"@type\":\"WebPage\",\"@id\":\"https:\/\/tcs-technology.com\/services\/strategic-partnership\/\",\"url\":\"https:\/\/tcs-technology.com\/services\/strategic-partnership\/\",\"name\":\"Strategic Partnership and Investment - TCS Technology AG\",\"isPartOf\":{\"@id\":\"https:\/\/tcs-technology.com\/#website\"},\"datePublished\":\"2022-08-31T11:40:40+00:00\",\"dateModified\":\"2023-06-23T16:54:50+00:00\",\"description\":\"A positioning strategy partnership works best when there is a low level of uncertainty. It helps you achieve scale or scope-based advantages\",\"breadcrumb\":{\"@id\":\"https:\/\/tcs-technology.com\/services\/strategic-partnership\/#breadcrumb\"},\"inLanguage\":\"fr-FR\",\"potentialAction\":[{\"@type\":\"ReadAction\",\"target\":[\"https:\/\/tcs-technology.com\/services\/strategic-partnership\/\"]}]},{\"@type\":\"BreadcrumbList\",\"@id\":\"https:\/\/tcs-technology.com\/services\/strategic-partnership\/#breadcrumb\",\"itemListElement\":[{\"@type\":\"ListItem\",\"position\":1,\"name\":\"Home\",\"item\":\"https:\/\/tcs-technology.com\/\"},{\"@type\":\"ListItem\",\"position\":2,\"name\":\"Services\",\"item\":\"https:\/\/tcs-technology.com\/services\/\"},{\"@type\":\"ListItem\",\"position\":3,\"name\":\"Strategic Partnership and Investment\"}]},{\"@type\":\"WebSite\",\"@id\":\"https:\/\/tcs-technology.com\/#website\",\"url\":\"https:\/\/tcs-technology.com\/\",\"name\":\"TCS Technology AG\",\"description\":\"We provide cutting-edge SaaS solutions for organizations in Switzerland and around the world with a focus on performance, security, and sustainability.\",\"publisher\":{\"@id\":\"https:\/\/tcs-technology.com\/#organization\"},\"potentialAction\":[{\"@type\":\"SearchAction\",\"target\":{\"@type\":\"EntryPoint\",\"urlTemplate\":\"https:\/\/tcs-technology.com\/?s={search_term_string}\"},\"query-input\":\"required name=search_term_string\"}],\"inLanguage\":\"fr-FR\"},{\"@type\":\"Organization\",\"@id\":\"https:\/\/tcs-technology.com\/#organization\",\"name\":\"TCS Technology AG\",\"url\":\"https:\/\/tcs-technology.com\/\",\"logo\":{\"@type\":\"ImageObject\",\"inLanguage\":\"fr-FR\",\"@id\":\"https:\/\/tcs-technology.com\/#\/schema\/logo\/image\/\",\"url\":\"https:\/\/tcs-technology.com\/wp-content\/uploads\/2022\/03\/logo-2.png\",\"contentUrl\":\"https:\/\/tcs-technology.com\/wp-content\/uploads\/2022\/03\/logo-2.png\",\"width\":8334,\"height\":6131,\"caption\":\"TCS Technology AG\"},\"image\":{\"@id\":\"https:\/\/tcs-technology.com\/#\/schema\/logo\/image\/\"}}]}<\/script>\n<!-- \/ Yoast SEO plugin. -->","yoast_head_json":{"title":"Strategic Partnership and Investment - TCS Technology AG","description":"A positioning strategy partnership works best when there is a low level of uncertainty. It helps you achieve scale or scope-based advantages","robots":{"index":"index","follow":"follow","max-snippet":"max-snippet:-1","max-image-preview":"max-image-preview:large","max-video-preview":"max-video-preview:-1"},"canonical":"https:\/\/tcs-technology.com\/fr\/services\/strategic-partnership\/","og_locale":"fr_FR","og_type":"article","og_title":"Strategic Partnership and Investment - TCS Technology AG","og_description":"A positioning strategy partnership works best when there is a low level of uncertainty. It helps you achieve scale or scope-based advantages","og_url":"https:\/\/tcs-technology.com\/fr\/services\/strategic-partnership\/","og_site_name":"TCS Technology AG","article_modified_time":"2023-06-23T16:54:50+00:00","og_image":[{"url":"https:\/\/tcs-technology.com\/wp-content\/uploads\/2022\/04\/1_m11Ae-dIQHw1LpInrhSh_A.png"}],"twitter_card":"summary_large_image","twitter_misc":{"Dur\u00e9e de lecture estim\u00e9e":"3 minutes"},"schema":{"@context":"https:\/\/schema.org","@graph":[{"@type":"WebPage","@id":"https:\/\/tcs-technology.com\/services\/strategic-partnership\/","url":"https:\/\/tcs-technology.com\/services\/strategic-partnership\/","name":"Strategic Partnership and Investment - TCS Technology AG","isPartOf":{"@id":"https:\/\/tcs-technology.com\/#website"},"datePublished":"2022-08-31T11:40:40+00:00","dateModified":"2023-06-23T16:54:50+00:00","description":"A positioning strategy partnership works best when there is a low level of uncertainty. It helps you achieve scale or scope-based advantages","breadcrumb":{"@id":"https:\/\/tcs-technology.com\/services\/strategic-partnership\/#breadcrumb"},"inLanguage":"fr-FR","potentialAction":[{"@type":"ReadAction","target":["https:\/\/tcs-technology.com\/services\/strategic-partnership\/"]}]},{"@type":"BreadcrumbList","@id":"https:\/\/tcs-technology.com\/services\/strategic-partnership\/#breadcrumb","itemListElement":[{"@type":"ListItem","position":1,"name":"Home","item":"https:\/\/tcs-technology.com\/"},{"@type":"ListItem","position":2,"name":"Services","item":"https:\/\/tcs-technology.com\/services\/"},{"@type":"ListItem","position":3,"name":"Strategic Partnership and Investment"}]},{"@type":"WebSite","@id":"https:\/\/tcs-technology.com\/#website","url":"https:\/\/tcs-technology.com\/","name":"TCS Technology AG","description":"We provide cutting-edge SaaS solutions for organizations in Switzerland and around the world with a focus on performance, security, and sustainability.","publisher":{"@id":"https:\/\/tcs-technology.com\/#organization"},"potentialAction":[{"@type":"SearchAction","target":{"@type":"EntryPoint","urlTemplate":"https:\/\/tcs-technology.com\/?s={search_term_string}"},"query-input":"required name=search_term_string"}],"inLanguage":"fr-FR"},{"@type":"Organization","@id":"https:\/\/tcs-technology.com\/#organization","name":"TCS Technology AG","url":"https:\/\/tcs-technology.com\/","logo":{"@type":"ImageObject","inLanguage":"fr-FR","@id":"https:\/\/tcs-technology.com\/#\/schema\/logo\/image\/","url":"https:\/\/tcs-technology.com\/wp-content\/uploads\/2022\/03\/logo-2.png","contentUrl":"https:\/\/tcs-technology.com\/wp-content\/uploads\/2022\/03\/logo-2.png","width":8334,"height":6131,"caption":"TCS Technology AG"},"image":{"@id":"https:\/\/tcs-technology.com\/#\/schema\/logo\/image\/"}}]}},"_links":{"self":[{"href":"https:\/\/tcs-technology.com\/fr\/wp-json\/wp\/v2\/pages\/1296","targetHints":{"allow":["GET"]}}],"collection":[{"href":"https:\/\/tcs-technology.com\/fr\/wp-json\/wp\/v2\/pages"}],"about":[{"href":"https:\/\/tcs-technology.com\/fr\/wp-json\/wp\/v2\/types\/page"}],"author":[{"embeddable":true,"href":"https:\/\/tcs-technology.com\/fr\/wp-json\/wp\/v2\/users\/1"}],"replies":[{"embeddable":true,"href":"https:\/\/tcs-technology.com\/fr\/wp-json\/wp\/v2\/comments?post=1296"}],"version-history":[{"count":56,"href":"https:\/\/tcs-technology.com\/fr\/wp-json\/wp\/v2\/pages\/1296\/revisions"}],"predecessor-version":[{"id":3273,"href":"https:\/\/tcs-technology.com\/fr\/wp-json\/wp\/v2\/pages\/1296\/revisions\/3273"}],"up":[{"embeddable":true,"href":"https:\/\/tcs-technology.com\/fr\/wp-json\/wp\/v2\/pages\/1270"}],"wp:attachment":[{"href":"https:\/\/tcs-technology.com\/fr\/wp-json\/wp\/v2\/media?parent=1296"}],"curies":[{"name":"wp","href":"https:\/\/api.w.org\/{rel}","templated":true}]}}