{"id":1295,"date":"2022-04-01T17:08:36","date_gmt":"2022-04-01T15:08:36","guid":{"rendered":"https:\/\/tcs-technology.com\/?page_id=1295"},"modified":"2023-06-23T18:51:43","modified_gmt":"2023-06-23T16:51:43","slug":"it-support","status":"publish","type":"page","link":"https:\/\/tcs-technology.com\/fr\/services\/it-support\/","title":{"rendered":"Assistance informatique"},"content":{"rendered":"<div data-elementor-type=\"wp-page\" data-elementor-id=\"1295\" class=\"elementor elementor-1295\">\n\t\t\t\t\t\t<section class=\"elementor-section elementor-top-section elementor-element elementor-element-2854a82 elementor-section-boxed elementor-section-height-default elementor-section-height-default\" data-id=\"2854a82\" data-element_type=\"section\" data-e-type=\"section\" data-settings=\"{&quot;background_background&quot;:&quot;classic&quot;}\">\n\t\t\t\t\t\t<div class=\"elementor-container elementor-column-gap-default\">\n\t\t\t\t\t<div class=\"elementor-column elementor-col-100 elementor-top-column elementor-element elementor-element-fc95aee\" data-id=\"fc95aee\" data-element_type=\"column\" data-e-type=\"column\">\n\t\t\t<div class=\"elementor-widget-wrap elementor-element-populated\">\n\t\t\t\t\t\t<div class=\"elementor-element elementor-element-740ef14 elementor-align-center elementor-widget elementor-widget-breadcrumbs\" data-id=\"740ef14\" data-element_type=\"widget\" data-e-type=\"widget\" data-widget_type=\"breadcrumbs.default\">\n\t\t\t\t<div class=\"elementor-widget-container\">\n\t\t\t\t\t<p id=\"breadcrumbs\"><span><span><a href=\"https:\/\/tcs-technology.com\/fr\/\">Accueil<\/a><\/span><\/span><\/p>\t\t\t\t<\/div>\n\t\t\t\t<\/div>\n\t\t\t\t\t<\/div>\n\t\t<\/div>\n\t\t\t\t\t<\/div>\n\t\t<\/section>\n\t\t\t\t<section class=\"elementor-section elementor-top-section elementor-element elementor-element-164bbf23 elementor-section-boxed elementor-section-height-default elementor-section-height-default\" data-id=\"164bbf23\" data-element_type=\"section\" data-e-type=\"section\">\n\t\t\t\t\t\t<div class=\"elementor-container elementor-column-gap-default\">\n\t\t\t\t\t<div class=\"elementor-column elementor-col-100 elementor-top-column elementor-element elementor-element-78eb0bc2\" data-id=\"78eb0bc2\" data-element_type=\"column\" data-e-type=\"column\">\n\t\t\t<div class=\"elementor-widget-wrap elementor-element-populated\">\n\t\t\t\t\t\t<div class=\"elementor-element elementor-element-e9736a3 elementor-widget elementor-widget-heading\" data-id=\"e9736a3\" data-element_type=\"widget\" data-e-type=\"widget\" data-widget_type=\"heading.default\">\n\t\t\t\t<div class=\"elementor-widget-container\">\n\t\t\t\t\t<h2 class=\"elementor-heading-title elementor-size-default\">Services d'assistance informatique<\/h2>\t\t\t\t<\/div>\n\t\t\t\t<\/div>\n\t\t\t\t<div class=\"elementor-element elementor-element-35022247 elementor-widget elementor-widget-text-editor\" data-id=\"35022247\" data-element_type=\"widget\" data-e-type=\"widget\" data-widget_type=\"text-editor.default\">\n\t\t\t\t<div class=\"elementor-widget-container\">\n\t\t\t\t\t\t\t\t\t<p>Disposer d'une \u00e9quipe informatique d\u00e9di\u00e9e offre plusieurs avantages, tels que la possibilit\u00e9 de renforcer votre personnel interne d'une mani\u00e8re flexible et contr\u00f4l\u00e9e. Cependant, le processus de recrutement et de gestion des professionnels de l'informatique peut prendre beaucoup de temps. C'est l\u00e0 que les sp\u00e9cialistes de l'assistance informatique peuvent faire la diff\u00e9rence, en vous faisant gagner du temps et en apportant une valeur ajout\u00e9e \u00e0 votre \u00e9quipe.<\/p>\t\t\t\t\t\t\t\t<\/div>\n\t\t\t\t<\/div>\n\t\t\t\t\t<\/div>\n\t\t<\/div>\n\t\t\t\t\t<\/div>\n\t\t<\/section>\n\t\t\t\t<section class=\"elementor-section elementor-top-section elementor-element elementor-element-62dca6dc elementor-section-boxed elementor-section-height-default elementor-section-height-default\" data-id=\"62dca6dc\" data-element_type=\"section\" data-e-type=\"section\">\n\t\t\t\t\t\t<div class=\"elementor-container elementor-column-gap-default\">\n\t\t\t\t\t<div class=\"elementor-column elementor-col-50 elementor-top-column elementor-element elementor-element-6b21c228\" data-id=\"6b21c228\" data-element_type=\"column\" data-e-type=\"column\">\n\t\t\t<div class=\"elementor-widget-wrap elementor-element-populated\">\n\t\t\t\t\t\t<div class=\"elementor-element elementor-element-52032ace elementor-widget elementor-widget-heading\" data-id=\"52032ace\" data-element_type=\"widget\" data-e-type=\"widget\" data-widget_type=\"heading.default\">\n\t\t\t\t<div class=\"elementor-widget-container\">\n\t\t\t\t\t<h3 class=\"elementor-heading-title elementor-size-default\">Avantages de l'externalisation<\/h3>\t\t\t\t<\/div>\n\t\t\t\t<\/div>\n\t\t\t\t<div class=\"elementor-element elementor-element-46af4782 elementor-widget elementor-widget-text-editor\" data-id=\"46af4782\" data-element_type=\"widget\" data-e-type=\"widget\" data-widget_type=\"text-editor.default\">\n\t\t\t\t<div class=\"elementor-widget-container\">\n\t\t\t\t\t\t\t\t\t<p>Bien que l'embauche d'un informaticien \u00e0 temps plein soit une option, l'externalisation offre ses propres avantages, notamment :<\/p>\t\t\t\t\t\t\t\t<\/div>\n\t\t\t\t<\/div>\n\t\t\t\t<div class=\"elementor-element elementor-element-6c852e6f elementor-icon-list--layout-traditional elementor-list-item-link-full_width elementor-widget elementor-widget-icon-list\" data-id=\"6c852e6f\" data-element_type=\"widget\" data-e-type=\"widget\" data-widget_type=\"icon-list.default\">\n\t\t\t\t<div class=\"elementor-widget-container\">\n\t\t\t\t\t\t\t<ul class=\"elementor-icon-list-items\">\n\t\t\t\t\t\t\t<li class=\"elementor-icon-list-item\">\n\t\t\t\t\t\t\t\t\t\t\t<span class=\"elementor-icon-list-icon\">\n\t\t\t\t\t\t\t<i aria-hidden=\"true\" class=\"fas fa-check-circle\"><\/i>\t\t\t\t\t\t<\/span>\n\t\t\t\t\t\t\t\t\t\t<span class=\"elementor-icon-list-text\">Gain de temps<\/span>\n\t\t\t\t\t\t\t\t\t<\/li>\n\t\t\t\t\t\t\t\t<li class=\"elementor-icon-list-item\">\n\t\t\t\t\t\t\t\t\t\t\t<span class=\"elementor-icon-list-icon\">\n\t\t\t\t\t\t\t<i aria-hidden=\"true\" class=\"fas fa-check-circle\"><\/i>\t\t\t\t\t\t<\/span>\n\t\t\t\t\t\t\t\t\t\t<span class=\"elementor-icon-list-text\">Processus de remplacement facile<\/span>\n\t\t\t\t\t\t\t\t\t<\/li>\n\t\t\t\t\t\t\t\t<li class=\"elementor-icon-list-item\">\n\t\t\t\t\t\t\t\t\t\t\t<span class=\"elementor-icon-list-icon\">\n\t\t\t\t\t\t\t<i aria-hidden=\"true\" class=\"fas fa-check-circle\"><\/i>\t\t\t\t\t\t<\/span>\n\t\t\t\t\t\t\t\t\t\t<span class=\"elementor-icon-list-text\">Rentabilit\u00e9 <\/span>\n\t\t\t\t\t\t\t\t\t<\/li>\n\t\t\t\t\t\t\t\t<li class=\"elementor-icon-list-item\">\n\t\t\t\t\t\t\t\t\t\t\t<span class=\"elementor-icon-list-icon\">\n\t\t\t\t\t\t\t<i aria-hidden=\"true\" class=\"fas fa-check-circle\"><\/i>\t\t\t\t\t\t<\/span>\n\t\t\t\t\t\t\t\t\t\t<span class=\"elementor-icon-list-text\">Soutien consultatif<\/span>\n\t\t\t\t\t\t\t\t\t<\/li>\n\t\t\t\t\t\t\t\t<li class=\"elementor-icon-list-item\">\n\t\t\t\t\t\t\t\t\t\t\t<span class=\"elementor-icon-list-icon\">\n\t\t\t\t\t\t\t<i aria-hidden=\"true\" class=\"fas fa-check-circle\"><\/i>\t\t\t\t\t\t<\/span>\n\t\t\t\t\t\t\t\t\t\t<span class=\"elementor-icon-list-text\">Gestion simplifi\u00e9e<\/span>\n\t\t\t\t\t\t\t\t\t<\/li>\n\t\t\t\t\t\t<\/ul>\n\t\t\t\t\t\t<\/div>\n\t\t\t\t<\/div>\n\t\t\t\t<div class=\"elementor-element elementor-element-9271c05 elementor-widget elementor-widget-text-editor\" data-id=\"9271c05\" data-element_type=\"widget\" data-e-type=\"widget\" data-widget_type=\"text-editor.default\">\n\t\t\t\t<div class=\"elementor-widget-container\">\n\t\t\t\t\t\t\t\t\t<p>Le recrutement de candidats sur site peut \u00eatre un processus long et difficile. TCS Technology propose des d\u00e9veloppeurs de code facilement disponibles qui peuvent rationaliser et simplifier les t\u00e2ches de recrutement. En valorisant votre temps et en mettant l'accent sur l'efficacit\u00e9, nous contribuons \u00e0 acc\u00e9l\u00e9rer l'ensemble du processus de recrutement. Le temps, c'est de l'argent, et gr\u00e2ce \u00e0 des approches strat\u00e9giques et \u00e0 l'assistance de d\u00e9veloppeurs de code, nous visons \u00e0 vous faire gagner un temps pr\u00e9cieux et \u00e0 am\u00e9liorer l'efficacit\u00e9 du flux de travail.<\/p>\t\t\t\t\t\t\t\t<\/div>\n\t\t\t\t<\/div>\n\t\t\t\t\t<\/div>\n\t\t<\/div>\n\t\t\t\t<div class=\"elementor-column elementor-col-50 elementor-top-column elementor-element elementor-element-5d725f51\" data-id=\"5d725f51\" data-element_type=\"column\" data-e-type=\"column\">\n\t\t\t<div class=\"elementor-widget-wrap elementor-element-populated\">\n\t\t\t\t\t\t<div class=\"elementor-element elementor-element-483b23c elementor-widget elementor-widget-image\" data-id=\"483b23c\" data-element_type=\"widget\" data-e-type=\"widget\" data-widget_type=\"image.default\">\n\t\t\t\t<div class=\"elementor-widget-container\">\n\t\t\t\t\t\t\t\t\t\t\t\t\t\t\t<img fetchpriority=\"high\" decoding=\"async\" width=\"1600\" height=\"2500\" src=\"https:\/\/tcs-technology.com\/wp-content\/uploads\/2022\/04\/3.png\" class=\"attachment-full size-full wp-image-1949\" alt=\"IT Support\" srcset=\"https:\/\/tcs-technology.com\/wp-content\/uploads\/2022\/04\/3.png 1600w, https:\/\/tcs-technology.com\/wp-content\/uploads\/2022\/04\/3-192x300.png 192w, https:\/\/tcs-technology.com\/wp-content\/uploads\/2022\/04\/3-655x1024.png 655w, https:\/\/tcs-technology.com\/wp-content\/uploads\/2022\/04\/3-768x1200.png 768w, https:\/\/tcs-technology.com\/wp-content\/uploads\/2022\/04\/3-983x1536.png 983w, https:\/\/tcs-technology.com\/wp-content\/uploads\/2022\/04\/3-1311x2048.png 1311w\" sizes=\"(max-width: 1600px) 100vw, 1600px\" \/>\t\t\t\t\t\t\t\t\t\t\t\t\t\t\t<\/div>\n\t\t\t\t<\/div>\n\t\t\t\t\t<\/div>\n\t\t<\/div>\n\t\t\t\t\t<\/div>\n\t\t<\/section>\n\t\t\t\t<section class=\"elementor-section elementor-top-section elementor-element elementor-element-f7b5fdb elementor-section-boxed elementor-section-height-default elementor-section-height-default\" data-id=\"f7b5fdb\" data-element_type=\"section\" data-e-type=\"section\">\n\t\t\t\t\t\t<div class=\"elementor-container elementor-column-gap-default\">\n\t\t\t\t\t<div class=\"elementor-column elementor-col-100 elementor-top-column elementor-element elementor-element-634b6af\" data-id=\"634b6af\" data-element_type=\"column\" data-e-type=\"column\">\n\t\t\t<div class=\"elementor-widget-wrap elementor-element-populated\">\n\t\t\t\t\t\t<div class=\"elementor-element elementor-element-ca458ed pp-text elementor-widget elementor-widget-text-editor\" data-id=\"ca458ed\" data-element_type=\"widget\" data-e-type=\"widget\" data-widget_type=\"text-editor.default\">\n\t\t\t\t<div class=\"elementor-widget-container\">\n\t\t\t\t\t\t\t\t\t<p>TCS Technology assure un processus de remplacement rapide, ce qui vous permet de trouver plus facilement des rempla\u00e7ants ad\u00e9quats poss\u00e9dant l'expertise requise. Lors du recrutement, il est essentiel de s\u00e9lectionner des personnes poss\u00e9dant de solides comp\u00e9tences technologiques. L'extension d'une \u00e9quipe interne peut prendre du temps et ne pas correspondre \u00e0 la planification \u00e0 long terme. TCS Technology offre une \u00e9volutivit\u00e9 facile, vous permettant d'ajuster la taille de l'\u00e9quipe en fonction de vos besoins. Cette option simplifie le processus et vous fait gagner beaucoup de temps.<\/p><p>Chez TCS Technology, nous fournissons les outils et le soutien administratif n\u00e9cessaires pour garantir des processus rentables. Vous n'avez donc pas besoin de constituer une \u00e9quipe charg\u00e9e uniquement de suivre les d\u00e9veloppements quotidiens, les flux de tr\u00e9sorerie et le recrutement.<\/p><p>Les sp\u00e9cialistes de l'informatique de TCS Technology sont \u00e0 votre disposition pour vous aider \u00e0 surmonter les difficult\u00e9s et les d\u00e9fis que vous pouvez rencontrer. Ils apportent activement des id\u00e9es nouvelles sur des technologies innovantes et fiables, ce qui vous permet d'am\u00e9liorer votre position sur le march\u00e9.<\/p><p>Chez TCS Technology, nous g\u00e9rons efficacement toutes les t\u00e2ches et veillons \u00e0 ce que les d\u00e9lais soient respect\u00e9s. Nous exer\u00e7ons un contr\u00f4le administratif sur les d\u00e9veloppeurs afin de respecter les engagements de travail et les d\u00e9lais.<\/p>\t\t\t\t\t\t\t\t<\/div>\n\t\t\t\t<\/div>\n\t\t\t\t\t<\/div>\n\t\t<\/div>\n\t\t\t\t\t<\/div>\n\t\t<\/section>\n\t\t\t\t<section class=\"elementor-section elementor-top-section elementor-element elementor-element-514a5c66 elementor-section-boxed elementor-section-height-default elementor-section-height-default\" data-id=\"514a5c66\" data-element_type=\"section\" data-e-type=\"section\">\n\t\t\t\t\t\t<div class=\"elementor-container elementor-column-gap-default\">\n\t\t\t\t\t<div class=\"elementor-column elementor-col-100 elementor-top-column elementor-element elementor-element-61f54962\" data-id=\"61f54962\" data-element_type=\"column\" data-e-type=\"column\">\n\t\t\t<div class=\"elementor-widget-wrap elementor-element-populated\">\n\t\t\t\t\t\t<div class=\"elementor-element elementor-element-58b8bd04 elementor-widget elementor-widget-heading\" data-id=\"58b8bd04\" data-element_type=\"widget\" data-e-type=\"widget\" data-widget_type=\"heading.default\">\n\t\t\t\t<div class=\"elementor-widget-container\">\n\t\t\t\t\t<h3 class=\"elementor-heading-title elementor-size-default\">Flux de travail de la technologie TCS<\/h3>\t\t\t\t<\/div>\n\t\t\t\t<\/div>\n\t\t\t\t<div class=\"elementor-element elementor-element-9dcd33b elementor-widget elementor-widget-text-editor\" data-id=\"9dcd33b\" data-element_type=\"widget\" data-e-type=\"widget\" data-widget_type=\"text-editor.default\">\n\t\t\t\t<div class=\"elementor-widget-container\">\n\t\t\t\t\t\t\t\t\t<p>Chez TCS Technology, notre flux de travail est hautement professionnel. Chaque membre de l'\u00e9quipe se consacre \u00e0 fournir des r\u00e9sultats optimaux par l'interm\u00e9diaire de ses \u00e9quipes respectives. Nos sp\u00e9cialistes de l'informatique explorent en permanence les id\u00e9es et les strat\u00e9gies technologiques les plus r\u00e9centes et les plus fiables afin d'am\u00e9liorer les performances et l'efficacit\u00e9.<\/p><p>Si vous souhaitez gagner du temps et de l'argent, TCS Technology est le choix id\u00e9al. Notre \u00e9quipe RH initie le processus d'embauche et identifie les candidats les mieux adapt\u00e9s \u00e0 vos besoins. Nous fournissons un environnement de travail favorable \u00e0 nos employ\u00e9s et nous nous occupons du paiement et d'autres activit\u00e9s li\u00e9es \u00e0 l'emploi en leur nom.<\/p>\t\t\t\t\t\t\t\t<\/div>\n\t\t\t\t<\/div>\n\t\t\t\t\t<\/div>\n\t\t<\/div>\n\t\t\t\t\t<\/div>\n\t\t<\/section>\n\t\t\t\t<\/div>","protected":false},"excerpt":{"rendered":"<p>Services d'assistance informatique Disposer d'une \u00e9quipe informatique d\u00e9di\u00e9e offre plusieurs avantages, comme la possibilit\u00e9 de renforcer votre personnel interne d'une mani\u00e8re flexible et contr\u00f4l\u00e9e. Cependant, le processus de recrutement et de gestion des professionnels de l'informatique peut prendre beaucoup de temps. C'est l\u00e0 que les sp\u00e9cialistes de l'assistance informatique peuvent faire la diff\u00e9rence, en vous faisant gagner du temps et en ajoutant de la valeur \u00e0 [...]<\/p>","protected":false},"author":1,"featured_media":0,"parent":1270,"menu_order":0,"comment_status":"closed","ping_status":"closed","template":"elementor_header_footer","meta":{"footnotes":""},"class_list":["post-1295","page","type-page","status-publish","hentry"],"yoast_head":"<!-- This site is optimized with the Yoast SEO plugin v20.5 - https:\/\/yoast.com\/wordpress\/plugins\/seo\/ -->\n<title>IT Support - TCS Technology AG<\/title>\n<meta name=\"robots\" content=\"index, follow, max-snippet:-1, max-image-preview:large, max-video-preview:-1\" \/>\n<link rel=\"canonical\" href=\"https:\/\/tcs-technology.com\/fr\/services\/it-support\/\" \/>\n<meta property=\"og:locale\" content=\"fr_FR\" \/>\n<meta property=\"og:type\" content=\"article\" \/>\n<meta property=\"og:title\" content=\"IT Support - TCS Technology AG\" \/>\n<meta property=\"og:description\" content=\"IT Support Services Having a dedicated IT team offers several advantages, such as the ability to strengthen your in-house staff in a flexible and controlled manner. However, the process of recruiting and managing IT professionals can be time-consuming. That&#8217;s where IT support specialists can make a significant difference, saving you time and adding value to [&hellip;]\" \/>\n<meta property=\"og:url\" content=\"https:\/\/tcs-technology.com\/fr\/services\/it-support\/\" \/>\n<meta property=\"og:site_name\" content=\"TCS Technology AG\" \/>\n<meta property=\"article:modified_time\" content=\"2023-06-23T16:51:43+00:00\" \/>\n<meta property=\"og:image\" content=\"https:\/\/tcs-technology.com\/wp-content\/uploads\/2022\/04\/3.png\" \/>\n<meta name=\"twitter:card\" content=\"summary_large_image\" \/>\n<meta name=\"twitter:label1\" content=\"Dur\u00e9e de lecture estim\u00e9e\" \/>\n\t<meta name=\"twitter:data1\" content=\"3 minutes\" \/>\n<script type=\"application\/ld+json\" class=\"yoast-schema-graph\">{\"@context\":\"https:\/\/schema.org\",\"@graph\":[{\"@type\":\"WebPage\",\"@id\":\"https:\/\/tcs-technology.com\/services\/it-support\/\",\"url\":\"https:\/\/tcs-technology.com\/services\/it-support\/\",\"name\":\"IT Support - TCS Technology AG\",\"isPartOf\":{\"@id\":\"https:\/\/tcs-technology.com\/#website\"},\"datePublished\":\"2022-04-01T15:08:36+00:00\",\"dateModified\":\"2023-06-23T16:51:43+00:00\",\"breadcrumb\":{\"@id\":\"https:\/\/tcs-technology.com\/services\/it-support\/#breadcrumb\"},\"inLanguage\":\"fr-FR\",\"potentialAction\":[{\"@type\":\"ReadAction\",\"target\":[\"https:\/\/tcs-technology.com\/services\/it-support\/\"]}]},{\"@type\":\"BreadcrumbList\",\"@id\":\"https:\/\/tcs-technology.com\/services\/it-support\/#breadcrumb\",\"itemListElement\":[{\"@type\":\"ListItem\",\"position\":1,\"name\":\"Home\",\"item\":\"https:\/\/tcs-technology.com\/\"},{\"@type\":\"ListItem\",\"position\":2,\"name\":\"Services\",\"item\":\"https:\/\/tcs-technology.com\/services\/\"},{\"@type\":\"ListItem\",\"position\":3,\"name\":\"IT Support\"}]},{\"@type\":\"WebSite\",\"@id\":\"https:\/\/tcs-technology.com\/#website\",\"url\":\"https:\/\/tcs-technology.com\/\",\"name\":\"TCS Technology AG\",\"description\":\"We provide cutting-edge SaaS solutions for organizations in Switzerland and around the world with a focus on performance, security, and sustainability.\",\"publisher\":{\"@id\":\"https:\/\/tcs-technology.com\/#organization\"},\"potentialAction\":[{\"@type\":\"SearchAction\",\"target\":{\"@type\":\"EntryPoint\",\"urlTemplate\":\"https:\/\/tcs-technology.com\/?s={search_term_string}\"},\"query-input\":\"required name=search_term_string\"}],\"inLanguage\":\"fr-FR\"},{\"@type\":\"Organization\",\"@id\":\"https:\/\/tcs-technology.com\/#organization\",\"name\":\"TCS Technology AG\",\"url\":\"https:\/\/tcs-technology.com\/\",\"logo\":{\"@type\":\"ImageObject\",\"inLanguage\":\"fr-FR\",\"@id\":\"https:\/\/tcs-technology.com\/#\/schema\/logo\/image\/\",\"url\":\"https:\/\/tcs-technology.com\/wp-content\/uploads\/2022\/03\/logo-2.png\",\"contentUrl\":\"https:\/\/tcs-technology.com\/wp-content\/uploads\/2022\/03\/logo-2.png\",\"width\":8334,\"height\":6131,\"caption\":\"TCS Technology AG\"},\"image\":{\"@id\":\"https:\/\/tcs-technology.com\/#\/schema\/logo\/image\/\"}}]}<\/script>\n<!-- \/ Yoast SEO plugin. -->","yoast_head_json":{"title":"IT Support - TCS Technology AG","robots":{"index":"index","follow":"follow","max-snippet":"max-snippet:-1","max-image-preview":"max-image-preview:large","max-video-preview":"max-video-preview:-1"},"canonical":"https:\/\/tcs-technology.com\/fr\/services\/it-support\/","og_locale":"fr_FR","og_type":"article","og_title":"IT Support - TCS Technology AG","og_description":"IT Support Services Having a dedicated IT team offers several advantages, such as the ability to strengthen your in-house staff in a flexible and controlled manner. However, the process of recruiting and managing IT professionals can be time-consuming. That&#8217;s where IT support specialists can make a significant difference, saving you time and adding value to [&hellip;]","og_url":"https:\/\/tcs-technology.com\/fr\/services\/it-support\/","og_site_name":"TCS Technology AG","article_modified_time":"2023-06-23T16:51:43+00:00","og_image":[{"url":"https:\/\/tcs-technology.com\/wp-content\/uploads\/2022\/04\/3.png"}],"twitter_card":"summary_large_image","twitter_misc":{"Dur\u00e9e de lecture estim\u00e9e":"3 minutes"},"schema":{"@context":"https:\/\/schema.org","@graph":[{"@type":"WebPage","@id":"https:\/\/tcs-technology.com\/services\/it-support\/","url":"https:\/\/tcs-technology.com\/services\/it-support\/","name":"IT Support - TCS Technology AG","isPartOf":{"@id":"https:\/\/tcs-technology.com\/#website"},"datePublished":"2022-04-01T15:08:36+00:00","dateModified":"2023-06-23T16:51:43+00:00","breadcrumb":{"@id":"https:\/\/tcs-technology.com\/services\/it-support\/#breadcrumb"},"inLanguage":"fr-FR","potentialAction":[{"@type":"ReadAction","target":["https:\/\/tcs-technology.com\/services\/it-support\/"]}]},{"@type":"BreadcrumbList","@id":"https:\/\/tcs-technology.com\/services\/it-support\/#breadcrumb","itemListElement":[{"@type":"ListItem","position":1,"name":"Home","item":"https:\/\/tcs-technology.com\/"},{"@type":"ListItem","position":2,"name":"Services","item":"https:\/\/tcs-technology.com\/services\/"},{"@type":"ListItem","position":3,"name":"IT Support"}]},{"@type":"WebSite","@id":"https:\/\/tcs-technology.com\/#website","url":"https:\/\/tcs-technology.com\/","name":"TCS Technology AG","description":"We provide cutting-edge SaaS solutions for organizations in Switzerland and around the world with a focus on performance, security, and sustainability.","publisher":{"@id":"https:\/\/tcs-technology.com\/#organization"},"potentialAction":[{"@type":"SearchAction","target":{"@type":"EntryPoint","urlTemplate":"https:\/\/tcs-technology.com\/?s={search_term_string}"},"query-input":"required name=search_term_string"}],"inLanguage":"fr-FR"},{"@type":"Organization","@id":"https:\/\/tcs-technology.com\/#organization","name":"TCS Technology AG","url":"https:\/\/tcs-technology.com\/","logo":{"@type":"ImageObject","inLanguage":"fr-FR","@id":"https:\/\/tcs-technology.com\/#\/schema\/logo\/image\/","url":"https:\/\/tcs-technology.com\/wp-content\/uploads\/2022\/03\/logo-2.png","contentUrl":"https:\/\/tcs-technology.com\/wp-content\/uploads\/2022\/03\/logo-2.png","width":8334,"height":6131,"caption":"TCS Technology AG"},"image":{"@id":"https:\/\/tcs-technology.com\/#\/schema\/logo\/image\/"}}]}},"_links":{"self":[{"href":"https:\/\/tcs-technology.com\/fr\/wp-json\/wp\/v2\/pages\/1295","targetHints":{"allow":["GET"]}}],"collection":[{"href":"https:\/\/tcs-technology.com\/fr\/wp-json\/wp\/v2\/pages"}],"about":[{"href":"https:\/\/tcs-technology.com\/fr\/wp-json\/wp\/v2\/types\/page"}],"author":[{"embeddable":true,"href":"https:\/\/tcs-technology.com\/fr\/wp-json\/wp\/v2\/users\/1"}],"replies":[{"embeddable":true,"href":"https:\/\/tcs-technology.com\/fr\/wp-json\/wp\/v2\/comments?post=1295"}],"version-history":[{"count":49,"href":"https:\/\/tcs-technology.com\/fr\/wp-json\/wp\/v2\/pages\/1295\/revisions"}],"predecessor-version":[{"id":3270,"href":"https:\/\/tcs-technology.com\/fr\/wp-json\/wp\/v2\/pages\/1295\/revisions\/3270"}],"up":[{"embeddable":true,"href":"https:\/\/tcs-technology.com\/fr\/wp-json\/wp\/v2\/pages\/1270"}],"wp:attachment":[{"href":"https:\/\/tcs-technology.com\/fr\/wp-json\/wp\/v2\/media?parent=1295"}],"curies":[{"name":"wp","href":"https:\/\/api.w.org\/{rel}","templated":true}]}}