{"id":1293,"date":"2022-04-01T17:06:47","date_gmt":"2022-04-01T15:06:47","guid":{"rendered":"https:\/\/tcs-technology.com\/?page_id=1293"},"modified":"2023-06-23T18:33:22","modified_gmt":"2023-06-23T16:33:22","slug":"it-project","status":"publish","type":"page","link":"https:\/\/tcs-technology.com\/fr\/services\/it-project\/","title":{"rendered":"Conseil en projets informatiques"},"content":{"rendered":"<div data-elementor-type=\"wp-page\" data-elementor-id=\"1293\" class=\"elementor elementor-1293\">\n\t\t\t\t\t\t<section class=\"elementor-section elementor-top-section elementor-element elementor-element-a3ddbb7 elementor-section-boxed elementor-section-height-default elementor-section-height-default\" data-id=\"a3ddbb7\" data-element_type=\"section\" data-e-type=\"section\" data-settings=\"{&quot;background_background&quot;:&quot;classic&quot;}\">\n\t\t\t\t\t\t<div class=\"elementor-container elementor-column-gap-default\">\n\t\t\t\t\t<div class=\"elementor-column elementor-col-100 elementor-top-column elementor-element elementor-element-f51bfa7\" data-id=\"f51bfa7\" data-element_type=\"column\" data-e-type=\"column\">\n\t\t\t<div class=\"elementor-widget-wrap elementor-element-populated\">\n\t\t\t\t\t\t<div class=\"elementor-element elementor-element-53c178b elementor-align-center elementor-widget elementor-widget-breadcrumbs\" data-id=\"53c178b\" data-element_type=\"widget\" data-e-type=\"widget\" data-widget_type=\"breadcrumbs.default\">\n\t\t\t\t<div class=\"elementor-widget-container\">\n\t\t\t\t\t<p id=\"breadcrumbs\"><span><span><a href=\"https:\/\/tcs-technology.com\/fr\/\">Accueil<\/a><\/span><\/span><\/p>\t\t\t\t<\/div>\n\t\t\t\t<\/div>\n\t\t\t\t\t<\/div>\n\t\t<\/div>\n\t\t\t\t\t<\/div>\n\t\t<\/section>\n\t\t\t\t<section class=\"elementor-section elementor-top-section elementor-element elementor-element-4d0f1a4 elementor-section-boxed elementor-section-height-default elementor-section-height-default\" data-id=\"4d0f1a4\" data-element_type=\"section\" data-e-type=\"section\">\n\t\t\t\t\t\t<div class=\"elementor-container elementor-column-gap-default\">\n\t\t\t\t\t<div class=\"elementor-column elementor-col-100 elementor-top-column elementor-element elementor-element-62e4cdc1\" data-id=\"62e4cdc1\" data-element_type=\"column\" data-e-type=\"column\">\n\t\t\t<div class=\"elementor-widget-wrap elementor-element-populated\">\n\t\t\t\t\t\t<div class=\"elementor-element elementor-element-b8c7e9d elementor-widget elementor-widget-heading\" data-id=\"b8c7e9d\" data-element_type=\"widget\" data-e-type=\"widget\" data-widget_type=\"heading.default\">\n\t\t\t\t<div class=\"elementor-widget-container\">\n\t\t\t\t\t<h1 class=\"elementor-heading-title elementor-size-default\">Conseil en projets informatiques <\/h1>\t\t\t\t<\/div>\n\t\t\t\t<\/div>\n\t\t\t\t<div class=\"elementor-element elementor-element-3428bf44 elementor-widget elementor-widget-text-editor\" data-id=\"3428bf44\" data-element_type=\"widget\" data-e-type=\"widget\" data-widget_type=\"text-editor.default\">\n\t\t\t\t<div class=\"elementor-widget-container\">\n\t\t\t\t\t\t\t\t\t<p>TCS Technology a toujours fourni aux entreprises des conseils et des orientations d'experts en mati\u00e8re de consultation strat\u00e9gique sur les logiciels, d'op\u00e9rations, de services et de produits.<br \/><span style=\"color: rgba(2, 1, 1, 0);\">projet informatique<\/span><br \/>Notre objectif principal est d'aider les entreprises et les organisations \u00e0 cr\u00e9er un environnement num\u00e9rique qui corresponde \u00e0 leurs capacit\u00e9s techniques, \u00e0 leurs exigences commerciales, ainsi qu'aux besoins et aux attentes de leurs employ\u00e9s et de leurs clients. Nous croyons qu'il faut permettre aux entreprises de d\u00e9velopper des feuilles de route qui d\u00e9crivent leurs strat\u00e9gies de mise en \u0153uvre de logiciels \u00e0 court et \u00e0 long terme. Ce processus permet non seulement de comprendre clairement la position actuelle de l'entreprise, mais aussi de faciliter la gestion efficace du changement et l'analyse de la croissance future.<\/p><p>Pour de nombreuses entreprises, le plan d'investissement pour la mise en \u0153uvre de logiciels est un domaine d'une grande importance. \u00c0 cet \u00e9gard, nous plaidons en faveur d'investissements logiciels abordables qui garantissent une transformation transparente de l'entreprise gr\u00e2ce \u00e0 des solutions personnalis\u00e9es et \u00e0 une adoption s\u00e9curis\u00e9e. Nous sommes convaincus qu'investir un certain montant dans des logiciels s'est av\u00e9r\u00e9 \u00eatre un investissement pr\u00e9cieux pour les entreprises, ouvrant la voie \u00e0 leur croissance future.<\/p>\t\t\t\t\t\t\t\t<\/div>\n\t\t\t\t<\/div>\n\t\t\t\t<div class=\"elementor-element elementor-element-a84cc08 elementor-widget elementor-widget-heading\" data-id=\"a84cc08\" data-element_type=\"widget\" data-e-type=\"widget\" data-widget_type=\"heading.default\">\n\t\t\t\t<div class=\"elementor-widget-container\">\n\t\t\t\t\t<h3 class=\"elementor-heading-title elementor-size-default\">Services de conseil en technologie : <\/h3>\t\t\t\t<\/div>\n\t\t\t\t<\/div>\n\t\t\t\t<div class=\"elementor-element elementor-element-d04efbc elementor-widget elementor-widget-text-editor\" data-id=\"d04efbc\" data-element_type=\"widget\" data-e-type=\"widget\" data-widget_type=\"text-editor.default\">\n\t\t\t\t<div class=\"elementor-widget-container\">\n\t\t\t\t\t\t\t\t\t<p>Les consultants informatiques de TCS Technology jouent un r\u00f4le crucial en aidant les clients \u00e0 s\u00e9lectionner les piles technologiques les mieux adapt\u00e9es \u00e0 leurs solutions. Qu'il s'agisse de choisir le bon langage de programmation ou la bonne plate-forme, nous aidons les entreprises \u00e0 examiner minutieusement les avantages et les inconv\u00e9nients des diff\u00e9rentes technologies avant d'entamer un projet.<\/p>\t\t\t\t\t\t\t\t<\/div>\n\t\t\t\t<\/div>\n\t\t\t\t\t<\/div>\n\t\t<\/div>\n\t\t\t\t\t<\/div>\n\t\t<\/section>\n\t\t\t\t<section class=\"elementor-section elementor-top-section elementor-element elementor-element-3ffa4075 elementor-section-boxed elementor-section-height-default elementor-section-height-default\" data-id=\"3ffa4075\" data-element_type=\"section\" data-e-type=\"section\">\n\t\t\t\t\t\t<div class=\"elementor-container elementor-column-gap-default\">\n\t\t\t\t\t<div class=\"elementor-column elementor-col-50 elementor-top-column elementor-element elementor-element-6869a24c\" data-id=\"6869a24c\" data-element_type=\"column\" data-e-type=\"column\">\n\t\t\t<div class=\"elementor-widget-wrap elementor-element-populated\">\n\t\t\t\t\t\t<div class=\"elementor-element elementor-element-aab1cac elementor-widget elementor-widget-heading\" data-id=\"aab1cac\" data-element_type=\"widget\" data-e-type=\"widget\" data-widget_type=\"heading.default\">\n\t\t\t\t<div class=\"elementor-widget-container\">\n\t\t\t\t\t<h3 class=\"elementor-heading-title elementor-size-default\">Notre approche<\/h3>\t\t\t\t<\/div>\n\t\t\t\t<\/div>\n\t\t\t\t<div class=\"elementor-element elementor-element-4522a007 elementor-widget elementor-widget-text-editor\" data-id=\"4522a007\" data-element_type=\"widget\" data-e-type=\"widget\" data-widget_type=\"text-editor.default\">\n\t\t\t\t<div class=\"elementor-widget-container\">\n\t\t\t\t\t\t\t\t\t<p>Notre \u00e9quipe exceptionnelle apporte un soutien complet aux entreprises \u00e0 toutes les \u00e9tapes de la mise \u00e0 niveau et de la mise en \u0153uvre de leurs logiciels. Nous excellons dans la transformation de concepts en sp\u00e9cifications de solutions d\u00e9taill\u00e9es et dans l'int\u00e9gration transparente de syst\u00e8mes d'entreprise dans les processus commerciaux et les infrastructures informatiques, ce qui se traduit par une am\u00e9lioration des performances. Ces approches strat\u00e9giques contribuent au d\u00e9veloppement d'un \u00e9cosyst\u00e8me informatique robuste qui permet aux entreprises de prosp\u00e9rer dans divers secteurs.<\/p>\t\t\t\t\t\t\t\t<\/div>\n\t\t\t\t<\/div>\n\t\t\t\t<div class=\"elementor-element elementor-element-5ff2c3e elementor-icon-list--layout-traditional elementor-list-item-link-full_width elementor-widget elementor-widget-icon-list\" data-id=\"5ff2c3e\" data-element_type=\"widget\" data-e-type=\"widget\" data-widget_type=\"icon-list.default\">\n\t\t\t\t<div class=\"elementor-widget-container\">\n\t\t\t\t\t\t\t<ul class=\"elementor-icon-list-items\">\n\t\t\t\t\t\t\t<li class=\"elementor-icon-list-item\">\n\t\t\t\t\t\t\t\t\t\t\t<span class=\"elementor-icon-list-icon\">\n\t\t\t\t\t\t\t<i aria-hidden=\"true\" class=\"fas fa-check-circle\"><\/i>\t\t\t\t\t\t<\/span>\n\t\t\t\t\t\t\t\t\t\t<span class=\"elementor-icon-list-text\">Nous donnons la priorit\u00e9 \u00e0 l'exploration d'id\u00e9es technologiques. Nous encourageons les entreprises \u00e0 g\u00e9n\u00e9rer de nouvelles id\u00e9es, ce qui nous permet d'\u00e9valuer leur faisabilit\u00e9 et de d\u00e9terminer la pile technologique appropri\u00e9e pour leur r\u00e9alisation.<\/span>\n\t\t\t\t\t\t\t\t\t<\/li>\n\t\t\t\t\t\t\t\t<li class=\"elementor-icon-list-item\">\n\t\t\t\t\t\t\t\t\t\t\t<span class=\"elementor-icon-list-icon\">\n\t\t\t\t\t\t\t<i aria-hidden=\"true\" class=\"fas fa-check-circle\"><\/i>\t\t\t\t\t\t<\/span>\n\t\t\t\t\t\t\t\t\t\t<span class=\"elementor-icon-list-text\">Nous int\u00e9grons \u00e9galement la technologie dans la planification des projets. En fusionnant l'analyse commerciale avec les op\u00e9rations r\u00e9elles, nous \u00e9tablissons une ma\u00eetrise unique de la planification de projet.<\/span>\n\t\t\t\t\t\t\t\t\t<\/li>\n\t\t\t\t\t\t\t\t<li class=\"elementor-icon-list-item\">\n\t\t\t\t\t\t\t\t\t\t\t<span class=\"elementor-icon-list-icon\">\n\t\t\t\t\t\t\t<i aria-hidden=\"true\" class=\"fas fa-check-circle\"><\/i>\t\t\t\t\t\t<\/span>\n\t\t\t\t\t\t\t\t\t\t<span class=\"elementor-icon-list-text\">Enfin, nous ex\u00e9cutons le plan du projet. Nous travaillons avec diligence \u00e0 la mise en \u0153uvre des strat\u00e9gies planifi\u00e9es au sein des entreprises et \u00e0 leur alignement sur leurs objectifs strat\u00e9giques. Nous respectons le plan du projet et fournissons des strat\u00e9gies \u00e0 long terme pour la maintenance et les mises \u00e0 niveau des logiciels apr\u00e8s leur d\u00e9ploiement.<\/span>\n\t\t\t\t\t\t\t\t\t<\/li>\n\t\t\t\t\t\t<\/ul>\n\t\t\t\t\t\t<\/div>\n\t\t\t\t<\/div>\n\t\t\t\t\t<\/div>\n\t\t<\/div>\n\t\t\t\t<div class=\"elementor-column elementor-col-50 elementor-top-column elementor-element elementor-element-4ed53e\" data-id=\"4ed53e\" data-element_type=\"column\" data-e-type=\"column\">\n\t\t\t<div class=\"elementor-widget-wrap elementor-element-populated\">\n\t\t\t\t\t\t<div class=\"elementor-element elementor-element-6a1ad91d elementor-widget elementor-widget-image\" data-id=\"6a1ad91d\" data-element_type=\"widget\" data-e-type=\"widget\" data-widget_type=\"image.default\">\n\t\t\t\t<div class=\"elementor-widget-container\">\n\t\t\t\t\t\t\t\t\t\t\t\t\t\t\t<img fetchpriority=\"high\" decoding=\"async\" width=\"500\" height=\"559\" src=\"https:\/\/tcs-technology.com\/wp-content\/uploads\/2022\/04\/Focal-points-for-Online-Learning-.jpg\" class=\"attachment-large size-large wp-image-2619\" alt=\"Focal points for Online Learning\" \/>\t\t\t\t\t\t\t\t\t\t\t\t\t\t\t<\/div>\n\t\t\t\t<\/div>\n\t\t\t\t\t<\/div>\n\t\t<\/div>\n\t\t\t\t\t<\/div>\n\t\t<\/section>\n\t\t\t\t<section class=\"elementor-section elementor-top-section elementor-element elementor-element-1c757677 elementor-section-boxed elementor-section-height-default elementor-section-height-default\" data-id=\"1c757677\" data-element_type=\"section\" data-e-type=\"section\">\n\t\t\t\t\t\t<div class=\"elementor-container elementor-column-gap-default\">\n\t\t\t\t\t<div class=\"elementor-column elementor-col-100 elementor-top-column elementor-element elementor-element-464eb626\" data-id=\"464eb626\" data-element_type=\"column\" data-e-type=\"column\">\n\t\t\t<div class=\"elementor-widget-wrap elementor-element-populated\">\n\t\t\t\t\t\t<div class=\"elementor-element elementor-element-1bed0cd3 elementor-widget elementor-widget-heading\" data-id=\"1bed0cd3\" data-element_type=\"widget\" data-e-type=\"widget\" data-widget_type=\"heading.default\">\n\t\t\t\t<div class=\"elementor-widget-container\">\n\t\t\t\t\t<h3 class=\"elementor-heading-title elementor-size-default\">Consultation sur la strat\u00e9gie et les solutions d'entreprise pour un meilleur travail<\/h3>\t\t\t\t<\/div>\n\t\t\t\t<\/div>\n\t\t\t\t<div class=\"elementor-element elementor-element-1b97901 p-text elementor-widget elementor-widget-text-editor\" data-id=\"1b97901\" data-element_type=\"widget\" data-e-type=\"widget\" data-widget_type=\"text-editor.default\">\n\t\t\t\t<div class=\"elementor-widget-container\">\n\t\t\t\t\t\t\t\t\t<p>Si une entreprise a du mal \u00e0 choisir la solution logicielle la plus appropri\u00e9e, TCS Technology l'aide \u00e0 trouver la meilleure solution. Nous aidons les entreprises \u00e0 choisir les syst\u00e8mes et leurs impl\u00e9mentations, tels que CRM, ERP, DMS, CMS, et plus encore. En outre, nous discutons et mettons en \u0153uvre des port\u00e9es de personnalisation et de d\u00e9veloppement adapt\u00e9es aux exigences uniques de chaque entreprise.<\/p><p>Ces facteurs cl\u00e9s soutiennent non seulement la r\u00e9putation et les normes de notre entreprise, mais ils permettent \u00e9galement \u00e0 d'autres entreprises d'identifier les domaines \u00e0 am\u00e9liorer et de travailler \u00e0 l'\u00e9laboration d'une meilleure strat\u00e9gie.<\/p>\t\t\t\t\t\t\t\t<\/div>\n\t\t\t\t<\/div>\n\t\t\t\t<div class=\"elementor-element elementor-element-3eb5de6 elementor-widget elementor-widget-heading\" data-id=\"3eb5de6\" data-element_type=\"widget\" data-e-type=\"widget\" data-widget_type=\"heading.default\">\n\t\t\t\t<div class=\"elementor-widget-container\">\n\t\t\t\t\t<h3 class=\"elementor-heading-title elementor-size-default\">p-texte<\/h3>\t\t\t\t<\/div>\n\t\t\t\t<\/div>\n\t\t\t\t\t<\/div>\n\t\t<\/div>\n\t\t\t\t\t<\/div>\n\t\t<\/section>\n\t\t\t\t<\/div>","protected":false},"excerpt":{"rendered":"<p>Conseil en projets informatiques TCS Technology a toujours fourni aux entreprises des conseils d'experts et une orientation en mati\u00e8re de consultation strat\u00e9gique sur les logiciels, d'op\u00e9rations, de services et de produits.it projectNotre objectif principal est d'aider les entreprises et les organisations \u00e0 cr\u00e9er un environnement num\u00e9rique qui s'aligne sur leurs capacit\u00e9s techniques, leurs exigences commerciales, ainsi que sur les besoins et les attentes de leurs employ\u00e9s et de [...]<\/p>","protected":false},"author":1,"featured_media":0,"parent":1270,"menu_order":0,"comment_status":"closed","ping_status":"closed","template":"elementor_header_footer","meta":{"footnotes":""},"class_list":["post-1293","page","type-page","status-publish","hentry"],"yoast_head":"<!-- This site is optimized with the Yoast SEO plugin v20.5 - https:\/\/yoast.com\/wordpress\/plugins\/seo\/ -->\n<title>IT Project Consulting - TCS Technology AG<\/title>\n<meta name=\"description\" content=\"The IT project consultants at TCS Technology assist the customers in selecting the right technology stacks for their solutions.\" \/>\n<meta name=\"robots\" content=\"index, follow, max-snippet:-1, max-image-preview:large, max-video-preview:-1\" \/>\n<link rel=\"canonical\" href=\"https:\/\/tcs-technology.com\/fr\/services\/it-project\/\" \/>\n<meta property=\"og:locale\" content=\"fr_FR\" \/>\n<meta property=\"og:type\" content=\"article\" \/>\n<meta property=\"og:title\" content=\"IT Project Consulting - TCS Technology AG\" \/>\n<meta property=\"og:description\" content=\"The IT project consultants at TCS Technology assist the customers in selecting the right technology stacks for their solutions.\" \/>\n<meta property=\"og:url\" content=\"https:\/\/tcs-technology.com\/fr\/services\/it-project\/\" \/>\n<meta property=\"og:site_name\" content=\"TCS Technology AG\" \/>\n<meta property=\"article:modified_time\" content=\"2023-06-23T16:33:22+00:00\" \/>\n<meta property=\"og:image\" content=\"https:\/\/tcs-technology.com\/wp-content\/uploads\/2022\/04\/Focal-points-for-Online-Learning-.jpg\" \/>\n<meta name=\"twitter:card\" content=\"summary_large_image\" \/>\n<meta name=\"twitter:label1\" content=\"Dur\u00e9e de lecture estim\u00e9e\" \/>\n\t<meta name=\"twitter:data1\" content=\"3 minutes\" \/>\n<script type=\"application\/ld+json\" class=\"yoast-schema-graph\">{\"@context\":\"https:\/\/schema.org\",\"@graph\":[{\"@type\":\"WebPage\",\"@id\":\"https:\/\/tcs-technology.com\/services\/it-project\/\",\"url\":\"https:\/\/tcs-technology.com\/services\/it-project\/\",\"name\":\"IT Project Consulting - TCS Technology AG\",\"isPartOf\":{\"@id\":\"https:\/\/tcs-technology.com\/#website\"},\"datePublished\":\"2022-04-01T15:06:47+00:00\",\"dateModified\":\"2023-06-23T16:33:22+00:00\",\"description\":\"The IT project consultants at TCS Technology assist the customers in selecting the right technology stacks for their solutions.\",\"breadcrumb\":{\"@id\":\"https:\/\/tcs-technology.com\/services\/it-project\/#breadcrumb\"},\"inLanguage\":\"fr-FR\",\"potentialAction\":[{\"@type\":\"ReadAction\",\"target\":[\"https:\/\/tcs-technology.com\/services\/it-project\/\"]}]},{\"@type\":\"BreadcrumbList\",\"@id\":\"https:\/\/tcs-technology.com\/services\/it-project\/#breadcrumb\",\"itemListElement\":[{\"@type\":\"ListItem\",\"position\":1,\"name\":\"Home\",\"item\":\"https:\/\/tcs-technology.com\/\"},{\"@type\":\"ListItem\",\"position\":2,\"name\":\"Services\",\"item\":\"https:\/\/tcs-technology.com\/services\/\"},{\"@type\":\"ListItem\",\"position\":3,\"name\":\"IT Project Consulting\"}]},{\"@type\":\"WebSite\",\"@id\":\"https:\/\/tcs-technology.com\/#website\",\"url\":\"https:\/\/tcs-technology.com\/\",\"name\":\"TCS Technology AG\",\"description\":\"We provide cutting-edge SaaS solutions for organizations in Switzerland and around the world with a focus on performance, security, and sustainability.\",\"publisher\":{\"@id\":\"https:\/\/tcs-technology.com\/#organization\"},\"potentialAction\":[{\"@type\":\"SearchAction\",\"target\":{\"@type\":\"EntryPoint\",\"urlTemplate\":\"https:\/\/tcs-technology.com\/?s={search_term_string}\"},\"query-input\":\"required name=search_term_string\"}],\"inLanguage\":\"fr-FR\"},{\"@type\":\"Organization\",\"@id\":\"https:\/\/tcs-technology.com\/#organization\",\"name\":\"TCS Technology AG\",\"url\":\"https:\/\/tcs-technology.com\/\",\"logo\":{\"@type\":\"ImageObject\",\"inLanguage\":\"fr-FR\",\"@id\":\"https:\/\/tcs-technology.com\/#\/schema\/logo\/image\/\",\"url\":\"https:\/\/tcs-technology.com\/wp-content\/uploads\/2022\/03\/logo-2.png\",\"contentUrl\":\"https:\/\/tcs-technology.com\/wp-content\/uploads\/2022\/03\/logo-2.png\",\"width\":8334,\"height\":6131,\"caption\":\"TCS Technology AG\"},\"image\":{\"@id\":\"https:\/\/tcs-technology.com\/#\/schema\/logo\/image\/\"}}]}<\/script>\n<!-- \/ Yoast SEO plugin. -->","yoast_head_json":{"title":"IT Project Consulting - TCS Technology AG","description":"The IT project consultants at TCS Technology assist the customers in selecting the right technology stacks for their solutions.","robots":{"index":"index","follow":"follow","max-snippet":"max-snippet:-1","max-image-preview":"max-image-preview:large","max-video-preview":"max-video-preview:-1"},"canonical":"https:\/\/tcs-technology.com\/fr\/services\/it-project\/","og_locale":"fr_FR","og_type":"article","og_title":"IT Project Consulting - TCS Technology AG","og_description":"The IT project consultants at TCS Technology assist the customers in selecting the right technology stacks for their solutions.","og_url":"https:\/\/tcs-technology.com\/fr\/services\/it-project\/","og_site_name":"TCS Technology AG","article_modified_time":"2023-06-23T16:33:22+00:00","og_image":[{"url":"https:\/\/tcs-technology.com\/wp-content\/uploads\/2022\/04\/Focal-points-for-Online-Learning-.jpg"}],"twitter_card":"summary_large_image","twitter_misc":{"Dur\u00e9e de lecture estim\u00e9e":"3 minutes"},"schema":{"@context":"https:\/\/schema.org","@graph":[{"@type":"WebPage","@id":"https:\/\/tcs-technology.com\/services\/it-project\/","url":"https:\/\/tcs-technology.com\/services\/it-project\/","name":"IT Project Consulting - TCS Technology AG","isPartOf":{"@id":"https:\/\/tcs-technology.com\/#website"},"datePublished":"2022-04-01T15:06:47+00:00","dateModified":"2023-06-23T16:33:22+00:00","description":"The IT project consultants at TCS Technology assist the customers in selecting the right technology stacks for their solutions.","breadcrumb":{"@id":"https:\/\/tcs-technology.com\/services\/it-project\/#breadcrumb"},"inLanguage":"fr-FR","potentialAction":[{"@type":"ReadAction","target":["https:\/\/tcs-technology.com\/services\/it-project\/"]}]},{"@type":"BreadcrumbList","@id":"https:\/\/tcs-technology.com\/services\/it-project\/#breadcrumb","itemListElement":[{"@type":"ListItem","position":1,"name":"Home","item":"https:\/\/tcs-technology.com\/"},{"@type":"ListItem","position":2,"name":"Services","item":"https:\/\/tcs-technology.com\/services\/"},{"@type":"ListItem","position":3,"name":"IT Project Consulting"}]},{"@type":"WebSite","@id":"https:\/\/tcs-technology.com\/#website","url":"https:\/\/tcs-technology.com\/","name":"TCS Technology AG","description":"We provide cutting-edge SaaS solutions for organizations in Switzerland and around the world with a focus on performance, security, and sustainability.","publisher":{"@id":"https:\/\/tcs-technology.com\/#organization"},"potentialAction":[{"@type":"SearchAction","target":{"@type":"EntryPoint","urlTemplate":"https:\/\/tcs-technology.com\/?s={search_term_string}"},"query-input":"required name=search_term_string"}],"inLanguage":"fr-FR"},{"@type":"Organization","@id":"https:\/\/tcs-technology.com\/#organization","name":"TCS Technology AG","url":"https:\/\/tcs-technology.com\/","logo":{"@type":"ImageObject","inLanguage":"fr-FR","@id":"https:\/\/tcs-technology.com\/#\/schema\/logo\/image\/","url":"https:\/\/tcs-technology.com\/wp-content\/uploads\/2022\/03\/logo-2.png","contentUrl":"https:\/\/tcs-technology.com\/wp-content\/uploads\/2022\/03\/logo-2.png","width":8334,"height":6131,"caption":"TCS Technology AG"},"image":{"@id":"https:\/\/tcs-technology.com\/#\/schema\/logo\/image\/"}}]}},"_links":{"self":[{"href":"https:\/\/tcs-technology.com\/fr\/wp-json\/wp\/v2\/pages\/1293","targetHints":{"allow":["GET"]}}],"collection":[{"href":"https:\/\/tcs-technology.com\/fr\/wp-json\/wp\/v2\/pages"}],"about":[{"href":"https:\/\/tcs-technology.com\/fr\/wp-json\/wp\/v2\/types\/page"}],"author":[{"embeddable":true,"href":"https:\/\/tcs-technology.com\/fr\/wp-json\/wp\/v2\/users\/1"}],"replies":[{"embeddable":true,"href":"https:\/\/tcs-technology.com\/fr\/wp-json\/wp\/v2\/comments?post=1293"}],"version-history":[{"count":66,"href":"https:\/\/tcs-technology.com\/fr\/wp-json\/wp\/v2\/pages\/1293\/revisions"}],"predecessor-version":[{"id":3257,"href":"https:\/\/tcs-technology.com\/fr\/wp-json\/wp\/v2\/pages\/1293\/revisions\/3257"}],"up":[{"embeddable":true,"href":"https:\/\/tcs-technology.com\/fr\/wp-json\/wp\/v2\/pages\/1270"}],"wp:attachment":[{"href":"https:\/\/tcs-technology.com\/fr\/wp-json\/wp\/v2\/media?parent=1293"}],"curies":[{"name":"wp","href":"https:\/\/api.w.org\/{rel}","templated":true}]}}