{"id":1291,"date":"2022-08-31T12:35:42","date_gmt":"2022-08-31T10:35:42","guid":{"rendered":"https:\/\/tcs-technology.com\/?page_id=1291"},"modified":"2023-06-23T14:24:08","modified_gmt":"2023-06-23T12:24:08","slug":"software-development","status":"publish","type":"page","link":"https:\/\/tcs-technology.com\/fr\/services\/software-development\/","title":{"rendered":"\u00a0D\u00e9veloppement de logiciels"},"content":{"rendered":"<div data-elementor-type=\"wp-page\" data-elementor-id=\"1291\" class=\"elementor elementor-1291\">\n\t\t\t\t\t\t<section class=\"elementor-section elementor-top-section elementor-element elementor-element-f9b374f elementor-section-boxed elementor-section-height-default elementor-section-height-default\" data-id=\"f9b374f\" data-element_type=\"section\" data-e-type=\"section\" data-settings=\"{&quot;background_background&quot;:&quot;classic&quot;}\">\n\t\t\t\t\t\t<div class=\"elementor-container elementor-column-gap-default\">\n\t\t\t\t\t<div class=\"elementor-column elementor-col-100 elementor-top-column elementor-element elementor-element-48a36db\" data-id=\"48a36db\" data-element_type=\"column\" data-e-type=\"column\">\n\t\t\t<div class=\"elementor-widget-wrap elementor-element-populated\">\n\t\t\t\t\t\t<div class=\"elementor-element elementor-element-89d60e3 elementor-align-center elementor-widget elementor-widget-breadcrumbs\" data-id=\"89d60e3\" data-element_type=\"widget\" data-e-type=\"widget\" data-widget_type=\"breadcrumbs.default\">\n\t\t\t\t<div class=\"elementor-widget-container\">\n\t\t\t\t\t<p id=\"breadcrumbs\"><span><span><a href=\"https:\/\/tcs-technology.com\/fr\/\">Accueil<\/a><\/span><\/span><\/p>\t\t\t\t<\/div>\n\t\t\t\t<\/div>\n\t\t\t\t\t<\/div>\n\t\t<\/div>\n\t\t\t\t\t<\/div>\n\t\t<\/section>\n\t\t\t\t<section class=\"elementor-section elementor-top-section elementor-element elementor-element-51ed1e17 elementor-section-boxed elementor-section-height-default elementor-section-height-default\" data-id=\"51ed1e17\" data-element_type=\"section\" data-e-type=\"section\">\n\t\t\t\t\t\t<div class=\"elementor-container elementor-column-gap-default\">\n\t\t\t\t\t<div class=\"elementor-column elementor-col-100 elementor-top-column elementor-element elementor-element-7bf3df4c\" data-id=\"7bf3df4c\" data-element_type=\"column\" data-e-type=\"column\">\n\t\t\t<div class=\"elementor-widget-wrap elementor-element-populated\">\n\t\t\t\t\t\t<div class=\"elementor-element elementor-element-9a6c988 elementor-widget elementor-widget-heading\" data-id=\"9a6c988\" data-element_type=\"widget\" data-e-type=\"widget\" data-widget_type=\"heading.default\">\n\t\t\t\t<div class=\"elementor-widget-container\">\n\t\t\t\t\t<h2 class=\"elementor-heading-title elementor-size-default\">    Services de d\u00e9veloppement de logiciels <\/h2>\t\t\t\t<\/div>\n\t\t\t\t<\/div>\n\t\t\t\t<div class=\"elementor-element elementor-element-bcf9a48 elementor-widget elementor-widget-text-editor\" data-id=\"bcf9a48\" data-element_type=\"widget\" data-e-type=\"widget\" data-widget_type=\"text-editor.default\">\n\t\t\t\t<div class=\"elementor-widget-container\">\n\t\t\t\t\t\t\t\t\t<p>Notre soci\u00e9t\u00e9 excelle dans la combinaison de connaissances techniques et industrielles. En outre, nous disposons des outils n\u00e9cessaires pour d\u00e9velopper des logiciels personnalis\u00e9s pour les entreprises.<\/p><p>Nous y parvenons en impliquant activement des \u00e9quipes exceptionnellement talentueuses et en tirant parti de notre vaste exp\u00e9rience dans ce domaine. Nous pensons que toute entreprise peut exceller si son \u00e9quipe de d\u00e9veloppement logiciel excelle.<\/p><p>Depuis l'apparition de la pand\u00e9mie, le monde s'est tourn\u00e9 vers le marketing num\u00e9rique et les entreprises travaillent \u00e0 domicile. Il faut donc une \u00e9quipe puissante pour cr\u00e9er des logiciels qui vous permettent de gagner du temps, de rationaliser les processus et d'effectuer plusieurs t\u00e2ches \u00e0 la fois.<\/p><p>Notre \u00e9quipe de d\u00e9veloppement de logiciels est compos\u00e9e de chefs de projet et de d\u00e9veloppeurs exp\u00e9riment\u00e9s qui se concentrent en permanence sur les tests et l'examen par les pairs de notre code. Avant de lancer un produit sur le march\u00e9, nous nous assurons qu'il r\u00e9pond \u00e0 nos normes \u00e9tablies. Nous nous attachons \u00e0 cr\u00e9er des d\u00e9veloppements exceptionnels qui sortent vraiment du lot.<\/p><p>Notre \u00e9quipe a la capacit\u00e9 d'augmenter ou de r\u00e9duire le nombre de membres, ce qui nous permet de cr\u00e9er un groupe de n'importe quelle taille. Nous nous engageons \u00e0 construire des produits qui r\u00e9pondent \u00e0 vos exigences techniques sp\u00e9cifiques et qui produisent des r\u00e9sultats favorables.<\/p><p>Nous adoptons une approche technologique de pointe qui englobe les m\u00e9thodes les plus compl\u00e8tes disponibles. Nous nous concentrons en permanence sur l'am\u00e9lioration de nos processus de d\u00e9veloppement, en cherchant constamment \u00e0 nous am\u00e9liorer. Ainsi, nous nous effor\u00e7ons d'obtenir de meilleurs r\u00e9sultats \u00e0 chaque projet et d'\u00e9viter de r\u00e9p\u00e9ter la m\u00eame approche strat\u00e9gique.<\/p>\t\t\t\t\t\t\t\t<\/div>\n\t\t\t\t<\/div>\n\t\t\t\t\t<\/div>\n\t\t<\/div>\n\t\t\t\t\t<\/div>\n\t\t<\/section>\n\t\t\t\t<section class=\"elementor-section elementor-top-section elementor-element elementor-element-5de697b7 elementor-section-boxed elementor-section-height-default elementor-section-height-default\" data-id=\"5de697b7\" data-element_type=\"section\" data-e-type=\"section\">\n\t\t\t\t\t\t<div class=\"elementor-container elementor-column-gap-default\">\n\t\t\t\t\t<div class=\"elementor-column elementor-col-50 elementor-top-column elementor-element elementor-element-fd501f4\" data-id=\"fd501f4\" data-element_type=\"column\" data-e-type=\"column\">\n\t\t\t<div class=\"elementor-widget-wrap elementor-element-populated\">\n\t\t\t\t\t\t<div class=\"elementor-element elementor-element-800345d elementor-widget elementor-widget-heading\" data-id=\"800345d\" data-element_type=\"widget\" data-e-type=\"widget\" data-widget_type=\"heading.default\">\n\t\t\t\t<div class=\"elementor-widget-container\">\n\t\t\t\t\t<h3 class=\"elementor-heading-title elementor-size-default\">Cat\u00e9gories de projets<\/h3>\t\t\t\t<\/div>\n\t\t\t\t<\/div>\n\t\t\t\t<div class=\"elementor-element elementor-element-973ee1b elementor-widget elementor-widget-text-editor\" data-id=\"973ee1b\" data-element_type=\"widget\" data-e-type=\"widget\" data-widget_type=\"text-editor.default\">\n\t\t\t\t<div class=\"elementor-widget-container\">\n\t\t\t\t\t\t\t\t\t<p>Nous disposons d'un vaste portefeuille de projets, y compris des plateformes B2B. Quelques exemples notables :<\/p>\t\t\t\t\t\t\t\t<\/div>\n\t\t\t\t<\/div>\n\t\t\t\t<div class=\"elementor-element elementor-element-d260de6 elementor-align-start elementor-icon-list--layout-traditional elementor-list-item-link-full_width elementor-widget elementor-widget-icon-list\" data-id=\"d260de6\" data-element_type=\"widget\" data-e-type=\"widget\" data-widget_type=\"icon-list.default\">\n\t\t\t\t<div class=\"elementor-widget-container\">\n\t\t\t\t\t\t\t<ul class=\"elementor-icon-list-items\">\n\t\t\t\t\t\t\t<li class=\"elementor-icon-list-item\">\n\t\t\t\t\t\t\t\t\t\t\t<span class=\"elementor-icon-list-icon\">\n\t\t\t\t\t\t\t<i aria-hidden=\"true\" class=\"fas fa-check-circle\"><\/i>\t\t\t\t\t\t<\/span>\n\t\t\t\t\t\t\t\t\t\t<span class=\"elementor-icon-list-text\">Construire des plateformes multilingues avec authentification sociale et int\u00e9gration transparente avec des services tiers.<\/span>\n\t\t\t\t\t\t\t\t\t<\/li>\n\t\t\t\t\t\t\t\t<li class=\"elementor-icon-list-item\">\n\t\t\t\t\t\t\t\t\t\t\t<span class=\"elementor-icon-list-icon\">\n\t\t\t\t\t\t\t<i aria-hidden=\"true\" class=\"fas fa-check-circle\"><\/i>\t\t\t\t\t\t<\/span>\n\t\t\t\t\t\t\t\t\t\t<span class=\"elementor-icon-list-text\">Fournir des services \u00e9ducatifs aux entreprises sur l'apprentissage automatique et l'IA, car ces technologies ont d\u00e9montr\u00e9 une croissance ph\u00e9nom\u00e9nale. Leur mise en \u0153uvre peut acc\u00e9l\u00e9rer les processus et le d\u00e9veloppement, apportant des avantages significatifs aux entreprises.<\/span>\n\t\t\t\t\t\t\t\t\t<\/li>\n\t\t\t\t\t\t\t\t<li class=\"elementor-icon-list-item\">\n\t\t\t\t\t\t\t\t\t\t\t<span class=\"elementor-icon-list-icon\">\n\t\t\t\t\t\t\t<i aria-hidden=\"true\" class=\"fas fa-check-circle\"><\/i>\t\t\t\t\t\t<\/span>\n\t\t\t\t\t\t\t\t\t\t<span class=\"elementor-icon-list-text\">Chez TCS Technology, nous sommes sp\u00e9cialis\u00e9s dans l'offre de services en ML et en IA, en mettant l'accent sur le d\u00e9veloppement et le d\u00e9ploiement de solutions en machine et deep learning.<\/span>\n\t\t\t\t\t\t\t\t\t<\/li>\n\t\t\t\t\t\t\t\t<li class=\"elementor-icon-list-item\">\n\t\t\t\t\t\t\t\t\t\t\t<span class=\"elementor-icon-list-icon\">\n\t\t\t\t\t\t\t<i aria-hidden=\"true\" class=\"fas fa-check-circle\"><\/i>\t\t\t\t\t\t<\/span>\n\t\t\t\t\t\t\t\t\t\t<span class=\"elementor-icon-list-text\">Notre \u00e9quipe excelle dans l'utilisation de ces outils pour fournir des solutions de plateforme et de strat\u00e9gie aux petites entreprises et aux startups.<\/span>\n\t\t\t\t\t\t\t\t\t<\/li>\n\t\t\t\t\t\t<\/ul>\n\t\t\t\t\t\t<\/div>\n\t\t\t\t<\/div>\n\t\t\t\t<div class=\"elementor-element elementor-element-27ee78a elementor-widget elementor-widget-text-editor\" data-id=\"27ee78a\" data-element_type=\"widget\" data-e-type=\"widget\" data-widget_type=\"text-editor.default\">\n\t\t\t\t<div class=\"elementor-widget-container\">\n\t\t\t\t\t\t\t\t\t<p>Il existe de nombreuses raisons imp\u00e9rieuses de mettre en avant l'utilisation de l'apprentissage automatique dans les entreprises. Plus important encore, l'apprentissage automatique est tr\u00e8s avantageux pour l'\u00e9valuation du cr\u00e9dit et les pr\u00e9visions dans le secteur financier.<\/p>\t\t\t\t\t\t\t\t<\/div>\n\t\t\t\t<\/div>\n\t\t\t\t\t<\/div>\n\t\t<\/div>\n\t\t\t\t<div class=\"elementor-column elementor-col-50 elementor-top-column elementor-element elementor-element-72315285\" data-id=\"72315285\" data-element_type=\"column\" data-e-type=\"column\">\n\t\t\t<div class=\"elementor-widget-wrap elementor-element-populated\">\n\t\t\t\t\t\t<div class=\"elementor-element elementor-element-52a07d8d elementor-widget elementor-widget-image\" data-id=\"52a07d8d\" data-element_type=\"widget\" data-e-type=\"widget\" data-widget_type=\"image.default\">\n\t\t\t\t<div class=\"elementor-widget-container\">\n\t\t\t\t\t\t\t\t\t\t\t\t\t\t\t<img fetchpriority=\"high\" decoding=\"async\" width=\"640\" height=\"960\" src=\"https:\/\/tcs-technology.com\/wp-content\/uploads\/2022\/04\/Accounting-and-Legal.jpg\" class=\"attachment-full size-full wp-image-2546\" alt=\"Accounting and Legal\" \/>\t\t\t\t\t\t\t\t\t\t\t\t\t\t\t<\/div>\n\t\t\t\t<\/div>\n\t\t\t\t\t<\/div>\n\t\t<\/div>\n\t\t\t\t\t<\/div>\n\t\t<\/section>\n\t\t\t\t<section class=\"elementor-section elementor-top-section elementor-element elementor-element-82fc0ff elementor-section-boxed elementor-section-height-default elementor-section-height-default\" data-id=\"82fc0ff\" data-element_type=\"section\" data-e-type=\"section\">\n\t\t\t\t\t\t<div class=\"elementor-container elementor-column-gap-default\">\n\t\t\t\t\t<div class=\"elementor-column elementor-col-100 elementor-top-column elementor-element elementor-element-2b632d03\" data-id=\"2b632d03\" data-element_type=\"column\" data-e-type=\"column\">\n\t\t\t<div class=\"elementor-widget-wrap elementor-element-populated\">\n\t\t\t\t\t\t<div class=\"elementor-element elementor-element-443ca4be elementor-widget elementor-widget-heading\" data-id=\"443ca4be\" data-element_type=\"widget\" data-e-type=\"widget\" data-widget_type=\"heading.default\">\n\t\t\t\t<div class=\"elementor-widget-container\">\n\t\t\t\t\t<h3 class=\"elementor-heading-title elementor-size-default\">Approche strat\u00e9gique de l'analyse des donn\u00e9es <\/h3>\t\t\t\t<\/div>\n\t\t\t\t<\/div>\n\t\t\t\t<div class=\"elementor-element elementor-element-113ded6 p-text elementor-widget elementor-widget-text-editor\" data-id=\"113ded6\" data-element_type=\"widget\" data-e-type=\"widget\" data-widget_type=\"text-editor.default\">\n\t\t\t\t<div class=\"elementor-widget-container\">\n\t\t\t\t\t\t\t\t\t<p>Outre l'apprentissage automatique, l'analyse des donn\u00e9es est un \u00e9l\u00e9ment essentiel de notre approche strat\u00e9gique. L'analyse de donn\u00e9es joue un r\u00f4le crucial dans notre plan d'affaires, facilitant des t\u00e2ches telles que l'exploration de donn\u00e9es, l'analyse des performances de l'entreprise, l'analyse comparative et le traitement des \u00e9v\u00e9nements. L'adoption de ces facteurs critiques est la cl\u00e9 d'une croissance substantielle pour votre entreprise.<\/p><p>Outre l'analyse des donn\u00e9es, nous int\u00e9grons \u00e9galement des tableaux de bord analytiques dans nos projets. L'utilisation de tableaux de bord analytiques offre plusieurs avantages, notamment une visualisation efficace des donn\u00e9es et une am\u00e9lioration de la productivit\u00e9. Ces tableaux de bord pr\u00e9sentent diverses caract\u00e9ristiques telles que la capacit\u00e9 \u00e0 g\u00e9rer plusieurs sources de donn\u00e9es, des interfaces utilisateur s\u00e9curis\u00e9es bas\u00e9es sur le web et une int\u00e9gration transparente avec les rapports g\u00e9n\u00e9r\u00e9s.<\/p><p>Les moteurs de recherche jouent un r\u00f4le important, en particulier dans les projets impliquant des donn\u00e9es volumineuses (Big Data). Lorsqu'il s'agit de contenu structur\u00e9, cette cat\u00e9gorie de moteurs de recherche surpasse les autres en termes de rapidit\u00e9 et d'efficacit\u00e9. C'est pourquoi nous les int\u00e9grons dans nos plans strat\u00e9giques, car ils offrent une \u00e9volutivit\u00e9 et la capacit\u00e9 de traiter simultan\u00e9ment de grandes quantit\u00e9s de donn\u00e9es.<\/p>\t\t\t\t\t\t\t\t<\/div>\n\t\t\t\t<\/div>\n\t\t\t\t\t<\/div>\n\t\t<\/div>\n\t\t\t\t\t<\/div>\n\t\t<\/section>\n\t\t\t\t<\/div>","protected":false},"excerpt":{"rendered":"<p>Services de d\u00e9veloppement de logiciels Notre soci\u00e9t\u00e9 excelle dans la combinaison de connaissances techniques et industrielles. En outre, nous disposons des outils n\u00e9cessaires pour d\u00e9velopper des logiciels personnalis\u00e9s pour les entreprises. Nous y parvenons en impliquant activement des \u00e9quipes exceptionnellement talentueuses et en tirant parti de notre vaste exp\u00e9rience dans le domaine. Nous pensons que toute entreprise peut exceller si ses logiciels [...]<\/p>","protected":false},"author":1,"featured_media":0,"parent":1270,"menu_order":0,"comment_status":"closed","ping_status":"closed","template":"elementor_header_footer","meta":{"footnotes":""},"class_list":["post-1291","page","type-page","status-publish","hentry"],"yoast_head":"<!-- This site is optimized with the Yoast SEO plugin v20.5 - https:\/\/yoast.com\/wordpress\/plugins\/seo\/ -->\n<title>\u00a0Software Development - TCS Technology AG<\/title>\n<meta name=\"description\" content=\"Our company excels in combining expertise related to tech-savvy and industry. we command customized and Software development for businesses.\" \/>\n<meta name=\"robots\" content=\"index, follow, max-snippet:-1, max-image-preview:large, max-video-preview:-1\" \/>\n<link rel=\"canonical\" href=\"https:\/\/tcs-technology.com\/fr\/services\/software-development\/\" \/>\n<meta property=\"og:locale\" content=\"fr_FR\" \/>\n<meta property=\"og:type\" content=\"article\" \/>\n<meta property=\"og:title\" content=\"\u00a0Software Development - TCS Technology AG\" \/>\n<meta property=\"og:description\" content=\"Our company excels in combining expertise related to tech-savvy and industry. we command customized and Software development for businesses.\" \/>\n<meta property=\"og:url\" content=\"https:\/\/tcs-technology.com\/fr\/services\/software-development\/\" \/>\n<meta property=\"og:site_name\" content=\"TCS Technology AG\" \/>\n<meta property=\"article:modified_time\" content=\"2023-06-23T12:24:08+00:00\" \/>\n<meta property=\"og:image\" content=\"https:\/\/tcs-technology.com\/wp-content\/uploads\/2022\/04\/Accounting-and-Legal.jpg\" \/>\n<meta name=\"twitter:card\" content=\"summary_large_image\" \/>\n<meta name=\"twitter:label1\" content=\"Dur\u00e9e de lecture estim\u00e9e\" \/>\n\t<meta name=\"twitter:data1\" content=\"3 minutes\" \/>\n<script type=\"application\/ld+json\" class=\"yoast-schema-graph\">{\"@context\":\"https:\/\/schema.org\",\"@graph\":[{\"@type\":\"WebPage\",\"@id\":\"https:\/\/tcs-technology.com\/services\/software-development\/\",\"url\":\"https:\/\/tcs-technology.com\/services\/software-development\/\",\"name\":\"\u00a0Software Development - TCS Technology AG\",\"isPartOf\":{\"@id\":\"https:\/\/tcs-technology.com\/#website\"},\"datePublished\":\"2022-08-31T10:35:42+00:00\",\"dateModified\":\"2023-06-23T12:24:08+00:00\",\"description\":\"Our company excels in combining expertise related to tech-savvy and industry. we command customized and Software development for businesses.\",\"breadcrumb\":{\"@id\":\"https:\/\/tcs-technology.com\/services\/software-development\/#breadcrumb\"},\"inLanguage\":\"fr-FR\",\"potentialAction\":[{\"@type\":\"ReadAction\",\"target\":[\"https:\/\/tcs-technology.com\/services\/software-development\/\"]}]},{\"@type\":\"BreadcrumbList\",\"@id\":\"https:\/\/tcs-technology.com\/services\/software-development\/#breadcrumb\",\"itemListElement\":[{\"@type\":\"ListItem\",\"position\":1,\"name\":\"Home\",\"item\":\"https:\/\/tcs-technology.com\/\"},{\"@type\":\"ListItem\",\"position\":2,\"name\":\"Services\",\"item\":\"https:\/\/tcs-technology.com\/services\/\"},{\"@type\":\"ListItem\",\"position\":3,\"name\":\"\u00a0Software Development\"}]},{\"@type\":\"WebSite\",\"@id\":\"https:\/\/tcs-technology.com\/#website\",\"url\":\"https:\/\/tcs-technology.com\/\",\"name\":\"TCS Technology AG\",\"description\":\"We provide cutting-edge SaaS solutions for organizations in Switzerland and around the world with a focus on performance, security, and sustainability.\",\"publisher\":{\"@id\":\"https:\/\/tcs-technology.com\/#organization\"},\"potentialAction\":[{\"@type\":\"SearchAction\",\"target\":{\"@type\":\"EntryPoint\",\"urlTemplate\":\"https:\/\/tcs-technology.com\/?s={search_term_string}\"},\"query-input\":\"required name=search_term_string\"}],\"inLanguage\":\"fr-FR\"},{\"@type\":\"Organization\",\"@id\":\"https:\/\/tcs-technology.com\/#organization\",\"name\":\"TCS Technology AG\",\"url\":\"https:\/\/tcs-technology.com\/\",\"logo\":{\"@type\":\"ImageObject\",\"inLanguage\":\"fr-FR\",\"@id\":\"https:\/\/tcs-technology.com\/#\/schema\/logo\/image\/\",\"url\":\"https:\/\/tcs-technology.com\/wp-content\/uploads\/2022\/03\/logo-2.png\",\"contentUrl\":\"https:\/\/tcs-technology.com\/wp-content\/uploads\/2022\/03\/logo-2.png\",\"width\":8334,\"height\":6131,\"caption\":\"TCS Technology AG\"},\"image\":{\"@id\":\"https:\/\/tcs-technology.com\/#\/schema\/logo\/image\/\"}}]}<\/script>\n<!-- \/ Yoast SEO plugin. -->","yoast_head_json":{"title":"\u00a0Software Development - TCS Technology AG","description":"Our company excels in combining expertise related to tech-savvy and industry. we command customized and Software development for businesses.","robots":{"index":"index","follow":"follow","max-snippet":"max-snippet:-1","max-image-preview":"max-image-preview:large","max-video-preview":"max-video-preview:-1"},"canonical":"https:\/\/tcs-technology.com\/fr\/services\/software-development\/","og_locale":"fr_FR","og_type":"article","og_title":"\u00a0Software Development - TCS Technology AG","og_description":"Our company excels in combining expertise related to tech-savvy and industry. we command customized and Software development for businesses.","og_url":"https:\/\/tcs-technology.com\/fr\/services\/software-development\/","og_site_name":"TCS Technology AG","article_modified_time":"2023-06-23T12:24:08+00:00","og_image":[{"url":"https:\/\/tcs-technology.com\/wp-content\/uploads\/2022\/04\/Accounting-and-Legal.jpg"}],"twitter_card":"summary_large_image","twitter_misc":{"Dur\u00e9e de lecture estim\u00e9e":"3 minutes"},"schema":{"@context":"https:\/\/schema.org","@graph":[{"@type":"WebPage","@id":"https:\/\/tcs-technology.com\/services\/software-development\/","url":"https:\/\/tcs-technology.com\/services\/software-development\/","name":"\u00a0Software Development - TCS Technology AG","isPartOf":{"@id":"https:\/\/tcs-technology.com\/#website"},"datePublished":"2022-08-31T10:35:42+00:00","dateModified":"2023-06-23T12:24:08+00:00","description":"Our company excels in combining expertise related to tech-savvy and industry. we command customized and Software development for businesses.","breadcrumb":{"@id":"https:\/\/tcs-technology.com\/services\/software-development\/#breadcrumb"},"inLanguage":"fr-FR","potentialAction":[{"@type":"ReadAction","target":["https:\/\/tcs-technology.com\/services\/software-development\/"]}]},{"@type":"BreadcrumbList","@id":"https:\/\/tcs-technology.com\/services\/software-development\/#breadcrumb","itemListElement":[{"@type":"ListItem","position":1,"name":"Home","item":"https:\/\/tcs-technology.com\/"},{"@type":"ListItem","position":2,"name":"Services","item":"https:\/\/tcs-technology.com\/services\/"},{"@type":"ListItem","position":3,"name":"\u00a0Software Development"}]},{"@type":"WebSite","@id":"https:\/\/tcs-technology.com\/#website","url":"https:\/\/tcs-technology.com\/","name":"TCS Technology AG","description":"We provide cutting-edge SaaS solutions for organizations in Switzerland and around the world with a focus on performance, security, and sustainability.","publisher":{"@id":"https:\/\/tcs-technology.com\/#organization"},"potentialAction":[{"@type":"SearchAction","target":{"@type":"EntryPoint","urlTemplate":"https:\/\/tcs-technology.com\/?s={search_term_string}"},"query-input":"required name=search_term_string"}],"inLanguage":"fr-FR"},{"@type":"Organization","@id":"https:\/\/tcs-technology.com\/#organization","name":"TCS Technology AG","url":"https:\/\/tcs-technology.com\/","logo":{"@type":"ImageObject","inLanguage":"fr-FR","@id":"https:\/\/tcs-technology.com\/#\/schema\/logo\/image\/","url":"https:\/\/tcs-technology.com\/wp-content\/uploads\/2022\/03\/logo-2.png","contentUrl":"https:\/\/tcs-technology.com\/wp-content\/uploads\/2022\/03\/logo-2.png","width":8334,"height":6131,"caption":"TCS Technology AG"},"image":{"@id":"https:\/\/tcs-technology.com\/#\/schema\/logo\/image\/"}}]}},"_links":{"self":[{"href":"https:\/\/tcs-technology.com\/fr\/wp-json\/wp\/v2\/pages\/1291","targetHints":{"allow":["GET"]}}],"collection":[{"href":"https:\/\/tcs-technology.com\/fr\/wp-json\/wp\/v2\/pages"}],"about":[{"href":"https:\/\/tcs-technology.com\/fr\/wp-json\/wp\/v2\/types\/page"}],"author":[{"embeddable":true,"href":"https:\/\/tcs-technology.com\/fr\/wp-json\/wp\/v2\/users\/1"}],"replies":[{"embeddable":true,"href":"https:\/\/tcs-technology.com\/fr\/wp-json\/wp\/v2\/comments?post=1291"}],"version-history":[{"count":53,"href":"https:\/\/tcs-technology.com\/fr\/wp-json\/wp\/v2\/pages\/1291\/revisions"}],"predecessor-version":[{"id":3250,"href":"https:\/\/tcs-technology.com\/fr\/wp-json\/wp\/v2\/pages\/1291\/revisions\/3250"}],"up":[{"embeddable":true,"href":"https:\/\/tcs-technology.com\/fr\/wp-json\/wp\/v2\/pages\/1270"}],"wp:attachment":[{"href":"https:\/\/tcs-technology.com\/fr\/wp-json\/wp\/v2\/media?parent=1291"}],"curies":[{"name":"wp","href":"https:\/\/api.w.org\/{rel}","templated":true}]}}