{"id":1585,"date":"2022-04-05T08:31:54","date_gmt":"2022-04-05T06:31:54","guid":{"rendered":"https:\/\/tcs-technology.com\/?page_id=1585"},"modified":"2023-06-23T19:11:31","modified_gmt":"2023-06-23T17:11:31","slug":"schools-and-education","status":"publish","type":"page","link":"https:\/\/tcs-technology.com\/es\/verticals\/schools-and-education\/","title":{"rendered":"Escuelas y educaci\u00f3n"},"content":{"rendered":"<div data-elementor-type=\"wp-page\" data-elementor-id=\"1585\" class=\"elementor elementor-1585\">\n\t\t\t\t\t\t<section class=\"elementor-section elementor-top-section elementor-element elementor-element-c78c12c elementor-section-boxed elementor-section-height-default elementor-section-height-default\" data-id=\"c78c12c\" data-element_type=\"section\" data-e-type=\"section\" data-settings=\"{&quot;background_background&quot;:&quot;classic&quot;}\">\n\t\t\t\t\t\t<div class=\"elementor-container elementor-column-gap-default\">\n\t\t\t\t\t<div class=\"elementor-column elementor-col-100 elementor-top-column elementor-element elementor-element-6cbcb31\" data-id=\"6cbcb31\" data-element_type=\"column\" data-e-type=\"column\">\n\t\t\t<div class=\"elementor-widget-wrap elementor-element-populated\">\n\t\t\t\t\t\t<div class=\"elementor-element elementor-element-f2d58db elementor-align-center elementor-widget elementor-widget-breadcrumbs\" data-id=\"f2d58db\" data-element_type=\"widget\" data-e-type=\"widget\" data-widget_type=\"breadcrumbs.default\">\n\t\t\t\t<div class=\"elementor-widget-container\">\n\t\t\t\t\t<p id=\"breadcrumbs\"><span><span><a href=\"https:\/\/tcs-technology.com\/es\/\">Inicio<\/a><\/span><\/span><\/p>\t\t\t\t<\/div>\n\t\t\t\t<\/div>\n\t\t\t\t\t<\/div>\n\t\t<\/div>\n\t\t\t\t\t<\/div>\n\t\t<\/section>\n\t\t\t\t<section class=\"elementor-section elementor-top-section elementor-element elementor-element-9821ea3 elementor-section-boxed elementor-section-height-default elementor-section-height-default\" data-id=\"9821ea3\" data-element_type=\"section\" data-e-type=\"section\">\n\t\t\t\t\t\t<div class=\"elementor-container elementor-column-gap-default\">\n\t\t\t\t\t<div class=\"elementor-column elementor-col-100 elementor-top-column elementor-element elementor-element-a9305f4\" data-id=\"a9305f4\" data-element_type=\"column\" data-e-type=\"column\">\n\t\t\t<div class=\"elementor-widget-wrap elementor-element-populated\">\n\t\t\t\t\t\t<div class=\"elementor-element elementor-element-68c88cb elementor-widget elementor-widget-image\" data-id=\"68c88cb\" data-element_type=\"widget\" data-e-type=\"widget\" data-widget_type=\"image.default\">\n\t\t\t\t<div class=\"elementor-widget-container\">\n\t\t\t\t\t\t\t\t\t\t\t\t\t\t\t<img fetchpriority=\"high\" decoding=\"async\" width=\"1200\" height=\"750\" src=\"https:\/\/tcs-technology.com\/wp-content\/uploads\/2022\/04\/Schools-and-Education-banner.jpg\" class=\"attachment-full size-full wp-image-2614\" alt=\"Schools and Education banner\" \/>\t\t\t\t\t\t\t\t\t\t\t\t\t\t\t<\/div>\n\t\t\t\t<\/div>\n\t\t\t\t<div class=\"elementor-element elementor-element-be32ecf elementor-widget elementor-widget-heading\" data-id=\"be32ecf\" data-element_type=\"widget\" data-e-type=\"widget\" data-widget_type=\"heading.default\">\n\t\t\t\t<div class=\"elementor-widget-container\">\n\t\t\t\t\t<h2 class=\"elementor-heading-title elementor-size-default\">Escuelas y educaci\u00f3n<\/h2>\t\t\t\t<\/div>\n\t\t\t\t<\/div>\n\t\t\t\t<div class=\"elementor-element elementor-element-6032b5f elementor-widget elementor-widget-text-editor\" data-id=\"6032b5f\" data-element_type=\"widget\" data-e-type=\"widget\" data-widget_type=\"text-editor.default\">\n\t\t\t\t<div class=\"elementor-widget-container\">\n\t\t\t\t\t\t\t\t\t<p>Satisfaga las demandas de profesores, alumnos, administradores y padres ofreciendo soluciones seguras y de alta calidad.<\/p><p>La pandemia de COVID-19 ha trastocado el enfoque tradicional de las escuelas y la educaci\u00f3n, lo que ha llevado a la adopci\u00f3n de modelos de aprendizaje h\u00edbridos y a distancia.<\/p><p>Aunque los modelos h\u00edbridos ofrecen flexibilidad e inclusividad sin comprometer la calidad de la educaci\u00f3n, la adopci\u00f3n de transformaciones digitales en el sistema educativo tiene otras muchas ventajas. La ubicaci\u00f3n ya no es una barrera para acceder a la educaci\u00f3n, y la falta de experiencia local puede superarse mediante la ense\u00f1anza digital.<\/p>\t\t\t\t\t\t\t\t<\/div>\n\t\t\t\t<\/div>\n\t\t\t\t\t<\/div>\n\t\t<\/div>\n\t\t\t\t\t<\/div>\n\t\t<\/section>\n\t\t\t\t<section class=\"elementor-section elementor-top-section elementor-element elementor-element-e8ad871 elementor-section-boxed elementor-section-height-default elementor-section-height-default\" data-id=\"e8ad871\" data-element_type=\"section\" data-e-type=\"section\">\n\t\t\t\t\t\t<div class=\"elementor-container elementor-column-gap-default\">\n\t\t\t\t\t<div class=\"elementor-column elementor-col-50 elementor-top-column elementor-element elementor-element-578c739\" data-id=\"578c739\" data-element_type=\"column\" data-e-type=\"column\">\n\t\t\t<div class=\"elementor-widget-wrap elementor-element-populated\">\n\t\t\t\t\t\t<div class=\"elementor-element elementor-element-546c09d elementor-widget elementor-widget-heading\" data-id=\"546c09d\" data-element_type=\"widget\" data-e-type=\"widget\" data-widget_type=\"heading.default\">\n\t\t\t\t<div class=\"elementor-widget-container\">\n\t\t\t\t\t<h3 class=\"elementor-heading-title elementor-size-default\">Puntos focales del aprendizaje en l\u00ednea<\/h3>\t\t\t\t<\/div>\n\t\t\t\t<\/div>\n\t\t\t\t<div class=\"elementor-element elementor-element-9636092 elementor-widget elementor-widget-text-editor\" data-id=\"9636092\" data-element_type=\"widget\" data-e-type=\"widget\" data-widget_type=\"text-editor.default\">\n\t\t\t\t<div class=\"elementor-widget-container\">\n\t\t\t\t\t\t\t\t\t<p>La educaci\u00f3n gira en torno a la mejora de la experiencia del estudiante, y los recientes cambios impulsados por COVID-19 y las aplicaciones disruptivas han catalizado transformaciones positivas en la educaci\u00f3n. Estos cambios pueden complementarse a\u00fan m\u00e1s:<\/p>\t\t\t\t\t\t\t\t<\/div>\n\t\t\t\t<\/div>\n\t\t\t\t<div class=\"elementor-element elementor-element-30e60de elementor-icon-list--layout-traditional elementor-list-item-link-full_width elementor-widget elementor-widget-icon-list\" data-id=\"30e60de\" data-element_type=\"widget\" data-e-type=\"widget\" data-widget_type=\"icon-list.default\">\n\t\t\t\t<div class=\"elementor-widget-container\">\n\t\t\t\t\t\t\t<ul class=\"elementor-icon-list-items\">\n\t\t\t\t\t\t\t<li class=\"elementor-icon-list-item\">\n\t\t\t\t\t\t\t\t\t\t\t<span class=\"elementor-icon-list-icon\">\n\t\t\t\t\t\t\t<i aria-hidden=\"true\" class=\"fas fa-check-circle\"><\/i>\t\t\t\t\t\t<\/span>\n\t\t\t\t\t\t\t\t\t\t<span class=\"elementor-icon-list-text\">Facilitar el acceso al aprendizaje a trav\u00e9s de plataformas en l\u00ednea y m\u00f3viles, independientemente de la ubicaci\u00f3n.<\/span>\n\t\t\t\t\t\t\t\t\t<\/li>\n\t\t\t\t\t\t\t\t<li class=\"elementor-icon-list-item\">\n\t\t\t\t\t\t\t\t\t\t\t<span class=\"elementor-icon-list-icon\">\n\t\t\t\t\t\t\t<i aria-hidden=\"true\" class=\"fas fa-check-circle\"><\/i>\t\t\t\t\t\t<\/span>\n\t\t\t\t\t\t\t\t\t\t<span class=\"elementor-icon-list-text\">Ofrecer una gama m\u00e1s amplia de asignaturas para adaptar el aprendizaje a los intereses de los alumnos.<\/span>\n\t\t\t\t\t\t\t\t\t<\/li>\n\t\t\t\t\t\t\t\t<li class=\"elementor-icon-list-item\">\n\t\t\t\t\t\t\t\t\t\t\t<span class=\"elementor-icon-list-icon\">\n\t\t\t\t\t\t\t<i aria-hidden=\"true\" class=\"fas fa-check-circle\"><\/i>\t\t\t\t\t\t<\/span>\n\t\t\t\t\t\t\t\t\t\t<span class=\"elementor-icon-list-text\">Contrataci\u00f3n de talentos de cualquier lugar para ofrecer una educaci\u00f3n de mayor calidad<\/span>\n\t\t\t\t\t\t\t\t\t<\/li>\n\t\t\t\t\t\t\t\t<li class=\"elementor-icon-list-item\">\n\t\t\t\t\t\t\t\t\t\t\t<span class=\"elementor-icon-list-icon\">\n\t\t\t\t\t\t\t<i aria-hidden=\"true\" class=\"fas fa-check-circle\"><\/i>\t\t\t\t\t\t<\/span>\n\t\t\t\t\t\t\t\t\t\t<span class=\"elementor-icon-list-text\">Digitalizaci\u00f3n de los logros acad\u00e9micos y seguimiento del rendimiento, con objetivos personalizados para apoyar el aprendizaje de los estudiantes.<\/span>\n\t\t\t\t\t\t\t\t\t<\/li>\n\t\t\t\t\t\t<\/ul>\n\t\t\t\t\t\t<\/div>\n\t\t\t\t<\/div>\n\t\t\t\t\t<\/div>\n\t\t<\/div>\n\t\t\t\t<div class=\"elementor-column elementor-col-50 elementor-top-column elementor-element elementor-element-bbf6223\" data-id=\"bbf6223\" data-element_type=\"column\" data-e-type=\"column\">\n\t\t\t<div class=\"elementor-widget-wrap elementor-element-populated\">\n\t\t\t\t\t\t<div class=\"elementor-element elementor-element-6be669c elementor-widget elementor-widget-image\" data-id=\"6be669c\" data-element_type=\"widget\" data-e-type=\"widget\" data-widget_type=\"image.default\">\n\t\t\t\t<div class=\"elementor-widget-container\">\n\t\t\t\t\t\t\t\t\t\t\t\t\t\t\t<img decoding=\"async\" width=\"500\" height=\"559\" src=\"https:\/\/tcs-technology.com\/wp-content\/uploads\/2022\/04\/Focal-points-for-Online-Learning-.jpg\" class=\"attachment-large size-large wp-image-2619\" alt=\"Focal points for Online Learning\" \/>\t\t\t\t\t\t\t\t\t\t\t\t\t\t\t<\/div>\n\t\t\t\t<\/div>\n\t\t\t\t\t<\/div>\n\t\t<\/div>\n\t\t\t\t\t<\/div>\n\t\t<\/section>\n\t\t\t\t<section class=\"elementor-section elementor-top-section elementor-element elementor-element-7b7276c elementor-section-boxed elementor-section-height-default elementor-section-height-default\" data-id=\"7b7276c\" data-element_type=\"section\" data-e-type=\"section\">\n\t\t\t\t\t\t<div class=\"elementor-container elementor-column-gap-default\">\n\t\t\t\t\t<div class=\"elementor-column elementor-col-100 elementor-top-column elementor-element elementor-element-b727c26\" data-id=\"b727c26\" data-element_type=\"column\" data-e-type=\"column\">\n\t\t\t<div class=\"elementor-widget-wrap elementor-element-populated\">\n\t\t\t\t\t\t<div class=\"elementor-element elementor-element-6236375 elementor-widget elementor-widget-text-editor\" data-id=\"6236375\" data-element_type=\"widget\" data-e-type=\"widget\" data-widget_type=\"text-editor.default\">\n\t\t\t\t<div class=\"elementor-widget-container\">\n\t\t\t\t\t\t\t\t\t<p class=\"MsoNormal\"><span lang=\"EN-US\">Las soluciones digitales ayudan a agilizar las tareas administrativas, liberando m\u00e1s tiempo y recursos para interactuar con los estudiantes y prestarles apoyo. Adem\u00e1s, las tareas que antes eran impracticables, como el seguimiento personalizado y el establecimiento de objetivos, ahora pueden facilitarse mediante IA, coaching y aplicaciones digitales que eval\u00faan los puntos fuertes individuales. Las transformaciones digitales tienen el potencial de influir significativamente en la educaci\u00f3n de manera positiva, revolucionando la experiencia de aprendizaje de cada ni\u00f1o y permiti\u00e9ndoles alcanzar su m\u00e1ximo potencial sin imponer cargas excesivas a padres y profesores.<\/span><\/p>\t\t\t\t\t\t\t\t<\/div>\n\t\t\t\t<\/div>\n\t\t\t\t<div class=\"elementor-element elementor-element-57485d0 elementor-widget elementor-widget-heading\" data-id=\"57485d0\" data-element_type=\"widget\" data-e-type=\"widget\" data-widget_type=\"heading.default\">\n\t\t\t\t<div class=\"elementor-widget-container\">\n\t\t\t\t\t<h3 class=\"elementor-heading-title elementor-size-default\">Preparaci\u00f3n para el futuro de la educaci\u00f3n digital<\/h3>\t\t\t\t<\/div>\n\t\t\t\t<\/div>\n\t\t\t\t<div class=\"elementor-element elementor-element-64a2e0a elementor-widget elementor-widget-text-editor\" data-id=\"64a2e0a\" data-element_type=\"widget\" data-e-type=\"widget\" data-widget_type=\"text-editor.default\">\n\t\t\t\t<div class=\"elementor-widget-container\">\n\t\t\t\t\t\t\t\t\t<p>Con el avance de la tecnolog\u00eda, tenemos la oportunidad de mejorar la experiencia de aprendizaje de nuestros j\u00f3venes. El aumento de la participaci\u00f3n, la accesibilidad, el aprendizaje interactivo y los enfoques personalizados dar\u00e1n mejores resultados en nuestras instituciones educativas en comparaci\u00f3n con el statu quo actual, en el que las personas se enfrentan a numerosas limitaciones. Por lo tanto, la transformaci\u00f3n digital continua en la educaci\u00f3n es crucial.<\/p><p>Interesado en soluciones de digitalizaci\u00f3n personalizadas para tus proyectos inform\u00e1ticos educativos? \ud83d\udc4b <a href=\"https:\/\/tcs-technology.com\/es\/contact\/\">P\u00f3ngase en contacto con nuestro equipo hoy mismo<\/a> para una consulta gratuita y sin compromiso. Nos centramos en comprender sus necesidades espec\u00edficas y explicarle c\u00f3mo pueden ayudarle nuestros servicios, sin recurrir a la venta agresiva.<\/p>\t\t\t\t\t\t\t\t<\/div>\n\t\t\t\t<\/div>\n\t\t\t\t\t<\/div>\n\t\t<\/div>\n\t\t\t\t\t<\/div>\n\t\t<\/section>\n\t\t\t\t<\/div>","protected":false},"excerpt":{"rendered":"<p>Escuelas y educaci\u00f3n Satisfaga las demandas de profesores, estudiantes, administradores y padres ofreciendo soluciones seguras y de alta calidad. La pandemia del COVID-19 ha trastocado el enfoque tradicional de las escuelas y la educaci\u00f3n, lo que ha llevado a la adopci\u00f3n de modelos de aprendizaje h\u00edbridos y a distancia. Aunque los modelos h\u00edbridos ofrecen flexibilidad e inclusividad sin comprometer la calidad de la educaci\u00f3n, hay [...]<\/p>","protected":false},"author":1,"featured_media":0,"parent":681,"menu_order":0,"comment_status":"closed","ping_status":"closed","template":"elementor_header_footer","meta":{"footnotes":""},"class_list":["post-1585","page","type-page","status-publish","hentry"],"yoast_head":"<!-- This site is optimized with the Yoast SEO plugin v20.5 - https:\/\/yoast.com\/wordpress\/plugins\/seo\/ -->\n<title>Schools and Education - TCS Technology AG<\/title>\n<meta name=\"robots\" content=\"index, follow, max-snippet:-1, max-image-preview:large, max-video-preview:-1\" \/>\n<link rel=\"canonical\" href=\"https:\/\/tcs-technology.com\/es\/verticals\/schools-and-education\/\" \/>\n<meta property=\"og:locale\" content=\"es_ES\" \/>\n<meta property=\"og:type\" content=\"article\" \/>\n<meta property=\"og:title\" content=\"Schools and Education - TCS Technology AG\" \/>\n<meta property=\"og:description\" content=\"Schools and Education Meet the demands of teachers, students, administrators, and parents by delivering secure and high-quality solutions. The COVID-19 pandemic has disrupted the traditional approach to schools and education, leading to the adoption of hybrid and remote learning models. While hybrid models offer flexibility and inclusivity without compromising on the quality of education, there [&hellip;]\" \/>\n<meta property=\"og:url\" content=\"https:\/\/tcs-technology.com\/es\/verticals\/schools-and-education\/\" \/>\n<meta property=\"og:site_name\" content=\"TCS Technology AG\" \/>\n<meta property=\"article:modified_time\" content=\"2023-06-23T17:11:31+00:00\" \/>\n<meta property=\"og:image\" content=\"https:\/\/tcs-technology.com\/wp-content\/uploads\/2022\/04\/Schools-and-Education-banner.jpg\" \/>\n<meta name=\"twitter:card\" content=\"summary_large_image\" \/>\n<meta name=\"twitter:label1\" content=\"Tiempo de lectura\" \/>\n\t<meta name=\"twitter:data1\" content=\"3 minutos\" \/>\n<script type=\"application\/ld+json\" class=\"yoast-schema-graph\">{\"@context\":\"https:\/\/schema.org\",\"@graph\":[{\"@type\":\"WebPage\",\"@id\":\"https:\/\/tcs-technology.com\/verticals\/schools-and-education\/\",\"url\":\"https:\/\/tcs-technology.com\/verticals\/schools-and-education\/\",\"name\":\"Schools and Education - TCS Technology AG\",\"isPartOf\":{\"@id\":\"https:\/\/tcs-technology.com\/#website\"},\"datePublished\":\"2022-04-05T06:31:54+00:00\",\"dateModified\":\"2023-06-23T17:11:31+00:00\",\"breadcrumb\":{\"@id\":\"https:\/\/tcs-technology.com\/verticals\/schools-and-education\/#breadcrumb\"},\"inLanguage\":\"es\",\"potentialAction\":[{\"@type\":\"ReadAction\",\"target\":[\"https:\/\/tcs-technology.com\/verticals\/schools-and-education\/\"]}]},{\"@type\":\"BreadcrumbList\",\"@id\":\"https:\/\/tcs-technology.com\/verticals\/schools-and-education\/#breadcrumb\",\"itemListElement\":[{\"@type\":\"ListItem\",\"position\":1,\"name\":\"Home\",\"item\":\"https:\/\/tcs-technology.com\/\"},{\"@type\":\"ListItem\",\"position\":2,\"name\":\"Verticals\",\"item\":\"https:\/\/tcs-technology.com\/verticals\/\"},{\"@type\":\"ListItem\",\"position\":3,\"name\":\"Schools and Education\"}]},{\"@type\":\"WebSite\",\"@id\":\"https:\/\/tcs-technology.com\/#website\",\"url\":\"https:\/\/tcs-technology.com\/\",\"name\":\"TCS Technology AG\",\"description\":\"We provide cutting-edge SaaS solutions for organizations in Switzerland and around the world with a focus on performance, security, and sustainability.\",\"publisher\":{\"@id\":\"https:\/\/tcs-technology.com\/#organization\"},\"potentialAction\":[{\"@type\":\"SearchAction\",\"target\":{\"@type\":\"EntryPoint\",\"urlTemplate\":\"https:\/\/tcs-technology.com\/?s={search_term_string}\"},\"query-input\":\"required name=search_term_string\"}],\"inLanguage\":\"es\"},{\"@type\":\"Organization\",\"@id\":\"https:\/\/tcs-technology.com\/#organization\",\"name\":\"TCS Technology AG\",\"url\":\"https:\/\/tcs-technology.com\/\",\"logo\":{\"@type\":\"ImageObject\",\"inLanguage\":\"es\",\"@id\":\"https:\/\/tcs-technology.com\/#\/schema\/logo\/image\/\",\"url\":\"https:\/\/tcs-technology.com\/wp-content\/uploads\/2022\/03\/logo-2.png\",\"contentUrl\":\"https:\/\/tcs-technology.com\/wp-content\/uploads\/2022\/03\/logo-2.png\",\"width\":8334,\"height\":6131,\"caption\":\"TCS Technology AG\"},\"image\":{\"@id\":\"https:\/\/tcs-technology.com\/#\/schema\/logo\/image\/\"}}]}<\/script>\n<!-- \/ Yoast SEO plugin. -->","yoast_head_json":{"title":"Schools and Education - TCS Technology AG","robots":{"index":"index","follow":"follow","max-snippet":"max-snippet:-1","max-image-preview":"max-image-preview:large","max-video-preview":"max-video-preview:-1"},"canonical":"https:\/\/tcs-technology.com\/es\/verticals\/schools-and-education\/","og_locale":"es_ES","og_type":"article","og_title":"Schools and Education - TCS Technology AG","og_description":"Schools and Education Meet the demands of teachers, students, administrators, and parents by delivering secure and high-quality solutions. The COVID-19 pandemic has disrupted the traditional approach to schools and education, leading to the adoption of hybrid and remote learning models. While hybrid models offer flexibility and inclusivity without compromising on the quality of education, there [&hellip;]","og_url":"https:\/\/tcs-technology.com\/es\/verticals\/schools-and-education\/","og_site_name":"TCS Technology AG","article_modified_time":"2023-06-23T17:11:31+00:00","og_image":[{"url":"https:\/\/tcs-technology.com\/wp-content\/uploads\/2022\/04\/Schools-and-Education-banner.jpg"}],"twitter_card":"summary_large_image","twitter_misc":{"Tiempo de lectura":"3 minutos"},"schema":{"@context":"https:\/\/schema.org","@graph":[{"@type":"WebPage","@id":"https:\/\/tcs-technology.com\/verticals\/schools-and-education\/","url":"https:\/\/tcs-technology.com\/verticals\/schools-and-education\/","name":"Schools and Education - TCS Technology AG","isPartOf":{"@id":"https:\/\/tcs-technology.com\/#website"},"datePublished":"2022-04-05T06:31:54+00:00","dateModified":"2023-06-23T17:11:31+00:00","breadcrumb":{"@id":"https:\/\/tcs-technology.com\/verticals\/schools-and-education\/#breadcrumb"},"inLanguage":"es","potentialAction":[{"@type":"ReadAction","target":["https:\/\/tcs-technology.com\/verticals\/schools-and-education\/"]}]},{"@type":"BreadcrumbList","@id":"https:\/\/tcs-technology.com\/verticals\/schools-and-education\/#breadcrumb","itemListElement":[{"@type":"ListItem","position":1,"name":"Home","item":"https:\/\/tcs-technology.com\/"},{"@type":"ListItem","position":2,"name":"Verticals","item":"https:\/\/tcs-technology.com\/verticals\/"},{"@type":"ListItem","position":3,"name":"Schools and Education"}]},{"@type":"WebSite","@id":"https:\/\/tcs-technology.com\/#website","url":"https:\/\/tcs-technology.com\/","name":"TCS Technology AG","description":"We provide cutting-edge SaaS solutions for organizations in Switzerland and around the world with a focus on performance, security, and sustainability.","publisher":{"@id":"https:\/\/tcs-technology.com\/#organization"},"potentialAction":[{"@type":"SearchAction","target":{"@type":"EntryPoint","urlTemplate":"https:\/\/tcs-technology.com\/?s={search_term_string}"},"query-input":"required name=search_term_string"}],"inLanguage":"es"},{"@type":"Organization","@id":"https:\/\/tcs-technology.com\/#organization","name":"TCS Technology AG","url":"https:\/\/tcs-technology.com\/","logo":{"@type":"ImageObject","inLanguage":"es","@id":"https:\/\/tcs-technology.com\/#\/schema\/logo\/image\/","url":"https:\/\/tcs-technology.com\/wp-content\/uploads\/2022\/03\/logo-2.png","contentUrl":"https:\/\/tcs-technology.com\/wp-content\/uploads\/2022\/03\/logo-2.png","width":8334,"height":6131,"caption":"TCS Technology AG"},"image":{"@id":"https:\/\/tcs-technology.com\/#\/schema\/logo\/image\/"}}]}},"_links":{"self":[{"href":"https:\/\/tcs-technology.com\/es\/wp-json\/wp\/v2\/pages\/1585","targetHints":{"allow":["GET"]}}],"collection":[{"href":"https:\/\/tcs-technology.com\/es\/wp-json\/wp\/v2\/pages"}],"about":[{"href":"https:\/\/tcs-technology.com\/es\/wp-json\/wp\/v2\/types\/page"}],"author":[{"embeddable":true,"href":"https:\/\/tcs-technology.com\/es\/wp-json\/wp\/v2\/users\/1"}],"replies":[{"embeddable":true,"href":"https:\/\/tcs-technology.com\/es\/wp-json\/wp\/v2\/comments?post=1585"}],"version-history":[{"count":19,"href":"https:\/\/tcs-technology.com\/es\/wp-json\/wp\/v2\/pages\/1585\/revisions"}],"predecessor-version":[{"id":3289,"href":"https:\/\/tcs-technology.com\/es\/wp-json\/wp\/v2\/pages\/1585\/revisions\/3289"}],"up":[{"embeddable":true,"href":"https:\/\/tcs-technology.com\/es\/wp-json\/wp\/v2\/pages\/681"}],"wp:attachment":[{"href":"https:\/\/tcs-technology.com\/es\/wp-json\/wp\/v2\/media?parent=1585"}],"curies":[{"name":"wp","href":"https:\/\/api.w.org\/{rel}","templated":true}]}}