{"id":1579,"date":"2022-04-05T08:29:07","date_gmt":"2022-04-05T06:29:07","guid":{"rendered":"https:\/\/tcs-technology.com\/?page_id=1579"},"modified":"2023-06-23T19:08:25","modified_gmt":"2023-06-23T17:08:25","slug":"retail-and-e-commerce","status":"publish","type":"page","link":"https:\/\/tcs-technology.com\/es\/verticals\/retail-and-e-commerce\/","title":{"rendered":"Comercio minorista y electr\u00f3nico"},"content":{"rendered":"<div data-elementor-type=\"wp-page\" data-elementor-id=\"1579\" class=\"elementor elementor-1579\">\n\t\t\t\t\t\t<section class=\"elementor-section elementor-top-section elementor-element elementor-element-f7c6724 elementor-section-boxed elementor-section-height-default elementor-section-height-default\" data-id=\"f7c6724\" data-element_type=\"section\" data-e-type=\"section\" data-settings=\"{&quot;background_background&quot;:&quot;classic&quot;}\">\n\t\t\t\t\t\t<div class=\"elementor-container elementor-column-gap-default\">\n\t\t\t\t\t<div class=\"elementor-column elementor-col-100 elementor-top-column elementor-element elementor-element-7094d51\" data-id=\"7094d51\" data-element_type=\"column\" data-e-type=\"column\">\n\t\t\t<div class=\"elementor-widget-wrap elementor-element-populated\">\n\t\t\t\t\t\t<div class=\"elementor-element elementor-element-28f3fc3 elementor-align-center elementor-widget elementor-widget-breadcrumbs\" data-id=\"28f3fc3\" data-element_type=\"widget\" data-e-type=\"widget\" data-widget_type=\"breadcrumbs.default\">\n\t\t\t\t<div class=\"elementor-widget-container\">\n\t\t\t\t\t<p id=\"breadcrumbs\"><span><span><a href=\"https:\/\/tcs-technology.com\/es\/\">Inicio<\/a><\/span><\/span><\/p>\t\t\t\t<\/div>\n\t\t\t\t<\/div>\n\t\t\t\t\t<\/div>\n\t\t<\/div>\n\t\t\t\t\t<\/div>\n\t\t<\/section>\n\t\t\t\t<section class=\"elementor-section elementor-top-section elementor-element elementor-element-43b4f8c elementor-section-boxed elementor-section-height-default elementor-section-height-default\" data-id=\"43b4f8c\" data-element_type=\"section\" data-e-type=\"section\">\n\t\t\t\t\t\t<div class=\"elementor-container elementor-column-gap-default\">\n\t\t\t\t\t<div class=\"elementor-column elementor-col-100 elementor-top-column elementor-element elementor-element-f3ffc08\" data-id=\"f3ffc08\" data-element_type=\"column\" data-e-type=\"column\">\n\t\t\t<div class=\"elementor-widget-wrap elementor-element-populated\">\n\t\t\t\t\t\t<div class=\"elementor-element elementor-element-1c97695 elementor-widget elementor-widget-image\" data-id=\"1c97695\" data-element_type=\"widget\" data-e-type=\"widget\" data-widget_type=\"image.default\">\n\t\t\t\t<div class=\"elementor-widget-container\">\n\t\t\t\t\t\t\t\t\t\t\t\t\t\t\t<img fetchpriority=\"high\" decoding=\"async\" width=\"800\" height=\"333\" src=\"https:\/\/tcs-technology.com\/wp-content\/uploads\/2022\/04\/Retail-and-E-Commerce-banner.jpg\" class=\"attachment-large size-large wp-image-2634\" alt=\"Retail and E-Commerce banner\" \/>\t\t\t\t\t\t\t\t\t\t\t\t\t\t\t<\/div>\n\t\t\t\t<\/div>\n\t\t\t\t<div class=\"elementor-element elementor-element-a469d09 elementor-widget elementor-widget-heading\" data-id=\"a469d09\" data-element_type=\"widget\" data-e-type=\"widget\" data-widget_type=\"heading.default\">\n\t\t\t\t<div class=\"elementor-widget-container\">\n\t\t\t\t\t<h2 class=\"elementor-heading-title elementor-size-default\">Comercio minorista y electr\u00f3nico<\/h2>\t\t\t\t<\/div>\n\t\t\t\t<\/div>\n\t\t\t\t<div class=\"elementor-element elementor-element-a37635b elementor-widget elementor-widget-text-editor\" data-id=\"a37635b\" data-element_type=\"widget\" data-e-type=\"widget\" data-widget_type=\"text-editor.default\">\n\t\t\t\t<div class=\"elementor-widget-container\">\n\t\t\t\t\t\t\t\t\t<p>Ofrezca experiencias de compra extraordinarias, interact\u00fae con consumidores expertos en tecnolog\u00eda y mant\u00e9ngase por delante de la competencia.<\/p><p>El panorama de las calles principales ha cambiado significativamente desde el inicio de COVID-19, y los comportamientos de los consumidores han cambiado en consecuencia. Para garantizar la supervivencia de las tiendas f\u00edsicas, la transformaci\u00f3n digital es crucial en el sector minorista.<\/p><p>Aunque la automatizaci\u00f3n se asocia a menudo con la transformaci\u00f3n digital, el verdadero cambio en el comercio minorista es la IA. Junto con un an\u00e1lisis de datos mejorado, la IA permite a las empresas ofrecer a los consumidores experiencias de compra emocionantes y extraordinarias que les incitan a salir de casa y alejarse de sus tel\u00e9fonos. Aunque las compras en l\u00ednea siguen dominando, los que han dominado su presencia en l\u00ednea pueden aprovecharla para revitalizar las compras en las tiendas y aumentar los ingresos.<\/p>\t\t\t\t\t\t\t\t<\/div>\n\t\t\t\t<\/div>\n\t\t\t\t\t<\/div>\n\t\t<\/div>\n\t\t\t\t\t<\/div>\n\t\t<\/section>\n\t\t\t\t<section class=\"elementor-section elementor-top-section elementor-element elementor-element-61fcf4b elementor-section-boxed elementor-section-height-default elementor-section-height-default\" data-id=\"61fcf4b\" data-element_type=\"section\" data-e-type=\"section\">\n\t\t\t\t\t\t<div class=\"elementor-container elementor-column-gap-default\">\n\t\t\t\t\t<div class=\"elementor-column elementor-col-50 elementor-top-column elementor-element elementor-element-aeefb35\" data-id=\"aeefb35\" data-element_type=\"column\" data-e-type=\"column\">\n\t\t\t<div class=\"elementor-widget-wrap elementor-element-populated\">\n\t\t\t\t\t\t<div class=\"elementor-element elementor-element-e7d5ee5 elementor-widget elementor-widget-heading\" data-id=\"e7d5ee5\" data-element_type=\"widget\" data-e-type=\"widget\" data-widget_type=\"heading.default\">\n\t\t\t\t<div class=\"elementor-widget-container\">\n\t\t\t\t\t<h3 class=\"elementor-heading-title elementor-size-default\">Inteligencia artificial y compras f\u00edsicas<\/h3>\t\t\t\t<\/div>\n\t\t\t\t<\/div>\n\t\t\t\t<div class=\"elementor-element elementor-element-b2178ff elementor-widget elementor-widget-text-editor\" data-id=\"b2178ff\" data-element_type=\"widget\" data-e-type=\"widget\" data-widget_type=\"text-editor.default\">\n\t\t\t\t<div class=\"elementor-widget-container\">\n\t\t\t\t\t\t\t\t\t<p>A estas alturas, es seguro suponer que la mayor\u00eda de los minoristas tienen alg\u00fan tipo de presencia en l\u00ednea. La siguiente fase de la revoluci\u00f3n digital en el comercio minorista consiste en integrar a la perfecci\u00f3n las experiencias online y f\u00edsica para ofrecer lo mejor de ambos mundos. Algunos ejemplos son:<\/p>\t\t\t\t\t\t\t\t<\/div>\n\t\t\t\t<\/div>\n\t\t\t\t<div class=\"elementor-element elementor-element-7378584 elementor-icon-list--layout-traditional elementor-list-item-link-full_width elementor-widget elementor-widget-icon-list\" data-id=\"7378584\" data-element_type=\"widget\" data-e-type=\"widget\" data-widget_type=\"icon-list.default\">\n\t\t\t\t<div class=\"elementor-widget-container\">\n\t\t\t\t\t\t\t<ul class=\"elementor-icon-list-items\">\n\t\t\t\t\t\t\t<li class=\"elementor-icon-list-item\">\n\t\t\t\t\t\t\t\t\t\t\t<span class=\"elementor-icon-list-icon\">\n\t\t\t\t\t\t\t<i aria-hidden=\"true\" class=\"fas fa-check-circle\"><\/i>\t\t\t\t\t\t<\/span>\n\t\t\t\t\t\t\t\t\t\t<span class=\"elementor-icon-list-text\">Espejos virtuales para compras interactivas, recomendaciones de ropa y tallas virtuales<\/span>\n\t\t\t\t\t\t\t\t\t<\/li>\n\t\t\t\t\t\t\t\t<li class=\"elementor-icon-list-item\">\n\t\t\t\t\t\t\t\t\t\t\t<span class=\"elementor-icon-list-icon\">\n\t\t\t\t\t\t\t<i aria-hidden=\"true\" class=\"fas fa-check-circle\"><\/i>\t\t\t\t\t\t<\/span>\n\t\t\t\t\t\t\t\t\t\t<span class=\"elementor-icon-list-text\">Mapas de calor en la tienda para optimizar la colocaci\u00f3n de los productos y el recorrido del cliente<\/span>\n\t\t\t\t\t\t\t\t\t<\/li>\n\t\t\t\t\t\t\t\t<li class=\"elementor-icon-list-item\">\n\t\t\t\t\t\t\t\t\t\t\t<span class=\"elementor-icon-list-icon\">\n\t\t\t\t\t\t\t<i aria-hidden=\"true\" class=\"fas fa-check-circle\"><\/i>\t\t\t\t\t\t<\/span>\n\t\t\t\t\t\t\t\t\t\t<span class=\"elementor-icon-list-text\">Sistemas sin cajero para una experiencia de compra m\u00e1s fluida y eficaz<\/span>\n\t\t\t\t\t\t\t\t\t<\/li>\n\t\t\t\t\t\t\t\t<li class=\"elementor-icon-list-item\">\n\t\t\t\t\t\t\t\t\t\t\t<span class=\"elementor-icon-list-icon\">\n\t\t\t\t\t\t\t<i aria-hidden=\"true\" class=\"fas fa-check-circle\"><\/i>\t\t\t\t\t\t<\/span>\n\t\t\t\t\t\t\t\t\t\t<span class=\"elementor-icon-list-text\">Reconocimiento de im\u00e1genes para que los clientes comprueben las existencias de productos y eviten decepciones<\/span>\n\t\t\t\t\t\t\t\t\t<\/li>\n\t\t\t\t\t\t<\/ul>\n\t\t\t\t\t\t<\/div>\n\t\t\t\t<\/div>\n\t\t\t\t<div class=\"elementor-element elementor-element-70fe9d6 elementor-widget elementor-widget-text-editor\" data-id=\"70fe9d6\" data-element_type=\"widget\" data-e-type=\"widget\" data-widget_type=\"text-editor.default\">\n\t\t\t\t<div class=\"elementor-widget-container\">\n\t\t\t\t\t\t\t\t\t<p>A pesar de los retos a los que se enfrenta la compra f\u00edsica durante los cierres, hay muchas razones para revivirla y potenciarla. La clave est\u00e1 en combinar la eficiencia y la accesibilidad a la informaci\u00f3n de las compras en l\u00ednea con los beneficios tangibles de las experiencias en tienda, como probarse la ropa y las interacciones sociales. Adoptando las estrategias mencionadas, los minoristas pueden atraer a los consumidores expertos en tecnolog\u00eda y superar a los competidores que asumen que la reducci\u00f3n del tr\u00e1fico peatonal conduce a un cambio permanente a las compras en l\u00ednea.<\/p>\t\t\t\t\t\t\t\t<\/div>\n\t\t\t\t<\/div>\n\t\t\t\t\t<\/div>\n\t\t<\/div>\n\t\t\t\t<div class=\"elementor-column elementor-col-50 elementor-top-column elementor-element elementor-element-2641924\" data-id=\"2641924\" data-element_type=\"column\" data-e-type=\"column\">\n\t\t\t<div class=\"elementor-widget-wrap elementor-element-populated\">\n\t\t\t\t\t\t<div class=\"elementor-element elementor-element-fc42755 elementor-widget elementor-widget-image\" data-id=\"fc42755\" data-element_type=\"widget\" data-e-type=\"widget\" data-widget_type=\"image.default\">\n\t\t\t\t<div class=\"elementor-widget-container\">\n\t\t\t\t\t\t\t\t\t\t\t\t\t\t\t<img decoding=\"async\" width=\"500\" height=\"700\" src=\"https:\/\/tcs-technology.com\/wp-content\/uploads\/2022\/04\/Artificial-Intelligence-and-Physical-Shopping-.jpg\" class=\"attachment-large size-large wp-image-2642\" alt=\"Artificial Intelligence and Physical Shopping\" \/>\t\t\t\t\t\t\t\t\t\t\t\t\t\t\t<\/div>\n\t\t\t\t<\/div>\n\t\t\t\t\t<\/div>\n\t\t<\/div>\n\t\t\t\t\t<\/div>\n\t\t<\/section>\n\t\t\t\t<section class=\"elementor-section elementor-top-section elementor-element elementor-element-57adcc8 elementor-section-boxed elementor-section-height-default elementor-section-height-default\" data-id=\"57adcc8\" data-element_type=\"section\" data-e-type=\"section\">\n\t\t\t\t\t\t<div class=\"elementor-container elementor-column-gap-default\">\n\t\t\t\t\t<div class=\"elementor-column elementor-col-100 elementor-top-column elementor-element elementor-element-679ae67\" data-id=\"679ae67\" data-element_type=\"column\" data-e-type=\"column\">\n\t\t\t<div class=\"elementor-widget-wrap elementor-element-populated\">\n\t\t\t\t\t\t<div class=\"elementor-element elementor-element-e82ea7b elementor-widget elementor-widget-heading\" data-id=\"e82ea7b\" data-element_type=\"widget\" data-e-type=\"widget\" data-widget_type=\"heading.default\">\n\t\t\t\t<div class=\"elementor-widget-container\">\n\t\t\t\t\t<h3 class=\"elementor-heading-title elementor-size-default\">Priorizar la experiencia del cliente<\/h3>\t\t\t\t<\/div>\n\t\t\t\t<\/div>\n\t\t\t\t<div class=\"elementor-element elementor-element-e89c9ac elementor-widget elementor-widget-text-editor\" data-id=\"e89c9ac\" data-element_type=\"widget\" data-e-type=\"widget\" data-widget_type=\"text-editor.default\">\n\t\t\t\t<div class=\"elementor-widget-container\">\n\t\t\t\t\t\t\t\t\t<p>La implantaci\u00f3n de tecnolog\u00edas inteligentes en el comercio minorista crear\u00e1 una experiencia \u00fanica para el cliente que diferenciar\u00e1 a su tienda y atraer\u00e1 a los clientes a elegirla frente a la competencia. Adem\u00e1s, las soluciones digitales en el comercio minorista proporcionan datos valiosos que pueden aprovecharse para mejorar la publicidad y los esfuerzos de marketing, comprender y dirigirse mejor a los clientes e impulsar las ventas. Imag\u00ednese ser una de las primeras tiendas en ofrecer espejos virtuales: los clientes se animar\u00edan a visitarla.<\/p><p>Interesado en soluciones de digitalizaci\u00f3n personalizadas para tus proyectos inform\u00e1ticos en retail? \ud83d\udc4b <a href=\"https:\/\/tcs-technology.com\/es\/contact\/\">P\u00f3ngase en contacto con nuestro equipo hoy mismo<\/a> para una consulta gratuita y sin compromiso. Nos centramos en comprender sus necesidades espec\u00edficas y explicarle c\u00f3mo pueden ayudarle nuestros servicios, sin recurrir a la venta agresiva.<\/p>\t\t\t\t\t\t\t\t<\/div>\n\t\t\t\t<\/div>\n\t\t\t\t\t<\/div>\n\t\t<\/div>\n\t\t\t\t\t<\/div>\n\t\t<\/section>\n\t\t\t\t<\/div>","protected":false},"excerpt":{"rendered":"<p>Venta al por menor y comercio electr\u00f3nico Ofrezca experiencias de compra extraordinarias, capte a consumidores expertos en tecnolog\u00eda y mant\u00e9ngase por delante de la competencia. El panorama de las calles principales ha cambiado significativamente desde el inicio de COVID-19, y los comportamientos de los consumidores han cambiado en consecuencia. Para garantizar la supervivencia de las tiendas f\u00edsicas, la transformaci\u00f3n digital es crucial en el sector minorista. Mientras que la automatizaci\u00f3n [...]<\/p>","protected":false},"author":1,"featured_media":0,"parent":681,"menu_order":0,"comment_status":"closed","ping_status":"closed","template":"elementor_header_footer","meta":{"footnotes":""},"class_list":["post-1579","page","type-page","status-publish","hentry"],"yoast_head":"<!-- This site is optimized with the Yoast SEO plugin v20.5 - https:\/\/yoast.com\/wordpress\/plugins\/seo\/ -->\n<title>Retail and E-Commerce - TCS Technology AG<\/title>\n<meta name=\"robots\" content=\"index, follow, max-snippet:-1, max-image-preview:large, max-video-preview:-1\" \/>\n<link rel=\"canonical\" href=\"https:\/\/tcs-technology.com\/es\/verticals\/retail-and-e-commerce\/\" \/>\n<meta property=\"og:locale\" content=\"es_ES\" \/>\n<meta property=\"og:type\" content=\"article\" \/>\n<meta property=\"og:title\" content=\"Retail and E-Commerce - TCS Technology AG\" \/>\n<meta property=\"og:description\" content=\"Retail and E-Commerce Deliver extraordinary shopping experiences, engage with tech-savvy consumers, and stay ahead of the competition. The landscape of high streets has significantly changed since the onset of COVID-19, and consumer behaviors have shifted accordingly. In order to ensure the survival of physical stores, digital transformation is crucial in the retail industry. While automation [&hellip;]\" \/>\n<meta property=\"og:url\" content=\"https:\/\/tcs-technology.com\/es\/verticals\/retail-and-e-commerce\/\" \/>\n<meta property=\"og:site_name\" content=\"TCS Technology AG\" \/>\n<meta property=\"article:modified_time\" content=\"2023-06-23T17:08:25+00:00\" \/>\n<meta property=\"og:image\" content=\"https:\/\/tcs-technology.com\/wp-content\/uploads\/2022\/04\/Retail-and-E-Commerce-banner.jpg\" \/>\n<meta name=\"twitter:card\" content=\"summary_large_image\" \/>\n<meta name=\"twitter:label1\" content=\"Tiempo de lectura\" \/>\n\t<meta name=\"twitter:data1\" content=\"3 minutos\" \/>\n<script type=\"application\/ld+json\" class=\"yoast-schema-graph\">{\"@context\":\"https:\/\/schema.org\",\"@graph\":[{\"@type\":\"WebPage\",\"@id\":\"https:\/\/tcs-technology.com\/verticals\/retail-and-e-commerce\/\",\"url\":\"https:\/\/tcs-technology.com\/verticals\/retail-and-e-commerce\/\",\"name\":\"Retail and E-Commerce - TCS Technology AG\",\"isPartOf\":{\"@id\":\"https:\/\/tcs-technology.com\/#website\"},\"datePublished\":\"2022-04-05T06:29:07+00:00\",\"dateModified\":\"2023-06-23T17:08:25+00:00\",\"breadcrumb\":{\"@id\":\"https:\/\/tcs-technology.com\/verticals\/retail-and-e-commerce\/#breadcrumb\"},\"inLanguage\":\"es\",\"potentialAction\":[{\"@type\":\"ReadAction\",\"target\":[\"https:\/\/tcs-technology.com\/verticals\/retail-and-e-commerce\/\"]}]},{\"@type\":\"BreadcrumbList\",\"@id\":\"https:\/\/tcs-technology.com\/verticals\/retail-and-e-commerce\/#breadcrumb\",\"itemListElement\":[{\"@type\":\"ListItem\",\"position\":1,\"name\":\"Home\",\"item\":\"https:\/\/tcs-technology.com\/\"},{\"@type\":\"ListItem\",\"position\":2,\"name\":\"Verticals\",\"item\":\"https:\/\/tcs-technology.com\/verticals\/\"},{\"@type\":\"ListItem\",\"position\":3,\"name\":\"Retail and E-Commerce\"}]},{\"@type\":\"WebSite\",\"@id\":\"https:\/\/tcs-technology.com\/#website\",\"url\":\"https:\/\/tcs-technology.com\/\",\"name\":\"TCS Technology AG\",\"description\":\"We provide cutting-edge SaaS solutions for organizations in Switzerland and around the world with a focus on performance, security, and sustainability.\",\"publisher\":{\"@id\":\"https:\/\/tcs-technology.com\/#organization\"},\"potentialAction\":[{\"@type\":\"SearchAction\",\"target\":{\"@type\":\"EntryPoint\",\"urlTemplate\":\"https:\/\/tcs-technology.com\/?s={search_term_string}\"},\"query-input\":\"required name=search_term_string\"}],\"inLanguage\":\"es\"},{\"@type\":\"Organization\",\"@id\":\"https:\/\/tcs-technology.com\/#organization\",\"name\":\"TCS Technology AG\",\"url\":\"https:\/\/tcs-technology.com\/\",\"logo\":{\"@type\":\"ImageObject\",\"inLanguage\":\"es\",\"@id\":\"https:\/\/tcs-technology.com\/#\/schema\/logo\/image\/\",\"url\":\"https:\/\/tcs-technology.com\/wp-content\/uploads\/2022\/03\/logo-2.png\",\"contentUrl\":\"https:\/\/tcs-technology.com\/wp-content\/uploads\/2022\/03\/logo-2.png\",\"width\":8334,\"height\":6131,\"caption\":\"TCS Technology AG\"},\"image\":{\"@id\":\"https:\/\/tcs-technology.com\/#\/schema\/logo\/image\/\"}}]}<\/script>\n<!-- \/ Yoast SEO plugin. -->","yoast_head_json":{"title":"Retail and E-Commerce - TCS Technology AG","robots":{"index":"index","follow":"follow","max-snippet":"max-snippet:-1","max-image-preview":"max-image-preview:large","max-video-preview":"max-video-preview:-1"},"canonical":"https:\/\/tcs-technology.com\/es\/verticals\/retail-and-e-commerce\/","og_locale":"es_ES","og_type":"article","og_title":"Retail and E-Commerce - TCS Technology AG","og_description":"Retail and E-Commerce Deliver extraordinary shopping experiences, engage with tech-savvy consumers, and stay ahead of the competition. The landscape of high streets has significantly changed since the onset of COVID-19, and consumer behaviors have shifted accordingly. In order to ensure the survival of physical stores, digital transformation is crucial in the retail industry. While automation [&hellip;]","og_url":"https:\/\/tcs-technology.com\/es\/verticals\/retail-and-e-commerce\/","og_site_name":"TCS Technology AG","article_modified_time":"2023-06-23T17:08:25+00:00","og_image":[{"url":"https:\/\/tcs-technology.com\/wp-content\/uploads\/2022\/04\/Retail-and-E-Commerce-banner.jpg"}],"twitter_card":"summary_large_image","twitter_misc":{"Tiempo de lectura":"3 minutos"},"schema":{"@context":"https:\/\/schema.org","@graph":[{"@type":"WebPage","@id":"https:\/\/tcs-technology.com\/verticals\/retail-and-e-commerce\/","url":"https:\/\/tcs-technology.com\/verticals\/retail-and-e-commerce\/","name":"Retail and E-Commerce - TCS Technology AG","isPartOf":{"@id":"https:\/\/tcs-technology.com\/#website"},"datePublished":"2022-04-05T06:29:07+00:00","dateModified":"2023-06-23T17:08:25+00:00","breadcrumb":{"@id":"https:\/\/tcs-technology.com\/verticals\/retail-and-e-commerce\/#breadcrumb"},"inLanguage":"es","potentialAction":[{"@type":"ReadAction","target":["https:\/\/tcs-technology.com\/verticals\/retail-and-e-commerce\/"]}]},{"@type":"BreadcrumbList","@id":"https:\/\/tcs-technology.com\/verticals\/retail-and-e-commerce\/#breadcrumb","itemListElement":[{"@type":"ListItem","position":1,"name":"Home","item":"https:\/\/tcs-technology.com\/"},{"@type":"ListItem","position":2,"name":"Verticals","item":"https:\/\/tcs-technology.com\/verticals\/"},{"@type":"ListItem","position":3,"name":"Retail and E-Commerce"}]},{"@type":"WebSite","@id":"https:\/\/tcs-technology.com\/#website","url":"https:\/\/tcs-technology.com\/","name":"TCS Technology AG","description":"We provide cutting-edge SaaS solutions for organizations in Switzerland and around the world with a focus on performance, security, and sustainability.","publisher":{"@id":"https:\/\/tcs-technology.com\/#organization"},"potentialAction":[{"@type":"SearchAction","target":{"@type":"EntryPoint","urlTemplate":"https:\/\/tcs-technology.com\/?s={search_term_string}"},"query-input":"required name=search_term_string"}],"inLanguage":"es"},{"@type":"Organization","@id":"https:\/\/tcs-technology.com\/#organization","name":"TCS Technology AG","url":"https:\/\/tcs-technology.com\/","logo":{"@type":"ImageObject","inLanguage":"es","@id":"https:\/\/tcs-technology.com\/#\/schema\/logo\/image\/","url":"https:\/\/tcs-technology.com\/wp-content\/uploads\/2022\/03\/logo-2.png","contentUrl":"https:\/\/tcs-technology.com\/wp-content\/uploads\/2022\/03\/logo-2.png","width":8334,"height":6131,"caption":"TCS Technology AG"},"image":{"@id":"https:\/\/tcs-technology.com\/#\/schema\/logo\/image\/"}}]}},"_links":{"self":[{"href":"https:\/\/tcs-technology.com\/es\/wp-json\/wp\/v2\/pages\/1579","targetHints":{"allow":["GET"]}}],"collection":[{"href":"https:\/\/tcs-technology.com\/es\/wp-json\/wp\/v2\/pages"}],"about":[{"href":"https:\/\/tcs-technology.com\/es\/wp-json\/wp\/v2\/types\/page"}],"author":[{"embeddable":true,"href":"https:\/\/tcs-technology.com\/es\/wp-json\/wp\/v2\/users\/1"}],"replies":[{"embeddable":true,"href":"https:\/\/tcs-technology.com\/es\/wp-json\/wp\/v2\/comments?post=1579"}],"version-history":[{"count":13,"href":"https:\/\/tcs-technology.com\/es\/wp-json\/wp\/v2\/pages\/1579\/revisions"}],"predecessor-version":[{"id":3286,"href":"https:\/\/tcs-technology.com\/es\/wp-json\/wp\/v2\/pages\/1579\/revisions\/3286"}],"up":[{"embeddable":true,"href":"https:\/\/tcs-technology.com\/es\/wp-json\/wp\/v2\/pages\/681"}],"wp:attachment":[{"href":"https:\/\/tcs-technology.com\/es\/wp-json\/wp\/v2\/media?parent=1579"}],"curies":[{"name":"wp","href":"https:\/\/api.w.org\/{rel}","templated":true}]}}