{"id":1570,"date":"2022-04-05T08:24:34","date_gmt":"2022-04-05T06:24:34","guid":{"rendered":"https:\/\/tcs-technology.com\/?page_id=1570"},"modified":"2023-06-23T19:05:43","modified_gmt":"2023-06-23T17:05:43","slug":"manufacturing-and-industry","status":"publish","type":"page","link":"https:\/\/tcs-technology.com\/es\/verticals\/manufacturing-and-industry\/","title":{"rendered":"Industria manufacturera"},"content":{"rendered":"<div data-elementor-type=\"wp-page\" data-elementor-id=\"1570\" class=\"elementor elementor-1570\">\n\t\t\t\t\t\t<section class=\"elementor-section elementor-top-section elementor-element elementor-element-d01ed71 elementor-section-boxed elementor-section-height-default elementor-section-height-default\" data-id=\"d01ed71\" data-element_type=\"section\" data-e-type=\"section\" data-settings=\"{&quot;background_background&quot;:&quot;classic&quot;}\">\n\t\t\t\t\t\t<div class=\"elementor-container elementor-column-gap-default\">\n\t\t\t\t\t<div class=\"elementor-column elementor-col-100 elementor-top-column elementor-element elementor-element-c709f7b\" data-id=\"c709f7b\" data-element_type=\"column\" data-e-type=\"column\">\n\t\t\t<div class=\"elementor-widget-wrap elementor-element-populated\">\n\t\t\t\t\t\t<div class=\"elementor-element elementor-element-e0acf3f elementor-align-center elementor-widget elementor-widget-breadcrumbs\" data-id=\"e0acf3f\" data-element_type=\"widget\" data-e-type=\"widget\" data-widget_type=\"breadcrumbs.default\">\n\t\t\t\t<div class=\"elementor-widget-container\">\n\t\t\t\t\t<p id=\"breadcrumbs\"><span><span><a href=\"https:\/\/tcs-technology.com\/es\/\">Inicio<\/a><\/span><\/span><\/p>\t\t\t\t<\/div>\n\t\t\t\t<\/div>\n\t\t\t\t\t<\/div>\n\t\t<\/div>\n\t\t\t\t\t<\/div>\n\t\t<\/section>\n\t\t\t\t<section class=\"elementor-section elementor-top-section elementor-element elementor-element-ba1dcfa elementor-section-boxed elementor-section-height-default elementor-section-height-default\" data-id=\"ba1dcfa\" data-element_type=\"section\" data-e-type=\"section\">\n\t\t\t\t\t\t<div class=\"elementor-container elementor-column-gap-default\">\n\t\t\t\t\t<div class=\"elementor-column elementor-col-100 elementor-top-column elementor-element elementor-element-823f77d\" data-id=\"823f77d\" data-element_type=\"column\" data-e-type=\"column\">\n\t\t\t<div class=\"elementor-widget-wrap elementor-element-populated\">\n\t\t\t\t\t\t<div class=\"elementor-element elementor-element-bd42250 elementor-widget elementor-widget-image\" data-id=\"bd42250\" data-element_type=\"widget\" data-e-type=\"widget\" data-widget_type=\"image.default\">\n\t\t\t\t<div class=\"elementor-widget-container\">\n\t\t\t\t\t\t\t\t\t\t\t\t\t\t\t<img fetchpriority=\"high\" decoding=\"async\" width=\"800\" height=\"400\" src=\"https:\/\/tcs-technology.com\/wp-content\/uploads\/2022\/04\/Manufacturing-and-Industry-.jpg\" class=\"attachment-large size-large wp-image-2647\" alt=\"Manufacturing and Industry\" \/>\t\t\t\t\t\t\t\t\t\t\t\t\t\t\t<\/div>\n\t\t\t\t<\/div>\n\t\t\t\t<div class=\"elementor-element elementor-element-c01d7df elementor-widget elementor-widget-heading\" data-id=\"c01d7df\" data-element_type=\"widget\" data-e-type=\"widget\" data-widget_type=\"heading.default\">\n\t\t\t\t<div class=\"elementor-widget-container\">\n\t\t\t\t\t<h2 class=\"elementor-heading-title elementor-size-default\">Industria manufacturera<\/h2>\t\t\t\t<\/div>\n\t\t\t\t<\/div>\n\t\t\t\t<div class=\"elementor-element elementor-element-5ba604b elementor-widget elementor-widget-text-editor\" data-id=\"5ba604b\" data-element_type=\"widget\" data-e-type=\"widget\" data-widget_type=\"text-editor.default\">\n\t\t\t\t<div class=\"elementor-widget-container\">\n\t\t\t\t\t\t\t\t\t<p>Para mejorar la capacidad de respuesta a los mercados y las demandas de los clientes, reducir el despilfarro y lograr la sostenibilidad, la transformaci\u00f3n inteligente es clave.<\/p><p>No se deje confundir por la percepci\u00f3n de que la fabricaci\u00f3n y la industria dependen \u00fanicamente de un trabajo manual y de gran intensidad de mano de obra. Adoptar la transformaci\u00f3n digital puede desbloquear numerosos beneficios y oportunidades para estos sectores.<\/p>\t\t\t\t\t\t\t\t<\/div>\n\t\t\t\t<\/div>\n\t\t\t\t\t<\/div>\n\t\t<\/div>\n\t\t\t\t\t<\/div>\n\t\t<\/section>\n\t\t\t\t<section class=\"elementor-section elementor-top-section elementor-element elementor-element-474720c elementor-section-boxed elementor-section-height-default elementor-section-height-default\" data-id=\"474720c\" data-element_type=\"section\" data-e-type=\"section\">\n\t\t\t\t\t\t<div class=\"elementor-container elementor-column-gap-default\">\n\t\t\t\t\t<div class=\"elementor-column elementor-col-50 elementor-top-column elementor-element elementor-element-d0d7b61\" data-id=\"d0d7b61\" data-element_type=\"column\" data-e-type=\"column\">\n\t\t\t<div class=\"elementor-widget-wrap elementor-element-populated\">\n\t\t\t\t\t\t<div class=\"elementor-element elementor-element-d558fe8 elementor-widget elementor-widget-heading\" data-id=\"d558fe8\" data-element_type=\"widget\" data-e-type=\"widget\" data-widget_type=\"heading.default\">\n\t\t\t\t<div class=\"elementor-widget-container\">\n\t\t\t\t\t<h3 class=\"elementor-heading-title elementor-size-default\">C\u00f3mo mejorar digitalmente los procesos de fabricaci\u00f3n<\/h3>\t\t\t\t<\/div>\n\t\t\t\t<\/div>\n\t\t\t\t<div class=\"elementor-element elementor-element-e7f6bfc elementor-widget elementor-widget-text-editor\" data-id=\"e7f6bfc\" data-element_type=\"widget\" data-e-type=\"widget\" data-widget_type=\"text-editor.default\">\n\t\t\t\t<div class=\"elementor-widget-container\">\n\t\t\t\t\t\t\t\t\t<p>En un mercado altamente competitivo que se ha resistido al cambio, la disrupci\u00f3n del mercado podr\u00eda ser la ventaja que necesita. Considere las siguientes transformaciones digitales en la fabricaci\u00f3n:<\/p>\t\t\t\t\t\t\t\t<\/div>\n\t\t\t\t<\/div>\n\t\t\t\t<div class=\"elementor-element elementor-element-2c35523 elementor-icon-list--layout-traditional elementor-list-item-link-full_width elementor-widget elementor-widget-icon-list\" data-id=\"2c35523\" data-element_type=\"widget\" data-e-type=\"widget\" data-widget_type=\"icon-list.default\">\n\t\t\t\t<div class=\"elementor-widget-container\">\n\t\t\t\t\t\t\t<ul class=\"elementor-icon-list-items\">\n\t\t\t\t\t\t\t<li class=\"elementor-icon-list-item\">\n\t\t\t\t\t\t\t\t\t\t\t<span class=\"elementor-icon-list-icon\">\n\t\t\t\t\t\t\t<i aria-hidden=\"true\" class=\"fas fa-check-circle\"><\/i>\t\t\t\t\t\t<\/span>\n\t\t\t\t\t\t\t\t\t\t<span class=\"elementor-icon-list-text\">Implantar soluciones de comercio electr\u00f3nico para simplificar los procesos de pedido de los consumidores y satisfacer mejor sus demandas.<\/span>\n\t\t\t\t\t\t\t\t\t<\/li>\n\t\t\t\t\t\t\t\t<li class=\"elementor-icon-list-item\">\n\t\t\t\t\t\t\t\t\t\t\t<span class=\"elementor-icon-list-icon\">\n\t\t\t\t\t\t\t<i aria-hidden=\"true\" class=\"fas fa-check-circle\"><\/i>\t\t\t\t\t\t<\/span>\n\t\t\t\t\t\t\t\t\t\t<span class=\"elementor-icon-list-text\">Utilizaci\u00f3n de an\u00e1lisis basados en datos e inteligencia artificial para evaluar proyectos y rendimientos anteriores, identificando y eliminando despilfarros innecesarios y costes de recursos.<\/span>\n\t\t\t\t\t\t\t\t\t<\/li>\n\t\t\t\t\t\t\t\t<li class=\"elementor-icon-list-item\">\n\t\t\t\t\t\t\t\t\t\t\t<span class=\"elementor-icon-list-icon\">\n\t\t\t\t\t\t\t<i aria-hidden=\"true\" class=\"fas fa-check-circle\"><\/i>\t\t\t\t\t\t<\/span>\n\t\t\t\t\t\t\t\t\t\t<span class=\"elementor-icon-list-text\">Utilizar an\u00e1lisis de datos en tiempo real para realizar un seguimiento del desgaste de la maquinaria y los equipos, prever las necesidades de mantenimiento y planificar las actualizaciones necesarias.<\/span>\n\t\t\t\t\t\t\t\t\t<\/li>\n\t\t\t\t\t\t\t\t<li class=\"elementor-icon-list-item\">\n\t\t\t\t\t\t\t\t\t\t\t<span class=\"elementor-icon-list-icon\">\n\t\t\t\t\t\t\t<i aria-hidden=\"true\" class=\"fas fa-check-circle\"><\/i>\t\t\t\t\t\t<\/span>\n\t\t\t\t\t\t\t\t\t\t<span class=\"elementor-icon-list-text\">Adoptar m\u00e9todos de fabricaci\u00f3n y materiales innovadores para superar los obst\u00e1culos anteriores y ofrecer productos de mayor valor.<\/span>\n\t\t\t\t\t\t\t\t\t<\/li>\n\t\t\t\t\t\t<\/ul>\n\t\t\t\t\t\t<\/div>\n\t\t\t\t<\/div>\n\t\t\t\t\t<\/div>\n\t\t<\/div>\n\t\t\t\t<div class=\"elementor-column elementor-col-50 elementor-top-column elementor-element elementor-element-5f77d92\" data-id=\"5f77d92\" data-element_type=\"column\" data-e-type=\"column\">\n\t\t\t<div class=\"elementor-widget-wrap elementor-element-populated\">\n\t\t\t\t\t\t<div class=\"elementor-element elementor-element-7f8b3a1 elementor-widget elementor-widget-image\" data-id=\"7f8b3a1\" data-element_type=\"widget\" data-e-type=\"widget\" data-widget_type=\"image.default\">\n\t\t\t\t<div class=\"elementor-widget-container\">\n\t\t\t\t\t\t\t\t\t\t\t\t\t\t\t<img decoding=\"async\" width=\"500\" height=\"559\" src=\"https:\/\/tcs-technology.com\/wp-content\/uploads\/2022\/04\/Focal-points-for-Online-Learning-.jpg\" class=\"attachment-large size-large wp-image-2619\" alt=\"Focal points for Online Learning\" \/>\t\t\t\t\t\t\t\t\t\t\t\t\t\t\t<\/div>\n\t\t\t\t<\/div>\n\t\t\t\t\t<\/div>\n\t\t<\/div>\n\t\t\t\t\t<\/div>\n\t\t<\/section>\n\t\t\t\t<section class=\"elementor-section elementor-top-section elementor-element elementor-element-b1a0273 elementor-section-boxed elementor-section-height-default elementor-section-height-default\" data-id=\"b1a0273\" data-element_type=\"section\" data-e-type=\"section\">\n\t\t\t\t\t\t<div class=\"elementor-container elementor-column-gap-default\">\n\t\t\t\t\t<div class=\"elementor-column elementor-col-100 elementor-top-column elementor-element elementor-element-c1ac6d1\" data-id=\"c1ac6d1\" data-element_type=\"column\" data-e-type=\"column\">\n\t\t\t<div class=\"elementor-widget-wrap elementor-element-populated\">\n\t\t\t\t\t\t<div class=\"elementor-element elementor-element-7699c80 elementor-widget elementor-widget-text-editor\" data-id=\"7699c80\" data-element_type=\"widget\" data-e-type=\"widget\" data-widget_type=\"text-editor.default\">\n\t\t\t\t<div class=\"elementor-widget-container\">\n\t\t\t\t\t\t\t\t\t<p>Al reducir los residuos y las compras innecesarias de recursos, no s\u00f3lo aumentar\u00e1 la rentabilidad de su empresa, sino que tambi\u00e9n fomentar\u00e1 el respeto por el medio ambiente y la sostenibilidad, aspectos muy valorados por los consumidores de hoy en d\u00eda. Por lo tanto, los avances en la fabricaci\u00f3n y la industria deben ir m\u00e1s all\u00e1 de la automatizaci\u00f3n de la cadena de montaje, el seguimiento de inventarios y la optimizaci\u00f3n de la cadena de suministro. Considere el impacto medioambiental positivo que pueden aportar la transformaci\u00f3n digital y la anal\u00edtica.<\/p>\t\t\t\t\t\t\t\t<\/div>\n\t\t\t\t<\/div>\n\t\t\t\t<div class=\"elementor-element elementor-element-8dded02 elementor-widget elementor-widget-heading\" data-id=\"8dded02\" data-element_type=\"widget\" data-e-type=\"widget\" data-widget_type=\"heading.default\">\n\t\t\t\t<div class=\"elementor-widget-container\">\n\t\t\t\t\t<h3 class=\"elementor-heading-title elementor-size-default\">Prepararse para los cambios en las tendencias de consumo<\/h3>\t\t\t\t<\/div>\n\t\t\t\t<\/div>\n\t\t\t\t<div class=\"elementor-element elementor-element-a43541b elementor-widget elementor-widget-text-editor\" data-id=\"a43541b\" data-element_type=\"widget\" data-e-type=\"widget\" data-widget_type=\"text-editor.default\">\n\t\t\t\t<div class=\"elementor-widget-container\">\n\t\t\t\t\t\t\t\t\t<p>En \u00faltima instancia, la adopci\u00f3n de estas transformaciones garantiza su alineaci\u00f3n con los valores de sus consumidores. Al incorporar el comercio electr\u00f3nico y sistemas \u00e1giles de pedidos y seguimiento para sus clientes, mejora su capacidad de respuesta al mercado y satisface las demandas de los clientes con mayor eficacia. Asimismo, las transformaciones inteligentes demuestran que no se obtienen beneficios a costa del planeta, lo cual es crucial en una \u00e9poca de creciente preocupaci\u00f3n por el medio ambiente.<\/p><p>Interesado en soluciones de digitalizaci\u00f3n personalizadas para sus proyectos de TI de fabricaci\u00f3n? \ud83d\udc4b <a href=\"https:\/\/tcs-technology.com\/es\/contact\/\">P\u00f3ngase en contacto con nuestro equipo hoy mismo<\/a> para una consulta gratuita y sin compromiso. Nos centramos en comprender sus necesidades espec\u00edficas y explicarle c\u00f3mo pueden ayudarle nuestros servicios, sin recurrir a la venta agresiva.<\/p>\t\t\t\t\t\t\t\t<\/div>\n\t\t\t\t<\/div>\n\t\t\t\t\t<\/div>\n\t\t<\/div>\n\t\t\t\t\t<\/div>\n\t\t<\/section>\n\t\t\t\t<\/div>","protected":false},"excerpt":{"rendered":"<p>Fabricaci\u00f3n e industria Para mejorar la capacidad de respuesta a los mercados y las demandas de los clientes, reducir el despilfarro y lograr la sostenibilidad, la transformaci\u00f3n inteligente es clave. No se deje confundir por la percepci\u00f3n de que la fabricaci\u00f3n y la industria dependen \u00fanicamente de un trabajo manual y de gran intensidad de mano de obra. Adoptar la transformaci\u00f3n digital puede desbloquear numerosos beneficios y oportunidades para estos sectores. C\u00f3mo mejorar los procesos de fabricaci\u00f3n [...]<\/p>","protected":false},"author":1,"featured_media":0,"parent":681,"menu_order":0,"comment_status":"closed","ping_status":"closed","template":"elementor_header_footer","meta":{"footnotes":""},"class_list":["post-1570","page","type-page","status-publish","hentry"],"yoast_head":"<!-- This site is optimized with the Yoast SEO plugin v20.5 - https:\/\/yoast.com\/wordpress\/plugins\/seo\/ -->\n<title>Manufacturing and Industry - TCS Technology AG<\/title>\n<meta name=\"robots\" content=\"index, follow, max-snippet:-1, max-image-preview:large, max-video-preview:-1\" \/>\n<link rel=\"canonical\" href=\"https:\/\/tcs-technology.com\/es\/verticals\/manufacturing-and-industry\/\" \/>\n<meta property=\"og:locale\" content=\"es_ES\" \/>\n<meta property=\"og:type\" content=\"article\" \/>\n<meta property=\"og:title\" content=\"Manufacturing and Industry - TCS Technology AG\" \/>\n<meta property=\"og:description\" content=\"Manufacturing and Industry To improve responsiveness to markets and customer demands, reduce wastage, and achieve sustainability, smart transformation is key. Don&#8217;t be mistaken by the perception that manufacturing and industry are solely reliant on labor-intensive and manual work. Embracing digital transformation can unlock numerous benefits and opportunities for these sectors. How to Enhance Manufacturing Processes [&hellip;]\" \/>\n<meta property=\"og:url\" content=\"https:\/\/tcs-technology.com\/es\/verticals\/manufacturing-and-industry\/\" \/>\n<meta property=\"og:site_name\" content=\"TCS Technology AG\" \/>\n<meta property=\"article:modified_time\" content=\"2023-06-23T17:05:43+00:00\" \/>\n<meta property=\"og:image\" content=\"https:\/\/tcs-technology.com\/wp-content\/uploads\/2022\/04\/Manufacturing-and-Industry-.jpg\" \/>\n<meta name=\"twitter:card\" content=\"summary_large_image\" \/>\n<meta name=\"twitter:label1\" content=\"Tiempo de lectura\" \/>\n\t<meta name=\"twitter:data1\" content=\"2 minutos\" \/>\n<script type=\"application\/ld+json\" class=\"yoast-schema-graph\">{\"@context\":\"https:\/\/schema.org\",\"@graph\":[{\"@type\":\"WebPage\",\"@id\":\"https:\/\/tcs-technology.com\/verticals\/manufacturing-and-industry\/\",\"url\":\"https:\/\/tcs-technology.com\/verticals\/manufacturing-and-industry\/\",\"name\":\"Manufacturing and Industry - TCS Technology AG\",\"isPartOf\":{\"@id\":\"https:\/\/tcs-technology.com\/#website\"},\"datePublished\":\"2022-04-05T06:24:34+00:00\",\"dateModified\":\"2023-06-23T17:05:43+00:00\",\"breadcrumb\":{\"@id\":\"https:\/\/tcs-technology.com\/verticals\/manufacturing-and-industry\/#breadcrumb\"},\"inLanguage\":\"es\",\"potentialAction\":[{\"@type\":\"ReadAction\",\"target\":[\"https:\/\/tcs-technology.com\/verticals\/manufacturing-and-industry\/\"]}]},{\"@type\":\"BreadcrumbList\",\"@id\":\"https:\/\/tcs-technology.com\/verticals\/manufacturing-and-industry\/#breadcrumb\",\"itemListElement\":[{\"@type\":\"ListItem\",\"position\":1,\"name\":\"Home\",\"item\":\"https:\/\/tcs-technology.com\/\"},{\"@type\":\"ListItem\",\"position\":2,\"name\":\"Verticals\",\"item\":\"https:\/\/tcs-technology.com\/verticals\/\"},{\"@type\":\"ListItem\",\"position\":3,\"name\":\"Manufacturing and Industry\"}]},{\"@type\":\"WebSite\",\"@id\":\"https:\/\/tcs-technology.com\/#website\",\"url\":\"https:\/\/tcs-technology.com\/\",\"name\":\"TCS Technology AG\",\"description\":\"We provide cutting-edge SaaS solutions for organizations in Switzerland and around the world with a focus on performance, security, and sustainability.\",\"publisher\":{\"@id\":\"https:\/\/tcs-technology.com\/#organization\"},\"potentialAction\":[{\"@type\":\"SearchAction\",\"target\":{\"@type\":\"EntryPoint\",\"urlTemplate\":\"https:\/\/tcs-technology.com\/?s={search_term_string}\"},\"query-input\":\"required name=search_term_string\"}],\"inLanguage\":\"es\"},{\"@type\":\"Organization\",\"@id\":\"https:\/\/tcs-technology.com\/#organization\",\"name\":\"TCS Technology AG\",\"url\":\"https:\/\/tcs-technology.com\/\",\"logo\":{\"@type\":\"ImageObject\",\"inLanguage\":\"es\",\"@id\":\"https:\/\/tcs-technology.com\/#\/schema\/logo\/image\/\",\"url\":\"https:\/\/tcs-technology.com\/wp-content\/uploads\/2022\/03\/logo-2.png\",\"contentUrl\":\"https:\/\/tcs-technology.com\/wp-content\/uploads\/2022\/03\/logo-2.png\",\"width\":8334,\"height\":6131,\"caption\":\"TCS Technology AG\"},\"image\":{\"@id\":\"https:\/\/tcs-technology.com\/#\/schema\/logo\/image\/\"}}]}<\/script>\n<!-- \/ Yoast SEO plugin. -->","yoast_head_json":{"title":"Manufacturing and Industry - TCS Technology AG","robots":{"index":"index","follow":"follow","max-snippet":"max-snippet:-1","max-image-preview":"max-image-preview:large","max-video-preview":"max-video-preview:-1"},"canonical":"https:\/\/tcs-technology.com\/es\/verticals\/manufacturing-and-industry\/","og_locale":"es_ES","og_type":"article","og_title":"Manufacturing and Industry - TCS Technology AG","og_description":"Manufacturing and Industry To improve responsiveness to markets and customer demands, reduce wastage, and achieve sustainability, smart transformation is key. Don&#8217;t be mistaken by the perception that manufacturing and industry are solely reliant on labor-intensive and manual work. Embracing digital transformation can unlock numerous benefits and opportunities for these sectors. How to Enhance Manufacturing Processes [&hellip;]","og_url":"https:\/\/tcs-technology.com\/es\/verticals\/manufacturing-and-industry\/","og_site_name":"TCS Technology AG","article_modified_time":"2023-06-23T17:05:43+00:00","og_image":[{"url":"https:\/\/tcs-technology.com\/wp-content\/uploads\/2022\/04\/Manufacturing-and-Industry-.jpg"}],"twitter_card":"summary_large_image","twitter_misc":{"Tiempo de lectura":"2 minutos"},"schema":{"@context":"https:\/\/schema.org","@graph":[{"@type":"WebPage","@id":"https:\/\/tcs-technology.com\/verticals\/manufacturing-and-industry\/","url":"https:\/\/tcs-technology.com\/verticals\/manufacturing-and-industry\/","name":"Manufacturing and Industry - TCS Technology AG","isPartOf":{"@id":"https:\/\/tcs-technology.com\/#website"},"datePublished":"2022-04-05T06:24:34+00:00","dateModified":"2023-06-23T17:05:43+00:00","breadcrumb":{"@id":"https:\/\/tcs-technology.com\/verticals\/manufacturing-and-industry\/#breadcrumb"},"inLanguage":"es","potentialAction":[{"@type":"ReadAction","target":["https:\/\/tcs-technology.com\/verticals\/manufacturing-and-industry\/"]}]},{"@type":"BreadcrumbList","@id":"https:\/\/tcs-technology.com\/verticals\/manufacturing-and-industry\/#breadcrumb","itemListElement":[{"@type":"ListItem","position":1,"name":"Home","item":"https:\/\/tcs-technology.com\/"},{"@type":"ListItem","position":2,"name":"Verticals","item":"https:\/\/tcs-technology.com\/verticals\/"},{"@type":"ListItem","position":3,"name":"Manufacturing and Industry"}]},{"@type":"WebSite","@id":"https:\/\/tcs-technology.com\/#website","url":"https:\/\/tcs-technology.com\/","name":"TCS Technology AG","description":"We provide cutting-edge SaaS solutions for organizations in Switzerland and around the world with a focus on performance, security, and sustainability.","publisher":{"@id":"https:\/\/tcs-technology.com\/#organization"},"potentialAction":[{"@type":"SearchAction","target":{"@type":"EntryPoint","urlTemplate":"https:\/\/tcs-technology.com\/?s={search_term_string}"},"query-input":"required name=search_term_string"}],"inLanguage":"es"},{"@type":"Organization","@id":"https:\/\/tcs-technology.com\/#organization","name":"TCS Technology AG","url":"https:\/\/tcs-technology.com\/","logo":{"@type":"ImageObject","inLanguage":"es","@id":"https:\/\/tcs-technology.com\/#\/schema\/logo\/image\/","url":"https:\/\/tcs-technology.com\/wp-content\/uploads\/2022\/03\/logo-2.png","contentUrl":"https:\/\/tcs-technology.com\/wp-content\/uploads\/2022\/03\/logo-2.png","width":8334,"height":6131,"caption":"TCS Technology AG"},"image":{"@id":"https:\/\/tcs-technology.com\/#\/schema\/logo\/image\/"}}]}},"_links":{"self":[{"href":"https:\/\/tcs-technology.com\/es\/wp-json\/wp\/v2\/pages\/1570","targetHints":{"allow":["GET"]}}],"collection":[{"href":"https:\/\/tcs-technology.com\/es\/wp-json\/wp\/v2\/pages"}],"about":[{"href":"https:\/\/tcs-technology.com\/es\/wp-json\/wp\/v2\/types\/page"}],"author":[{"embeddable":true,"href":"https:\/\/tcs-technology.com\/es\/wp-json\/wp\/v2\/users\/1"}],"replies":[{"embeddable":true,"href":"https:\/\/tcs-technology.com\/es\/wp-json\/wp\/v2\/comments?post=1570"}],"version-history":[{"count":13,"href":"https:\/\/tcs-technology.com\/es\/wp-json\/wp\/v2\/pages\/1570\/revisions"}],"predecessor-version":[{"id":3283,"href":"https:\/\/tcs-technology.com\/es\/wp-json\/wp\/v2\/pages\/1570\/revisions\/3283"}],"up":[{"embeddable":true,"href":"https:\/\/tcs-technology.com\/es\/wp-json\/wp\/v2\/pages\/681"}],"wp:attachment":[{"href":"https:\/\/tcs-technology.com\/es\/wp-json\/wp\/v2\/media?parent=1570"}],"curies":[{"name":"wp","href":"https:\/\/api.w.org\/{rel}","templated":true}]}}