{"id":1531,"date":"2022-04-05T08:12:01","date_gmt":"2022-04-05T06:12:01","guid":{"rendered":"https:\/\/tcs-technology.com\/?page_id=1531"},"modified":"2023-06-23T18:57:58","modified_gmt":"2023-06-23T16:57:58","slug":"accounting-and-legal","status":"publish","type":"page","link":"https:\/\/tcs-technology.com\/es\/verticals\/accounting-and-legal\/","title":{"rendered":"Contabilidad y asuntos jur\u00eddicos"},"content":{"rendered":"<div data-elementor-type=\"wp-page\" data-elementor-id=\"1531\" class=\"elementor elementor-1531\">\n\t\t\t\t\t\t<section class=\"elementor-section elementor-top-section elementor-element elementor-element-e26811f elementor-section-boxed elementor-section-height-default elementor-section-height-default\" data-id=\"e26811f\" data-element_type=\"section\" data-e-type=\"section\" data-settings=\"{&quot;background_background&quot;:&quot;classic&quot;}\">\n\t\t\t\t\t\t<div class=\"elementor-container elementor-column-gap-default\">\n\t\t\t\t\t<div class=\"elementor-column elementor-col-100 elementor-top-column elementor-element elementor-element-6068624\" data-id=\"6068624\" data-element_type=\"column\" data-e-type=\"column\">\n\t\t\t<div class=\"elementor-widget-wrap elementor-element-populated\">\n\t\t\t\t\t\t<div class=\"elementor-element elementor-element-fb5f742 elementor-align-center elementor-widget elementor-widget-breadcrumbs\" data-id=\"fb5f742\" data-element_type=\"widget\" data-e-type=\"widget\" data-widget_type=\"breadcrumbs.default\">\n\t\t\t\t<div class=\"elementor-widget-container\">\n\t\t\t\t\t<p id=\"breadcrumbs\"><span><span><a href=\"https:\/\/tcs-technology.com\/es\/\">Inicio<\/a><\/span><\/span><\/p>\t\t\t\t<\/div>\n\t\t\t\t<\/div>\n\t\t\t\t\t<\/div>\n\t\t<\/div>\n\t\t\t\t\t<\/div>\n\t\t<\/section>\n\t\t\t\t<section class=\"elementor-section elementor-top-section elementor-element elementor-element-2e360c4 elementor-section-boxed elementor-section-height-default elementor-section-height-default\" data-id=\"2e360c4\" data-element_type=\"section\" data-e-type=\"section\">\n\t\t\t\t\t\t<div class=\"elementor-container elementor-column-gap-default\">\n\t\t\t\t\t<div class=\"elementor-column elementor-col-100 elementor-top-column elementor-element elementor-element-0fcd844\" data-id=\"0fcd844\" data-element_type=\"column\" data-e-type=\"column\">\n\t\t\t<div class=\"elementor-widget-wrap elementor-element-populated\">\n\t\t\t\t\t\t<div class=\"elementor-element elementor-element-598488f elementor-widget elementor-widget-image\" data-id=\"598488f\" data-element_type=\"widget\" data-e-type=\"widget\" data-widget_type=\"image.default\">\n\t\t\t\t<div class=\"elementor-widget-container\">\n\t\t\t\t\t\t\t\t\t\t\t\t\t\t\t<img fetchpriority=\"high\" decoding=\"async\" width=\"1200\" height=\"600\" src=\"https:\/\/tcs-technology.com\/wp-content\/uploads\/2022\/04\/Accounting-and-Legal-banner.jpg\" class=\"attachment-full size-full wp-image-2559\" alt=\"Accounting and Legal banner\" \/>\t\t\t\t\t\t\t\t\t\t\t\t\t\t\t<\/div>\n\t\t\t\t<\/div>\n\t\t\t\t<div class=\"elementor-element elementor-element-df98e13 elementor-widget elementor-widget-heading\" data-id=\"df98e13\" data-element_type=\"widget\" data-e-type=\"widget\" data-widget_type=\"heading.default\">\n\t\t\t\t<div class=\"elementor-widget-container\">\n\t\t\t\t\t<h2 class=\"elementor-heading-title elementor-size-default\">Contabilidad y asuntos jur\u00eddicos<\/h2>\t\t\t\t<\/div>\n\t\t\t\t<\/div>\n\t\t\t\t<div class=\"elementor-element elementor-element-0d48200 elementor-widget elementor-widget-text-editor\" data-id=\"0d48200\" data-element_type=\"widget\" data-e-type=\"widget\" data-widget_type=\"text-editor.default\">\n\t\t\t\t<div class=\"elementor-widget-container\">\n\t\t\t\t\t\t\t\t\t<p>Para garantizar el pleno cumplimiento de la legislaci\u00f3n, las auditor\u00edas y la normativa, es fundamental que las empresas del sector contable y jur\u00eddico implanten la automatizaci\u00f3n, las medidas de seguridad y el control de datos.<\/p><p>En la era actual del big data, las empresas del sector contable y jur\u00eddico pueden beneficiarse enormemente del aprovechamiento y la protecci\u00f3n de sus datos. La satisfacci\u00f3n del cliente es primordial, y entender a sus clientes es clave para satisfacer sus necesidades. Esto hace que el m\u00e1ximo control sobre los datos, incluido el acceso y la seguridad, sea esencial para mantenerse por delante de la competencia en estos sectores.<\/p><p>Interesado en soluciones de digitalizaci\u00f3n personalizadas para tus proyectos contables o jur\u00eddicos? \ud83d\udc4b <a href=\"https:\/\/tcs-technology.com\/es\/contact\/\">P\u00f3ngase en contacto con nuestro equipo hoy mismo<\/a> para una consulta gratuita y sin compromiso. No le presionaremos para que tome una decisi\u00f3n: nuestros servicios hablan por s\u00ed solos. Simplemente hablaremos de sus necesidades espec\u00edficas y le explicaremos c\u00f3mo podemos ayudarle.<\/p>\t\t\t\t\t\t\t\t<\/div>\n\t\t\t\t<\/div>\n\t\t\t\t\t<\/div>\n\t\t<\/div>\n\t\t\t\t\t<\/div>\n\t\t<\/section>\n\t\t\t\t<section class=\"elementor-section elementor-top-section elementor-element elementor-element-95c408f elementor-section-boxed elementor-section-height-default elementor-section-height-default\" data-id=\"95c408f\" data-element_type=\"section\" data-e-type=\"section\">\n\t\t\t\t\t\t<div class=\"elementor-container elementor-column-gap-default\">\n\t\t\t\t\t<div class=\"elementor-column elementor-col-50 elementor-top-column elementor-element elementor-element-d73dc97\" data-id=\"d73dc97\" data-element_type=\"column\" data-e-type=\"column\">\n\t\t\t<div class=\"elementor-widget-wrap elementor-element-populated\">\n\t\t\t\t\t\t<div class=\"elementor-element elementor-element-b2d5c3e elementor-widget elementor-widget-heading\" data-id=\"b2d5c3e\" data-element_type=\"widget\" data-e-type=\"widget\" data-widget_type=\"heading.default\">\n\t\t\t\t<div class=\"elementor-widget-container\">\n\t\t\t\t\t<h3 class=\"elementor-heading-title elementor-size-default\">Procesos de trabajo para automatizar<\/h3>\t\t\t\t<\/div>\n\t\t\t\t<\/div>\n\t\t\t\t<div class=\"elementor-element elementor-element-e040890 elementor-widget elementor-widget-text-editor\" data-id=\"e040890\" data-element_type=\"widget\" data-e-type=\"widget\" data-widget_type=\"text-editor.default\">\n\t\t\t\t<div class=\"elementor-widget-container\">\n\t\t\t\t\t\t\t\t\t<p>Adoptar la transformaci\u00f3n digital en los sectores contable y jur\u00eddico ofrece numerosos beneficios m\u00e1s all\u00e1 de las aplicaciones de datos. Algunos de estos beneficios incluyen:<\/p>\t\t\t\t\t\t\t\t<\/div>\n\t\t\t\t<\/div>\n\t\t\t\t<div class=\"elementor-element elementor-element-0ded46b elementor-icon-list--layout-traditional elementor-list-item-link-full_width elementor-widget elementor-widget-icon-list\" data-id=\"0ded46b\" data-element_type=\"widget\" data-e-type=\"widget\" data-widget_type=\"icon-list.default\">\n\t\t\t\t<div class=\"elementor-widget-container\">\n\t\t\t\t\t\t\t<ul class=\"elementor-icon-list-items\">\n\t\t\t\t\t\t\t<li class=\"elementor-icon-list-item\">\n\t\t\t\t\t\t\t\t\t\t\t<span class=\"elementor-icon-list-icon\">\n\t\t\t\t\t\t\t<i aria-hidden=\"true\" class=\"fas fa-check-circle\"><\/i>\t\t\t\t\t\t<\/span>\n\t\t\t\t\t\t\t\t\t\t<span class=\"elementor-icon-list-text\">Formularios inteligentes y contratos\/firmas automatizadas<\/span>\n\t\t\t\t\t\t\t\t\t<\/li>\n\t\t\t\t\t\t\t\t<li class=\"elementor-icon-list-item\">\n\t\t\t\t\t\t\t\t\t\t\t<span class=\"elementor-icon-list-icon\">\n\t\t\t\t\t\t\t<i aria-hidden=\"true\" class=\"fas fa-check-circle\"><\/i>\t\t\t\t\t\t<\/span>\n\t\t\t\t\t\t\t\t\t\t<span class=\"elementor-icon-list-text\">Automatizaci\u00f3n de los procesos de revisi\u00f3n de documentos para la diligencia debida<\/span>\n\t\t\t\t\t\t\t\t\t<\/li>\n\t\t\t\t\t\t\t\t<li class=\"elementor-icon-list-item\">\n\t\t\t\t\t\t\t\t\t\t\t<span class=\"elementor-icon-list-icon\">\n\t\t\t\t\t\t\t<i aria-hidden=\"true\" class=\"fas fa-check-circle\"><\/i>\t\t\t\t\t\t<\/span>\n\t\t\t\t\t\t\t\t\t\t<span class=\"elementor-icon-list-text\">Auditor\u00edas jur\u00eddicas automatizadas y gesti\u00f3n del cumplimiento de la normativa y los riesgos<\/span>\n\t\t\t\t\t\t\t\t\t<\/li>\n\t\t\t\t\t\t\t\t<li class=\"elementor-icon-list-item\">\n\t\t\t\t\t\t\t\t\t\t\t<span class=\"elementor-icon-list-icon\">\n\t\t\t\t\t\t\t<i aria-hidden=\"true\" class=\"fas fa-check-circle\"><\/i>\t\t\t\t\t\t<\/span>\n\t\t\t\t\t\t\t\t\t\t<span class=\"elementor-icon-list-text\">Gesti\u00f3n automatizada de la facturaci\u00f3n<\/span>\n\t\t\t\t\t\t\t\t\t<\/li>\n\t\t\t\t\t\t<\/ul>\n\t\t\t\t\t\t<\/div>\n\t\t\t\t<\/div>\n\t\t\t\t<div class=\"elementor-element elementor-element-0142ddd elementor-widget elementor-widget-text-editor\" data-id=\"0142ddd\" data-element_type=\"widget\" data-e-type=\"widget\" data-widget_type=\"text-editor.default\">\n\t\t\t\t<div class=\"elementor-widget-container\">\n\t\t\t\t\t\t\t\t\t<p>Tanto el sector contable como el jur\u00eddico implican un trabajo de alto valor a\u00f1adido que requiere a\u00f1os de formaci\u00f3n y ex\u00e1menes. Las transformaciones y automatizaciones digitales no pueden sustituir a los profesionales de estos campos. Por el contrario, deben considerarse herramientas para automatizar tareas mundanas. Mediante la automatizaci\u00f3n de las tareas administrativas repetitivas, las empresas de estos sectores pueden reducir significativamente los costes y centrar sus esfuerzos en tareas que requieren la intervenci\u00f3n humana, como la preparaci\u00f3n de letrados y litigios o la realizaci\u00f3n de investigaciones y auditor\u00edas contables.<\/p>\t\t\t\t\t\t\t\t<\/div>\n\t\t\t\t<\/div>\n\t\t\t\t\t<\/div>\n\t\t<\/div>\n\t\t\t\t<div class=\"elementor-column elementor-col-50 elementor-top-column elementor-element elementor-element-903fcb3\" data-id=\"903fcb3\" data-element_type=\"column\" data-e-type=\"column\">\n\t\t\t<div class=\"elementor-widget-wrap elementor-element-populated\">\n\t\t\t\t\t\t<div class=\"elementor-element elementor-element-0c314b3 elementor-widget elementor-widget-image\" data-id=\"0c314b3\" data-element_type=\"widget\" data-e-type=\"widget\" data-widget_type=\"image.default\">\n\t\t\t\t<div class=\"elementor-widget-container\">\n\t\t\t\t\t\t\t\t\t\t\t\t\t\t\t<img decoding=\"async\" width=\"640\" height=\"960\" src=\"https:\/\/tcs-technology.com\/wp-content\/uploads\/2022\/04\/Accounting-and-Legal.jpg\" class=\"attachment-full size-full wp-image-2546\" alt=\"Accounting and Legal\" \/>\t\t\t\t\t\t\t\t\t\t\t\t\t\t\t<\/div>\n\t\t\t\t<\/div>\n\t\t\t\t\t<\/div>\n\t\t<\/div>\n\t\t\t\t\t<\/div>\n\t\t<\/section>\n\t\t\t\t<\/div>","protected":false},"excerpt":{"rendered":"<p>Contabilidad y asuntos jur\u00eddicos Para garantizar el pleno cumplimiento de la legislaci\u00f3n, las auditor\u00edas y las normativas, es fundamental que las empresas del sector contable y jur\u00eddico implementen la automatizaci\u00f3n, las medidas de seguridad y el control de datos. En la era actual de los macrodatos, las empresas del sector contable y jur\u00eddico pueden beneficiarse enormemente del aprovechamiento y la protecci\u00f3n de sus datos. La satisfacci\u00f3n del cliente es [...]<\/p>","protected":false},"author":1,"featured_media":0,"parent":681,"menu_order":0,"comment_status":"closed","ping_status":"closed","template":"elementor_header_footer","meta":{"footnotes":""},"class_list":["post-1531","page","type-page","status-publish","hentry"],"yoast_head":"<!-- This site is optimized with the Yoast SEO plugin v20.5 - https:\/\/yoast.com\/wordpress\/plugins\/seo\/ -->\n<title>Accounting and Legal - TCS Technology AG<\/title>\n<meta name=\"robots\" content=\"index, follow, max-snippet:-1, max-image-preview:large, max-video-preview:-1\" \/>\n<link rel=\"canonical\" href=\"https:\/\/tcs-technology.com\/es\/verticals\/accounting-and-legal\/\" \/>\n<meta property=\"og:locale\" content=\"es_ES\" \/>\n<meta property=\"og:type\" content=\"article\" \/>\n<meta property=\"og:title\" content=\"Accounting and Legal - TCS Technology AG\" \/>\n<meta property=\"og:description\" content=\"Accounting and Legal To ensure full legal, audit, and regulatory compliance, it is crucial for firms in the accounting and legal industry to implement automation, security measures, and data control. In today&#8217;s era of big data, firms in the accounting and legal industry can greatly benefit from harnessing and securing their data. Customer satisfaction is [&hellip;]\" \/>\n<meta property=\"og:url\" content=\"https:\/\/tcs-technology.com\/es\/verticals\/accounting-and-legal\/\" \/>\n<meta property=\"og:site_name\" content=\"TCS Technology AG\" \/>\n<meta property=\"article:modified_time\" content=\"2023-06-23T16:57:58+00:00\" \/>\n<meta property=\"og:image\" content=\"https:\/\/tcs-technology.com\/wp-content\/uploads\/2022\/04\/Accounting-and-Legal-banner.jpg\" \/>\n<meta name=\"twitter:card\" content=\"summary_large_image\" \/>\n<meta name=\"twitter:label1\" content=\"Tiempo de lectura\" \/>\n\t<meta name=\"twitter:data1\" content=\"2 minutos\" \/>\n<script type=\"application\/ld+json\" class=\"yoast-schema-graph\">{\"@context\":\"https:\/\/schema.org\",\"@graph\":[{\"@type\":\"WebPage\",\"@id\":\"https:\/\/tcs-technology.com\/verticals\/accounting-and-legal\/\",\"url\":\"https:\/\/tcs-technology.com\/verticals\/accounting-and-legal\/\",\"name\":\"Accounting and Legal - TCS Technology AG\",\"isPartOf\":{\"@id\":\"https:\/\/tcs-technology.com\/#website\"},\"datePublished\":\"2022-04-05T06:12:01+00:00\",\"dateModified\":\"2023-06-23T16:57:58+00:00\",\"breadcrumb\":{\"@id\":\"https:\/\/tcs-technology.com\/verticals\/accounting-and-legal\/#breadcrumb\"},\"inLanguage\":\"es\",\"potentialAction\":[{\"@type\":\"ReadAction\",\"target\":[\"https:\/\/tcs-technology.com\/verticals\/accounting-and-legal\/\"]}]},{\"@type\":\"BreadcrumbList\",\"@id\":\"https:\/\/tcs-technology.com\/verticals\/accounting-and-legal\/#breadcrumb\",\"itemListElement\":[{\"@type\":\"ListItem\",\"position\":1,\"name\":\"Home\",\"item\":\"https:\/\/tcs-technology.com\/\"},{\"@type\":\"ListItem\",\"position\":2,\"name\":\"Verticals\",\"item\":\"https:\/\/tcs-technology.com\/verticals\/\"},{\"@type\":\"ListItem\",\"position\":3,\"name\":\"Accounting and Legal\"}]},{\"@type\":\"WebSite\",\"@id\":\"https:\/\/tcs-technology.com\/#website\",\"url\":\"https:\/\/tcs-technology.com\/\",\"name\":\"TCS Technology AG\",\"description\":\"We provide cutting-edge SaaS solutions for organizations in Switzerland and around the world with a focus on performance, security, and sustainability.\",\"publisher\":{\"@id\":\"https:\/\/tcs-technology.com\/#organization\"},\"potentialAction\":[{\"@type\":\"SearchAction\",\"target\":{\"@type\":\"EntryPoint\",\"urlTemplate\":\"https:\/\/tcs-technology.com\/?s={search_term_string}\"},\"query-input\":\"required name=search_term_string\"}],\"inLanguage\":\"es\"},{\"@type\":\"Organization\",\"@id\":\"https:\/\/tcs-technology.com\/#organization\",\"name\":\"TCS Technology AG\",\"url\":\"https:\/\/tcs-technology.com\/\",\"logo\":{\"@type\":\"ImageObject\",\"inLanguage\":\"es\",\"@id\":\"https:\/\/tcs-technology.com\/#\/schema\/logo\/image\/\",\"url\":\"https:\/\/tcs-technology.com\/wp-content\/uploads\/2022\/03\/logo-2.png\",\"contentUrl\":\"https:\/\/tcs-technology.com\/wp-content\/uploads\/2022\/03\/logo-2.png\",\"width\":8334,\"height\":6131,\"caption\":\"TCS Technology AG\"},\"image\":{\"@id\":\"https:\/\/tcs-technology.com\/#\/schema\/logo\/image\/\"}}]}<\/script>\n<!-- \/ Yoast SEO plugin. -->","yoast_head_json":{"title":"Accounting and Legal - TCS Technology AG","robots":{"index":"index","follow":"follow","max-snippet":"max-snippet:-1","max-image-preview":"max-image-preview:large","max-video-preview":"max-video-preview:-1"},"canonical":"https:\/\/tcs-technology.com\/es\/verticals\/accounting-and-legal\/","og_locale":"es_ES","og_type":"article","og_title":"Accounting and Legal - TCS Technology AG","og_description":"Accounting and Legal To ensure full legal, audit, and regulatory compliance, it is crucial for firms in the accounting and legal industry to implement automation, security measures, and data control. In today&#8217;s era of big data, firms in the accounting and legal industry can greatly benefit from harnessing and securing their data. Customer satisfaction is [&hellip;]","og_url":"https:\/\/tcs-technology.com\/es\/verticals\/accounting-and-legal\/","og_site_name":"TCS Technology AG","article_modified_time":"2023-06-23T16:57:58+00:00","og_image":[{"url":"https:\/\/tcs-technology.com\/wp-content\/uploads\/2022\/04\/Accounting-and-Legal-banner.jpg"}],"twitter_card":"summary_large_image","twitter_misc":{"Tiempo de lectura":"2 minutos"},"schema":{"@context":"https:\/\/schema.org","@graph":[{"@type":"WebPage","@id":"https:\/\/tcs-technology.com\/verticals\/accounting-and-legal\/","url":"https:\/\/tcs-technology.com\/verticals\/accounting-and-legal\/","name":"Accounting and Legal - TCS Technology AG","isPartOf":{"@id":"https:\/\/tcs-technology.com\/#website"},"datePublished":"2022-04-05T06:12:01+00:00","dateModified":"2023-06-23T16:57:58+00:00","breadcrumb":{"@id":"https:\/\/tcs-technology.com\/verticals\/accounting-and-legal\/#breadcrumb"},"inLanguage":"es","potentialAction":[{"@type":"ReadAction","target":["https:\/\/tcs-technology.com\/verticals\/accounting-and-legal\/"]}]},{"@type":"BreadcrumbList","@id":"https:\/\/tcs-technology.com\/verticals\/accounting-and-legal\/#breadcrumb","itemListElement":[{"@type":"ListItem","position":1,"name":"Home","item":"https:\/\/tcs-technology.com\/"},{"@type":"ListItem","position":2,"name":"Verticals","item":"https:\/\/tcs-technology.com\/verticals\/"},{"@type":"ListItem","position":3,"name":"Accounting and Legal"}]},{"@type":"WebSite","@id":"https:\/\/tcs-technology.com\/#website","url":"https:\/\/tcs-technology.com\/","name":"TCS Technology AG","description":"We provide cutting-edge SaaS solutions for organizations in Switzerland and around the world with a focus on performance, security, and sustainability.","publisher":{"@id":"https:\/\/tcs-technology.com\/#organization"},"potentialAction":[{"@type":"SearchAction","target":{"@type":"EntryPoint","urlTemplate":"https:\/\/tcs-technology.com\/?s={search_term_string}"},"query-input":"required name=search_term_string"}],"inLanguage":"es"},{"@type":"Organization","@id":"https:\/\/tcs-technology.com\/#organization","name":"TCS Technology AG","url":"https:\/\/tcs-technology.com\/","logo":{"@type":"ImageObject","inLanguage":"es","@id":"https:\/\/tcs-technology.com\/#\/schema\/logo\/image\/","url":"https:\/\/tcs-technology.com\/wp-content\/uploads\/2022\/03\/logo-2.png","contentUrl":"https:\/\/tcs-technology.com\/wp-content\/uploads\/2022\/03\/logo-2.png","width":8334,"height":6131,"caption":"TCS Technology AG"},"image":{"@id":"https:\/\/tcs-technology.com\/#\/schema\/logo\/image\/"}}]}},"_links":{"self":[{"href":"https:\/\/tcs-technology.com\/es\/wp-json\/wp\/v2\/pages\/1531","targetHints":{"allow":["GET"]}}],"collection":[{"href":"https:\/\/tcs-technology.com\/es\/wp-json\/wp\/v2\/pages"}],"about":[{"href":"https:\/\/tcs-technology.com\/es\/wp-json\/wp\/v2\/types\/page"}],"author":[{"embeddable":true,"href":"https:\/\/tcs-technology.com\/es\/wp-json\/wp\/v2\/users\/1"}],"replies":[{"embeddable":true,"href":"https:\/\/tcs-technology.com\/es\/wp-json\/wp\/v2\/comments?post=1531"}],"version-history":[{"count":31,"href":"https:\/\/tcs-technology.com\/es\/wp-json\/wp\/v2\/pages\/1531\/revisions"}],"predecessor-version":[{"id":3276,"href":"https:\/\/tcs-technology.com\/es\/wp-json\/wp\/v2\/pages\/1531\/revisions\/3276"}],"up":[{"embeddable":true,"href":"https:\/\/tcs-technology.com\/es\/wp-json\/wp\/v2\/pages\/681"}],"wp:attachment":[{"href":"https:\/\/tcs-technology.com\/es\/wp-json\/wp\/v2\/media?parent=1531"}],"curies":[{"name":"wp","href":"https:\/\/api.w.org\/{rel}","templated":true}]}}