{"id":1293,"date":"2022-04-01T17:06:47","date_gmt":"2022-04-01T15:06:47","guid":{"rendered":"https:\/\/tcs-technology.com\/?page_id=1293"},"modified":"2023-06-23T18:33:22","modified_gmt":"2023-06-23T16:33:22","slug":"it-project","status":"publish","type":"page","link":"https:\/\/tcs-technology.com\/es\/services\/it-project\/","title":{"rendered":"Consultor\u00eda de proyectos inform\u00e1ticos"},"content":{"rendered":"<div data-elementor-type=\"wp-page\" data-elementor-id=\"1293\" class=\"elementor elementor-1293\">\n\t\t\t\t\t\t<section class=\"elementor-section elementor-top-section elementor-element elementor-element-a3ddbb7 elementor-section-boxed elementor-section-height-default elementor-section-height-default\" data-id=\"a3ddbb7\" data-element_type=\"section\" data-e-type=\"section\" data-settings=\"{&quot;background_background&quot;:&quot;classic&quot;}\">\n\t\t\t\t\t\t<div class=\"elementor-container elementor-column-gap-default\">\n\t\t\t\t\t<div class=\"elementor-column elementor-col-100 elementor-top-column elementor-element elementor-element-f51bfa7\" data-id=\"f51bfa7\" data-element_type=\"column\" data-e-type=\"column\">\n\t\t\t<div class=\"elementor-widget-wrap elementor-element-populated\">\n\t\t\t\t\t\t<div class=\"elementor-element elementor-element-53c178b elementor-align-center elementor-widget elementor-widget-breadcrumbs\" data-id=\"53c178b\" data-element_type=\"widget\" data-e-type=\"widget\" data-widget_type=\"breadcrumbs.default\">\n\t\t\t\t<div class=\"elementor-widget-container\">\n\t\t\t\t\t<p id=\"breadcrumbs\"><span><span><a href=\"https:\/\/tcs-technology.com\/es\/\">Inicio<\/a><\/span><\/span><\/p>\t\t\t\t<\/div>\n\t\t\t\t<\/div>\n\t\t\t\t\t<\/div>\n\t\t<\/div>\n\t\t\t\t\t<\/div>\n\t\t<\/section>\n\t\t\t\t<section class=\"elementor-section elementor-top-section elementor-element elementor-element-4d0f1a4 elementor-section-boxed elementor-section-height-default elementor-section-height-default\" data-id=\"4d0f1a4\" data-element_type=\"section\" data-e-type=\"section\">\n\t\t\t\t\t\t<div class=\"elementor-container elementor-column-gap-default\">\n\t\t\t\t\t<div class=\"elementor-column elementor-col-100 elementor-top-column elementor-element elementor-element-62e4cdc1\" data-id=\"62e4cdc1\" data-element_type=\"column\" data-e-type=\"column\">\n\t\t\t<div class=\"elementor-widget-wrap elementor-element-populated\">\n\t\t\t\t\t\t<div class=\"elementor-element elementor-element-b8c7e9d elementor-widget elementor-widget-heading\" data-id=\"b8c7e9d\" data-element_type=\"widget\" data-e-type=\"widget\" data-widget_type=\"heading.default\">\n\t\t\t\t<div class=\"elementor-widget-container\">\n\t\t\t\t\t<h1 class=\"elementor-heading-title elementor-size-default\">Consultor\u00eda de proyectos inform\u00e1ticos <\/h1>\t\t\t\t<\/div>\n\t\t\t\t<\/div>\n\t\t\t\t<div class=\"elementor-element elementor-element-3428bf44 elementor-widget elementor-widget-text-editor\" data-id=\"3428bf44\" data-element_type=\"widget\" data-e-type=\"widget\" data-widget_type=\"text-editor.default\">\n\t\t\t\t<div class=\"elementor-widget-container\">\n\t\t\t\t\t\t\t\t\t<p>TCS Technology ha proporcionado constantemente a las empresas orientaci\u00f3n y direcci\u00f3n expertas en consultor\u00eda estrat\u00e9gica de software, operaciones, servicios y productos.<br \/><span style=\"color: rgba(2, 1, 1, 0);\">proyecto it<\/span><br \/>Nuestro principal objetivo es ayudar a las empresas y organizaciones a crear un entorno digital que se ajuste a sus capacidades t\u00e9cnicas, requisitos empresariales, as\u00ed como a las necesidades y expectativas de sus empleados y clientes. Creemos que hay que ayudar a las empresas a desarrollar hojas de ruta que describan sus estrategias de implantaci\u00f3n de software a corto y largo plazo. Este proceso no s\u00f3lo proporciona una comprensi\u00f3n clara de la posici\u00f3n actual de la empresa, sino que tambi\u00e9n facilita la gesti\u00f3n eficaz del cambio y el an\u00e1lisis del crecimiento futuro.<\/p><p>Un \u00e1rea de gran importancia para muchas empresas es el plan de inversi\u00f3n para la implantaci\u00f3n de software. En este sentido, abogamos por inversiones en software asequibles que garanticen una transformaci\u00f3n empresarial sin fisuras mediante soluciones personalizadas y una adopci\u00f3n segura. Creemos firmemente que invertir una cierta cantidad en software ha demostrado ser una inversi\u00f3n valiosa para las empresas, allanando el camino para su crecimiento futuro.<\/p>\t\t\t\t\t\t\t\t<\/div>\n\t\t\t\t<\/div>\n\t\t\t\t<div class=\"elementor-element elementor-element-a84cc08 elementor-widget elementor-widget-heading\" data-id=\"a84cc08\" data-element_type=\"widget\" data-e-type=\"widget\" data-widget_type=\"heading.default\">\n\t\t\t\t<div class=\"elementor-widget-container\">\n\t\t\t\t\t<h3 class=\"elementor-heading-title elementor-size-default\">Servicios de asesoramiento tecnol\u00f3gico: <\/h3>\t\t\t\t<\/div>\n\t\t\t\t<\/div>\n\t\t\t\t<div class=\"elementor-element elementor-element-d04efbc elementor-widget elementor-widget-text-editor\" data-id=\"d04efbc\" data-element_type=\"widget\" data-e-type=\"widget\" data-widget_type=\"text-editor.default\">\n\t\t\t\t<div class=\"elementor-widget-container\">\n\t\t\t\t\t\t\t\t\t<p>Los consultores de TI de TCS Technology desempe\u00f1an un papel crucial a la hora de ayudar a los clientes a seleccionar las pilas tecnol\u00f3gicas m\u00e1s adecuadas para sus soluciones. Tanto si se trata de elegir el lenguaje de programaci\u00f3n o la plataforma adecuados, ayudamos a las empresas a examinar a fondo las ventajas y desventajas de las distintas tecnolog\u00edas antes de iniciar cualquier proyecto.<\/p>\t\t\t\t\t\t\t\t<\/div>\n\t\t\t\t<\/div>\n\t\t\t\t\t<\/div>\n\t\t<\/div>\n\t\t\t\t\t<\/div>\n\t\t<\/section>\n\t\t\t\t<section class=\"elementor-section elementor-top-section elementor-element elementor-element-3ffa4075 elementor-section-boxed elementor-section-height-default elementor-section-height-default\" data-id=\"3ffa4075\" data-element_type=\"section\" data-e-type=\"section\">\n\t\t\t\t\t\t<div class=\"elementor-container elementor-column-gap-default\">\n\t\t\t\t\t<div class=\"elementor-column elementor-col-50 elementor-top-column elementor-element elementor-element-6869a24c\" data-id=\"6869a24c\" data-element_type=\"column\" data-e-type=\"column\">\n\t\t\t<div class=\"elementor-widget-wrap elementor-element-populated\">\n\t\t\t\t\t\t<div class=\"elementor-element elementor-element-aab1cac elementor-widget elementor-widget-heading\" data-id=\"aab1cac\" data-element_type=\"widget\" data-e-type=\"widget\" data-widget_type=\"heading.default\">\n\t\t\t\t<div class=\"elementor-widget-container\">\n\t\t\t\t\t<h3 class=\"elementor-heading-title elementor-size-default\">Nuestro enfoque<\/h3>\t\t\t\t<\/div>\n\t\t\t\t<\/div>\n\t\t\t\t<div class=\"elementor-element elementor-element-4522a007 elementor-widget elementor-widget-text-editor\" data-id=\"4522a007\" data-element_type=\"widget\" data-e-type=\"widget\" data-widget_type=\"text-editor.default\">\n\t\t\t\t<div class=\"elementor-widget-container\">\n\t\t\t\t\t\t\t\t\t<p>Nuestro excepcional equipo ofrece apoyo integral a las empresas en todas las fases de sus actualizaciones e implantaciones de software. Destacamos en la transformaci\u00f3n de conceptos en especificaciones detalladas de soluciones y en la perfecta integraci\u00f3n de sistemas empresariales en procesos de negocio e infraestructuras de TI, lo que se traduce en una mejora del rendimiento. Estos enfoques estrat\u00e9gicos contribuyen al desarrollo de un s\u00f3lido ecosistema inform\u00e1tico que permite a las empresas prosperar en diversos sectores.<\/p>\t\t\t\t\t\t\t\t<\/div>\n\t\t\t\t<\/div>\n\t\t\t\t<div class=\"elementor-element elementor-element-5ff2c3e elementor-icon-list--layout-traditional elementor-list-item-link-full_width elementor-widget elementor-widget-icon-list\" data-id=\"5ff2c3e\" data-element_type=\"widget\" data-e-type=\"widget\" data-widget_type=\"icon-list.default\">\n\t\t\t\t<div class=\"elementor-widget-container\">\n\t\t\t\t\t\t\t<ul class=\"elementor-icon-list-items\">\n\t\t\t\t\t\t\t<li class=\"elementor-icon-list-item\">\n\t\t\t\t\t\t\t\t\t\t\t<span class=\"elementor-icon-list-icon\">\n\t\t\t\t\t\t\t<i aria-hidden=\"true\" class=\"fas fa-check-circle\"><\/i>\t\t\t\t\t\t<\/span>\n\t\t\t\t\t\t\t\t\t\t<span class=\"elementor-icon-list-text\">Damos prioridad a la exploraci\u00f3n de ideas tecnol\u00f3gicas. Animamos a las empresas a generar nuevas ideas, lo que nos permite evaluar su viabilidad y determinar la pila tecnol\u00f3gica adecuada para su realizaci\u00f3n.<\/span>\n\t\t\t\t\t\t\t\t\t<\/li>\n\t\t\t\t\t\t\t\t<li class=\"elementor-icon-list-item\">\n\t\t\t\t\t\t\t\t\t\t\t<span class=\"elementor-icon-list-icon\">\n\t\t\t\t\t\t\t<i aria-hidden=\"true\" class=\"fas fa-check-circle\"><\/i>\t\t\t\t\t\t<\/span>\n\t\t\t\t\t\t\t\t\t\t<span class=\"elementor-icon-list-text\">Tambi\u00e9n integramos la tecnolog\u00eda en la planificaci\u00f3n de proyectos. Al fusionar la anal\u00edtica empresarial con las operaciones reales, establecemos un dominio \u00fanico de la planificaci\u00f3n de proyectos.<\/span>\n\t\t\t\t\t\t\t\t\t<\/li>\n\t\t\t\t\t\t\t\t<li class=\"elementor-icon-list-item\">\n\t\t\t\t\t\t\t\t\t\t\t<span class=\"elementor-icon-list-icon\">\n\t\t\t\t\t\t\t<i aria-hidden=\"true\" class=\"fas fa-check-circle\"><\/i>\t\t\t\t\t\t<\/span>\n\t\t\t\t\t\t\t\t\t\t<span class=\"elementor-icon-list-text\">Por \u00faltimo, ejecutamos el plan del proyecto. Trabajamos con diligencia para implantar las estrategias previstas en las empresas y alinearlas con sus objetivos estrat\u00e9gicos. Nos ce\u00f1imos al plan del proyecto y proporcionamos estrategias a largo plazo para el mantenimiento y las actualizaciones del software posteriores a la implantaci\u00f3n.<\/span>\n\t\t\t\t\t\t\t\t\t<\/li>\n\t\t\t\t\t\t<\/ul>\n\t\t\t\t\t\t<\/div>\n\t\t\t\t<\/div>\n\t\t\t\t\t<\/div>\n\t\t<\/div>\n\t\t\t\t<div class=\"elementor-column elementor-col-50 elementor-top-column elementor-element elementor-element-4ed53e\" data-id=\"4ed53e\" data-element_type=\"column\" data-e-type=\"column\">\n\t\t\t<div class=\"elementor-widget-wrap elementor-element-populated\">\n\t\t\t\t\t\t<div class=\"elementor-element elementor-element-6a1ad91d elementor-widget elementor-widget-image\" data-id=\"6a1ad91d\" data-element_type=\"widget\" data-e-type=\"widget\" data-widget_type=\"image.default\">\n\t\t\t\t<div class=\"elementor-widget-container\">\n\t\t\t\t\t\t\t\t\t\t\t\t\t\t\t<img fetchpriority=\"high\" decoding=\"async\" width=\"500\" height=\"559\" src=\"https:\/\/tcs-technology.com\/wp-content\/uploads\/2022\/04\/Focal-points-for-Online-Learning-.jpg\" class=\"attachment-large size-large wp-image-2619\" alt=\"Focal points for Online Learning\" \/>\t\t\t\t\t\t\t\t\t\t\t\t\t\t\t<\/div>\n\t\t\t\t<\/div>\n\t\t\t\t\t<\/div>\n\t\t<\/div>\n\t\t\t\t\t<\/div>\n\t\t<\/section>\n\t\t\t\t<section class=\"elementor-section elementor-top-section elementor-element elementor-element-1c757677 elementor-section-boxed elementor-section-height-default elementor-section-height-default\" data-id=\"1c757677\" data-element_type=\"section\" data-e-type=\"section\">\n\t\t\t\t\t\t<div class=\"elementor-container elementor-column-gap-default\">\n\t\t\t\t\t<div class=\"elementor-column elementor-col-100 elementor-top-column elementor-element elementor-element-464eb626\" data-id=\"464eb626\" data-element_type=\"column\" data-e-type=\"column\">\n\t\t\t<div class=\"elementor-widget-wrap elementor-element-populated\">\n\t\t\t\t\t\t<div class=\"elementor-element elementor-element-1bed0cd3 elementor-widget elementor-widget-heading\" data-id=\"1bed0cd3\" data-element_type=\"widget\" data-e-type=\"widget\" data-widget_type=\"heading.default\">\n\t\t\t\t<div class=\"elementor-widget-container\">\n\t\t\t\t\t<h3 class=\"elementor-heading-title elementor-size-default\">Consultas sobre soluciones empresariales y estrategias para mejorar el trabajo<\/h3>\t\t\t\t<\/div>\n\t\t\t\t<\/div>\n\t\t\t\t<div class=\"elementor-element elementor-element-1b97901 p-text elementor-widget elementor-widget-text-editor\" data-id=\"1b97901\" data-element_type=\"widget\" data-e-type=\"widget\" data-widget_type=\"text-editor.default\">\n\t\t\t\t<div class=\"elementor-widget-container\">\n\t\t\t\t\t\t\t\t\t<p>Si una empresa tiene dificultades para elegir la soluci\u00f3n de software m\u00e1s adecuada, en TCS Technology le ayudamos a encontrar la m\u00e1s adecuada. Guiamos a las empresas en la decisi\u00f3n sobre los sistemas y sus implementaciones, como CRM, ERP, DMS, CMS, y m\u00e1s. Adem\u00e1s, discutimos y ponemos en pr\u00e1ctica \u00e1mbitos de personalizaci\u00f3n y desarrollo adaptados a los requisitos exclusivos de cada empresa.<\/p><p>Estos factores clave no s\u00f3lo defienden la reputaci\u00f3n y las normas de nuestra empresa, sino que tambi\u00e9n permiten a otras empresas identificar \u00e1reas de mejora y trabajar por una estrategia mejor.<\/p>\t\t\t\t\t\t\t\t<\/div>\n\t\t\t\t<\/div>\n\t\t\t\t<div class=\"elementor-element elementor-element-3eb5de6 elementor-widget elementor-widget-heading\" data-id=\"3eb5de6\" data-element_type=\"widget\" data-e-type=\"widget\" data-widget_type=\"heading.default\">\n\t\t\t\t<div class=\"elementor-widget-container\">\n\t\t\t\t\t<h3 class=\"elementor-heading-title elementor-size-default\">p-text<\/h3>\t\t\t\t<\/div>\n\t\t\t\t<\/div>\n\t\t\t\t\t<\/div>\n\t\t<\/div>\n\t\t\t\t\t<\/div>\n\t\t<\/section>\n\t\t\t\t<\/div>","protected":false},"excerpt":{"rendered":"<p>Consultor\u00eda de Proyectos de TI TCS Technology ha estado proporcionando constantemente a las empresas orientaci\u00f3n y direcci\u00f3n experta en consultor\u00eda estrat\u00e9gica de software, operaciones, servicios y productos.it projectNuestro enfoque principal radica en ayudar a las empresas y organizaciones a crear un entorno digital que se alinee con sus capacidades t\u00e9cnicas, requisitos de negocio, as\u00ed como las necesidades y expectativas de sus empleados y [...].<\/p>","protected":false},"author":1,"featured_media":0,"parent":1270,"menu_order":0,"comment_status":"closed","ping_status":"closed","template":"elementor_header_footer","meta":{"footnotes":""},"class_list":["post-1293","page","type-page","status-publish","hentry"],"yoast_head":"<!-- This site is optimized with the Yoast SEO plugin v20.5 - https:\/\/yoast.com\/wordpress\/plugins\/seo\/ -->\n<title>IT Project Consulting - TCS Technology AG<\/title>\n<meta name=\"description\" content=\"The IT project consultants at TCS Technology assist the customers in selecting the right technology stacks for their solutions.\" \/>\n<meta name=\"robots\" content=\"index, follow, max-snippet:-1, max-image-preview:large, max-video-preview:-1\" \/>\n<link rel=\"canonical\" href=\"https:\/\/tcs-technology.com\/es\/services\/it-project\/\" \/>\n<meta property=\"og:locale\" content=\"es_ES\" \/>\n<meta property=\"og:type\" content=\"article\" \/>\n<meta property=\"og:title\" content=\"IT Project Consulting - TCS Technology AG\" \/>\n<meta property=\"og:description\" content=\"The IT project consultants at TCS Technology assist the customers in selecting the right technology stacks for their solutions.\" \/>\n<meta property=\"og:url\" content=\"https:\/\/tcs-technology.com\/es\/services\/it-project\/\" \/>\n<meta property=\"og:site_name\" content=\"TCS Technology AG\" \/>\n<meta property=\"article:modified_time\" content=\"2023-06-23T16:33:22+00:00\" \/>\n<meta property=\"og:image\" content=\"https:\/\/tcs-technology.com\/wp-content\/uploads\/2022\/04\/Focal-points-for-Online-Learning-.jpg\" \/>\n<meta name=\"twitter:card\" content=\"summary_large_image\" \/>\n<meta name=\"twitter:label1\" content=\"Tiempo de lectura\" \/>\n\t<meta name=\"twitter:data1\" content=\"3 minutos\" \/>\n<script type=\"application\/ld+json\" class=\"yoast-schema-graph\">{\"@context\":\"https:\/\/schema.org\",\"@graph\":[{\"@type\":\"WebPage\",\"@id\":\"https:\/\/tcs-technology.com\/services\/it-project\/\",\"url\":\"https:\/\/tcs-technology.com\/services\/it-project\/\",\"name\":\"IT Project Consulting - TCS Technology AG\",\"isPartOf\":{\"@id\":\"https:\/\/tcs-technology.com\/#website\"},\"datePublished\":\"2022-04-01T15:06:47+00:00\",\"dateModified\":\"2023-06-23T16:33:22+00:00\",\"description\":\"The IT project consultants at TCS Technology assist the customers in selecting the right technology stacks for their solutions.\",\"breadcrumb\":{\"@id\":\"https:\/\/tcs-technology.com\/services\/it-project\/#breadcrumb\"},\"inLanguage\":\"es\",\"potentialAction\":[{\"@type\":\"ReadAction\",\"target\":[\"https:\/\/tcs-technology.com\/services\/it-project\/\"]}]},{\"@type\":\"BreadcrumbList\",\"@id\":\"https:\/\/tcs-technology.com\/services\/it-project\/#breadcrumb\",\"itemListElement\":[{\"@type\":\"ListItem\",\"position\":1,\"name\":\"Home\",\"item\":\"https:\/\/tcs-technology.com\/\"},{\"@type\":\"ListItem\",\"position\":2,\"name\":\"Services\",\"item\":\"https:\/\/tcs-technology.com\/services\/\"},{\"@type\":\"ListItem\",\"position\":3,\"name\":\"IT Project Consulting\"}]},{\"@type\":\"WebSite\",\"@id\":\"https:\/\/tcs-technology.com\/#website\",\"url\":\"https:\/\/tcs-technology.com\/\",\"name\":\"TCS Technology AG\",\"description\":\"We provide cutting-edge SaaS solutions for organizations in Switzerland and around the world with a focus on performance, security, and sustainability.\",\"publisher\":{\"@id\":\"https:\/\/tcs-technology.com\/#organization\"},\"potentialAction\":[{\"@type\":\"SearchAction\",\"target\":{\"@type\":\"EntryPoint\",\"urlTemplate\":\"https:\/\/tcs-technology.com\/?s={search_term_string}\"},\"query-input\":\"required name=search_term_string\"}],\"inLanguage\":\"es\"},{\"@type\":\"Organization\",\"@id\":\"https:\/\/tcs-technology.com\/#organization\",\"name\":\"TCS Technology AG\",\"url\":\"https:\/\/tcs-technology.com\/\",\"logo\":{\"@type\":\"ImageObject\",\"inLanguage\":\"es\",\"@id\":\"https:\/\/tcs-technology.com\/#\/schema\/logo\/image\/\",\"url\":\"https:\/\/tcs-technology.com\/wp-content\/uploads\/2022\/03\/logo-2.png\",\"contentUrl\":\"https:\/\/tcs-technology.com\/wp-content\/uploads\/2022\/03\/logo-2.png\",\"width\":8334,\"height\":6131,\"caption\":\"TCS Technology AG\"},\"image\":{\"@id\":\"https:\/\/tcs-technology.com\/#\/schema\/logo\/image\/\"}}]}<\/script>\n<!-- \/ Yoast SEO plugin. -->","yoast_head_json":{"title":"IT Project Consulting - TCS Technology AG","description":"The IT project consultants at TCS Technology assist the customers in selecting the right technology stacks for their solutions.","robots":{"index":"index","follow":"follow","max-snippet":"max-snippet:-1","max-image-preview":"max-image-preview:large","max-video-preview":"max-video-preview:-1"},"canonical":"https:\/\/tcs-technology.com\/es\/services\/it-project\/","og_locale":"es_ES","og_type":"article","og_title":"IT Project Consulting - TCS Technology AG","og_description":"The IT project consultants at TCS Technology assist the customers in selecting the right technology stacks for their solutions.","og_url":"https:\/\/tcs-technology.com\/es\/services\/it-project\/","og_site_name":"TCS Technology AG","article_modified_time":"2023-06-23T16:33:22+00:00","og_image":[{"url":"https:\/\/tcs-technology.com\/wp-content\/uploads\/2022\/04\/Focal-points-for-Online-Learning-.jpg"}],"twitter_card":"summary_large_image","twitter_misc":{"Tiempo de lectura":"3 minutos"},"schema":{"@context":"https:\/\/schema.org","@graph":[{"@type":"WebPage","@id":"https:\/\/tcs-technology.com\/services\/it-project\/","url":"https:\/\/tcs-technology.com\/services\/it-project\/","name":"IT Project Consulting - TCS Technology AG","isPartOf":{"@id":"https:\/\/tcs-technology.com\/#website"},"datePublished":"2022-04-01T15:06:47+00:00","dateModified":"2023-06-23T16:33:22+00:00","description":"The IT project consultants at TCS Technology assist the customers in selecting the right technology stacks for their solutions.","breadcrumb":{"@id":"https:\/\/tcs-technology.com\/services\/it-project\/#breadcrumb"},"inLanguage":"es","potentialAction":[{"@type":"ReadAction","target":["https:\/\/tcs-technology.com\/services\/it-project\/"]}]},{"@type":"BreadcrumbList","@id":"https:\/\/tcs-technology.com\/services\/it-project\/#breadcrumb","itemListElement":[{"@type":"ListItem","position":1,"name":"Home","item":"https:\/\/tcs-technology.com\/"},{"@type":"ListItem","position":2,"name":"Services","item":"https:\/\/tcs-technology.com\/services\/"},{"@type":"ListItem","position":3,"name":"IT Project Consulting"}]},{"@type":"WebSite","@id":"https:\/\/tcs-technology.com\/#website","url":"https:\/\/tcs-technology.com\/","name":"TCS Technology AG","description":"We provide cutting-edge SaaS solutions for organizations in Switzerland and around the world with a focus on performance, security, and sustainability.","publisher":{"@id":"https:\/\/tcs-technology.com\/#organization"},"potentialAction":[{"@type":"SearchAction","target":{"@type":"EntryPoint","urlTemplate":"https:\/\/tcs-technology.com\/?s={search_term_string}"},"query-input":"required name=search_term_string"}],"inLanguage":"es"},{"@type":"Organization","@id":"https:\/\/tcs-technology.com\/#organization","name":"TCS Technology AG","url":"https:\/\/tcs-technology.com\/","logo":{"@type":"ImageObject","inLanguage":"es","@id":"https:\/\/tcs-technology.com\/#\/schema\/logo\/image\/","url":"https:\/\/tcs-technology.com\/wp-content\/uploads\/2022\/03\/logo-2.png","contentUrl":"https:\/\/tcs-technology.com\/wp-content\/uploads\/2022\/03\/logo-2.png","width":8334,"height":6131,"caption":"TCS Technology AG"},"image":{"@id":"https:\/\/tcs-technology.com\/#\/schema\/logo\/image\/"}}]}},"_links":{"self":[{"href":"https:\/\/tcs-technology.com\/es\/wp-json\/wp\/v2\/pages\/1293","targetHints":{"allow":["GET"]}}],"collection":[{"href":"https:\/\/tcs-technology.com\/es\/wp-json\/wp\/v2\/pages"}],"about":[{"href":"https:\/\/tcs-technology.com\/es\/wp-json\/wp\/v2\/types\/page"}],"author":[{"embeddable":true,"href":"https:\/\/tcs-technology.com\/es\/wp-json\/wp\/v2\/users\/1"}],"replies":[{"embeddable":true,"href":"https:\/\/tcs-technology.com\/es\/wp-json\/wp\/v2\/comments?post=1293"}],"version-history":[{"count":66,"href":"https:\/\/tcs-technology.com\/es\/wp-json\/wp\/v2\/pages\/1293\/revisions"}],"predecessor-version":[{"id":3257,"href":"https:\/\/tcs-technology.com\/es\/wp-json\/wp\/v2\/pages\/1293\/revisions\/3257"}],"up":[{"embeddable":true,"href":"https:\/\/tcs-technology.com\/es\/wp-json\/wp\/v2\/pages\/1270"}],"wp:attachment":[{"href":"https:\/\/tcs-technology.com\/es\/wp-json\/wp\/v2\/media?parent=1293"}],"curies":[{"name":"wp","href":"https:\/\/api.w.org\/{rel}","templated":true}]}}