{"id":1291,"date":"2022-08-31T12:35:42","date_gmt":"2022-08-31T10:35:42","guid":{"rendered":"https:\/\/tcs-technology.com\/?page_id=1291"},"modified":"2023-06-23T14:24:08","modified_gmt":"2023-06-23T12:24:08","slug":"software-development","status":"publish","type":"page","link":"https:\/\/tcs-technology.com\/es\/services\/software-development\/","title":{"rendered":"\u00a0Desarrollo de software"},"content":{"rendered":"<div data-elementor-type=\"wp-page\" data-elementor-id=\"1291\" class=\"elementor elementor-1291\">\n\t\t\t\t\t\t<section class=\"elementor-section elementor-top-section elementor-element elementor-element-f9b374f elementor-section-boxed elementor-section-height-default elementor-section-height-default\" data-id=\"f9b374f\" data-element_type=\"section\" data-e-type=\"section\" data-settings=\"{&quot;background_background&quot;:&quot;classic&quot;}\">\n\t\t\t\t\t\t<div class=\"elementor-container elementor-column-gap-default\">\n\t\t\t\t\t<div class=\"elementor-column elementor-col-100 elementor-top-column elementor-element elementor-element-48a36db\" data-id=\"48a36db\" data-element_type=\"column\" data-e-type=\"column\">\n\t\t\t<div class=\"elementor-widget-wrap elementor-element-populated\">\n\t\t\t\t\t\t<div class=\"elementor-element elementor-element-89d60e3 elementor-align-center elementor-widget elementor-widget-breadcrumbs\" data-id=\"89d60e3\" data-element_type=\"widget\" data-e-type=\"widget\" data-widget_type=\"breadcrumbs.default\">\n\t\t\t\t<div class=\"elementor-widget-container\">\n\t\t\t\t\t<p id=\"breadcrumbs\"><span><span><a href=\"https:\/\/tcs-technology.com\/es\/\">Inicio<\/a><\/span><\/span><\/p>\t\t\t\t<\/div>\n\t\t\t\t<\/div>\n\t\t\t\t\t<\/div>\n\t\t<\/div>\n\t\t\t\t\t<\/div>\n\t\t<\/section>\n\t\t\t\t<section class=\"elementor-section elementor-top-section elementor-element elementor-element-51ed1e17 elementor-section-boxed elementor-section-height-default elementor-section-height-default\" data-id=\"51ed1e17\" data-element_type=\"section\" data-e-type=\"section\">\n\t\t\t\t\t\t<div class=\"elementor-container elementor-column-gap-default\">\n\t\t\t\t\t<div class=\"elementor-column elementor-col-100 elementor-top-column elementor-element elementor-element-7bf3df4c\" data-id=\"7bf3df4c\" data-element_type=\"column\" data-e-type=\"column\">\n\t\t\t<div class=\"elementor-widget-wrap elementor-element-populated\">\n\t\t\t\t\t\t<div class=\"elementor-element elementor-element-9a6c988 elementor-widget elementor-widget-heading\" data-id=\"9a6c988\" data-element_type=\"widget\" data-e-type=\"widget\" data-widget_type=\"heading.default\">\n\t\t\t\t<div class=\"elementor-widget-container\">\n\t\t\t\t\t<h2 class=\"elementor-heading-title elementor-size-default\">    Servicios de desarrollo de software <\/h2>\t\t\t\t<\/div>\n\t\t\t\t<\/div>\n\t\t\t\t<div class=\"elementor-element elementor-element-bcf9a48 elementor-widget elementor-widget-text-editor\" data-id=\"bcf9a48\" data-element_type=\"widget\" data-e-type=\"widget\" data-widget_type=\"text-editor.default\">\n\t\t\t\t<div class=\"elementor-widget-container\">\n\t\t\t\t\t\t\t\t\t<p>Nuestra empresa destaca por la combinaci\u00f3n de conocimientos tecnol\u00f3gicos y relevantes para el sector. Adem\u00e1s, disponemos de las herramientas necesarias para desarrollar software a medida para negocios y empresas.<\/p><p>Lo conseguimos implicando activamente a equipos de talento excepcional y aprovechando nuestra amplia experiencia en este campo. Creemos que cualquier empresa puede sobresalir si sobresale su equipo de desarrollo de software.<\/p><p>Desde el estallido de la pandemia, el mundo ha virado hacia el marketing digital y las empresas trabajan desde casa. Como resultado, se necesita un equipo potente para crear un software que permita ahorrar tiempo, agilizar los procesos y realizar varias tareas a la vez.<\/p><p>Nuestro equipo de desarrollo de software se basa en gestores de proyectos y desarrolladores experimentados que se centran constantemente en probar y revisar nuestro c\u00f3digo. Antes de sacar algo al mercado, nos aseguramos de que cumple nuestros est\u00e1ndares establecidos. Nos dedicamos a crear desarrollos excepcionales que realmente destaquen.<\/p><p>Nuestro equipo puede ampliar o reducir el n\u00famero de miembros, lo que nos permite crear un grupo de cualquier tama\u00f1o. Nos comprometemos a crear productos que se adapten a sus requisitos t\u00e9cnicos espec\u00edficos y ofrezcan resultados favorables.<\/p><p>Adoptamos un enfoque tecnol\u00f3gico de vanguardia que abarca los m\u00e9todos m\u00e1s completos disponibles. Nos centramos continuamente en mejorar nuestros procesos de desarrollo, buscando constantemente la mejora. Como resultado, nos esforzamos por lograr mejores resultados con cada proyecto y evitamos trabajar con el mismo enfoque estrat\u00e9gico repetidamente.<\/p>\t\t\t\t\t\t\t\t<\/div>\n\t\t\t\t<\/div>\n\t\t\t\t\t<\/div>\n\t\t<\/div>\n\t\t\t\t\t<\/div>\n\t\t<\/section>\n\t\t\t\t<section class=\"elementor-section elementor-top-section elementor-element elementor-element-5de697b7 elementor-section-boxed elementor-section-height-default elementor-section-height-default\" data-id=\"5de697b7\" data-element_type=\"section\" data-e-type=\"section\">\n\t\t\t\t\t\t<div class=\"elementor-container elementor-column-gap-default\">\n\t\t\t\t\t<div class=\"elementor-column elementor-col-50 elementor-top-column elementor-element elementor-element-fd501f4\" data-id=\"fd501f4\" data-element_type=\"column\" data-e-type=\"column\">\n\t\t\t<div class=\"elementor-widget-wrap elementor-element-populated\">\n\t\t\t\t\t\t<div class=\"elementor-element elementor-element-800345d elementor-widget elementor-widget-heading\" data-id=\"800345d\" data-element_type=\"widget\" data-e-type=\"widget\" data-widget_type=\"heading.default\">\n\t\t\t\t<div class=\"elementor-widget-container\">\n\t\t\t\t\t<h3 class=\"elementor-heading-title elementor-size-default\">Categor\u00edas de proyectos<\/h3>\t\t\t\t<\/div>\n\t\t\t\t<\/div>\n\t\t\t\t<div class=\"elementor-element elementor-element-973ee1b elementor-widget elementor-widget-text-editor\" data-id=\"973ee1b\" data-element_type=\"widget\" data-e-type=\"widget\" data-widget_type=\"text-editor.default\">\n\t\t\t\t<div class=\"elementor-widget-container\">\n\t\t\t\t\t\t\t\t\t<p>Contamos con una amplia cartera de proyectos, incluidas plataformas B2B. Algunos ejemplos notables son:<\/p>\t\t\t\t\t\t\t\t<\/div>\n\t\t\t\t<\/div>\n\t\t\t\t<div class=\"elementor-element elementor-element-d260de6 elementor-align-start elementor-icon-list--layout-traditional elementor-list-item-link-full_width elementor-widget elementor-widget-icon-list\" data-id=\"d260de6\" data-element_type=\"widget\" data-e-type=\"widget\" data-widget_type=\"icon-list.default\">\n\t\t\t\t<div class=\"elementor-widget-container\">\n\t\t\t\t\t\t\t<ul class=\"elementor-icon-list-items\">\n\t\t\t\t\t\t\t<li class=\"elementor-icon-list-item\">\n\t\t\t\t\t\t\t\t\t\t\t<span class=\"elementor-icon-list-icon\">\n\t\t\t\t\t\t\t<i aria-hidden=\"true\" class=\"fas fa-check-circle\"><\/i>\t\t\t\t\t\t<\/span>\n\t\t\t\t\t\t\t\t\t\t<span class=\"elementor-icon-list-text\">Creaci\u00f3n de plataformas multiling\u00fces con autenticaci\u00f3n social e integraci\u00f3n perfecta con servicios de terceros.<\/span>\n\t\t\t\t\t\t\t\t\t<\/li>\n\t\t\t\t\t\t\t\t<li class=\"elementor-icon-list-item\">\n\t\t\t\t\t\t\t\t\t\t\t<span class=\"elementor-icon-list-icon\">\n\t\t\t\t\t\t\t<i aria-hidden=\"true\" class=\"fas fa-check-circle\"><\/i>\t\t\t\t\t\t<\/span>\n\t\t\t\t\t\t\t\t\t\t<span class=\"elementor-icon-list-text\">Prestaci\u00f3n de servicios educativos a empresas sobre aprendizaje autom\u00e1tico e IA, ya que estas tecnolog\u00edas han demostrado un crecimiento fenomenal. Su aplicaci\u00f3n puede acelerar los procesos y el desarrollo, lo que aporta importantes beneficios a las empresas.<\/span>\n\t\t\t\t\t\t\t\t\t<\/li>\n\t\t\t\t\t\t\t\t<li class=\"elementor-icon-list-item\">\n\t\t\t\t\t\t\t\t\t\t\t<span class=\"elementor-icon-list-icon\">\n\t\t\t\t\t\t\t<i aria-hidden=\"true\" class=\"fas fa-check-circle\"><\/i>\t\t\t\t\t\t<\/span>\n\t\t\t\t\t\t\t\t\t\t<span class=\"elementor-icon-list-text\">En TCS Technology, nos especializamos en ofrecer servicios en ML e IA, con un enfoque en el desarrollo e implementaci\u00f3n de soluciones en aprendizaje autom\u00e1tico y profundo.<\/span>\n\t\t\t\t\t\t\t\t\t<\/li>\n\t\t\t\t\t\t\t\t<li class=\"elementor-icon-list-item\">\n\t\t\t\t\t\t\t\t\t\t\t<span class=\"elementor-icon-list-icon\">\n\t\t\t\t\t\t\t<i aria-hidden=\"true\" class=\"fas fa-check-circle\"><\/i>\t\t\t\t\t\t<\/span>\n\t\t\t\t\t\t\t\t\t\t<span class=\"elementor-icon-list-text\">Nuestro equipo destaca en la utilizaci\u00f3n de estas herramientas para ofrecer soluciones de plataforma y estrategia tambi\u00e9n a peque\u00f1as empresas y startups.<\/span>\n\t\t\t\t\t\t\t\t\t<\/li>\n\t\t\t\t\t\t<\/ul>\n\t\t\t\t\t\t<\/div>\n\t\t\t\t<\/div>\n\t\t\t\t<div class=\"elementor-element elementor-element-27ee78a elementor-widget elementor-widget-text-editor\" data-id=\"27ee78a\" data-element_type=\"widget\" data-e-type=\"widget\" data-widget_type=\"text-editor.default\">\n\t\t\t\t<div class=\"elementor-widget-container\">\n\t\t\t\t\t\t\t\t\t<p>Existen m\u00faltiples razones de peso para destacar el uso del aprendizaje autom\u00e1tico en negocios y empresas. La m\u00e1s importante es que el ML resulta muy ventajoso en la evaluaci\u00f3n y previsi\u00f3n de cr\u00e9ditos dentro del sector financiero.<\/p>\t\t\t\t\t\t\t\t<\/div>\n\t\t\t\t<\/div>\n\t\t\t\t\t<\/div>\n\t\t<\/div>\n\t\t\t\t<div class=\"elementor-column elementor-col-50 elementor-top-column elementor-element elementor-element-72315285\" data-id=\"72315285\" data-element_type=\"column\" data-e-type=\"column\">\n\t\t\t<div class=\"elementor-widget-wrap elementor-element-populated\">\n\t\t\t\t\t\t<div class=\"elementor-element elementor-element-52a07d8d elementor-widget elementor-widget-image\" data-id=\"52a07d8d\" data-element_type=\"widget\" data-e-type=\"widget\" data-widget_type=\"image.default\">\n\t\t\t\t<div class=\"elementor-widget-container\">\n\t\t\t\t\t\t\t\t\t\t\t\t\t\t\t<img fetchpriority=\"high\" decoding=\"async\" width=\"640\" height=\"960\" src=\"https:\/\/tcs-technology.com\/wp-content\/uploads\/2022\/04\/Accounting-and-Legal.jpg\" class=\"attachment-full size-full wp-image-2546\" alt=\"Accounting and Legal\" \/>\t\t\t\t\t\t\t\t\t\t\t\t\t\t\t<\/div>\n\t\t\t\t<\/div>\n\t\t\t\t\t<\/div>\n\t\t<\/div>\n\t\t\t\t\t<\/div>\n\t\t<\/section>\n\t\t\t\t<section class=\"elementor-section elementor-top-section elementor-element elementor-element-82fc0ff elementor-section-boxed elementor-section-height-default elementor-section-height-default\" data-id=\"82fc0ff\" data-element_type=\"section\" data-e-type=\"section\">\n\t\t\t\t\t\t<div class=\"elementor-container elementor-column-gap-default\">\n\t\t\t\t\t<div class=\"elementor-column elementor-col-100 elementor-top-column elementor-element elementor-element-2b632d03\" data-id=\"2b632d03\" data-element_type=\"column\" data-e-type=\"column\">\n\t\t\t<div class=\"elementor-widget-wrap elementor-element-populated\">\n\t\t\t\t\t\t<div class=\"elementor-element elementor-element-443ca4be elementor-widget elementor-widget-heading\" data-id=\"443ca4be\" data-element_type=\"widget\" data-e-type=\"widget\" data-widget_type=\"heading.default\">\n\t\t\t\t<div class=\"elementor-widget-container\">\n\t\t\t\t\t<h3 class=\"elementor-heading-title elementor-size-default\">Enfoque estrat\u00e9gico de la anal\u00edtica de datos <\/h3>\t\t\t\t<\/div>\n\t\t\t\t<\/div>\n\t\t\t\t<div class=\"elementor-element elementor-element-113ded6 p-text elementor-widget elementor-widget-text-editor\" data-id=\"113ded6\" data-element_type=\"widget\" data-e-type=\"widget\" data-widget_type=\"text-editor.default\">\n\t\t\t\t<div class=\"elementor-widget-container\">\n\t\t\t\t\t\t\t\t\t<p>Adem\u00e1s del aprendizaje autom\u00e1tico, incorporamos la anal\u00edtica de datos como componente vital de nuestro enfoque estrat\u00e9gico. La anal\u00edtica de datos desempe\u00f1a un papel crucial en nuestro plan de negocio, facilitando tareas como la miner\u00eda de datos, el an\u00e1lisis del rendimiento empresarial, la evaluaci\u00f3n comparativa y el procesamiento de eventos. Adoptar estos factores cr\u00edticos es clave para lograr un crecimiento sustancial de su empresa.<\/p><p>Adem\u00e1s del an\u00e1lisis de datos, tambi\u00e9n integramos cuadros de mando anal\u00edticos en nuestros proyectos. La utilizaci\u00f3n de cuadros de mando anal\u00edticos ofrece varias ventajas, como la visualizaci\u00f3n eficaz de los datos y la mejora de la productividad. Estos cuadros de mando ofrecen varias caracter\u00edsticas, como la capacidad de manejar m\u00faltiples fuentes de datos, interfaces de usuario seguras basadas en web e integraci\u00f3n perfecta con los informes generados.<\/p><p>Los motores de b\u00fasqueda desempe\u00f1an un papel importante, especialmente en proyectos que implican Big Data. Cuando se trata de contenido estructurado, esta categor\u00eda de motores de b\u00fasqueda supera a las dem\u00e1s en t\u00e9rminos de velocidad y eficacia. Por eso los incorporamos a nuestros planes estrat\u00e9gicos, ya que ofrecen escalabilidad y la capacidad de procesar grandes cantidades de datos simult\u00e1neamente.<\/p>\t\t\t\t\t\t\t\t<\/div>\n\t\t\t\t<\/div>\n\t\t\t\t\t<\/div>\n\t\t<\/div>\n\t\t\t\t\t<\/div>\n\t\t<\/section>\n\t\t\t\t<\/div>","protected":false},"excerpt":{"rendered":"<p>Servicios de desarrollo de software Nuestra empresa destaca por la combinaci\u00f3n de conocimientos tecnol\u00f3gicos y relevantes para el sector. Adem\u00e1s, disponemos de las herramientas necesarias para desarrollar software a medida para negocios y empresas. Lo conseguimos implicando activamente a equipos de talento excepcional y aprovechando nuestra amplia experiencia en este campo. Creemos que cualquier empresa puede sobresalir si su software [...]<\/p>","protected":false},"author":1,"featured_media":0,"parent":1270,"menu_order":0,"comment_status":"closed","ping_status":"closed","template":"elementor_header_footer","meta":{"footnotes":""},"class_list":["post-1291","page","type-page","status-publish","hentry"],"yoast_head":"<!-- This site is optimized with the Yoast SEO plugin v20.5 - https:\/\/yoast.com\/wordpress\/plugins\/seo\/ -->\n<title>\u00a0Software Development - TCS Technology AG<\/title>\n<meta name=\"description\" content=\"Our company excels in combining expertise related to tech-savvy and industry. we command customized and Software development for businesses.\" \/>\n<meta name=\"robots\" content=\"index, follow, max-snippet:-1, max-image-preview:large, max-video-preview:-1\" \/>\n<link rel=\"canonical\" href=\"https:\/\/tcs-technology.com\/es\/services\/software-development\/\" \/>\n<meta property=\"og:locale\" content=\"es_ES\" \/>\n<meta property=\"og:type\" content=\"article\" \/>\n<meta property=\"og:title\" content=\"\u00a0Software Development - TCS Technology AG\" \/>\n<meta property=\"og:description\" content=\"Our company excels in combining expertise related to tech-savvy and industry. we command customized and Software development for businesses.\" \/>\n<meta property=\"og:url\" content=\"https:\/\/tcs-technology.com\/es\/services\/software-development\/\" \/>\n<meta property=\"og:site_name\" content=\"TCS Technology AG\" \/>\n<meta property=\"article:modified_time\" content=\"2023-06-23T12:24:08+00:00\" \/>\n<meta property=\"og:image\" content=\"https:\/\/tcs-technology.com\/wp-content\/uploads\/2022\/04\/Accounting-and-Legal.jpg\" \/>\n<meta name=\"twitter:card\" content=\"summary_large_image\" \/>\n<meta name=\"twitter:label1\" content=\"Tiempo de lectura\" \/>\n\t<meta name=\"twitter:data1\" content=\"3 minutos\" \/>\n<script type=\"application\/ld+json\" class=\"yoast-schema-graph\">{\"@context\":\"https:\/\/schema.org\",\"@graph\":[{\"@type\":\"WebPage\",\"@id\":\"https:\/\/tcs-technology.com\/services\/software-development\/\",\"url\":\"https:\/\/tcs-technology.com\/services\/software-development\/\",\"name\":\"\u00a0Software Development - TCS Technology AG\",\"isPartOf\":{\"@id\":\"https:\/\/tcs-technology.com\/#website\"},\"datePublished\":\"2022-08-31T10:35:42+00:00\",\"dateModified\":\"2023-06-23T12:24:08+00:00\",\"description\":\"Our company excels in combining expertise related to tech-savvy and industry. we command customized and Software development for businesses.\",\"breadcrumb\":{\"@id\":\"https:\/\/tcs-technology.com\/services\/software-development\/#breadcrumb\"},\"inLanguage\":\"es\",\"potentialAction\":[{\"@type\":\"ReadAction\",\"target\":[\"https:\/\/tcs-technology.com\/services\/software-development\/\"]}]},{\"@type\":\"BreadcrumbList\",\"@id\":\"https:\/\/tcs-technology.com\/services\/software-development\/#breadcrumb\",\"itemListElement\":[{\"@type\":\"ListItem\",\"position\":1,\"name\":\"Home\",\"item\":\"https:\/\/tcs-technology.com\/\"},{\"@type\":\"ListItem\",\"position\":2,\"name\":\"Services\",\"item\":\"https:\/\/tcs-technology.com\/services\/\"},{\"@type\":\"ListItem\",\"position\":3,\"name\":\"\u00a0Software Development\"}]},{\"@type\":\"WebSite\",\"@id\":\"https:\/\/tcs-technology.com\/#website\",\"url\":\"https:\/\/tcs-technology.com\/\",\"name\":\"TCS Technology AG\",\"description\":\"We provide cutting-edge SaaS solutions for organizations in Switzerland and around the world with a focus on performance, security, and sustainability.\",\"publisher\":{\"@id\":\"https:\/\/tcs-technology.com\/#organization\"},\"potentialAction\":[{\"@type\":\"SearchAction\",\"target\":{\"@type\":\"EntryPoint\",\"urlTemplate\":\"https:\/\/tcs-technology.com\/?s={search_term_string}\"},\"query-input\":\"required name=search_term_string\"}],\"inLanguage\":\"es\"},{\"@type\":\"Organization\",\"@id\":\"https:\/\/tcs-technology.com\/#organization\",\"name\":\"TCS Technology AG\",\"url\":\"https:\/\/tcs-technology.com\/\",\"logo\":{\"@type\":\"ImageObject\",\"inLanguage\":\"es\",\"@id\":\"https:\/\/tcs-technology.com\/#\/schema\/logo\/image\/\",\"url\":\"https:\/\/tcs-technology.com\/wp-content\/uploads\/2022\/03\/logo-2.png\",\"contentUrl\":\"https:\/\/tcs-technology.com\/wp-content\/uploads\/2022\/03\/logo-2.png\",\"width\":8334,\"height\":6131,\"caption\":\"TCS Technology AG\"},\"image\":{\"@id\":\"https:\/\/tcs-technology.com\/#\/schema\/logo\/image\/\"}}]}<\/script>\n<!-- \/ Yoast SEO plugin. -->","yoast_head_json":{"title":"\u00a0Software Development - TCS Technology AG","description":"Our company excels in combining expertise related to tech-savvy and industry. we command customized and Software development for businesses.","robots":{"index":"index","follow":"follow","max-snippet":"max-snippet:-1","max-image-preview":"max-image-preview:large","max-video-preview":"max-video-preview:-1"},"canonical":"https:\/\/tcs-technology.com\/es\/services\/software-development\/","og_locale":"es_ES","og_type":"article","og_title":"\u00a0Software Development - TCS Technology AG","og_description":"Our company excels in combining expertise related to tech-savvy and industry. we command customized and Software development for businesses.","og_url":"https:\/\/tcs-technology.com\/es\/services\/software-development\/","og_site_name":"TCS Technology AG","article_modified_time":"2023-06-23T12:24:08+00:00","og_image":[{"url":"https:\/\/tcs-technology.com\/wp-content\/uploads\/2022\/04\/Accounting-and-Legal.jpg"}],"twitter_card":"summary_large_image","twitter_misc":{"Tiempo de lectura":"3 minutos"},"schema":{"@context":"https:\/\/schema.org","@graph":[{"@type":"WebPage","@id":"https:\/\/tcs-technology.com\/services\/software-development\/","url":"https:\/\/tcs-technology.com\/services\/software-development\/","name":"\u00a0Software Development - TCS Technology AG","isPartOf":{"@id":"https:\/\/tcs-technology.com\/#website"},"datePublished":"2022-08-31T10:35:42+00:00","dateModified":"2023-06-23T12:24:08+00:00","description":"Our company excels in combining expertise related to tech-savvy and industry. we command customized and Software development for businesses.","breadcrumb":{"@id":"https:\/\/tcs-technology.com\/services\/software-development\/#breadcrumb"},"inLanguage":"es","potentialAction":[{"@type":"ReadAction","target":["https:\/\/tcs-technology.com\/services\/software-development\/"]}]},{"@type":"BreadcrumbList","@id":"https:\/\/tcs-technology.com\/services\/software-development\/#breadcrumb","itemListElement":[{"@type":"ListItem","position":1,"name":"Home","item":"https:\/\/tcs-technology.com\/"},{"@type":"ListItem","position":2,"name":"Services","item":"https:\/\/tcs-technology.com\/services\/"},{"@type":"ListItem","position":3,"name":"\u00a0Software Development"}]},{"@type":"WebSite","@id":"https:\/\/tcs-technology.com\/#website","url":"https:\/\/tcs-technology.com\/","name":"TCS Technology AG","description":"We provide cutting-edge SaaS solutions for organizations in Switzerland and around the world with a focus on performance, security, and sustainability.","publisher":{"@id":"https:\/\/tcs-technology.com\/#organization"},"potentialAction":[{"@type":"SearchAction","target":{"@type":"EntryPoint","urlTemplate":"https:\/\/tcs-technology.com\/?s={search_term_string}"},"query-input":"required name=search_term_string"}],"inLanguage":"es"},{"@type":"Organization","@id":"https:\/\/tcs-technology.com\/#organization","name":"TCS Technology AG","url":"https:\/\/tcs-technology.com\/","logo":{"@type":"ImageObject","inLanguage":"es","@id":"https:\/\/tcs-technology.com\/#\/schema\/logo\/image\/","url":"https:\/\/tcs-technology.com\/wp-content\/uploads\/2022\/03\/logo-2.png","contentUrl":"https:\/\/tcs-technology.com\/wp-content\/uploads\/2022\/03\/logo-2.png","width":8334,"height":6131,"caption":"TCS Technology AG"},"image":{"@id":"https:\/\/tcs-technology.com\/#\/schema\/logo\/image\/"}}]}},"_links":{"self":[{"href":"https:\/\/tcs-technology.com\/es\/wp-json\/wp\/v2\/pages\/1291","targetHints":{"allow":["GET"]}}],"collection":[{"href":"https:\/\/tcs-technology.com\/es\/wp-json\/wp\/v2\/pages"}],"about":[{"href":"https:\/\/tcs-technology.com\/es\/wp-json\/wp\/v2\/types\/page"}],"author":[{"embeddable":true,"href":"https:\/\/tcs-technology.com\/es\/wp-json\/wp\/v2\/users\/1"}],"replies":[{"embeddable":true,"href":"https:\/\/tcs-technology.com\/es\/wp-json\/wp\/v2\/comments?post=1291"}],"version-history":[{"count":53,"href":"https:\/\/tcs-technology.com\/es\/wp-json\/wp\/v2\/pages\/1291\/revisions"}],"predecessor-version":[{"id":3250,"href":"https:\/\/tcs-technology.com\/es\/wp-json\/wp\/v2\/pages\/1291\/revisions\/3250"}],"up":[{"embeddable":true,"href":"https:\/\/tcs-technology.com\/es\/wp-json\/wp\/v2\/pages\/1270"}],"wp:attachment":[{"href":"https:\/\/tcs-technology.com\/es\/wp-json\/wp\/v2\/media?parent=1291"}],"curies":[{"name":"wp","href":"https:\/\/api.w.org\/{rel}","templated":true}]}}