{"id":1579,"date":"2022-04-05T08:29:07","date_gmt":"2022-04-05T06:29:07","guid":{"rendered":"https:\/\/tcs-technology.com\/?page_id=1579"},"modified":"2023-06-23T19:08:25","modified_gmt":"2023-06-23T17:08:25","slug":"retail-and-e-commerce","status":"publish","type":"page","link":"https:\/\/tcs-technology.com\/de\/verticals\/retail-and-e-commerce\/","title":{"rendered":"Einzelhandel und E-Commerce"},"content":{"rendered":"<div data-elementor-type=\"wp-page\" data-elementor-id=\"1579\" class=\"elementor elementor-1579\">\n\t\t\t\t\t\t<section class=\"elementor-section elementor-top-section elementor-element elementor-element-f7c6724 elementor-section-boxed elementor-section-height-default elementor-section-height-default\" data-id=\"f7c6724\" data-element_type=\"section\" data-e-type=\"section\" data-settings=\"{&quot;background_background&quot;:&quot;classic&quot;}\">\n\t\t\t\t\t\t<div class=\"elementor-container elementor-column-gap-default\">\n\t\t\t\t\t<div class=\"elementor-column elementor-col-100 elementor-top-column elementor-element elementor-element-7094d51\" data-id=\"7094d51\" data-element_type=\"column\" data-e-type=\"column\">\n\t\t\t<div class=\"elementor-widget-wrap elementor-element-populated\">\n\t\t\t\t\t\t<div class=\"elementor-element elementor-element-28f3fc3 elementor-align-center elementor-widget elementor-widget-breadcrumbs\" data-id=\"28f3fc3\" data-element_type=\"widget\" data-e-type=\"widget\" data-widget_type=\"breadcrumbs.default\">\n\t\t\t\t<div class=\"elementor-widget-container\">\n\t\t\t\t\t<p id=\"breadcrumbs\"><span><span><a href=\"https:\/\/tcs-technology.com\/de\/\">Startseite<\/a><\/span><\/span><\/p>\t\t\t\t<\/div>\n\t\t\t\t<\/div>\n\t\t\t\t\t<\/div>\n\t\t<\/div>\n\t\t\t\t\t<\/div>\n\t\t<\/section>\n\t\t\t\t<section class=\"elementor-section elementor-top-section elementor-element elementor-element-43b4f8c elementor-section-boxed elementor-section-height-default elementor-section-height-default\" data-id=\"43b4f8c\" data-element_type=\"section\" data-e-type=\"section\">\n\t\t\t\t\t\t<div class=\"elementor-container elementor-column-gap-default\">\n\t\t\t\t\t<div class=\"elementor-column elementor-col-100 elementor-top-column elementor-element elementor-element-f3ffc08\" data-id=\"f3ffc08\" data-element_type=\"column\" data-e-type=\"column\">\n\t\t\t<div class=\"elementor-widget-wrap elementor-element-populated\">\n\t\t\t\t\t\t<div class=\"elementor-element elementor-element-1c97695 elementor-widget elementor-widget-image\" data-id=\"1c97695\" data-element_type=\"widget\" data-e-type=\"widget\" data-widget_type=\"image.default\">\n\t\t\t\t<div class=\"elementor-widget-container\">\n\t\t\t\t\t\t\t\t\t\t\t\t\t\t\t<img fetchpriority=\"high\" decoding=\"async\" width=\"800\" height=\"333\" src=\"https:\/\/tcs-technology.com\/wp-content\/uploads\/2022\/04\/Retail-and-E-Commerce-banner.jpg\" class=\"attachment-large size-large wp-image-2634\" alt=\"Retail and E-Commerce banner\" \/>\t\t\t\t\t\t\t\t\t\t\t\t\t\t\t<\/div>\n\t\t\t\t<\/div>\n\t\t\t\t<div class=\"elementor-element elementor-element-a469d09 elementor-widget elementor-widget-heading\" data-id=\"a469d09\" data-element_type=\"widget\" data-e-type=\"widget\" data-widget_type=\"heading.default\">\n\t\t\t\t<div class=\"elementor-widget-container\">\n\t\t\t\t\t<h2 class=\"elementor-heading-title elementor-size-default\">Einzelhandel und E-Commerce<\/h2>\t\t\t\t<\/div>\n\t\t\t\t<\/div>\n\t\t\t\t<div class=\"elementor-element elementor-element-a37635b elementor-widget elementor-widget-text-editor\" data-id=\"a37635b\" data-element_type=\"widget\" data-e-type=\"widget\" data-widget_type=\"text-editor.default\">\n\t\t\t\t<div class=\"elementor-widget-container\">\n\t\t\t\t\t\t\t\t\t<p>Bieten Sie au\u00dfergew\u00f6hnliche Einkaufserlebnisse, sprechen Sie technikaffine Kunden an und bleiben Sie der Konkurrenz voraus.<\/p><p>Seit dem Beginn der COVID-19 hat sich die Landschaft der Einkaufsstra\u00dfen erheblich ver\u00e4ndert, und das Verhalten der Verbraucher hat sich entsprechend gewandelt. Um das \u00dcberleben der physischen L\u00e4den zu sichern, ist die digitale Transformation f\u00fcr den Einzelhandel von entscheidender Bedeutung.<\/p><p>W\u00e4hrend die Automatisierung oft mit der digitalen Transformation in Verbindung gebracht wird, ist KI der eigentliche Game Changer im Einzelhandel. In Verbindung mit einer verbesserten Datenanalyse erm\u00f6glicht KI den Unternehmen, den Verbrauchern aufregende und au\u00dfergew\u00f6hnliche Einkaufserlebnisse zu bieten, die sie dazu verleiten, das Haus zu verlassen und ihr Telefon aus der Hand zu legen. W\u00e4hrend das Online-Shopping weiterhin dominiert, k\u00f6nnen diejenigen, die ihre Online-Pr\u00e4senz beherrschen, diese nutzen, um das Einkaufen in den Gesch\u00e4ften zu beleben und die Ums\u00e4tze zu steigern.<\/p>\t\t\t\t\t\t\t\t<\/div>\n\t\t\t\t<\/div>\n\t\t\t\t\t<\/div>\n\t\t<\/div>\n\t\t\t\t\t<\/div>\n\t\t<\/section>\n\t\t\t\t<section class=\"elementor-section elementor-top-section elementor-element elementor-element-61fcf4b elementor-section-boxed elementor-section-height-default elementor-section-height-default\" data-id=\"61fcf4b\" data-element_type=\"section\" data-e-type=\"section\">\n\t\t\t\t\t\t<div class=\"elementor-container elementor-column-gap-default\">\n\t\t\t\t\t<div class=\"elementor-column elementor-col-50 elementor-top-column elementor-element elementor-element-aeefb35\" data-id=\"aeefb35\" data-element_type=\"column\" data-e-type=\"column\">\n\t\t\t<div class=\"elementor-widget-wrap elementor-element-populated\">\n\t\t\t\t\t\t<div class=\"elementor-element elementor-element-e7d5ee5 elementor-widget elementor-widget-heading\" data-id=\"e7d5ee5\" data-element_type=\"widget\" data-e-type=\"widget\" data-widget_type=\"heading.default\">\n\t\t\t\t<div class=\"elementor-widget-container\">\n\t\t\t\t\t<h3 class=\"elementor-heading-title elementor-size-default\">K\u00fcnstliche Intelligenz und physisches Einkaufen<\/h3>\t\t\t\t<\/div>\n\t\t\t\t<\/div>\n\t\t\t\t<div class=\"elementor-element elementor-element-b2178ff elementor-widget elementor-widget-text-editor\" data-id=\"b2178ff\" data-element_type=\"widget\" data-e-type=\"widget\" data-widget_type=\"text-editor.default\">\n\t\t\t\t<div class=\"elementor-widget-container\">\n\t\t\t\t\t\t\t\t\t<p>Mittlerweile kann man davon ausgehen, dass die meisten Einzelh\u00e4ndler in irgendeiner Form im Online-Handel pr\u00e4sent sind. Die n\u00e4chste Phase der digitalen Revolution im Einzelhandel besteht in der nahtlosen Integration der Online- und der physischen Erfahrung, um das Beste aus beiden Welten zu bieten. Beispiele hierf\u00fcr sind:<\/p>\t\t\t\t\t\t\t\t<\/div>\n\t\t\t\t<\/div>\n\t\t\t\t<div class=\"elementor-element elementor-element-7378584 elementor-icon-list--layout-traditional elementor-list-item-link-full_width elementor-widget elementor-widget-icon-list\" data-id=\"7378584\" data-element_type=\"widget\" data-e-type=\"widget\" data-widget_type=\"icon-list.default\">\n\t\t\t\t<div class=\"elementor-widget-container\">\n\t\t\t\t\t\t\t<ul class=\"elementor-icon-list-items\">\n\t\t\t\t\t\t\t<li class=\"elementor-icon-list-item\">\n\t\t\t\t\t\t\t\t\t\t\t<span class=\"elementor-icon-list-icon\">\n\t\t\t\t\t\t\t<i aria-hidden=\"true\" class=\"fas fa-check-circle\"><\/i>\t\t\t\t\t\t<\/span>\n\t\t\t\t\t\t\t\t\t\t<span class=\"elementor-icon-list-text\">Virtuelle Spiegel f\u00fcr interaktives Einkaufen, Outfit-Empfehlungen und virtuelle Gr\u00f6\u00dfenbestimmung<\/span>\n\t\t\t\t\t\t\t\t\t<\/li>\n\t\t\t\t\t\t\t\t<li class=\"elementor-icon-list-item\">\n\t\t\t\t\t\t\t\t\t\t\t<span class=\"elementor-icon-list-icon\">\n\t\t\t\t\t\t\t<i aria-hidden=\"true\" class=\"fas fa-check-circle\"><\/i>\t\t\t\t\t\t<\/span>\n\t\t\t\t\t\t\t\t\t\t<span class=\"elementor-icon-list-text\">Heatmaps in der Filiale zur Optimierung von Produktplatzierungen und Kundenstr\u00f6men<\/span>\n\t\t\t\t\t\t\t\t\t<\/li>\n\t\t\t\t\t\t\t\t<li class=\"elementor-icon-list-item\">\n\t\t\t\t\t\t\t\t\t\t\t<span class=\"elementor-icon-list-icon\">\n\t\t\t\t\t\t\t<i aria-hidden=\"true\" class=\"fas fa-check-circle\"><\/i>\t\t\t\t\t\t<\/span>\n\t\t\t\t\t\t\t\t\t\t<span class=\"elementor-icon-list-text\">Kassenlose Systeme f\u00fcr ein reibungsloseres, effizienteres Einkaufserlebnis<\/span>\n\t\t\t\t\t\t\t\t\t<\/li>\n\t\t\t\t\t\t\t\t<li class=\"elementor-icon-list-item\">\n\t\t\t\t\t\t\t\t\t\t\t<span class=\"elementor-icon-list-icon\">\n\t\t\t\t\t\t\t<i aria-hidden=\"true\" class=\"fas fa-check-circle\"><\/i>\t\t\t\t\t\t<\/span>\n\t\t\t\t\t\t\t\t\t\t<span class=\"elementor-icon-list-text\">Bilderkennung f\u00fcr Kunden zur \u00dcberpr\u00fcfung des Produktbestands und zur Vermeidung von Entt\u00e4uschungen<\/span>\n\t\t\t\t\t\t\t\t\t<\/li>\n\t\t\t\t\t\t<\/ul>\n\t\t\t\t\t\t<\/div>\n\t\t\t\t<\/div>\n\t\t\t\t<div class=\"elementor-element elementor-element-70fe9d6 elementor-widget elementor-widget-text-editor\" data-id=\"70fe9d6\" data-element_type=\"widget\" data-e-type=\"widget\" data-widget_type=\"text-editor.default\">\n\t\t\t\t<div class=\"elementor-widget-container\">\n\t\t\t\t\t\t\t\t\t<p>Trotz der Herausforderungen, mit denen das physische Einkaufen w\u00e4hrend der Schlie\u00dfung von Gesch\u00e4ften konfrontiert ist, gibt es allen Grund, es wiederzubeleben und zu verbessern. Der Schl\u00fcssel liegt darin, die Effizienz und die Zug\u00e4nglichkeit von Informationen beim Online-Shopping mit den greifbaren Vorteilen von Erlebnissen im Laden zu kombinieren, wie z. B. das Anprobieren von Kleidung und soziale Interaktionen. Durch die Umsetzung der oben genannten Strategien k\u00f6nnen Einzelh\u00e4ndler mit technikaffinen Verbrauchern in Kontakt treten und Konkurrenten ausstechen, die davon ausgehen, dass ein R\u00fcckgang der Besucherzahlen zu einer dauerhaften Verlagerung zum Online-Shopping f\u00fchrt.<\/p>\t\t\t\t\t\t\t\t<\/div>\n\t\t\t\t<\/div>\n\t\t\t\t\t<\/div>\n\t\t<\/div>\n\t\t\t\t<div class=\"elementor-column elementor-col-50 elementor-top-column elementor-element elementor-element-2641924\" data-id=\"2641924\" data-element_type=\"column\" data-e-type=\"column\">\n\t\t\t<div class=\"elementor-widget-wrap elementor-element-populated\">\n\t\t\t\t\t\t<div class=\"elementor-element elementor-element-fc42755 elementor-widget elementor-widget-image\" data-id=\"fc42755\" data-element_type=\"widget\" data-e-type=\"widget\" data-widget_type=\"image.default\">\n\t\t\t\t<div class=\"elementor-widget-container\">\n\t\t\t\t\t\t\t\t\t\t\t\t\t\t\t<img decoding=\"async\" width=\"500\" height=\"700\" src=\"https:\/\/tcs-technology.com\/wp-content\/uploads\/2022\/04\/Artificial-Intelligence-and-Physical-Shopping-.jpg\" class=\"attachment-large size-large wp-image-2642\" alt=\"Artificial Intelligence and Physical Shopping\" \/>\t\t\t\t\t\t\t\t\t\t\t\t\t\t\t<\/div>\n\t\t\t\t<\/div>\n\t\t\t\t\t<\/div>\n\t\t<\/div>\n\t\t\t\t\t<\/div>\n\t\t<\/section>\n\t\t\t\t<section class=\"elementor-section elementor-top-section elementor-element elementor-element-57adcc8 elementor-section-boxed elementor-section-height-default elementor-section-height-default\" data-id=\"57adcc8\" data-element_type=\"section\" data-e-type=\"section\">\n\t\t\t\t\t\t<div class=\"elementor-container elementor-column-gap-default\">\n\t\t\t\t\t<div class=\"elementor-column elementor-col-100 elementor-top-column elementor-element elementor-element-679ae67\" data-id=\"679ae67\" data-element_type=\"column\" data-e-type=\"column\">\n\t\t\t<div class=\"elementor-widget-wrap elementor-element-populated\">\n\t\t\t\t\t\t<div class=\"elementor-element elementor-element-e82ea7b elementor-widget elementor-widget-heading\" data-id=\"e82ea7b\" data-element_type=\"widget\" data-e-type=\"widget\" data-widget_type=\"heading.default\">\n\t\t\t\t<div class=\"elementor-widget-container\">\n\t\t\t\t\t<h3 class=\"elementor-heading-title elementor-size-default\">Priorisierung der Kundenerfahrung<\/h3>\t\t\t\t<\/div>\n\t\t\t\t<\/div>\n\t\t\t\t<div class=\"elementor-element elementor-element-e89c9ac elementor-widget elementor-widget-text-editor\" data-id=\"e89c9ac\" data-element_type=\"widget\" data-e-type=\"widget\" data-widget_type=\"text-editor.default\">\n\t\t\t\t<div class=\"elementor-widget-container\">\n\t\t\t\t\t\t\t\t\t<p>Der Einsatz intelligenter Einzelhandelstechnologien schafft ein einzigartiges Kundenerlebnis, das Ihr Gesch\u00e4ft von anderen abhebt und die Kunden dazu bringt, Sie der Konkurrenz vorzuziehen. Dar\u00fcber hinaus liefern digitale L\u00f6sungen im Einzelhandel wertvolle Daten, die zur Verbesserung von Werbe- und Marketingma\u00dfnahmen, zum besseren Verst\u00e4ndnis und zur gezielten Ansprache von Kunden sowie zur Steigerung des Umsatzes genutzt werden k\u00f6nnen. Stellen Sie sich vor, Sie w\u00e4ren eines der ersten Gesch\u00e4fte, das virtuelle Spiegel anbietet - die Kunden w\u00e4ren auf jeden Fall zu einem Besuch motiviert.<\/p><p>Sind Sie an ma\u00dfgeschneiderten Digitalisierungsl\u00f6sungen f\u00fcr Ihre IT-Projekte im Einzelhandel interessiert? \ud83d\udc4b <a href=\"https:\/\/tcs-technology.com\/de\/contact\/\">Nehmen Sie noch heute Kontakt mit unserem Team auf<\/a> f\u00fcr ein kostenloses, unverbindliches Beratungsgespr\u00e4ch. Wir konzentrieren uns darauf, Ihre spezifischen Bed\u00fcrfnisse zu verstehen und Ihnen zu erkl\u00e4ren, wie unsere Dienstleistungen Ihnen helfen k\u00f6nnen, ohne dabei aufdringlich zu sein.<\/p>\t\t\t\t\t\t\t\t<\/div>\n\t\t\t\t<\/div>\n\t\t\t\t\t<\/div>\n\t\t<\/div>\n\t\t\t\t\t<\/div>\n\t\t<\/section>\n\t\t\t\t<\/div>","protected":false},"excerpt":{"rendered":"<p>Einzelhandel und E-Commerce Bieten Sie au\u00dfergew\u00f6hnliche Einkaufserlebnisse, sprechen Sie technikaffine Verbraucher an und bleiben Sie der Konkurrenz voraus. Die Landschaft der Einkaufsstra\u00dfen hat sich seit COVID-19 erheblich ver\u00e4ndert, und das Verbraucherverhalten hat sich entsprechend gewandelt. Um das \u00dcberleben der physischen Gesch\u00e4fte zu sichern, ist die digitale Transformation in der Einzelhandelsbranche von entscheidender Bedeutung. W\u00e4hrend die Automatisierung [...]<\/p>","protected":false},"author":1,"featured_media":0,"parent":681,"menu_order":0,"comment_status":"closed","ping_status":"closed","template":"elementor_header_footer","meta":{"footnotes":""},"class_list":["post-1579","page","type-page","status-publish","hentry"],"yoast_head":"<!-- This site is optimized with the Yoast SEO plugin v20.5 - https:\/\/yoast.com\/wordpress\/plugins\/seo\/ -->\n<title>Retail and E-Commerce - TCS Technology AG<\/title>\n<meta name=\"robots\" content=\"index, follow, max-snippet:-1, max-image-preview:large, max-video-preview:-1\" \/>\n<link rel=\"canonical\" href=\"https:\/\/tcs-technology.com\/de\/verticals\/retail-and-e-commerce\/\" \/>\n<meta property=\"og:locale\" content=\"de_DE\" \/>\n<meta property=\"og:type\" content=\"article\" \/>\n<meta property=\"og:title\" content=\"Retail and E-Commerce - TCS Technology AG\" \/>\n<meta property=\"og:description\" content=\"Retail and E-Commerce Deliver extraordinary shopping experiences, engage with tech-savvy consumers, and stay ahead of the competition. The landscape of high streets has significantly changed since the onset of COVID-19, and consumer behaviors have shifted accordingly. In order to ensure the survival of physical stores, digital transformation is crucial in the retail industry. While automation [&hellip;]\" \/>\n<meta property=\"og:url\" content=\"https:\/\/tcs-technology.com\/de\/verticals\/retail-and-e-commerce\/\" \/>\n<meta property=\"og:site_name\" content=\"TCS Technology AG\" \/>\n<meta property=\"article:modified_time\" content=\"2023-06-23T17:08:25+00:00\" \/>\n<meta property=\"og:image\" content=\"https:\/\/tcs-technology.com\/wp-content\/uploads\/2022\/04\/Retail-and-E-Commerce-banner.jpg\" \/>\n<meta name=\"twitter:card\" content=\"summary_large_image\" \/>\n<meta name=\"twitter:label1\" content=\"Gesch\u00e4tzte Lesezeit\" \/>\n\t<meta name=\"twitter:data1\" content=\"3\u00a0Minuten\" \/>\n<script type=\"application\/ld+json\" class=\"yoast-schema-graph\">{\"@context\":\"https:\/\/schema.org\",\"@graph\":[{\"@type\":\"WebPage\",\"@id\":\"https:\/\/tcs-technology.com\/verticals\/retail-and-e-commerce\/\",\"url\":\"https:\/\/tcs-technology.com\/verticals\/retail-and-e-commerce\/\",\"name\":\"Retail and E-Commerce - TCS Technology AG\",\"isPartOf\":{\"@id\":\"https:\/\/tcs-technology.com\/#website\"},\"datePublished\":\"2022-04-05T06:29:07+00:00\",\"dateModified\":\"2023-06-23T17:08:25+00:00\",\"breadcrumb\":{\"@id\":\"https:\/\/tcs-technology.com\/verticals\/retail-and-e-commerce\/#breadcrumb\"},\"inLanguage\":\"de\",\"potentialAction\":[{\"@type\":\"ReadAction\",\"target\":[\"https:\/\/tcs-technology.com\/verticals\/retail-and-e-commerce\/\"]}]},{\"@type\":\"BreadcrumbList\",\"@id\":\"https:\/\/tcs-technology.com\/verticals\/retail-and-e-commerce\/#breadcrumb\",\"itemListElement\":[{\"@type\":\"ListItem\",\"position\":1,\"name\":\"Home\",\"item\":\"https:\/\/tcs-technology.com\/\"},{\"@type\":\"ListItem\",\"position\":2,\"name\":\"Verticals\",\"item\":\"https:\/\/tcs-technology.com\/verticals\/\"},{\"@type\":\"ListItem\",\"position\":3,\"name\":\"Retail and E-Commerce\"}]},{\"@type\":\"WebSite\",\"@id\":\"https:\/\/tcs-technology.com\/#website\",\"url\":\"https:\/\/tcs-technology.com\/\",\"name\":\"TCS Technology AG\",\"description\":\"We provide cutting-edge SaaS solutions for organizations in Switzerland and around the world with a focus on performance, security, and sustainability.\",\"publisher\":{\"@id\":\"https:\/\/tcs-technology.com\/#organization\"},\"potentialAction\":[{\"@type\":\"SearchAction\",\"target\":{\"@type\":\"EntryPoint\",\"urlTemplate\":\"https:\/\/tcs-technology.com\/?s={search_term_string}\"},\"query-input\":\"required name=search_term_string\"}],\"inLanguage\":\"de\"},{\"@type\":\"Organization\",\"@id\":\"https:\/\/tcs-technology.com\/#organization\",\"name\":\"TCS Technology AG\",\"url\":\"https:\/\/tcs-technology.com\/\",\"logo\":{\"@type\":\"ImageObject\",\"inLanguage\":\"de\",\"@id\":\"https:\/\/tcs-technology.com\/#\/schema\/logo\/image\/\",\"url\":\"https:\/\/tcs-technology.com\/wp-content\/uploads\/2022\/03\/logo-2.png\",\"contentUrl\":\"https:\/\/tcs-technology.com\/wp-content\/uploads\/2022\/03\/logo-2.png\",\"width\":8334,\"height\":6131,\"caption\":\"TCS Technology AG\"},\"image\":{\"@id\":\"https:\/\/tcs-technology.com\/#\/schema\/logo\/image\/\"}}]}<\/script>\n<!-- \/ Yoast SEO plugin. -->","yoast_head_json":{"title":"Retail and E-Commerce - TCS Technology AG","robots":{"index":"index","follow":"follow","max-snippet":"max-snippet:-1","max-image-preview":"max-image-preview:large","max-video-preview":"max-video-preview:-1"},"canonical":"https:\/\/tcs-technology.com\/de\/verticals\/retail-and-e-commerce\/","og_locale":"de_DE","og_type":"article","og_title":"Retail and E-Commerce - TCS Technology AG","og_description":"Retail and E-Commerce Deliver extraordinary shopping experiences, engage with tech-savvy consumers, and stay ahead of the competition. The landscape of high streets has significantly changed since the onset of COVID-19, and consumer behaviors have shifted accordingly. In order to ensure the survival of physical stores, digital transformation is crucial in the retail industry. While automation [&hellip;]","og_url":"https:\/\/tcs-technology.com\/de\/verticals\/retail-and-e-commerce\/","og_site_name":"TCS Technology AG","article_modified_time":"2023-06-23T17:08:25+00:00","og_image":[{"url":"https:\/\/tcs-technology.com\/wp-content\/uploads\/2022\/04\/Retail-and-E-Commerce-banner.jpg"}],"twitter_card":"summary_large_image","twitter_misc":{"Gesch\u00e4tzte Lesezeit":"3\u00a0Minuten"},"schema":{"@context":"https:\/\/schema.org","@graph":[{"@type":"WebPage","@id":"https:\/\/tcs-technology.com\/verticals\/retail-and-e-commerce\/","url":"https:\/\/tcs-technology.com\/verticals\/retail-and-e-commerce\/","name":"Retail and E-Commerce - TCS Technology AG","isPartOf":{"@id":"https:\/\/tcs-technology.com\/#website"},"datePublished":"2022-04-05T06:29:07+00:00","dateModified":"2023-06-23T17:08:25+00:00","breadcrumb":{"@id":"https:\/\/tcs-technology.com\/verticals\/retail-and-e-commerce\/#breadcrumb"},"inLanguage":"de","potentialAction":[{"@type":"ReadAction","target":["https:\/\/tcs-technology.com\/verticals\/retail-and-e-commerce\/"]}]},{"@type":"BreadcrumbList","@id":"https:\/\/tcs-technology.com\/verticals\/retail-and-e-commerce\/#breadcrumb","itemListElement":[{"@type":"ListItem","position":1,"name":"Home","item":"https:\/\/tcs-technology.com\/"},{"@type":"ListItem","position":2,"name":"Verticals","item":"https:\/\/tcs-technology.com\/verticals\/"},{"@type":"ListItem","position":3,"name":"Retail and E-Commerce"}]},{"@type":"WebSite","@id":"https:\/\/tcs-technology.com\/#website","url":"https:\/\/tcs-technology.com\/","name":"TCS Technology AG","description":"We provide cutting-edge SaaS solutions for organizations in Switzerland and around the world with a focus on performance, security, and sustainability.","publisher":{"@id":"https:\/\/tcs-technology.com\/#organization"},"potentialAction":[{"@type":"SearchAction","target":{"@type":"EntryPoint","urlTemplate":"https:\/\/tcs-technology.com\/?s={search_term_string}"},"query-input":"required name=search_term_string"}],"inLanguage":"de"},{"@type":"Organization","@id":"https:\/\/tcs-technology.com\/#organization","name":"TCS Technology AG","url":"https:\/\/tcs-technology.com\/","logo":{"@type":"ImageObject","inLanguage":"de","@id":"https:\/\/tcs-technology.com\/#\/schema\/logo\/image\/","url":"https:\/\/tcs-technology.com\/wp-content\/uploads\/2022\/03\/logo-2.png","contentUrl":"https:\/\/tcs-technology.com\/wp-content\/uploads\/2022\/03\/logo-2.png","width":8334,"height":6131,"caption":"TCS Technology AG"},"image":{"@id":"https:\/\/tcs-technology.com\/#\/schema\/logo\/image\/"}}]}},"_links":{"self":[{"href":"https:\/\/tcs-technology.com\/de\/wp-json\/wp\/v2\/pages\/1579","targetHints":{"allow":["GET"]}}],"collection":[{"href":"https:\/\/tcs-technology.com\/de\/wp-json\/wp\/v2\/pages"}],"about":[{"href":"https:\/\/tcs-technology.com\/de\/wp-json\/wp\/v2\/types\/page"}],"author":[{"embeddable":true,"href":"https:\/\/tcs-technology.com\/de\/wp-json\/wp\/v2\/users\/1"}],"replies":[{"embeddable":true,"href":"https:\/\/tcs-technology.com\/de\/wp-json\/wp\/v2\/comments?post=1579"}],"version-history":[{"count":13,"href":"https:\/\/tcs-technology.com\/de\/wp-json\/wp\/v2\/pages\/1579\/revisions"}],"predecessor-version":[{"id":3286,"href":"https:\/\/tcs-technology.com\/de\/wp-json\/wp\/v2\/pages\/1579\/revisions\/3286"}],"up":[{"embeddable":true,"href":"https:\/\/tcs-technology.com\/de\/wp-json\/wp\/v2\/pages\/681"}],"wp:attachment":[{"href":"https:\/\/tcs-technology.com\/de\/wp-json\/wp\/v2\/media?parent=1579"}],"curies":[{"name":"wp","href":"https:\/\/api.w.org\/{rel}","templated":true}]}}