{"id":1570,"date":"2022-04-05T08:24:34","date_gmt":"2022-04-05T06:24:34","guid":{"rendered":"https:\/\/tcs-technology.com\/?page_id=1570"},"modified":"2023-06-23T19:05:43","modified_gmt":"2023-06-23T17:05:43","slug":"manufacturing-and-industry","status":"publish","type":"page","link":"https:\/\/tcs-technology.com\/de\/verticals\/manufacturing-and-industry\/","title":{"rendered":"Verarbeitendes Gewerbe und Industrie"},"content":{"rendered":"<div data-elementor-type=\"wp-page\" data-elementor-id=\"1570\" class=\"elementor elementor-1570\">\n\t\t\t\t\t\t<section class=\"elementor-section elementor-top-section elementor-element elementor-element-d01ed71 elementor-section-boxed elementor-section-height-default elementor-section-height-default\" data-id=\"d01ed71\" data-element_type=\"section\" data-e-type=\"section\" data-settings=\"{&quot;background_background&quot;:&quot;classic&quot;}\">\n\t\t\t\t\t\t<div class=\"elementor-container elementor-column-gap-default\">\n\t\t\t\t\t<div class=\"elementor-column elementor-col-100 elementor-top-column elementor-element elementor-element-c709f7b\" data-id=\"c709f7b\" data-element_type=\"column\" data-e-type=\"column\">\n\t\t\t<div class=\"elementor-widget-wrap elementor-element-populated\">\n\t\t\t\t\t\t<div class=\"elementor-element elementor-element-e0acf3f elementor-align-center elementor-widget elementor-widget-breadcrumbs\" data-id=\"e0acf3f\" data-element_type=\"widget\" data-e-type=\"widget\" data-widget_type=\"breadcrumbs.default\">\n\t\t\t\t<div class=\"elementor-widget-container\">\n\t\t\t\t\t<p id=\"breadcrumbs\"><span><span><a href=\"https:\/\/tcs-technology.com\/de\/\">Startseite<\/a><\/span><\/span><\/p>\t\t\t\t<\/div>\n\t\t\t\t<\/div>\n\t\t\t\t\t<\/div>\n\t\t<\/div>\n\t\t\t\t\t<\/div>\n\t\t<\/section>\n\t\t\t\t<section class=\"elementor-section elementor-top-section elementor-element elementor-element-ba1dcfa elementor-section-boxed elementor-section-height-default elementor-section-height-default\" data-id=\"ba1dcfa\" data-element_type=\"section\" data-e-type=\"section\">\n\t\t\t\t\t\t<div class=\"elementor-container elementor-column-gap-default\">\n\t\t\t\t\t<div class=\"elementor-column elementor-col-100 elementor-top-column elementor-element elementor-element-823f77d\" data-id=\"823f77d\" data-element_type=\"column\" data-e-type=\"column\">\n\t\t\t<div class=\"elementor-widget-wrap elementor-element-populated\">\n\t\t\t\t\t\t<div class=\"elementor-element elementor-element-bd42250 elementor-widget elementor-widget-image\" data-id=\"bd42250\" data-element_type=\"widget\" data-e-type=\"widget\" data-widget_type=\"image.default\">\n\t\t\t\t<div class=\"elementor-widget-container\">\n\t\t\t\t\t\t\t\t\t\t\t\t\t\t\t<img fetchpriority=\"high\" decoding=\"async\" width=\"800\" height=\"400\" src=\"https:\/\/tcs-technology.com\/wp-content\/uploads\/2022\/04\/Manufacturing-and-Industry-.jpg\" class=\"attachment-large size-large wp-image-2647\" alt=\"Manufacturing and Industry\" \/>\t\t\t\t\t\t\t\t\t\t\t\t\t\t\t<\/div>\n\t\t\t\t<\/div>\n\t\t\t\t<div class=\"elementor-element elementor-element-c01d7df elementor-widget elementor-widget-heading\" data-id=\"c01d7df\" data-element_type=\"widget\" data-e-type=\"widget\" data-widget_type=\"heading.default\">\n\t\t\t\t<div class=\"elementor-widget-container\">\n\t\t\t\t\t<h2 class=\"elementor-heading-title elementor-size-default\">Verarbeitendes Gewerbe und Industrie<\/h2>\t\t\t\t<\/div>\n\t\t\t\t<\/div>\n\t\t\t\t<div class=\"elementor-element elementor-element-5ba604b elementor-widget elementor-widget-text-editor\" data-id=\"5ba604b\" data-element_type=\"widget\" data-e-type=\"widget\" data-widget_type=\"text-editor.default\">\n\t\t\t\t<div class=\"elementor-widget-container\">\n\t\t\t\t\t\t\t\t\t<p>Um die Reaktionsf\u00e4higkeit auf M\u00e4rkte und Kundenw\u00fcnsche zu verbessern, die Verschwendung zu reduzieren und Nachhaltigkeit zu erreichen, ist eine intelligente Transformation der Schl\u00fcssel.<\/p><p>Lassen Sie sich nicht von der Vorstellung t\u00e4uschen, dass das verarbeitende Gewerbe und die Industrie ausschlie\u00dflich auf arbeitsintensive und manuelle T\u00e4tigkeiten angewiesen sind. Die digitale Transformation kann zahlreiche Vorteile und Chancen f\u00fcr diese Sektoren er\u00f6ffnen.<\/p>\t\t\t\t\t\t\t\t<\/div>\n\t\t\t\t<\/div>\n\t\t\t\t\t<\/div>\n\t\t<\/div>\n\t\t\t\t\t<\/div>\n\t\t<\/section>\n\t\t\t\t<section class=\"elementor-section elementor-top-section elementor-element elementor-element-474720c elementor-section-boxed elementor-section-height-default elementor-section-height-default\" data-id=\"474720c\" data-element_type=\"section\" data-e-type=\"section\">\n\t\t\t\t\t\t<div class=\"elementor-container elementor-column-gap-default\">\n\t\t\t\t\t<div class=\"elementor-column elementor-col-50 elementor-top-column elementor-element elementor-element-d0d7b61\" data-id=\"d0d7b61\" data-element_type=\"column\" data-e-type=\"column\">\n\t\t\t<div class=\"elementor-widget-wrap elementor-element-populated\">\n\t\t\t\t\t\t<div class=\"elementor-element elementor-element-d558fe8 elementor-widget elementor-widget-heading\" data-id=\"d558fe8\" data-element_type=\"widget\" data-e-type=\"widget\" data-widget_type=\"heading.default\">\n\t\t\t\t<div class=\"elementor-widget-container\">\n\t\t\t\t\t<h3 class=\"elementor-heading-title elementor-size-default\">Wie man Fertigungsprozesse digital verbessert<\/h3>\t\t\t\t<\/div>\n\t\t\t\t<\/div>\n\t\t\t\t<div class=\"elementor-element elementor-element-e7f6bfc elementor-widget elementor-widget-text-editor\" data-id=\"e7f6bfc\" data-element_type=\"widget\" data-e-type=\"widget\" data-widget_type=\"text-editor.default\">\n\t\t\t\t<div class=\"elementor-widget-container\">\n\t\t\t\t\t\t\t\t\t<p>In einem hart umk\u00e4mpften Markt, der sich gegen Ver\u00e4nderungen str\u00e4ubt, k\u00f6nnte eine St\u00f6rung des Marktes der Vorteil sein, den Sie brauchen. Betrachten Sie die folgenden digitalen Transformationen in der Fertigung:<\/p>\t\t\t\t\t\t\t\t<\/div>\n\t\t\t\t<\/div>\n\t\t\t\t<div class=\"elementor-element elementor-element-2c35523 elementor-icon-list--layout-traditional elementor-list-item-link-full_width elementor-widget elementor-widget-icon-list\" data-id=\"2c35523\" data-element_type=\"widget\" data-e-type=\"widget\" data-widget_type=\"icon-list.default\">\n\t\t\t\t<div class=\"elementor-widget-container\">\n\t\t\t\t\t\t\t<ul class=\"elementor-icon-list-items\">\n\t\t\t\t\t\t\t<li class=\"elementor-icon-list-item\">\n\t\t\t\t\t\t\t\t\t\t\t<span class=\"elementor-icon-list-icon\">\n\t\t\t\t\t\t\t<i aria-hidden=\"true\" class=\"fas fa-check-circle\"><\/i>\t\t\t\t\t\t<\/span>\n\t\t\t\t\t\t\t\t\t\t<span class=\"elementor-icon-list-text\">Einf\u00fchrung von eCommerce-L\u00f6sungen zur Vereinfachung der Bestellvorg\u00e4nge der Verbraucher und zur besseren Erf\u00fcllung ihrer Anforderungen<\/span>\n\t\t\t\t\t\t\t\t\t<\/li>\n\t\t\t\t\t\t\t\t<li class=\"elementor-icon-list-item\">\n\t\t\t\t\t\t\t\t\t\t\t<span class=\"elementor-icon-list-icon\">\n\t\t\t\t\t\t\t<i aria-hidden=\"true\" class=\"fas fa-check-circle\"><\/i>\t\t\t\t\t\t<\/span>\n\t\t\t\t\t\t\t\t\t\t<span class=\"elementor-icon-list-text\">Nutzung datengest\u00fctzter Analysen und k\u00fcnstlicher Intelligenz zur Bewertung fr\u00fcherer Projekte und Leistungen, zur Ermittlung und Beseitigung unn\u00f6tiger Verschwendung und Ressourcenkosten<\/span>\n\t\t\t\t\t\t\t\t\t<\/li>\n\t\t\t\t\t\t\t\t<li class=\"elementor-icon-list-item\">\n\t\t\t\t\t\t\t\t\t\t\t<span class=\"elementor-icon-list-icon\">\n\t\t\t\t\t\t\t<i aria-hidden=\"true\" class=\"fas fa-check-circle\"><\/i>\t\t\t\t\t\t<\/span>\n\t\t\t\t\t\t\t\t\t\t<span class=\"elementor-icon-list-text\">Nutzung von Echtzeit-Datenanalysen zur Verfolgung des Verschlei\u00dfes von Maschinen und Anlagen, zur Vorwegnahme des Wartungsbedarfs und zur Planung notwendiger Aufr\u00fcstungen<\/span>\n\t\t\t\t\t\t\t\t\t<\/li>\n\t\t\t\t\t\t\t\t<li class=\"elementor-icon-list-item\">\n\t\t\t\t\t\t\t\t\t\t\t<span class=\"elementor-icon-list-icon\">\n\t\t\t\t\t\t\t<i aria-hidden=\"true\" class=\"fas fa-check-circle\"><\/i>\t\t\t\t\t\t<\/span>\n\t\t\t\t\t\t\t\t\t\t<span class=\"elementor-icon-list-text\">Einsatz innovativer Fertigungsmethoden und Materialien zur \u00dcberwindung fr\u00fcherer Hindernisse und zur Herstellung h\u00f6herwertiger Produkte<\/span>\n\t\t\t\t\t\t\t\t\t<\/li>\n\t\t\t\t\t\t<\/ul>\n\t\t\t\t\t\t<\/div>\n\t\t\t\t<\/div>\n\t\t\t\t\t<\/div>\n\t\t<\/div>\n\t\t\t\t<div class=\"elementor-column elementor-col-50 elementor-top-column elementor-element elementor-element-5f77d92\" data-id=\"5f77d92\" data-element_type=\"column\" data-e-type=\"column\">\n\t\t\t<div class=\"elementor-widget-wrap elementor-element-populated\">\n\t\t\t\t\t\t<div class=\"elementor-element elementor-element-7f8b3a1 elementor-widget elementor-widget-image\" data-id=\"7f8b3a1\" data-element_type=\"widget\" data-e-type=\"widget\" data-widget_type=\"image.default\">\n\t\t\t\t<div class=\"elementor-widget-container\">\n\t\t\t\t\t\t\t\t\t\t\t\t\t\t\t<img decoding=\"async\" width=\"500\" height=\"559\" src=\"https:\/\/tcs-technology.com\/wp-content\/uploads\/2022\/04\/Focal-points-for-Online-Learning-.jpg\" class=\"attachment-large size-large wp-image-2619\" alt=\"Focal points for Online Learning\" \/>\t\t\t\t\t\t\t\t\t\t\t\t\t\t\t<\/div>\n\t\t\t\t<\/div>\n\t\t\t\t\t<\/div>\n\t\t<\/div>\n\t\t\t\t\t<\/div>\n\t\t<\/section>\n\t\t\t\t<section class=\"elementor-section elementor-top-section elementor-element elementor-element-b1a0273 elementor-section-boxed elementor-section-height-default elementor-section-height-default\" data-id=\"b1a0273\" data-element_type=\"section\" data-e-type=\"section\">\n\t\t\t\t\t\t<div class=\"elementor-container elementor-column-gap-default\">\n\t\t\t\t\t<div class=\"elementor-column elementor-col-100 elementor-top-column elementor-element elementor-element-c1ac6d1\" data-id=\"c1ac6d1\" data-element_type=\"column\" data-e-type=\"column\">\n\t\t\t<div class=\"elementor-widget-wrap elementor-element-populated\">\n\t\t\t\t\t\t<div class=\"elementor-element elementor-element-7699c80 elementor-widget elementor-widget-text-editor\" data-id=\"7699c80\" data-element_type=\"widget\" data-e-type=\"widget\" data-widget_type=\"text-editor.default\">\n\t\t\t\t<div class=\"elementor-widget-container\">\n\t\t\t\t\t\t\t\t\t<p>Durch die Verringerung von Abf\u00e4llen und unn\u00f6tigen Ressourceneink\u00e4ufen steigern Sie nicht nur die Rentabilit\u00e4t Ihres Unternehmens, sondern f\u00f6rdern auch Umweltfreundlichkeit und Nachhaltigkeit, die von den heutigen Verbrauchern sehr gesch\u00e4tzt werden. Daher sollten die Fortschritte in der Fertigung und Industrie \u00fcber die Automatisierung von Flie\u00dfb\u00e4ndern, die Bestandsverfolgung und die Optimierung der Lieferkette hinausgehen. Bedenken Sie die positiven Auswirkungen, die digitale Transformation und Analytik auf die Umwelt haben k\u00f6nnen.<\/p>\t\t\t\t\t\t\t\t<\/div>\n\t\t\t\t<\/div>\n\t\t\t\t<div class=\"elementor-element elementor-element-8dded02 elementor-widget elementor-widget-heading\" data-id=\"8dded02\" data-element_type=\"widget\" data-e-type=\"widget\" data-widget_type=\"heading.default\">\n\t\t\t\t<div class=\"elementor-widget-container\">\n\t\t\t\t\t<h3 class=\"elementor-heading-title elementor-size-default\">Vorbereitung auf sich ver\u00e4ndernde Verbrauchertrends<\/h3>\t\t\t\t<\/div>\n\t\t\t\t<\/div>\n\t\t\t\t<div class=\"elementor-element elementor-element-a43541b elementor-widget elementor-widget-text-editor\" data-id=\"a43541b\" data-element_type=\"widget\" data-e-type=\"widget\" data-widget_type=\"text-editor.default\">\n\t\t\t\t<div class=\"elementor-widget-container\">\n\t\t\t\t\t\t\t\t\t<p>Wenn Sie sich auf diese Ver\u00e4nderungen einlassen, stellen Sie sicher, dass Sie sich an den Werten Ihrer Kunden orientieren. Durch die Integration von eCommerce und optimierten Bestell- und Nachverfolgungssystemen f\u00fcr Ihre Kunden verbessern Sie Ihre Reaktionsf\u00e4higkeit auf dem Markt und erf\u00fcllen die Kundenw\u00fcnsche effektiver. Ebenso zeigen intelligente Ver\u00e4nderungen, dass Sie nicht auf Kosten des Planeten Profit machen, was in einer Zeit zunehmender Umweltbedenken von entscheidender Bedeutung ist.<\/p><p>Sind Sie an ma\u00dfgeschneiderten Digitalisierungsl\u00f6sungen f\u00fcr Ihre IT-Projekte in der Fertigung interessiert? \ud83d\udc4b <a href=\"https:\/\/tcs-technology.com\/de\/contact\/\">Nehmen Sie noch heute Kontakt mit unserem Team auf<\/a> f\u00fcr ein kostenloses, unverbindliches Beratungsgespr\u00e4ch. Wir konzentrieren uns darauf, Ihre spezifischen Bed\u00fcrfnisse zu verstehen und Ihnen zu erkl\u00e4ren, wie unsere Dienstleistungen Ihnen helfen k\u00f6nnen, ohne dabei aufdringlich zu sein.<\/p>\t\t\t\t\t\t\t\t<\/div>\n\t\t\t\t<\/div>\n\t\t\t\t\t<\/div>\n\t\t<\/div>\n\t\t\t\t\t<\/div>\n\t\t<\/section>\n\t\t\t\t<\/div>","protected":false},"excerpt":{"rendered":"<p>Fertigung und Industrie Um die Reaktionsf\u00e4higkeit auf M\u00e4rkte und Kundenw\u00fcnsche zu verbessern, die Verschwendung zu reduzieren und Nachhaltigkeit zu erreichen, ist eine intelligente Transformation der Schl\u00fcssel. Lassen Sie sich nicht von der Vorstellung t\u00e4uschen, dass das verarbeitende Gewerbe und die Industrie ausschlie\u00dflich auf arbeitsintensive und manuelle T\u00e4tigkeiten angewiesen sind. Die digitale Transformation kann zahlreiche Vorteile und Chancen f\u00fcr diese Sektoren er\u00f6ffnen. Wie man Fertigungsprozesse verbessert [...]<\/p>","protected":false},"author":1,"featured_media":0,"parent":681,"menu_order":0,"comment_status":"closed","ping_status":"closed","template":"elementor_header_footer","meta":{"footnotes":""},"class_list":["post-1570","page","type-page","status-publish","hentry"],"yoast_head":"<!-- This site is optimized with the Yoast SEO plugin v20.5 - https:\/\/yoast.com\/wordpress\/plugins\/seo\/ -->\n<title>Manufacturing and Industry - TCS Technology AG<\/title>\n<meta name=\"robots\" content=\"index, follow, max-snippet:-1, max-image-preview:large, max-video-preview:-1\" \/>\n<link rel=\"canonical\" href=\"https:\/\/tcs-technology.com\/de\/verticals\/manufacturing-and-industry\/\" \/>\n<meta property=\"og:locale\" content=\"de_DE\" \/>\n<meta property=\"og:type\" content=\"article\" \/>\n<meta property=\"og:title\" content=\"Manufacturing and Industry - TCS Technology AG\" \/>\n<meta property=\"og:description\" content=\"Manufacturing and Industry To improve responsiveness to markets and customer demands, reduce wastage, and achieve sustainability, smart transformation is key. Don&#8217;t be mistaken by the perception that manufacturing and industry are solely reliant on labor-intensive and manual work. Embracing digital transformation can unlock numerous benefits and opportunities for these sectors. How to Enhance Manufacturing Processes [&hellip;]\" \/>\n<meta property=\"og:url\" content=\"https:\/\/tcs-technology.com\/de\/verticals\/manufacturing-and-industry\/\" \/>\n<meta property=\"og:site_name\" content=\"TCS Technology AG\" \/>\n<meta property=\"article:modified_time\" content=\"2023-06-23T17:05:43+00:00\" \/>\n<meta property=\"og:image\" content=\"https:\/\/tcs-technology.com\/wp-content\/uploads\/2022\/04\/Manufacturing-and-Industry-.jpg\" \/>\n<meta name=\"twitter:card\" content=\"summary_large_image\" \/>\n<meta name=\"twitter:label1\" content=\"Gesch\u00e4tzte Lesezeit\" \/>\n\t<meta name=\"twitter:data1\" content=\"2\u00a0Minuten\" \/>\n<script type=\"application\/ld+json\" class=\"yoast-schema-graph\">{\"@context\":\"https:\/\/schema.org\",\"@graph\":[{\"@type\":\"WebPage\",\"@id\":\"https:\/\/tcs-technology.com\/verticals\/manufacturing-and-industry\/\",\"url\":\"https:\/\/tcs-technology.com\/verticals\/manufacturing-and-industry\/\",\"name\":\"Manufacturing and Industry - TCS Technology AG\",\"isPartOf\":{\"@id\":\"https:\/\/tcs-technology.com\/#website\"},\"datePublished\":\"2022-04-05T06:24:34+00:00\",\"dateModified\":\"2023-06-23T17:05:43+00:00\",\"breadcrumb\":{\"@id\":\"https:\/\/tcs-technology.com\/verticals\/manufacturing-and-industry\/#breadcrumb\"},\"inLanguage\":\"de\",\"potentialAction\":[{\"@type\":\"ReadAction\",\"target\":[\"https:\/\/tcs-technology.com\/verticals\/manufacturing-and-industry\/\"]}]},{\"@type\":\"BreadcrumbList\",\"@id\":\"https:\/\/tcs-technology.com\/verticals\/manufacturing-and-industry\/#breadcrumb\",\"itemListElement\":[{\"@type\":\"ListItem\",\"position\":1,\"name\":\"Home\",\"item\":\"https:\/\/tcs-technology.com\/\"},{\"@type\":\"ListItem\",\"position\":2,\"name\":\"Verticals\",\"item\":\"https:\/\/tcs-technology.com\/verticals\/\"},{\"@type\":\"ListItem\",\"position\":3,\"name\":\"Manufacturing and Industry\"}]},{\"@type\":\"WebSite\",\"@id\":\"https:\/\/tcs-technology.com\/#website\",\"url\":\"https:\/\/tcs-technology.com\/\",\"name\":\"TCS Technology AG\",\"description\":\"We provide cutting-edge SaaS solutions for organizations in Switzerland and around the world with a focus on performance, security, and sustainability.\",\"publisher\":{\"@id\":\"https:\/\/tcs-technology.com\/#organization\"},\"potentialAction\":[{\"@type\":\"SearchAction\",\"target\":{\"@type\":\"EntryPoint\",\"urlTemplate\":\"https:\/\/tcs-technology.com\/?s={search_term_string}\"},\"query-input\":\"required name=search_term_string\"}],\"inLanguage\":\"de\"},{\"@type\":\"Organization\",\"@id\":\"https:\/\/tcs-technology.com\/#organization\",\"name\":\"TCS Technology AG\",\"url\":\"https:\/\/tcs-technology.com\/\",\"logo\":{\"@type\":\"ImageObject\",\"inLanguage\":\"de\",\"@id\":\"https:\/\/tcs-technology.com\/#\/schema\/logo\/image\/\",\"url\":\"https:\/\/tcs-technology.com\/wp-content\/uploads\/2022\/03\/logo-2.png\",\"contentUrl\":\"https:\/\/tcs-technology.com\/wp-content\/uploads\/2022\/03\/logo-2.png\",\"width\":8334,\"height\":6131,\"caption\":\"TCS Technology AG\"},\"image\":{\"@id\":\"https:\/\/tcs-technology.com\/#\/schema\/logo\/image\/\"}}]}<\/script>\n<!-- \/ Yoast SEO plugin. -->","yoast_head_json":{"title":"Manufacturing and Industry - TCS Technology AG","robots":{"index":"index","follow":"follow","max-snippet":"max-snippet:-1","max-image-preview":"max-image-preview:large","max-video-preview":"max-video-preview:-1"},"canonical":"https:\/\/tcs-technology.com\/de\/verticals\/manufacturing-and-industry\/","og_locale":"de_DE","og_type":"article","og_title":"Manufacturing and Industry - TCS Technology AG","og_description":"Manufacturing and Industry To improve responsiveness to markets and customer demands, reduce wastage, and achieve sustainability, smart transformation is key. Don&#8217;t be mistaken by the perception that manufacturing and industry are solely reliant on labor-intensive and manual work. Embracing digital transformation can unlock numerous benefits and opportunities for these sectors. How to Enhance Manufacturing Processes [&hellip;]","og_url":"https:\/\/tcs-technology.com\/de\/verticals\/manufacturing-and-industry\/","og_site_name":"TCS Technology AG","article_modified_time":"2023-06-23T17:05:43+00:00","og_image":[{"url":"https:\/\/tcs-technology.com\/wp-content\/uploads\/2022\/04\/Manufacturing-and-Industry-.jpg"}],"twitter_card":"summary_large_image","twitter_misc":{"Gesch\u00e4tzte Lesezeit":"2\u00a0Minuten"},"schema":{"@context":"https:\/\/schema.org","@graph":[{"@type":"WebPage","@id":"https:\/\/tcs-technology.com\/verticals\/manufacturing-and-industry\/","url":"https:\/\/tcs-technology.com\/verticals\/manufacturing-and-industry\/","name":"Manufacturing and Industry - TCS Technology AG","isPartOf":{"@id":"https:\/\/tcs-technology.com\/#website"},"datePublished":"2022-04-05T06:24:34+00:00","dateModified":"2023-06-23T17:05:43+00:00","breadcrumb":{"@id":"https:\/\/tcs-technology.com\/verticals\/manufacturing-and-industry\/#breadcrumb"},"inLanguage":"de","potentialAction":[{"@type":"ReadAction","target":["https:\/\/tcs-technology.com\/verticals\/manufacturing-and-industry\/"]}]},{"@type":"BreadcrumbList","@id":"https:\/\/tcs-technology.com\/verticals\/manufacturing-and-industry\/#breadcrumb","itemListElement":[{"@type":"ListItem","position":1,"name":"Home","item":"https:\/\/tcs-technology.com\/"},{"@type":"ListItem","position":2,"name":"Verticals","item":"https:\/\/tcs-technology.com\/verticals\/"},{"@type":"ListItem","position":3,"name":"Manufacturing and Industry"}]},{"@type":"WebSite","@id":"https:\/\/tcs-technology.com\/#website","url":"https:\/\/tcs-technology.com\/","name":"TCS Technology AG","description":"We provide cutting-edge SaaS solutions for organizations in Switzerland and around the world with a focus on performance, security, and sustainability.","publisher":{"@id":"https:\/\/tcs-technology.com\/#organization"},"potentialAction":[{"@type":"SearchAction","target":{"@type":"EntryPoint","urlTemplate":"https:\/\/tcs-technology.com\/?s={search_term_string}"},"query-input":"required name=search_term_string"}],"inLanguage":"de"},{"@type":"Organization","@id":"https:\/\/tcs-technology.com\/#organization","name":"TCS Technology AG","url":"https:\/\/tcs-technology.com\/","logo":{"@type":"ImageObject","inLanguage":"de","@id":"https:\/\/tcs-technology.com\/#\/schema\/logo\/image\/","url":"https:\/\/tcs-technology.com\/wp-content\/uploads\/2022\/03\/logo-2.png","contentUrl":"https:\/\/tcs-technology.com\/wp-content\/uploads\/2022\/03\/logo-2.png","width":8334,"height":6131,"caption":"TCS Technology AG"},"image":{"@id":"https:\/\/tcs-technology.com\/#\/schema\/logo\/image\/"}}]}},"_links":{"self":[{"href":"https:\/\/tcs-technology.com\/de\/wp-json\/wp\/v2\/pages\/1570","targetHints":{"allow":["GET"]}}],"collection":[{"href":"https:\/\/tcs-technology.com\/de\/wp-json\/wp\/v2\/pages"}],"about":[{"href":"https:\/\/tcs-technology.com\/de\/wp-json\/wp\/v2\/types\/page"}],"author":[{"embeddable":true,"href":"https:\/\/tcs-technology.com\/de\/wp-json\/wp\/v2\/users\/1"}],"replies":[{"embeddable":true,"href":"https:\/\/tcs-technology.com\/de\/wp-json\/wp\/v2\/comments?post=1570"}],"version-history":[{"count":13,"href":"https:\/\/tcs-technology.com\/de\/wp-json\/wp\/v2\/pages\/1570\/revisions"}],"predecessor-version":[{"id":3283,"href":"https:\/\/tcs-technology.com\/de\/wp-json\/wp\/v2\/pages\/1570\/revisions\/3283"}],"up":[{"embeddable":true,"href":"https:\/\/tcs-technology.com\/de\/wp-json\/wp\/v2\/pages\/681"}],"wp:attachment":[{"href":"https:\/\/tcs-technology.com\/de\/wp-json\/wp\/v2\/media?parent=1570"}],"curies":[{"name":"wp","href":"https:\/\/api.w.org\/{rel}","templated":true}]}}