{"id":1296,"date":"2022-08-31T13:40:40","date_gmt":"2022-08-31T11:40:40","guid":{"rendered":"https:\/\/tcs-technology.com\/?page_id=1296"},"modified":"2023-06-23T18:54:50","modified_gmt":"2023-06-23T16:54:50","slug":"strategic-partnership","status":"publish","type":"page","link":"https:\/\/tcs-technology.com\/de\/services\/strategic-partnership\/","title":{"rendered":"Strategische Partnerschaft und Investitionen"},"content":{"rendered":"<div data-elementor-type=\"wp-page\" data-elementor-id=\"1296\" class=\"elementor elementor-1296\">\n\t\t\t\t\t\t<section class=\"elementor-section elementor-top-section elementor-element elementor-element-2611aed elementor-section-boxed elementor-section-height-default elementor-section-height-default\" data-id=\"2611aed\" data-element_type=\"section\" data-e-type=\"section\" data-settings=\"{&quot;background_background&quot;:&quot;classic&quot;}\">\n\t\t\t\t\t\t<div class=\"elementor-container elementor-column-gap-default\">\n\t\t\t\t\t<div class=\"elementor-column elementor-col-100 elementor-top-column elementor-element elementor-element-925af81\" data-id=\"925af81\" data-element_type=\"column\" data-e-type=\"column\">\n\t\t\t<div class=\"elementor-widget-wrap elementor-element-populated\">\n\t\t\t\t\t\t<div class=\"elementor-element elementor-element-cb1f4c6 elementor-align-center elementor-widget elementor-widget-breadcrumbs\" data-id=\"cb1f4c6\" data-element_type=\"widget\" data-e-type=\"widget\" data-widget_type=\"breadcrumbs.default\">\n\t\t\t\t<div class=\"elementor-widget-container\">\n\t\t\t\t\t<p id=\"breadcrumbs\"><span><span><a href=\"https:\/\/tcs-technology.com\/de\/\">Startseite<\/a><\/span><\/span><\/p>\t\t\t\t<\/div>\n\t\t\t\t<\/div>\n\t\t\t\t\t<\/div>\n\t\t<\/div>\n\t\t\t\t\t<\/div>\n\t\t<\/section>\n\t\t\t\t<section class=\"elementor-section elementor-top-section elementor-element elementor-element-1e34e685 elementor-section-boxed elementor-section-height-default elementor-section-height-default\" data-id=\"1e34e685\" data-element_type=\"section\" data-e-type=\"section\">\n\t\t\t\t\t\t<div class=\"elementor-container elementor-column-gap-default\">\n\t\t\t\t\t<div class=\"elementor-column elementor-col-100 elementor-top-column elementor-element elementor-element-7a165456\" data-id=\"7a165456\" data-element_type=\"column\" data-e-type=\"column\">\n\t\t\t<div class=\"elementor-widget-wrap elementor-element-populated\">\n\t\t\t\t\t\t<div class=\"elementor-element elementor-element-763359d elementor-widget elementor-widget-heading\" data-id=\"763359d\" data-element_type=\"widget\" data-e-type=\"widget\" data-widget_type=\"heading.default\">\n\t\t\t\t<div class=\"elementor-widget-container\">\n\t\t\t\t\t<h2 class=\"elementor-heading-title elementor-size-default\">Strategische Partnerschaft und Investitionen <\/h2>\t\t\t\t<\/div>\n\t\t\t\t<\/div>\n\t\t\t\t<div class=\"elementor-element elementor-element-75d509b3 elementor-widget elementor-widget-text-editor\" data-id=\"75d509b3\" data-element_type=\"widget\" data-e-type=\"widget\" data-widget_type=\"text-editor.default\">\n\t\t\t\t<div class=\"elementor-widget-container\">\n\t\t\t\t\t\t\t\t\t<p>Die Verwaltung von Softwareprojekten ist eine komplexe Aufgabe, die eine effektive F\u00fchrung erfordert. Es ist wichtig, die Partnerschaften zu bestimmen, die Sie f\u00fcr die strategische Zusammenarbeit und die Investitionspl\u00e4ne anstreben.<\/p><p>Wenn Sie den richtigen Partner f\u00fcr Ihre strategischen Ziele finden, k\u00f6nnen Sie erfolgreicher mit Ungewissheit umgehen, Risiken reduzieren und ein au\u00dfergew\u00f6hnliches Wachstum erzielen. Unternehmen ohne Wachstumsstrategie sind kaum in der Lage, Risiken zu minimieren und effektiv auf einen sich schnell ver\u00e4ndernden Markt zu reagieren.<\/p><p>Viele Unternehmen haben Schwierigkeiten, h\u00f6here Positionen zu erreichen, weil sie nicht \u00fcber die notwendigen Ressourcen und Mittel verf\u00fcgen, um schnell auf die Marktanforderungen zu reagieren.<\/p><p>Hier kann TCS Technology eine gro\u00dfe Hilfe sein!<\/p><p>Wir wissen, dass Partnerschaften dazu beitragen k\u00f6nnen, die Kosten zu senken, die Flexibilit\u00e4t zu erh\u00f6hen und das Risiko zu minimieren. Wenn Sie erst einmal herausgefunden haben, was Sie durch Partnerschaften erreichen wollen, k\u00f6nnen Sie Unsicherheiten besser bew\u00e4ltigen und Zugang zu neuen Ressourcen, F\u00e4higkeiten und M\u00e4rkten erhalten. Je nach Marktdynamik k\u00f6nnen verschiedene Strategien wie die Fensterstrategie, die Optionsstrategie und die Positionierungsstrategie in Betracht gezogen werden.<\/p><p>Die Fensterstrategie erm\u00f6glicht Ihnen den Zugang zu neuen Technologien und Entwicklungen, w\u00e4hrend Sie gleichzeitig ein hohes Ma\u00df an Unsicherheit ausnutzen. Diese Strategie eignet sich f\u00fcr Unternehmen, die ein vielversprechendes Wachstum und Fortschritte verzeichnen. Die Optionsstrategie konzentriert sich auf die Identifizierung strategischer Optionen f\u00fcr Ihr Unternehmen, auch wenn einige Unternehmen z\u00f6gern, nach einer Investition schnelle Ver\u00e4nderungen vorzunehmen.<\/p>\t\t\t\t\t\t\t\t<\/div>\n\t\t\t\t<\/div>\n\t\t\t\t\t<\/div>\n\t\t<\/div>\n\t\t\t\t\t<\/div>\n\t\t<\/section>\n\t\t\t\t<section class=\"elementor-section elementor-top-section elementor-element elementor-element-1e56b570 elementor-section-boxed elementor-section-height-default elementor-section-height-default\" data-id=\"1e56b570\" data-element_type=\"section\" data-e-type=\"section\">\n\t\t\t\t\t\t<div class=\"elementor-container elementor-column-gap-default\">\n\t\t\t\t\t<div class=\"elementor-column elementor-col-50 elementor-top-column elementor-element elementor-element-5bc6352d\" data-id=\"5bc6352d\" data-element_type=\"column\" data-e-type=\"column\">\n\t\t\t<div class=\"elementor-widget-wrap elementor-element-populated\">\n\t\t\t\t\t\t<div class=\"elementor-element elementor-element-67dec7ae elementor-widget elementor-widget-heading\" data-id=\"67dec7ae\" data-element_type=\"widget\" data-e-type=\"widget\" data-widget_type=\"heading.default\">\n\t\t\t\t<div class=\"elementor-widget-container\">\n\t\t\t\t\t<h3 class=\"elementor-heading-title elementor-size-default\">Wir helfen Ihnen, die richtigen Schritte zu unternehmen:<\/h3>\t\t\t\t<\/div>\n\t\t\t\t<\/div>\n\t\t\t\t<div class=\"elementor-element elementor-element-65c996ae elementor-icon-list--layout-traditional elementor-list-item-link-full_width elementor-widget elementor-widget-icon-list\" data-id=\"65c996ae\" data-element_type=\"widget\" data-e-type=\"widget\" data-widget_type=\"icon-list.default\">\n\t\t\t\t<div class=\"elementor-widget-container\">\n\t\t\t\t\t\t\t<ul class=\"elementor-icon-list-items\">\n\t\t\t\t\t\t\t<li class=\"elementor-icon-list-item\">\n\t\t\t\t\t\t\t\t\t\t\t<span class=\"elementor-icon-list-icon\">\n\t\t\t\t\t\t\t<i aria-hidden=\"true\" class=\"fas fa-check-circle\"><\/i>\t\t\t\t\t\t<\/span>\n\t\t\t\t\t\t\t\t\t\t<span class=\"elementor-icon-list-text\">Identifizieren Sie Ihre Ziele<\/span>\n\t\t\t\t\t\t\t\t\t<\/li>\n\t\t\t\t\t\t\t\t<li class=\"elementor-icon-list-item\">\n\t\t\t\t\t\t\t\t\t\t\t<span class=\"elementor-icon-list-icon\">\n\t\t\t\t\t\t\t<i aria-hidden=\"true\" class=\"fas fa-check-circle\"><\/i>\t\t\t\t\t\t<\/span>\n\t\t\t\t\t\t\t\t\t\t<span class=\"elementor-icon-list-text\">Ber\u00fccksichtigen Sie das Ausma\u00df der Unsicherheit<\/span>\n\t\t\t\t\t\t\t\t\t<\/li>\n\t\t\t\t\t\t\t\t<li class=\"elementor-icon-list-item\">\n\t\t\t\t\t\t\t\t\t\t\t<span class=\"elementor-icon-list-icon\">\n\t\t\t\t\t\t\t<i aria-hidden=\"true\" class=\"fas fa-check-circle\"><\/i>\t\t\t\t\t\t<\/span>\n\t\t\t\t\t\t\t\t\t\t<span class=\"elementor-icon-list-text\">Bestimmen Sie Ihre Partnerschaftsstrategie <\/span>\n\t\t\t\t\t\t\t\t\t<\/li>\n\t\t\t\t\t\t<\/ul>\n\t\t\t\t\t\t<\/div>\n\t\t\t\t<\/div>\n\t\t\t\t<div class=\"elementor-element elementor-element-6bb91bb4 ppptex elementor-widget elementor-widget-text-editor\" data-id=\"6bb91bb4\" data-element_type=\"widget\" data-e-type=\"widget\" data-widget_type=\"text-editor.default\">\n\t\t\t\t<div class=\"elementor-widget-container\">\n\t\t\t\t\t\t\t\t\t<p>Es ist wichtig, dass Sie die Ziele, die Sie mit einer Partnerschaft erreichen wollen, klar definieren. Es ist von entscheidender Bedeutung, dass Sie Ihre Ziele im Voraus festlegen, da die M\u00f6glichkeiten f\u00fcr Ver\u00e4nderungen nach der Gr\u00fcndung der Partnerschaft begrenzt sein k\u00f6nnen.<\/p><p>Es ist von entscheidender Bedeutung, den Grad der Ungewissheit zu kennen, insbesondere im Hinblick auf die finanziellen und verwaltungstechnischen Ressourcen. Beurteilen Sie, ob Sie mit einem hohen, moderaten oder niedrigen Grad an Unsicherheit konfrontiert sind, um Ihre Partnerschaft und Investitionspl\u00e4ne entsprechend anzupassen.<\/p><p>Kl\u00e4ren Sie Ihre Ziele und Ans\u00e4tze und kommunizieren Sie diese von Anfang an mit potenziellen strategischen Partnern. Dies tr\u00e4gt dazu bei, eine nachhaltige und langfristige Allianz f\u00fcr Ihr Unternehmen zu schaffen.<\/p>\t\t\t\t\t\t\t\t<\/div>\n\t\t\t\t<\/div>\n\t\t\t\t\t<\/div>\n\t\t<\/div>\n\t\t\t\t<div class=\"elementor-column elementor-col-50 elementor-top-column elementor-element elementor-element-1436dce9\" data-id=\"1436dce9\" data-element_type=\"column\" data-e-type=\"column\">\n\t\t\t<div class=\"elementor-widget-wrap elementor-element-populated\">\n\t\t\t\t\t\t<div class=\"elementor-element elementor-element-f4b63d5 elementor-widget elementor-widget-image\" data-id=\"f4b63d5\" data-element_type=\"widget\" data-e-type=\"widget\" data-widget_type=\"image.default\">\n\t\t\t\t<div class=\"elementor-widget-container\">\n\t\t\t\t\t\t\t\t\t\t\t\t\t\t\t<img fetchpriority=\"high\" decoding=\"async\" width=\"1200\" height=\"628\" src=\"https:\/\/tcs-technology.com\/wp-content\/uploads\/2022\/04\/1_m11Ae-dIQHw1LpInrhSh_A.png\" class=\"attachment-full size-full wp-image-1308\" alt=\"Strategic Partnership\" srcset=\"https:\/\/tcs-technology.com\/wp-content\/uploads\/2022\/04\/1_m11Ae-dIQHw1LpInrhSh_A.png 1200w, https:\/\/tcs-technology.com\/wp-content\/uploads\/2022\/04\/1_m11Ae-dIQHw1LpInrhSh_A-300x157.png 300w, https:\/\/tcs-technology.com\/wp-content\/uploads\/2022\/04\/1_m11Ae-dIQHw1LpInrhSh_A-1024x536.png 1024w, https:\/\/tcs-technology.com\/wp-content\/uploads\/2022\/04\/1_m11Ae-dIQHw1LpInrhSh_A-768x402.png 768w, https:\/\/tcs-technology.com\/wp-content\/uploads\/2022\/04\/1_m11Ae-dIQHw1LpInrhSh_A-600x314.png 600w\" sizes=\"(max-width: 1200px) 100vw, 1200px\" \/>\t\t\t\t\t\t\t\t\t\t\t\t\t\t\t<\/div>\n\t\t\t\t<\/div>\n\t\t\t\t\t<\/div>\n\t\t<\/div>\n\t\t\t\t\t<\/div>\n\t\t<\/section>\n\t\t\t\t<section class=\"elementor-section elementor-top-section elementor-element elementor-element-6135bd45 elementor-section-boxed elementor-section-height-default elementor-section-height-default\" data-id=\"6135bd45\" data-element_type=\"section\" data-e-type=\"section\">\n\t\t\t\t\t\t<div class=\"elementor-container elementor-column-gap-default\">\n\t\t\t\t\t<div class=\"elementor-column elementor-col-100 elementor-top-column elementor-element elementor-element-3f62aaf7\" data-id=\"3f62aaf7\" data-element_type=\"column\" data-e-type=\"column\">\n\t\t\t<div class=\"elementor-widget-wrap elementor-element-populated\">\n\t\t\t\t\t\t<div class=\"elementor-element elementor-element-4f6ca3d3 elementor-widget elementor-widget-heading\" data-id=\"4f6ca3d3\" data-element_type=\"widget\" data-e-type=\"widget\" data-widget_type=\"heading.default\">\n\t\t\t\t<div class=\"elementor-widget-container\">\n\t\t\t\t\t<h3 class=\"elementor-heading-title elementor-size-default\">Strategie zur Positionierung <\/h3>\t\t\t\t<\/div>\n\t\t\t\t<\/div>\n\t\t\t\t<div class=\"elementor-element elementor-element-20d500a5 elementor-widget elementor-widget-text-editor\" data-id=\"20d500a5\" data-element_type=\"widget\" data-e-type=\"widget\" data-widget_type=\"text-editor.default\">\n\t\t\t\t<div class=\"elementor-widget-container\">\n\t\t\t\t\t\t\t\t\t<p>Eine Positionierungsstrategie ist am effektivsten, wenn die Unsicherheit gering ist. Sie hilft, Gr\u00f6\u00dfen- oder Verbundvorteile zu erzielen, Marktsegmente zu optimieren oder neue Kundenkreise zu erschlie\u00dfen. Wenn Sie diese Tipps und Eckpunkte in Ihren Unternehmensstrategieplan einbeziehen, k\u00f6nnen Sie die besten Ergebnisse f\u00fcr Ihr Unternehmen erzielen, unabh\u00e4ngig davon, ob es sich um ein Start-up oder ein etabliertes Unternehmen handelt.<\/p>\t\t\t\t\t\t\t\t<\/div>\n\t\t\t\t<\/div>\n\t\t\t\t\t<\/div>\n\t\t<\/div>\n\t\t\t\t\t<\/div>\n\t\t<\/section>\n\t\t\t\t<\/div>","protected":false},"excerpt":{"rendered":"<p>Strategische Partnerschaften und Investitionen Das Management von Softwareprojekten ist eine komplexe Aufgabe, die eine effektive F\u00fchrung erfordert. Es ist wichtig, die Partnerschaften zu bestimmen, die Sie f\u00fcr strategische Zusammenarbeit und Investitionspl\u00e4ne anstreben. Wenn Sie die richtigen Partner f\u00fcr Ihre strategischen Ziele finden, k\u00f6nnen Sie erfolgreicher mit Ungewissheit umgehen, Risiken reduzieren und au\u00dfergew\u00f6hnliches Wachstum f\u00f6rdern. Unternehmen ohne Wachstumsstrategie [...]<\/p>","protected":false},"author":1,"featured_media":0,"parent":1270,"menu_order":0,"comment_status":"closed","ping_status":"closed","template":"elementor_header_footer","meta":{"footnotes":""},"class_list":["post-1296","page","type-page","status-publish","hentry"],"yoast_head":"<!-- This site is optimized with the Yoast SEO plugin v20.5 - https:\/\/yoast.com\/wordpress\/plugins\/seo\/ -->\n<title>Strategic Partnership and Investment - TCS Technology AG<\/title>\n<meta name=\"description\" content=\"A positioning strategy partnership works best when there is a low level of uncertainty. It helps you achieve scale or scope-based advantages\" \/>\n<meta name=\"robots\" content=\"index, follow, max-snippet:-1, max-image-preview:large, max-video-preview:-1\" \/>\n<link rel=\"canonical\" href=\"https:\/\/tcs-technology.com\/de\/services\/strategic-partnership\/\" \/>\n<meta property=\"og:locale\" content=\"de_DE\" \/>\n<meta property=\"og:type\" content=\"article\" \/>\n<meta property=\"og:title\" content=\"Strategic Partnership and Investment - TCS Technology AG\" \/>\n<meta property=\"og:description\" content=\"A positioning strategy partnership works best when there is a low level of uncertainty. It helps you achieve scale or scope-based advantages\" \/>\n<meta property=\"og:url\" content=\"https:\/\/tcs-technology.com\/de\/services\/strategic-partnership\/\" \/>\n<meta property=\"og:site_name\" content=\"TCS Technology AG\" \/>\n<meta property=\"article:modified_time\" content=\"2023-06-23T16:54:50+00:00\" \/>\n<meta property=\"og:image\" content=\"https:\/\/tcs-technology.com\/wp-content\/uploads\/2022\/04\/1_m11Ae-dIQHw1LpInrhSh_A.png\" \/>\n<meta name=\"twitter:card\" content=\"summary_large_image\" \/>\n<meta name=\"twitter:label1\" content=\"Gesch\u00e4tzte Lesezeit\" \/>\n\t<meta name=\"twitter:data1\" content=\"3\u00a0Minuten\" \/>\n<script type=\"application\/ld+json\" class=\"yoast-schema-graph\">{\"@context\":\"https:\/\/schema.org\",\"@graph\":[{\"@type\":\"WebPage\",\"@id\":\"https:\/\/tcs-technology.com\/services\/strategic-partnership\/\",\"url\":\"https:\/\/tcs-technology.com\/services\/strategic-partnership\/\",\"name\":\"Strategic Partnership and Investment - TCS Technology AG\",\"isPartOf\":{\"@id\":\"https:\/\/tcs-technology.com\/#website\"},\"datePublished\":\"2022-08-31T11:40:40+00:00\",\"dateModified\":\"2023-06-23T16:54:50+00:00\",\"description\":\"A positioning strategy partnership works best when there is a low level of uncertainty. It helps you achieve scale or scope-based advantages\",\"breadcrumb\":{\"@id\":\"https:\/\/tcs-technology.com\/services\/strategic-partnership\/#breadcrumb\"},\"inLanguage\":\"de\",\"potentialAction\":[{\"@type\":\"ReadAction\",\"target\":[\"https:\/\/tcs-technology.com\/services\/strategic-partnership\/\"]}]},{\"@type\":\"BreadcrumbList\",\"@id\":\"https:\/\/tcs-technology.com\/services\/strategic-partnership\/#breadcrumb\",\"itemListElement\":[{\"@type\":\"ListItem\",\"position\":1,\"name\":\"Home\",\"item\":\"https:\/\/tcs-technology.com\/\"},{\"@type\":\"ListItem\",\"position\":2,\"name\":\"Services\",\"item\":\"https:\/\/tcs-technology.com\/services\/\"},{\"@type\":\"ListItem\",\"position\":3,\"name\":\"Strategic Partnership and Investment\"}]},{\"@type\":\"WebSite\",\"@id\":\"https:\/\/tcs-technology.com\/#website\",\"url\":\"https:\/\/tcs-technology.com\/\",\"name\":\"TCS Technology AG\",\"description\":\"We provide cutting-edge SaaS solutions for organizations in Switzerland and around the world with a focus on performance, security, and sustainability.\",\"publisher\":{\"@id\":\"https:\/\/tcs-technology.com\/#organization\"},\"potentialAction\":[{\"@type\":\"SearchAction\",\"target\":{\"@type\":\"EntryPoint\",\"urlTemplate\":\"https:\/\/tcs-technology.com\/?s={search_term_string}\"},\"query-input\":\"required name=search_term_string\"}],\"inLanguage\":\"de\"},{\"@type\":\"Organization\",\"@id\":\"https:\/\/tcs-technology.com\/#organization\",\"name\":\"TCS Technology AG\",\"url\":\"https:\/\/tcs-technology.com\/\",\"logo\":{\"@type\":\"ImageObject\",\"inLanguage\":\"de\",\"@id\":\"https:\/\/tcs-technology.com\/#\/schema\/logo\/image\/\",\"url\":\"https:\/\/tcs-technology.com\/wp-content\/uploads\/2022\/03\/logo-2.png\",\"contentUrl\":\"https:\/\/tcs-technology.com\/wp-content\/uploads\/2022\/03\/logo-2.png\",\"width\":8334,\"height\":6131,\"caption\":\"TCS Technology AG\"},\"image\":{\"@id\":\"https:\/\/tcs-technology.com\/#\/schema\/logo\/image\/\"}}]}<\/script>\n<!-- \/ Yoast SEO plugin. -->","yoast_head_json":{"title":"Strategic Partnership and Investment - TCS Technology AG","description":"A positioning strategy partnership works best when there is a low level of uncertainty. It helps you achieve scale or scope-based advantages","robots":{"index":"index","follow":"follow","max-snippet":"max-snippet:-1","max-image-preview":"max-image-preview:large","max-video-preview":"max-video-preview:-1"},"canonical":"https:\/\/tcs-technology.com\/de\/services\/strategic-partnership\/","og_locale":"de_DE","og_type":"article","og_title":"Strategic Partnership and Investment - TCS Technology AG","og_description":"A positioning strategy partnership works best when there is a low level of uncertainty. It helps you achieve scale or scope-based advantages","og_url":"https:\/\/tcs-technology.com\/de\/services\/strategic-partnership\/","og_site_name":"TCS Technology AG","article_modified_time":"2023-06-23T16:54:50+00:00","og_image":[{"url":"https:\/\/tcs-technology.com\/wp-content\/uploads\/2022\/04\/1_m11Ae-dIQHw1LpInrhSh_A.png"}],"twitter_card":"summary_large_image","twitter_misc":{"Gesch\u00e4tzte Lesezeit":"3\u00a0Minuten"},"schema":{"@context":"https:\/\/schema.org","@graph":[{"@type":"WebPage","@id":"https:\/\/tcs-technology.com\/services\/strategic-partnership\/","url":"https:\/\/tcs-technology.com\/services\/strategic-partnership\/","name":"Strategic Partnership and Investment - TCS Technology AG","isPartOf":{"@id":"https:\/\/tcs-technology.com\/#website"},"datePublished":"2022-08-31T11:40:40+00:00","dateModified":"2023-06-23T16:54:50+00:00","description":"A positioning strategy partnership works best when there is a low level of uncertainty. It helps you achieve scale or scope-based advantages","breadcrumb":{"@id":"https:\/\/tcs-technology.com\/services\/strategic-partnership\/#breadcrumb"},"inLanguage":"de","potentialAction":[{"@type":"ReadAction","target":["https:\/\/tcs-technology.com\/services\/strategic-partnership\/"]}]},{"@type":"BreadcrumbList","@id":"https:\/\/tcs-technology.com\/services\/strategic-partnership\/#breadcrumb","itemListElement":[{"@type":"ListItem","position":1,"name":"Home","item":"https:\/\/tcs-technology.com\/"},{"@type":"ListItem","position":2,"name":"Services","item":"https:\/\/tcs-technology.com\/services\/"},{"@type":"ListItem","position":3,"name":"Strategic Partnership and Investment"}]},{"@type":"WebSite","@id":"https:\/\/tcs-technology.com\/#website","url":"https:\/\/tcs-technology.com\/","name":"TCS Technology AG","description":"We provide cutting-edge SaaS solutions for organizations in Switzerland and around the world with a focus on performance, security, and sustainability.","publisher":{"@id":"https:\/\/tcs-technology.com\/#organization"},"potentialAction":[{"@type":"SearchAction","target":{"@type":"EntryPoint","urlTemplate":"https:\/\/tcs-technology.com\/?s={search_term_string}"},"query-input":"required name=search_term_string"}],"inLanguage":"de"},{"@type":"Organization","@id":"https:\/\/tcs-technology.com\/#organization","name":"TCS Technology AG","url":"https:\/\/tcs-technology.com\/","logo":{"@type":"ImageObject","inLanguage":"de","@id":"https:\/\/tcs-technology.com\/#\/schema\/logo\/image\/","url":"https:\/\/tcs-technology.com\/wp-content\/uploads\/2022\/03\/logo-2.png","contentUrl":"https:\/\/tcs-technology.com\/wp-content\/uploads\/2022\/03\/logo-2.png","width":8334,"height":6131,"caption":"TCS Technology AG"},"image":{"@id":"https:\/\/tcs-technology.com\/#\/schema\/logo\/image\/"}}]}},"_links":{"self":[{"href":"https:\/\/tcs-technology.com\/de\/wp-json\/wp\/v2\/pages\/1296","targetHints":{"allow":["GET"]}}],"collection":[{"href":"https:\/\/tcs-technology.com\/de\/wp-json\/wp\/v2\/pages"}],"about":[{"href":"https:\/\/tcs-technology.com\/de\/wp-json\/wp\/v2\/types\/page"}],"author":[{"embeddable":true,"href":"https:\/\/tcs-technology.com\/de\/wp-json\/wp\/v2\/users\/1"}],"replies":[{"embeddable":true,"href":"https:\/\/tcs-technology.com\/de\/wp-json\/wp\/v2\/comments?post=1296"}],"version-history":[{"count":56,"href":"https:\/\/tcs-technology.com\/de\/wp-json\/wp\/v2\/pages\/1296\/revisions"}],"predecessor-version":[{"id":3273,"href":"https:\/\/tcs-technology.com\/de\/wp-json\/wp\/v2\/pages\/1296\/revisions\/3273"}],"up":[{"embeddable":true,"href":"https:\/\/tcs-technology.com\/de\/wp-json\/wp\/v2\/pages\/1270"}],"wp:attachment":[{"href":"https:\/\/tcs-technology.com\/de\/wp-json\/wp\/v2\/media?parent=1296"}],"curies":[{"name":"wp","href":"https:\/\/api.w.org\/{rel}","templated":true}]}}