{"id":1295,"date":"2022-04-01T17:08:36","date_gmt":"2022-04-01T15:08:36","guid":{"rendered":"https:\/\/tcs-technology.com\/?page_id=1295"},"modified":"2023-06-23T18:51:43","modified_gmt":"2023-06-23T16:51:43","slug":"it-support","status":"publish","type":"page","link":"https:\/\/tcs-technology.com\/de\/services\/it-support\/","title":{"rendered":"IT-Unterst\u00fctzung"},"content":{"rendered":"<div data-elementor-type=\"wp-page\" data-elementor-id=\"1295\" class=\"elementor elementor-1295\">\n\t\t\t\t\t\t<section class=\"elementor-section elementor-top-section elementor-element elementor-element-2854a82 elementor-section-boxed elementor-section-height-default elementor-section-height-default\" data-id=\"2854a82\" data-element_type=\"section\" data-e-type=\"section\" data-settings=\"{&quot;background_background&quot;:&quot;classic&quot;}\">\n\t\t\t\t\t\t<div class=\"elementor-container elementor-column-gap-default\">\n\t\t\t\t\t<div class=\"elementor-column elementor-col-100 elementor-top-column elementor-element elementor-element-fc95aee\" data-id=\"fc95aee\" data-element_type=\"column\" data-e-type=\"column\">\n\t\t\t<div class=\"elementor-widget-wrap elementor-element-populated\">\n\t\t\t\t\t\t<div class=\"elementor-element elementor-element-740ef14 elementor-align-center elementor-widget elementor-widget-breadcrumbs\" data-id=\"740ef14\" data-element_type=\"widget\" data-e-type=\"widget\" data-widget_type=\"breadcrumbs.default\">\n\t\t\t\t<div class=\"elementor-widget-container\">\n\t\t\t\t\t<p id=\"breadcrumbs\"><span><span><a href=\"https:\/\/tcs-technology.com\/de\/\">Startseite<\/a><\/span><\/span><\/p>\t\t\t\t<\/div>\n\t\t\t\t<\/div>\n\t\t\t\t\t<\/div>\n\t\t<\/div>\n\t\t\t\t\t<\/div>\n\t\t<\/section>\n\t\t\t\t<section class=\"elementor-section elementor-top-section elementor-element elementor-element-164bbf23 elementor-section-boxed elementor-section-height-default elementor-section-height-default\" data-id=\"164bbf23\" data-element_type=\"section\" data-e-type=\"section\">\n\t\t\t\t\t\t<div class=\"elementor-container elementor-column-gap-default\">\n\t\t\t\t\t<div class=\"elementor-column elementor-col-100 elementor-top-column elementor-element elementor-element-78eb0bc2\" data-id=\"78eb0bc2\" data-element_type=\"column\" data-e-type=\"column\">\n\t\t\t<div class=\"elementor-widget-wrap elementor-element-populated\">\n\t\t\t\t\t\t<div class=\"elementor-element elementor-element-e9736a3 elementor-widget elementor-widget-heading\" data-id=\"e9736a3\" data-element_type=\"widget\" data-e-type=\"widget\" data-widget_type=\"heading.default\">\n\t\t\t\t<div class=\"elementor-widget-container\">\n\t\t\t\t\t<h2 class=\"elementor-heading-title elementor-size-default\">IT-Unterst\u00fctzungsdienste<\/h2>\t\t\t\t<\/div>\n\t\t\t\t<\/div>\n\t\t\t\t<div class=\"elementor-element elementor-element-35022247 elementor-widget elementor-widget-text-editor\" data-id=\"35022247\" data-element_type=\"widget\" data-e-type=\"widget\" data-widget_type=\"text-editor.default\">\n\t\t\t\t<div class=\"elementor-widget-container\">\n\t\t\t\t\t\t\t\t\t<p>Ein eigenes IT-Team bietet mehrere Vorteile, z. B. die M\u00f6glichkeit, Ihr internes Personal auf flexible und kontrollierte Weise zu verst\u00e4rken. Die Einstellung und Verwaltung von IT-Fachkr\u00e4ften kann jedoch zeitaufw\u00e4ndig sein. Hier k\u00f6nnen IT-Support-Spezialisten den entscheidenden Unterschied ausmachen, indem sie Ihnen Zeit sparen und Ihr Team aufwerten.<\/p>\t\t\t\t\t\t\t\t<\/div>\n\t\t\t\t<\/div>\n\t\t\t\t\t<\/div>\n\t\t<\/div>\n\t\t\t\t\t<\/div>\n\t\t<\/section>\n\t\t\t\t<section class=\"elementor-section elementor-top-section elementor-element elementor-element-62dca6dc elementor-section-boxed elementor-section-height-default elementor-section-height-default\" data-id=\"62dca6dc\" data-element_type=\"section\" data-e-type=\"section\">\n\t\t\t\t\t\t<div class=\"elementor-container elementor-column-gap-default\">\n\t\t\t\t\t<div class=\"elementor-column elementor-col-50 elementor-top-column elementor-element elementor-element-6b21c228\" data-id=\"6b21c228\" data-element_type=\"column\" data-e-type=\"column\">\n\t\t\t<div class=\"elementor-widget-wrap elementor-element-populated\">\n\t\t\t\t\t\t<div class=\"elementor-element elementor-element-52032ace elementor-widget elementor-widget-heading\" data-id=\"52032ace\" data-element_type=\"widget\" data-e-type=\"widget\" data-widget_type=\"heading.default\">\n\t\t\t\t<div class=\"elementor-widget-container\">\n\t\t\t\t\t<h3 class=\"elementor-heading-title elementor-size-default\">Vorteile von Outstaffing<\/h3>\t\t\t\t<\/div>\n\t\t\t\t<\/div>\n\t\t\t\t<div class=\"elementor-element elementor-element-46af4782 elementor-widget elementor-widget-text-editor\" data-id=\"46af4782\" data-element_type=\"widget\" data-e-type=\"widget\" data-widget_type=\"text-editor.default\">\n\t\t\t\t<div class=\"elementor-widget-container\">\n\t\t\t\t\t\t\t\t\t<p>Die Einstellung eines Vollzeit-IT-Mitarbeiters ist zwar eine Option, doch bietet das Outstaffing seine eigenen Vorteile, darunter:<\/p>\t\t\t\t\t\t\t\t<\/div>\n\t\t\t\t<\/div>\n\t\t\t\t<div class=\"elementor-element elementor-element-6c852e6f elementor-icon-list--layout-traditional elementor-list-item-link-full_width elementor-widget elementor-widget-icon-list\" data-id=\"6c852e6f\" data-element_type=\"widget\" data-e-type=\"widget\" data-widget_type=\"icon-list.default\">\n\t\t\t\t<div class=\"elementor-widget-container\">\n\t\t\t\t\t\t\t<ul class=\"elementor-icon-list-items\">\n\t\t\t\t\t\t\t<li class=\"elementor-icon-list-item\">\n\t\t\t\t\t\t\t\t\t\t\t<span class=\"elementor-icon-list-icon\">\n\t\t\t\t\t\t\t<i aria-hidden=\"true\" class=\"fas fa-check-circle\"><\/i>\t\t\t\t\t\t<\/span>\n\t\t\t\t\t\t\t\t\t\t<span class=\"elementor-icon-list-text\">Zeitersparnis<\/span>\n\t\t\t\t\t\t\t\t\t<\/li>\n\t\t\t\t\t\t\t\t<li class=\"elementor-icon-list-item\">\n\t\t\t\t\t\t\t\t\t\t\t<span class=\"elementor-icon-list-icon\">\n\t\t\t\t\t\t\t<i aria-hidden=\"true\" class=\"fas fa-check-circle\"><\/i>\t\t\t\t\t\t<\/span>\n\t\t\t\t\t\t\t\t\t\t<span class=\"elementor-icon-list-text\">Einfacher Austauschprozess<\/span>\n\t\t\t\t\t\t\t\t\t<\/li>\n\t\t\t\t\t\t\t\t<li class=\"elementor-icon-list-item\">\n\t\t\t\t\t\t\t\t\t\t\t<span class=\"elementor-icon-list-icon\">\n\t\t\t\t\t\t\t<i aria-hidden=\"true\" class=\"fas fa-check-circle\"><\/i>\t\t\t\t\t\t<\/span>\n\t\t\t\t\t\t\t\t\t\t<span class=\"elementor-icon-list-text\">Kosteneffizienz <\/span>\n\t\t\t\t\t\t\t\t\t<\/li>\n\t\t\t\t\t\t\t\t<li class=\"elementor-icon-list-item\">\n\t\t\t\t\t\t\t\t\t\t\t<span class=\"elementor-icon-list-icon\">\n\t\t\t\t\t\t\t<i aria-hidden=\"true\" class=\"fas fa-check-circle\"><\/i>\t\t\t\t\t\t<\/span>\n\t\t\t\t\t\t\t\t\t\t<span class=\"elementor-icon-list-text\">Beratende Unterst\u00fctzung<\/span>\n\t\t\t\t\t\t\t\t\t<\/li>\n\t\t\t\t\t\t\t\t<li class=\"elementor-icon-list-item\">\n\t\t\t\t\t\t\t\t\t\t\t<span class=\"elementor-icon-list-icon\">\n\t\t\t\t\t\t\t<i aria-hidden=\"true\" class=\"fas fa-check-circle\"><\/i>\t\t\t\t\t\t<\/span>\n\t\t\t\t\t\t\t\t\t\t<span class=\"elementor-icon-list-text\">Vereinfachte Verwaltung<\/span>\n\t\t\t\t\t\t\t\t\t<\/li>\n\t\t\t\t\t\t<\/ul>\n\t\t\t\t\t\t<\/div>\n\t\t\t\t<\/div>\n\t\t\t\t<div class=\"elementor-element elementor-element-9271c05 elementor-widget elementor-widget-text-editor\" data-id=\"9271c05\" data-element_type=\"widget\" data-e-type=\"widget\" data-widget_type=\"text-editor.default\">\n\t\t\t\t<div class=\"elementor-widget-container\">\n\t\t\t\t\t\t\t\t\t<p>Die Rekrutierung von Kandidaten vor Ort kann ein langwieriger und schwieriger Prozess sein. TCS Technology bietet sofort verf\u00fcgbare Code-Entwickler, die die Rekrutierungsaufgaben rationalisieren und vereinfachen k\u00f6nnen. Wir wissen Ihre Zeit zu sch\u00e4tzen und konzentrieren uns auf Effizienz, um den gesamten Rekrutierungsprozess zu beschleunigen. Zeit ist Geld, und durch strategische Ans\u00e4tze und die Unterst\u00fctzung von Code-Entwicklern wollen wir Ihnen wertvolle Zeit sparen und die Effizienz der Arbeitsabl\u00e4ufe verbessern.<\/p>\t\t\t\t\t\t\t\t<\/div>\n\t\t\t\t<\/div>\n\t\t\t\t\t<\/div>\n\t\t<\/div>\n\t\t\t\t<div class=\"elementor-column elementor-col-50 elementor-top-column elementor-element elementor-element-5d725f51\" data-id=\"5d725f51\" data-element_type=\"column\" data-e-type=\"column\">\n\t\t\t<div class=\"elementor-widget-wrap elementor-element-populated\">\n\t\t\t\t\t\t<div class=\"elementor-element elementor-element-483b23c elementor-widget elementor-widget-image\" data-id=\"483b23c\" data-element_type=\"widget\" data-e-type=\"widget\" data-widget_type=\"image.default\">\n\t\t\t\t<div class=\"elementor-widget-container\">\n\t\t\t\t\t\t\t\t\t\t\t\t\t\t\t<img fetchpriority=\"high\" decoding=\"async\" width=\"1600\" height=\"2500\" src=\"https:\/\/tcs-technology.com\/wp-content\/uploads\/2022\/04\/3.png\" class=\"attachment-full size-full wp-image-1949\" alt=\"IT Support\" srcset=\"https:\/\/tcs-technology.com\/wp-content\/uploads\/2022\/04\/3.png 1600w, https:\/\/tcs-technology.com\/wp-content\/uploads\/2022\/04\/3-192x300.png 192w, https:\/\/tcs-technology.com\/wp-content\/uploads\/2022\/04\/3-655x1024.png 655w, https:\/\/tcs-technology.com\/wp-content\/uploads\/2022\/04\/3-768x1200.png 768w, https:\/\/tcs-technology.com\/wp-content\/uploads\/2022\/04\/3-983x1536.png 983w, https:\/\/tcs-technology.com\/wp-content\/uploads\/2022\/04\/3-1311x2048.png 1311w\" sizes=\"(max-width: 1600px) 100vw, 1600px\" \/>\t\t\t\t\t\t\t\t\t\t\t\t\t\t\t<\/div>\n\t\t\t\t<\/div>\n\t\t\t\t\t<\/div>\n\t\t<\/div>\n\t\t\t\t\t<\/div>\n\t\t<\/section>\n\t\t\t\t<section class=\"elementor-section elementor-top-section elementor-element elementor-element-f7b5fdb elementor-section-boxed elementor-section-height-default elementor-section-height-default\" data-id=\"f7b5fdb\" data-element_type=\"section\" data-e-type=\"section\">\n\t\t\t\t\t\t<div class=\"elementor-container elementor-column-gap-default\">\n\t\t\t\t\t<div class=\"elementor-column elementor-col-100 elementor-top-column elementor-element elementor-element-634b6af\" data-id=\"634b6af\" data-element_type=\"column\" data-e-type=\"column\">\n\t\t\t<div class=\"elementor-widget-wrap elementor-element-populated\">\n\t\t\t\t\t\t<div class=\"elementor-element elementor-element-ca458ed pp-text elementor-widget elementor-widget-text-editor\" data-id=\"ca458ed\" data-element_type=\"widget\" data-e-type=\"widget\" data-widget_type=\"text-editor.default\">\n\t\t\t\t<div class=\"elementor-widget-container\">\n\t\t\t\t\t\t\t\t\t<p>TCS Technology sorgt f\u00fcr einen z\u00fcgigen Austauschprozess, der es Ihnen erleichtert, geeigneten Ersatz mit dem erforderlichen Fachwissen zu finden. Bei der Einstellung von Mitarbeitern ist es wichtig, Personen mit starken technologischen F\u00e4higkeiten auszuw\u00e4hlen. Die Skalierung eines internen Teams kann zeitaufw\u00e4ndig sein und ist m\u00f6glicherweise nicht mit der langfristigen Planung vereinbar. TCS Technology bietet eine einfache Skalierbarkeit, die es Ihnen erm\u00f6glicht, die Gr\u00f6\u00dfe des Teams an Ihre Bed\u00fcrfnisse anzupassen. Diese Option vereinfacht den Prozess und spart Ihnen viel Zeit.<\/p><p>Bei TCS Technology stellen wir die notwendigen Instrumente und die administrative Unterst\u00fctzung bereit, um kosteneffiziente Prozesse zu gew\u00e4hrleisten. Dadurch m\u00fcssen Sie kein Team zusammenstellen, das allein f\u00fcr die \u00dcberwachung der t\u00e4glichen Entwicklungen, des Cashflows und der Personalbeschaffung zust\u00e4ndig ist.<\/p><p>Die IT-Spezialisten von TCS Technology stehen Ihnen bei allen Schwierigkeiten und Herausforderungen zur Seite. Sie tragen aktiv mit frischen Ideen zu innovativen und zuverl\u00e4ssigen Technologien bei und verbessern so Ihre Marktposition.<\/p><p>Bei TCS Technology verwalten wir alle Aufgaben effizient und sorgen f\u00fcr eine rechtzeitige Lieferung. Wir \u00fcben eine administrative Kontrolle \u00fcber die Entwickler aus, um Arbeitsverpflichtungen einzuhalten und Fristen einzuhalten.<\/p>\t\t\t\t\t\t\t\t<\/div>\n\t\t\t\t<\/div>\n\t\t\t\t\t<\/div>\n\t\t<\/div>\n\t\t\t\t\t<\/div>\n\t\t<\/section>\n\t\t\t\t<section class=\"elementor-section elementor-top-section elementor-element elementor-element-514a5c66 elementor-section-boxed elementor-section-height-default elementor-section-height-default\" data-id=\"514a5c66\" data-element_type=\"section\" data-e-type=\"section\">\n\t\t\t\t\t\t<div class=\"elementor-container elementor-column-gap-default\">\n\t\t\t\t\t<div class=\"elementor-column elementor-col-100 elementor-top-column elementor-element elementor-element-61f54962\" data-id=\"61f54962\" data-element_type=\"column\" data-e-type=\"column\">\n\t\t\t<div class=\"elementor-widget-wrap elementor-element-populated\">\n\t\t\t\t\t\t<div class=\"elementor-element elementor-element-58b8bd04 elementor-widget elementor-widget-heading\" data-id=\"58b8bd04\" data-element_type=\"widget\" data-e-type=\"widget\" data-widget_type=\"heading.default\">\n\t\t\t\t<div class=\"elementor-widget-container\">\n\t\t\t\t\t<h3 class=\"elementor-heading-title elementor-size-default\">TCS Technologie Arbeitsablauf<\/h3>\t\t\t\t<\/div>\n\t\t\t\t<\/div>\n\t\t\t\t<div class=\"elementor-element elementor-element-9dcd33b elementor-widget elementor-widget-text-editor\" data-id=\"9dcd33b\" data-element_type=\"widget\" data-e-type=\"widget\" data-widget_type=\"text-editor.default\">\n\t\t\t\t<div class=\"elementor-widget-container\">\n\t\t\t\t\t\t\t\t\t<p>Unsere Arbeitsabl\u00e4ufe bei TCS Technology sind hochprofessionell. Jedes Teammitglied ist bestrebt, in seinem jeweiligen Team optimale Ergebnisse zu erzielen. Unsere IT-Spezialisten erforschen kontinuierlich die neuesten und zuverl\u00e4ssigsten technologischen Ideen und Strategien, um Leistung und Effizienz zu steigern.<\/p><p>Wenn Sie sowohl Zeit als auch Geld sparen wollen, ist TCS Technology die ideale Wahl. Unser HR-Team leitet den Einstellungsprozess ein und ermittelt die am besten geeigneten Kandidaten f\u00fcr Ihre Bed\u00fcrfnisse. Wir sorgen f\u00fcr ein angenehmes Arbeitsumfeld f\u00fcr unsere Mitarbeiter und k\u00fcmmern uns um die Bezahlung und andere besch\u00e4ftigungsrelevante Aktivit\u00e4ten in ihrem Namen.<\/p>\t\t\t\t\t\t\t\t<\/div>\n\t\t\t\t<\/div>\n\t\t\t\t\t<\/div>\n\t\t<\/div>\n\t\t\t\t\t<\/div>\n\t\t<\/section>\n\t\t\t\t<\/div>","protected":false},"excerpt":{"rendered":"<p>IT-Supportdienste Ein eigenes IT-Team bietet mehrere Vorteile, z. B. die M\u00f6glichkeit, Ihr internes Personal auf flexible und kontrollierte Weise zu verst\u00e4rken. Die Einstellung und Verwaltung von IT-Fachkr\u00e4ften kann jedoch sehr zeitaufw\u00e4ndig sein. Hier k\u00f6nnen IT-Support-Spezialisten den entscheidenden Unterschied ausmachen, indem sie Ihnen Zeit sparen und einen Mehrwert f\u00fcr [...]<\/p>","protected":false},"author":1,"featured_media":0,"parent":1270,"menu_order":0,"comment_status":"closed","ping_status":"closed","template":"elementor_header_footer","meta":{"footnotes":""},"class_list":["post-1295","page","type-page","status-publish","hentry"],"yoast_head":"<!-- This site is optimized with the Yoast SEO plugin v20.5 - https:\/\/yoast.com\/wordpress\/plugins\/seo\/ -->\n<title>IT Support - TCS Technology AG<\/title>\n<meta name=\"robots\" content=\"index, follow, max-snippet:-1, max-image-preview:large, max-video-preview:-1\" \/>\n<link rel=\"canonical\" href=\"https:\/\/tcs-technology.com\/de\/services\/it-support\/\" \/>\n<meta property=\"og:locale\" content=\"de_DE\" \/>\n<meta property=\"og:type\" content=\"article\" \/>\n<meta property=\"og:title\" content=\"IT Support - TCS Technology AG\" \/>\n<meta property=\"og:description\" content=\"IT Support Services Having a dedicated IT team offers several advantages, such as the ability to strengthen your in-house staff in a flexible and controlled manner. However, the process of recruiting and managing IT professionals can be time-consuming. That&#8217;s where IT support specialists can make a significant difference, saving you time and adding value to [&hellip;]\" \/>\n<meta property=\"og:url\" content=\"https:\/\/tcs-technology.com\/de\/services\/it-support\/\" \/>\n<meta property=\"og:site_name\" content=\"TCS Technology AG\" \/>\n<meta property=\"article:modified_time\" content=\"2023-06-23T16:51:43+00:00\" \/>\n<meta property=\"og:image\" content=\"https:\/\/tcs-technology.com\/wp-content\/uploads\/2022\/04\/3.png\" \/>\n<meta name=\"twitter:card\" content=\"summary_large_image\" \/>\n<meta name=\"twitter:label1\" content=\"Gesch\u00e4tzte Lesezeit\" \/>\n\t<meta name=\"twitter:data1\" content=\"3\u00a0Minuten\" \/>\n<script type=\"application\/ld+json\" class=\"yoast-schema-graph\">{\"@context\":\"https:\/\/schema.org\",\"@graph\":[{\"@type\":\"WebPage\",\"@id\":\"https:\/\/tcs-technology.com\/services\/it-support\/\",\"url\":\"https:\/\/tcs-technology.com\/services\/it-support\/\",\"name\":\"IT Support - TCS Technology AG\",\"isPartOf\":{\"@id\":\"https:\/\/tcs-technology.com\/#website\"},\"datePublished\":\"2022-04-01T15:08:36+00:00\",\"dateModified\":\"2023-06-23T16:51:43+00:00\",\"breadcrumb\":{\"@id\":\"https:\/\/tcs-technology.com\/services\/it-support\/#breadcrumb\"},\"inLanguage\":\"de\",\"potentialAction\":[{\"@type\":\"ReadAction\",\"target\":[\"https:\/\/tcs-technology.com\/services\/it-support\/\"]}]},{\"@type\":\"BreadcrumbList\",\"@id\":\"https:\/\/tcs-technology.com\/services\/it-support\/#breadcrumb\",\"itemListElement\":[{\"@type\":\"ListItem\",\"position\":1,\"name\":\"Home\",\"item\":\"https:\/\/tcs-technology.com\/\"},{\"@type\":\"ListItem\",\"position\":2,\"name\":\"Services\",\"item\":\"https:\/\/tcs-technology.com\/services\/\"},{\"@type\":\"ListItem\",\"position\":3,\"name\":\"IT Support\"}]},{\"@type\":\"WebSite\",\"@id\":\"https:\/\/tcs-technology.com\/#website\",\"url\":\"https:\/\/tcs-technology.com\/\",\"name\":\"TCS Technology AG\",\"description\":\"We provide cutting-edge SaaS solutions for organizations in Switzerland and around the world with a focus on performance, security, and sustainability.\",\"publisher\":{\"@id\":\"https:\/\/tcs-technology.com\/#organization\"},\"potentialAction\":[{\"@type\":\"SearchAction\",\"target\":{\"@type\":\"EntryPoint\",\"urlTemplate\":\"https:\/\/tcs-technology.com\/?s={search_term_string}\"},\"query-input\":\"required name=search_term_string\"}],\"inLanguage\":\"de\"},{\"@type\":\"Organization\",\"@id\":\"https:\/\/tcs-technology.com\/#organization\",\"name\":\"TCS Technology AG\",\"url\":\"https:\/\/tcs-technology.com\/\",\"logo\":{\"@type\":\"ImageObject\",\"inLanguage\":\"de\",\"@id\":\"https:\/\/tcs-technology.com\/#\/schema\/logo\/image\/\",\"url\":\"https:\/\/tcs-technology.com\/wp-content\/uploads\/2022\/03\/logo-2.png\",\"contentUrl\":\"https:\/\/tcs-technology.com\/wp-content\/uploads\/2022\/03\/logo-2.png\",\"width\":8334,\"height\":6131,\"caption\":\"TCS Technology AG\"},\"image\":{\"@id\":\"https:\/\/tcs-technology.com\/#\/schema\/logo\/image\/\"}}]}<\/script>\n<!-- \/ Yoast SEO plugin. -->","yoast_head_json":{"title":"IT Support - TCS Technology AG","robots":{"index":"index","follow":"follow","max-snippet":"max-snippet:-1","max-image-preview":"max-image-preview:large","max-video-preview":"max-video-preview:-1"},"canonical":"https:\/\/tcs-technology.com\/de\/services\/it-support\/","og_locale":"de_DE","og_type":"article","og_title":"IT Support - TCS Technology AG","og_description":"IT Support Services Having a dedicated IT team offers several advantages, such as the ability to strengthen your in-house staff in a flexible and controlled manner. However, the process of recruiting and managing IT professionals can be time-consuming. That&#8217;s where IT support specialists can make a significant difference, saving you time and adding value to [&hellip;]","og_url":"https:\/\/tcs-technology.com\/de\/services\/it-support\/","og_site_name":"TCS Technology AG","article_modified_time":"2023-06-23T16:51:43+00:00","og_image":[{"url":"https:\/\/tcs-technology.com\/wp-content\/uploads\/2022\/04\/3.png"}],"twitter_card":"summary_large_image","twitter_misc":{"Gesch\u00e4tzte Lesezeit":"3\u00a0Minuten"},"schema":{"@context":"https:\/\/schema.org","@graph":[{"@type":"WebPage","@id":"https:\/\/tcs-technology.com\/services\/it-support\/","url":"https:\/\/tcs-technology.com\/services\/it-support\/","name":"IT Support - TCS Technology AG","isPartOf":{"@id":"https:\/\/tcs-technology.com\/#website"},"datePublished":"2022-04-01T15:08:36+00:00","dateModified":"2023-06-23T16:51:43+00:00","breadcrumb":{"@id":"https:\/\/tcs-technology.com\/services\/it-support\/#breadcrumb"},"inLanguage":"de","potentialAction":[{"@type":"ReadAction","target":["https:\/\/tcs-technology.com\/services\/it-support\/"]}]},{"@type":"BreadcrumbList","@id":"https:\/\/tcs-technology.com\/services\/it-support\/#breadcrumb","itemListElement":[{"@type":"ListItem","position":1,"name":"Home","item":"https:\/\/tcs-technology.com\/"},{"@type":"ListItem","position":2,"name":"Services","item":"https:\/\/tcs-technology.com\/services\/"},{"@type":"ListItem","position":3,"name":"IT Support"}]},{"@type":"WebSite","@id":"https:\/\/tcs-technology.com\/#website","url":"https:\/\/tcs-technology.com\/","name":"TCS Technology AG","description":"We provide cutting-edge SaaS solutions for organizations in Switzerland and around the world with a focus on performance, security, and sustainability.","publisher":{"@id":"https:\/\/tcs-technology.com\/#organization"},"potentialAction":[{"@type":"SearchAction","target":{"@type":"EntryPoint","urlTemplate":"https:\/\/tcs-technology.com\/?s={search_term_string}"},"query-input":"required name=search_term_string"}],"inLanguage":"de"},{"@type":"Organization","@id":"https:\/\/tcs-technology.com\/#organization","name":"TCS Technology AG","url":"https:\/\/tcs-technology.com\/","logo":{"@type":"ImageObject","inLanguage":"de","@id":"https:\/\/tcs-technology.com\/#\/schema\/logo\/image\/","url":"https:\/\/tcs-technology.com\/wp-content\/uploads\/2022\/03\/logo-2.png","contentUrl":"https:\/\/tcs-technology.com\/wp-content\/uploads\/2022\/03\/logo-2.png","width":8334,"height":6131,"caption":"TCS Technology AG"},"image":{"@id":"https:\/\/tcs-technology.com\/#\/schema\/logo\/image\/"}}]}},"_links":{"self":[{"href":"https:\/\/tcs-technology.com\/de\/wp-json\/wp\/v2\/pages\/1295","targetHints":{"allow":["GET"]}}],"collection":[{"href":"https:\/\/tcs-technology.com\/de\/wp-json\/wp\/v2\/pages"}],"about":[{"href":"https:\/\/tcs-technology.com\/de\/wp-json\/wp\/v2\/types\/page"}],"author":[{"embeddable":true,"href":"https:\/\/tcs-technology.com\/de\/wp-json\/wp\/v2\/users\/1"}],"replies":[{"embeddable":true,"href":"https:\/\/tcs-technology.com\/de\/wp-json\/wp\/v2\/comments?post=1295"}],"version-history":[{"count":49,"href":"https:\/\/tcs-technology.com\/de\/wp-json\/wp\/v2\/pages\/1295\/revisions"}],"predecessor-version":[{"id":3270,"href":"https:\/\/tcs-technology.com\/de\/wp-json\/wp\/v2\/pages\/1295\/revisions\/3270"}],"up":[{"embeddable":true,"href":"https:\/\/tcs-technology.com\/de\/wp-json\/wp\/v2\/pages\/1270"}],"wp:attachment":[{"href":"https:\/\/tcs-technology.com\/de\/wp-json\/wp\/v2\/media?parent=1295"}],"curies":[{"name":"wp","href":"https:\/\/api.w.org\/{rel}","templated":true}]}}