{"id":1291,"date":"2022-08-31T12:35:42","date_gmt":"2022-08-31T10:35:42","guid":{"rendered":"https:\/\/tcs-technology.com\/?page_id=1291"},"modified":"2023-06-23T14:24:08","modified_gmt":"2023-06-23T12:24:08","slug":"software-development","status":"publish","type":"page","link":"https:\/\/tcs-technology.com\/de\/services\/software-development\/","title":{"rendered":"\u00a0Software-Entwicklung"},"content":{"rendered":"<div data-elementor-type=\"wp-page\" data-elementor-id=\"1291\" class=\"elementor elementor-1291\">\n\t\t\t\t\t\t<section class=\"elementor-section elementor-top-section elementor-element elementor-element-f9b374f elementor-section-boxed elementor-section-height-default elementor-section-height-default\" data-id=\"f9b374f\" data-element_type=\"section\" data-e-type=\"section\" data-settings=\"{&quot;background_background&quot;:&quot;classic&quot;}\">\n\t\t\t\t\t\t<div class=\"elementor-container elementor-column-gap-default\">\n\t\t\t\t\t<div class=\"elementor-column elementor-col-100 elementor-top-column elementor-element elementor-element-48a36db\" data-id=\"48a36db\" data-element_type=\"column\" data-e-type=\"column\">\n\t\t\t<div class=\"elementor-widget-wrap elementor-element-populated\">\n\t\t\t\t\t\t<div class=\"elementor-element elementor-element-89d60e3 elementor-align-center elementor-widget elementor-widget-breadcrumbs\" data-id=\"89d60e3\" data-element_type=\"widget\" data-e-type=\"widget\" data-widget_type=\"breadcrumbs.default\">\n\t\t\t\t<div class=\"elementor-widget-container\">\n\t\t\t\t\t<p id=\"breadcrumbs\"><span><span><a href=\"https:\/\/tcs-technology.com\/de\/\">Startseite<\/a><\/span><\/span><\/p>\t\t\t\t<\/div>\n\t\t\t\t<\/div>\n\t\t\t\t\t<\/div>\n\t\t<\/div>\n\t\t\t\t\t<\/div>\n\t\t<\/section>\n\t\t\t\t<section class=\"elementor-section elementor-top-section elementor-element elementor-element-51ed1e17 elementor-section-boxed elementor-section-height-default elementor-section-height-default\" data-id=\"51ed1e17\" data-element_type=\"section\" data-e-type=\"section\">\n\t\t\t\t\t\t<div class=\"elementor-container elementor-column-gap-default\">\n\t\t\t\t\t<div class=\"elementor-column elementor-col-100 elementor-top-column elementor-element elementor-element-7bf3df4c\" data-id=\"7bf3df4c\" data-element_type=\"column\" data-e-type=\"column\">\n\t\t\t<div class=\"elementor-widget-wrap elementor-element-populated\">\n\t\t\t\t\t\t<div class=\"elementor-element elementor-element-9a6c988 elementor-widget elementor-widget-heading\" data-id=\"9a6c988\" data-element_type=\"widget\" data-e-type=\"widget\" data-widget_type=\"heading.default\">\n\t\t\t\t<div class=\"elementor-widget-container\">\n\t\t\t\t\t<h2 class=\"elementor-heading-title elementor-size-default\">    Software-Entwicklungsdienste <\/h2>\t\t\t\t<\/div>\n\t\t\t\t<\/div>\n\t\t\t\t<div class=\"elementor-element elementor-element-bcf9a48 elementor-widget elementor-widget-text-editor\" data-id=\"bcf9a48\" data-element_type=\"widget\" data-e-type=\"widget\" data-widget_type=\"text-editor.default\">\n\t\t\t\t<div class=\"elementor-widget-container\">\n\t\t\t\t\t\t\t\t\t<p>Unser Unternehmen zeichnet sich durch die Kombination von technischem Know-how und Branchenkenntnissen aus. Dar\u00fcber hinaus verf\u00fcgen wir \u00fcber die notwendigen Werkzeuge, um ma\u00dfgeschneiderte Software f\u00fcr Unternehmen und Betriebe zu entwickeln.<\/p><p>Wir erreichen dies, indem wir au\u00dfergew\u00f6hnlich talentierte Teams aktiv einbeziehen und auf unsere umfassende Erfahrung in diesem Bereich zur\u00fcckgreifen. Wir glauben, dass jedes Unternehmen erfolgreich sein kann, wenn sein Softwareentwicklungsteam erfolgreich ist.<\/p><p>Seit dem Ausbruch der Pandemie hat sich die Welt auf digitales Marketing verlagert, und die Unternehmen arbeiten von zu Hause aus. Daher braucht es ein starkes Team, um Software zu entwickeln, mit der Sie Zeit sparen, Prozesse rationalisieren und Multitasking betreiben k\u00f6nnen.<\/p><p>Unser Software-Entwicklungsteam besteht aus erfahrenen Projektmanagern und Entwicklern, die st\u00e4ndig darauf bedacht sind, unseren Code zu testen und zu begutachten. Bevor wir etwas auf den Markt bringen, stellen wir sicher, dass es unseren etablierten Standards entspricht. Wir sind bestrebt, au\u00dfergew\u00f6hnliche Entwicklungen zu schaffen, die sich wirklich von anderen abheben.<\/p><p>Unser Team ist in der Lage, die Anzahl der Mitglieder zu erh\u00f6hen oder zu verringern, so dass wir eine Gruppe beliebiger Gr\u00f6\u00dfe bilden k\u00f6nnen. Wir sind bestrebt, Produkte zu entwickeln, die Ihren spezifischen technischen Anforderungen entsprechen und g\u00fcnstige Ergebnisse liefern.<\/p><p>Wir verfolgen einen hochmodernen IT-Technologieansatz, der die umfassendsten verf\u00fcgbaren Methoden umfasst. Wir arbeiten kontinuierlich an der Verbesserung unserer Entwicklungsprozesse und sind st\u00e4ndig auf der Suche nach Verbesserungen. Wir streben danach, mit jedem Projekt bessere Ergebnisse zu erzielen und vermeiden es, immer wieder mit dem gleichen strategischen Ansatz zu arbeiten.<\/p>\t\t\t\t\t\t\t\t<\/div>\n\t\t\t\t<\/div>\n\t\t\t\t\t<\/div>\n\t\t<\/div>\n\t\t\t\t\t<\/div>\n\t\t<\/section>\n\t\t\t\t<section class=\"elementor-section elementor-top-section elementor-element elementor-element-5de697b7 elementor-section-boxed elementor-section-height-default elementor-section-height-default\" data-id=\"5de697b7\" data-element_type=\"section\" data-e-type=\"section\">\n\t\t\t\t\t\t<div class=\"elementor-container elementor-column-gap-default\">\n\t\t\t\t\t<div class=\"elementor-column elementor-col-50 elementor-top-column elementor-element elementor-element-fd501f4\" data-id=\"fd501f4\" data-element_type=\"column\" data-e-type=\"column\">\n\t\t\t<div class=\"elementor-widget-wrap elementor-element-populated\">\n\t\t\t\t\t\t<div class=\"elementor-element elementor-element-800345d elementor-widget elementor-widget-heading\" data-id=\"800345d\" data-element_type=\"widget\" data-e-type=\"widget\" data-widget_type=\"heading.default\">\n\t\t\t\t<div class=\"elementor-widget-container\">\n\t\t\t\t\t<h3 class=\"elementor-heading-title elementor-size-default\">Projekt-Kategorien<\/h3>\t\t\t\t<\/div>\n\t\t\t\t<\/div>\n\t\t\t\t<div class=\"elementor-element elementor-element-973ee1b elementor-widget elementor-widget-text-editor\" data-id=\"973ee1b\" data-element_type=\"widget\" data-e-type=\"widget\" data-widget_type=\"text-editor.default\">\n\t\t\t\t<div class=\"elementor-widget-container\">\n\t\t\t\t\t\t\t\t\t<p>Wir haben ein umfangreiches Portfolio an Projekten, darunter auch B2B-Plattformen. Einige bemerkenswerte Beispiele sind:<\/p>\t\t\t\t\t\t\t\t<\/div>\n\t\t\t\t<\/div>\n\t\t\t\t<div class=\"elementor-element elementor-element-d260de6 elementor-align-start elementor-icon-list--layout-traditional elementor-list-item-link-full_width elementor-widget elementor-widget-icon-list\" data-id=\"d260de6\" data-element_type=\"widget\" data-e-type=\"widget\" data-widget_type=\"icon-list.default\">\n\t\t\t\t<div class=\"elementor-widget-container\">\n\t\t\t\t\t\t\t<ul class=\"elementor-icon-list-items\">\n\t\t\t\t\t\t\t<li class=\"elementor-icon-list-item\">\n\t\t\t\t\t\t\t\t\t\t\t<span class=\"elementor-icon-list-icon\">\n\t\t\t\t\t\t\t<i aria-hidden=\"true\" class=\"fas fa-check-circle\"><\/i>\t\t\t\t\t\t<\/span>\n\t\t\t\t\t\t\t\t\t\t<span class=\"elementor-icon-list-text\">Aufbau mehrsprachiger Plattformen mit sozialer Authentifizierung und nahtloser Integration mit Diensten Dritter.<\/span>\n\t\t\t\t\t\t\t\t\t<\/li>\n\t\t\t\t\t\t\t\t<li class=\"elementor-icon-list-item\">\n\t\t\t\t\t\t\t\t\t\t\t<span class=\"elementor-icon-list-icon\">\n\t\t\t\t\t\t\t<i aria-hidden=\"true\" class=\"fas fa-check-circle\"><\/i>\t\t\t\t\t\t<\/span>\n\t\t\t\t\t\t\t\t\t\t<span class=\"elementor-icon-list-text\">Bereitstellung von Bildungsdienstleistungen f\u00fcr Unternehmen im Bereich des maschinellen Lernens und der KI, da diese Technologien ein ph\u00e4nomenales Wachstum aufweisen. Ihre Umsetzung kann Prozesse und Entwicklung beschleunigen und Unternehmen erhebliche Vorteile bringen.<\/span>\n\t\t\t\t\t\t\t\t\t<\/li>\n\t\t\t\t\t\t\t\t<li class=\"elementor-icon-list-item\">\n\t\t\t\t\t\t\t\t\t\t\t<span class=\"elementor-icon-list-icon\">\n\t\t\t\t\t\t\t<i aria-hidden=\"true\" class=\"fas fa-check-circle\"><\/i>\t\t\t\t\t\t<\/span>\n\t\t\t\t\t\t\t\t\t\t<span class=\"elementor-icon-list-text\">TCS Technology hat sich auf Dienstleistungen im Bereich ML und KI spezialisiert, wobei der Schwerpunkt auf der Entwicklung und dem Einsatz von L\u00f6sungen f\u00fcr maschinelles und tiefes Lernen liegt.<\/span>\n\t\t\t\t\t\t\t\t\t<\/li>\n\t\t\t\t\t\t\t\t<li class=\"elementor-icon-list-item\">\n\t\t\t\t\t\t\t\t\t\t\t<span class=\"elementor-icon-list-icon\">\n\t\t\t\t\t\t\t<i aria-hidden=\"true\" class=\"fas fa-check-circle\"><\/i>\t\t\t\t\t\t<\/span>\n\t\t\t\t\t\t\t\t\t\t<span class=\"elementor-icon-list-text\">Unser Team zeichnet sich durch die Nutzung dieser Tools aus, um auch kleinen Unternehmen und Start-ups eine Plattform und strategische L\u00f6sungen zu bieten.<\/span>\n\t\t\t\t\t\t\t\t\t<\/li>\n\t\t\t\t\t\t<\/ul>\n\t\t\t\t\t\t<\/div>\n\t\t\t\t<\/div>\n\t\t\t\t<div class=\"elementor-element elementor-element-27ee78a elementor-widget elementor-widget-text-editor\" data-id=\"27ee78a\" data-element_type=\"widget\" data-e-type=\"widget\" data-widget_type=\"text-editor.default\">\n\t\t\t\t<div class=\"elementor-widget-container\">\n\t\t\t\t\t\t\t\t\t<p>Es gibt mehrere zwingende Gr\u00fcnde, die f\u00fcr den Einsatz des maschinellen Lernens in Unternehmen sprechen. Am wichtigsten ist, dass maschinelles Lernen bei der Kreditw\u00fcrdigkeitspr\u00fcfung und -prognose im Finanzsektor von gro\u00dfem Vorteil ist.<\/p>\t\t\t\t\t\t\t\t<\/div>\n\t\t\t\t<\/div>\n\t\t\t\t\t<\/div>\n\t\t<\/div>\n\t\t\t\t<div class=\"elementor-column elementor-col-50 elementor-top-column elementor-element elementor-element-72315285\" data-id=\"72315285\" data-element_type=\"column\" data-e-type=\"column\">\n\t\t\t<div class=\"elementor-widget-wrap elementor-element-populated\">\n\t\t\t\t\t\t<div class=\"elementor-element elementor-element-52a07d8d elementor-widget elementor-widget-image\" data-id=\"52a07d8d\" data-element_type=\"widget\" data-e-type=\"widget\" data-widget_type=\"image.default\">\n\t\t\t\t<div class=\"elementor-widget-container\">\n\t\t\t\t\t\t\t\t\t\t\t\t\t\t\t<img fetchpriority=\"high\" decoding=\"async\" width=\"640\" height=\"960\" src=\"https:\/\/tcs-technology.com\/wp-content\/uploads\/2022\/04\/Accounting-and-Legal.jpg\" class=\"attachment-full size-full wp-image-2546\" alt=\"Accounting and Legal\" \/>\t\t\t\t\t\t\t\t\t\t\t\t\t\t\t<\/div>\n\t\t\t\t<\/div>\n\t\t\t\t\t<\/div>\n\t\t<\/div>\n\t\t\t\t\t<\/div>\n\t\t<\/section>\n\t\t\t\t<section class=\"elementor-section elementor-top-section elementor-element elementor-element-82fc0ff elementor-section-boxed elementor-section-height-default elementor-section-height-default\" data-id=\"82fc0ff\" data-element_type=\"section\" data-e-type=\"section\">\n\t\t\t\t\t\t<div class=\"elementor-container elementor-column-gap-default\">\n\t\t\t\t\t<div class=\"elementor-column elementor-col-100 elementor-top-column elementor-element elementor-element-2b632d03\" data-id=\"2b632d03\" data-element_type=\"column\" data-e-type=\"column\">\n\t\t\t<div class=\"elementor-widget-wrap elementor-element-populated\">\n\t\t\t\t\t\t<div class=\"elementor-element elementor-element-443ca4be elementor-widget elementor-widget-heading\" data-id=\"443ca4be\" data-element_type=\"widget\" data-e-type=\"widget\" data-widget_type=\"heading.default\">\n\t\t\t\t<div class=\"elementor-widget-container\">\n\t\t\t\t\t<h3 class=\"elementor-heading-title elementor-size-default\">Strategischer Ansatz f\u00fcr die Datenanalyse <\/h3>\t\t\t\t<\/div>\n\t\t\t\t<\/div>\n\t\t\t\t<div class=\"elementor-element elementor-element-113ded6 p-text elementor-widget elementor-widget-text-editor\" data-id=\"113ded6\" data-element_type=\"widget\" data-e-type=\"widget\" data-widget_type=\"text-editor.default\">\n\t\t\t\t<div class=\"elementor-widget-container\">\n\t\t\t\t\t\t\t\t\t<p>Neben dem maschinellen Lernen ist die Datenanalytik ein wesentlicher Bestandteil unseres strategischen Ansatzes. Die Datenanalyse spielt eine entscheidende Rolle in unserem Gesch\u00e4ftsplan und erleichtert Aufgaben wie Data Mining, Analyse der Unternehmensleistung, Benchmarking und Ereignisverarbeitung. Die Einbeziehung dieser kritischen Faktoren ist der Schl\u00fcssel zur Erzielung eines erheblichen Wachstums f\u00fcr Ihr Unternehmen.<\/p><p>Neben der Datenanalyse integrieren wir auch analytische Dashboards in unsere Projekte. Die Nutzung von Analyse-Dashboards bietet mehrere Vorteile, darunter eine effiziente Datenvisualisierung und eine verbesserte Produktivit\u00e4t. Diese Dashboards bieten verschiedene Funktionen wie die M\u00f6glichkeit, mehrere Datenquellen zu verarbeiten, sichere webbasierte Benutzeroberfl\u00e4chen und eine nahtlose Integration mit generierten Berichten.<\/p><p>Suchmaschinen spielen eine wichtige Rolle, vor allem bei Projekten mit Big Data. Wenn es um strukturierte Inhalte geht, \u00fcbertrifft diese Kategorie von Suchmaschinen die anderen in Bezug auf Geschwindigkeit und Effizienz. Deshalb binden wir sie in unsere strategischen Pl\u00e4ne ein, denn sie bieten Skalierbarkeit und die F\u00e4higkeit, gro\u00dfe Datenmengen gleichzeitig zu verarbeiten.<\/p>\t\t\t\t\t\t\t\t<\/div>\n\t\t\t\t<\/div>\n\t\t\t\t\t<\/div>\n\t\t<\/div>\n\t\t\t\t\t<\/div>\n\t\t<\/section>\n\t\t\t\t<\/div>","protected":false},"excerpt":{"rendered":"<p>Softwareentwicklungsdienste Unser Unternehmen zeichnet sich durch die Kombination von technischem Wissen und Branchenkenntnissen aus. Dar\u00fcber hinaus verf\u00fcgen wir \u00fcber die notwendigen Werkzeuge, um ma\u00dfgeschneiderte Software f\u00fcr Unternehmen und Betriebe zu entwickeln. Wir erreichen dies, indem wir au\u00dfergew\u00f6hnlich talentierte Teams aktiv einbeziehen und auf unsere umfassende Erfahrung in diesem Bereich zur\u00fcckgreifen. Wir glauben, dass jedes Unternehmen erfolgreich sein kann, wenn seine Software [...]<\/p>","protected":false},"author":1,"featured_media":0,"parent":1270,"menu_order":0,"comment_status":"closed","ping_status":"closed","template":"elementor_header_footer","meta":{"footnotes":""},"class_list":["post-1291","page","type-page","status-publish","hentry"],"yoast_head":"<!-- This site is optimized with the Yoast SEO plugin v20.5 - https:\/\/yoast.com\/wordpress\/plugins\/seo\/ -->\n<title>\u00a0Software Development - TCS Technology AG<\/title>\n<meta name=\"description\" content=\"Our company excels in combining expertise related to tech-savvy and industry. we command customized and Software development for businesses.\" \/>\n<meta name=\"robots\" content=\"index, follow, max-snippet:-1, max-image-preview:large, max-video-preview:-1\" \/>\n<link rel=\"canonical\" href=\"https:\/\/tcs-technology.com\/de\/services\/software-development\/\" \/>\n<meta property=\"og:locale\" content=\"de_DE\" \/>\n<meta property=\"og:type\" content=\"article\" \/>\n<meta property=\"og:title\" content=\"\u00a0Software Development - TCS Technology AG\" \/>\n<meta property=\"og:description\" content=\"Our company excels in combining expertise related to tech-savvy and industry. we command customized and Software development for businesses.\" \/>\n<meta property=\"og:url\" content=\"https:\/\/tcs-technology.com\/de\/services\/software-development\/\" \/>\n<meta property=\"og:site_name\" content=\"TCS Technology AG\" \/>\n<meta property=\"article:modified_time\" content=\"2023-06-23T12:24:08+00:00\" \/>\n<meta property=\"og:image\" content=\"https:\/\/tcs-technology.com\/wp-content\/uploads\/2022\/04\/Accounting-and-Legal.jpg\" \/>\n<meta name=\"twitter:card\" content=\"summary_large_image\" \/>\n<meta name=\"twitter:label1\" content=\"Gesch\u00e4tzte Lesezeit\" \/>\n\t<meta name=\"twitter:data1\" content=\"3\u00a0Minuten\" \/>\n<script type=\"application\/ld+json\" class=\"yoast-schema-graph\">{\"@context\":\"https:\/\/schema.org\",\"@graph\":[{\"@type\":\"WebPage\",\"@id\":\"https:\/\/tcs-technology.com\/services\/software-development\/\",\"url\":\"https:\/\/tcs-technology.com\/services\/software-development\/\",\"name\":\"\u00a0Software Development - TCS Technology AG\",\"isPartOf\":{\"@id\":\"https:\/\/tcs-technology.com\/#website\"},\"datePublished\":\"2022-08-31T10:35:42+00:00\",\"dateModified\":\"2023-06-23T12:24:08+00:00\",\"description\":\"Our company excels in combining expertise related to tech-savvy and industry. we command customized and Software development for businesses.\",\"breadcrumb\":{\"@id\":\"https:\/\/tcs-technology.com\/services\/software-development\/#breadcrumb\"},\"inLanguage\":\"de\",\"potentialAction\":[{\"@type\":\"ReadAction\",\"target\":[\"https:\/\/tcs-technology.com\/services\/software-development\/\"]}]},{\"@type\":\"BreadcrumbList\",\"@id\":\"https:\/\/tcs-technology.com\/services\/software-development\/#breadcrumb\",\"itemListElement\":[{\"@type\":\"ListItem\",\"position\":1,\"name\":\"Home\",\"item\":\"https:\/\/tcs-technology.com\/\"},{\"@type\":\"ListItem\",\"position\":2,\"name\":\"Services\",\"item\":\"https:\/\/tcs-technology.com\/services\/\"},{\"@type\":\"ListItem\",\"position\":3,\"name\":\"\u00a0Software Development\"}]},{\"@type\":\"WebSite\",\"@id\":\"https:\/\/tcs-technology.com\/#website\",\"url\":\"https:\/\/tcs-technology.com\/\",\"name\":\"TCS Technology AG\",\"description\":\"We provide cutting-edge SaaS solutions for organizations in Switzerland and around the world with a focus on performance, security, and sustainability.\",\"publisher\":{\"@id\":\"https:\/\/tcs-technology.com\/#organization\"},\"potentialAction\":[{\"@type\":\"SearchAction\",\"target\":{\"@type\":\"EntryPoint\",\"urlTemplate\":\"https:\/\/tcs-technology.com\/?s={search_term_string}\"},\"query-input\":\"required name=search_term_string\"}],\"inLanguage\":\"de\"},{\"@type\":\"Organization\",\"@id\":\"https:\/\/tcs-technology.com\/#organization\",\"name\":\"TCS Technology AG\",\"url\":\"https:\/\/tcs-technology.com\/\",\"logo\":{\"@type\":\"ImageObject\",\"inLanguage\":\"de\",\"@id\":\"https:\/\/tcs-technology.com\/#\/schema\/logo\/image\/\",\"url\":\"https:\/\/tcs-technology.com\/wp-content\/uploads\/2022\/03\/logo-2.png\",\"contentUrl\":\"https:\/\/tcs-technology.com\/wp-content\/uploads\/2022\/03\/logo-2.png\",\"width\":8334,\"height\":6131,\"caption\":\"TCS Technology AG\"},\"image\":{\"@id\":\"https:\/\/tcs-technology.com\/#\/schema\/logo\/image\/\"}}]}<\/script>\n<!-- \/ Yoast SEO plugin. -->","yoast_head_json":{"title":"\u00a0Software Development - TCS Technology AG","description":"Our company excels in combining expertise related to tech-savvy and industry. we command customized and Software development for businesses.","robots":{"index":"index","follow":"follow","max-snippet":"max-snippet:-1","max-image-preview":"max-image-preview:large","max-video-preview":"max-video-preview:-1"},"canonical":"https:\/\/tcs-technology.com\/de\/services\/software-development\/","og_locale":"de_DE","og_type":"article","og_title":"\u00a0Software Development - TCS Technology AG","og_description":"Our company excels in combining expertise related to tech-savvy and industry. we command customized and Software development for businesses.","og_url":"https:\/\/tcs-technology.com\/de\/services\/software-development\/","og_site_name":"TCS Technology AG","article_modified_time":"2023-06-23T12:24:08+00:00","og_image":[{"url":"https:\/\/tcs-technology.com\/wp-content\/uploads\/2022\/04\/Accounting-and-Legal.jpg"}],"twitter_card":"summary_large_image","twitter_misc":{"Gesch\u00e4tzte Lesezeit":"3\u00a0Minuten"},"schema":{"@context":"https:\/\/schema.org","@graph":[{"@type":"WebPage","@id":"https:\/\/tcs-technology.com\/services\/software-development\/","url":"https:\/\/tcs-technology.com\/services\/software-development\/","name":"\u00a0Software Development - TCS Technology AG","isPartOf":{"@id":"https:\/\/tcs-technology.com\/#website"},"datePublished":"2022-08-31T10:35:42+00:00","dateModified":"2023-06-23T12:24:08+00:00","description":"Our company excels in combining expertise related to tech-savvy and industry. we command customized and Software development for businesses.","breadcrumb":{"@id":"https:\/\/tcs-technology.com\/services\/software-development\/#breadcrumb"},"inLanguage":"de","potentialAction":[{"@type":"ReadAction","target":["https:\/\/tcs-technology.com\/services\/software-development\/"]}]},{"@type":"BreadcrumbList","@id":"https:\/\/tcs-technology.com\/services\/software-development\/#breadcrumb","itemListElement":[{"@type":"ListItem","position":1,"name":"Home","item":"https:\/\/tcs-technology.com\/"},{"@type":"ListItem","position":2,"name":"Services","item":"https:\/\/tcs-technology.com\/services\/"},{"@type":"ListItem","position":3,"name":"\u00a0Software Development"}]},{"@type":"WebSite","@id":"https:\/\/tcs-technology.com\/#website","url":"https:\/\/tcs-technology.com\/","name":"TCS Technology AG","description":"We provide cutting-edge SaaS solutions for organizations in Switzerland and around the world with a focus on performance, security, and sustainability.","publisher":{"@id":"https:\/\/tcs-technology.com\/#organization"},"potentialAction":[{"@type":"SearchAction","target":{"@type":"EntryPoint","urlTemplate":"https:\/\/tcs-technology.com\/?s={search_term_string}"},"query-input":"required name=search_term_string"}],"inLanguage":"de"},{"@type":"Organization","@id":"https:\/\/tcs-technology.com\/#organization","name":"TCS Technology AG","url":"https:\/\/tcs-technology.com\/","logo":{"@type":"ImageObject","inLanguage":"de","@id":"https:\/\/tcs-technology.com\/#\/schema\/logo\/image\/","url":"https:\/\/tcs-technology.com\/wp-content\/uploads\/2022\/03\/logo-2.png","contentUrl":"https:\/\/tcs-technology.com\/wp-content\/uploads\/2022\/03\/logo-2.png","width":8334,"height":6131,"caption":"TCS Technology AG"},"image":{"@id":"https:\/\/tcs-technology.com\/#\/schema\/logo\/image\/"}}]}},"_links":{"self":[{"href":"https:\/\/tcs-technology.com\/de\/wp-json\/wp\/v2\/pages\/1291","targetHints":{"allow":["GET"]}}],"collection":[{"href":"https:\/\/tcs-technology.com\/de\/wp-json\/wp\/v2\/pages"}],"about":[{"href":"https:\/\/tcs-technology.com\/de\/wp-json\/wp\/v2\/types\/page"}],"author":[{"embeddable":true,"href":"https:\/\/tcs-technology.com\/de\/wp-json\/wp\/v2\/users\/1"}],"replies":[{"embeddable":true,"href":"https:\/\/tcs-technology.com\/de\/wp-json\/wp\/v2\/comments?post=1291"}],"version-history":[{"count":53,"href":"https:\/\/tcs-technology.com\/de\/wp-json\/wp\/v2\/pages\/1291\/revisions"}],"predecessor-version":[{"id":3250,"href":"https:\/\/tcs-technology.com\/de\/wp-json\/wp\/v2\/pages\/1291\/revisions\/3250"}],"up":[{"embeddable":true,"href":"https:\/\/tcs-technology.com\/de\/wp-json\/wp\/v2\/pages\/1270"}],"wp:attachment":[{"href":"https:\/\/tcs-technology.com\/de\/wp-json\/wp\/v2\/media?parent=1291"}],"curies":[{"name":"wp","href":"https:\/\/api.w.org\/{rel}","templated":true}]}}